{"id":14427,"date":"2023-09-14T12:47:20","date_gmt":"2023-09-14T11:47:20","guid":{"rendered":"https:\/\/parduotuve.kondena.lt\/?post_type=product&#038;p=14427"},"modified":"2025-04-15T07:33:38","modified_gmt":"2025-04-15T06:33:38","slug":"difuzoriaus-dezute-dn125-2x75-antistatine","status":"publish","type":"product","link":"https:\/\/parduotuve.kondena.lt\/en\/produktai\/difuzoriaus-dezute-dn125-2x75-antistatine\/","title":{"rendered":"Difuzoriaus d\u0117\u017eut\u0117 DN125-2X75 antistatin\u0117"},"content":{"rendered":"<p><strong>Antistatin\u0117<\/strong>\u00a0difuzoriaus d\u0117\u017eut\u0117 buvo sukurta, su tikslu, kad\u00a0<strong>Premium kokyb\u0117s produktas taptu prieinamas kiekvienam<\/strong>. \u0160i difuzoriaus d\u0117\u017eut\u0117 yra patogiai ir greitai montuojama, turi puikias aerodinamines savybes.\u00a0<u>Pagaminta i\u0161 med\u017eiagos su antistatin\u0117mis savyb\u0117mis, tod\u0117l ant d\u0117\u017eut\u0117s sieneli\u0173 nenus\u0117da dulk\u0117s.<\/u><\/p>\n<p><strong>D\u0117\u017eut\u0117s paskirtis ir privalumai<\/strong>:<\/p>\n<p>\u2022 Skirta oro tiekimui ir \u0161alinimui i\u0161 patalp\u0173;<br \/>\n\u2022 Pritaikyta pajungti DN75 mm diametro lanks\u010dius ortakius;<br \/>\n\u2022 Pritaikyta montuoti ant sienos, vir\u0161 perdangos ir po perdanga,<\/p>\n<p>\u2022 Dviguba fiksavimo sistema (fiksatoriai atvamzdyje DN75 plius ortakio fiksacija su fiksavimo \u017eiedais);<\/p>\n<p>\u2022 Patogus tvirtinimas \u2013 turi 4-is tvirtinimo ta\u0161kus;<br \/>\n\u2022 Turi antistatini\u0173 savybi\u0173;<br \/>\n\u2022 Turi montavimo \u0161ablon\u0105 tiksliam ir greitam montavimui;<strong>\u00a0<\/strong><u><strong>(Visi pirk\u0117jai gauna montavimo \u0161ablon\u0105)<\/strong><\/u><br \/>\n\u2022 Turi kartonin\u0119 akl\u0119 DN125, kad statyb\u0173 met\u0173 \u012f j\u0105 nepatekt\u0173 dulki\u0173;<br \/>\n\u2022 Bekvapis, neskleid\u017eia laki\u0173j\u0173 med\u017eiag\u0173 \u012f or\u0105.<\/p>\n<p><strong>Dviguba fiksavimo sistema.<\/strong>D\u0117\u017eut\u0117s atvamzdyje yra fiksatoriai &#8222;click&#8221;, kurie fiksuoja ortak\u012f ir neleid\u017eia jam lengvai i\u0161lysti. \u0160ie fiksatororiai tinka su daugelio gamintoj\u0173 ortakiais. Tuo atveju, jeigu naudojamas ortakis tvirtai neu\u017esifiksuot\u0173, galima naudoti antr\u0105 fiksavimo metod\u0105 &#8211; fiksuoti fiksatoriumi.<\/p>\n<p><img loading=\"lazy\" decoding=\"async\" class=\"\" src=\"https:\/\/www.rekuperatoriucentras.lt\/images\/Userfiles\/fiksatorius_3_12.png\" alt=\"fiksatorius\" width=\"265\" height=\"268\" \/><\/p>\n<p><em><strong>Komplektacija:<\/strong><\/em><\/p>\n<ul>\n<li>Antistatin\u0117 difuzoriaus d\u0117\u017eut\u0117 DN125-2&#215;75;<\/li>\n<li>Kartonin\u0117 akl\u0117;<\/li>\n<li>Montavimo \u0161ablonas;<\/li>\n<li>Fiksatorius DN75<\/li>\n<li>Akl\u0117 DN75\u00a0<u><strong>(u\u017esakomas papildomai).<\/strong><\/u><\/li>\n<\/ul>\n<p>Difuzoriaus d\u0117\u017eut\u0117s matmenys<strong><br \/>\n<\/strong><\/p>\n<p><img loading=\"lazy\" decoding=\"async\" class=\"\" src=\"https:\/\/www.rekuperatoriucentras.lt\/images\/Userfiles\/Be_pavadinimo25.png\" alt=\"\" width=\"398\" height=\"292\" \/><\/p>\n<p>\u0160ablonas<a href=\"https:\/\/www.rekuperatoriucentras.lt\/images\/Userfiles\/Be_pavadinimokjhg.png\"><strong><br \/>\n<\/strong><\/a><\/p>\n<p>Montavimo \u0161ablonas suteikia galimyb\u0119 greitai ir patogiai pasi\u017eym\u0117ti difuzoriaus d\u0117\u017eut\u0117s centr\u0105 bei tvirtinimo ta\u0161kus.\u00a0<em>Dabar, pageidaujant dizaineriui, visi \u0161viestuvai su difuzoriais bus idealia vienoje linijoje.<\/em><\/p>\n<p><strong><img loading=\"lazy\" decoding=\"async\" class=\"\" src=\"https:\/\/www.rekuperatoriucentras.lt\/images\/Userfiles\/Be_pavadinimokjhg.png\" alt=\"\" width=\"356\" height=\"234\" \/><\/strong><\/p>\n<p><u>Matavimai atlikti sertifikuotoje labaratorijoje.<\/u><\/p>\n<p><img loading=\"lazy\" decoding=\"async\" class=\"\" src=\"https:\/\/www.rekuperatoriucentras.lt\/images\/Userfiles\/Be_pavadinimo4.jpg\" alt=\"\" width=\"341\" height=\"286\" \/><\/p>","protected":false},"excerpt":{"rendered":"<p>Antistatin\u0117\u00a0difuzoriaus d\u0117\u017eut\u0117 buvo sukurta, su tikslu, kad\u00a0Premium kokyb\u0117s produktas taptu prieinamas kiekvienam. \u0160i difuzoriaus d\u0117\u017eut\u0117 yra patogiai ir greitai montuojama, turi puikias aerodinamines savybes.\u00a0Pagaminta i\u0161 med\u017eiagos su antistatin\u0117mis savyb\u0117mis, tod\u0117l ant d\u0117\u017eut\u0117s sieneli\u0173 nenus\u0117da dulk\u0117s. D\u0117\u017eut\u0117s paskirtis ir privalumai: \u2022 Skirta oro tiekimui ir \u0161alinimui i\u0161 patalp\u0173; \u2022 Pritaikyta pajungti DN75 mm diametro lanks\u010dius ortakius; [&hellip;]<\/p>","protected":false},"featured_media":14428,"comment_status":"open","ping_status":"closed","template":"","meta":[],"product_cat":[141,176],"product_tag":[],"class_list":["post-14427","product","type-product","status-publish","has-post-thumbnail","hentry","product_cat-vedinimas","product_cat-lanksti-ortakiu-systema"],"acf":[],"yoast_head":"<!-- This site is optimized with the Yoast SEO plugin v20.13 - https:\/\/yoast.com\/wordpress\/plugins\/seo\/ -->\n<title>Difuzoriaus d\u0117\u017eut\u0117 DN125-2X75 antistatin\u0117 - Kondena<\/title>\n<meta name=\"description\" content=\"Difuzoriaus d\u0117\u017eut\u0117 DN125-2X75 antistatin\u0117 - auk\u0161ta kokyb\u0117 ir gera kaina viename!\" \/>\n<meta name=\"robots\" content=\"index, follow, max-snippet:-1, max-image-preview:large, max-video-preview:-1\" \/>\n<link rel=\"canonical\" href=\"https:\/\/parduotuve.kondena.lt\/en\/produktai\/difuzoriaus-dezute-dn125-2x75-antistatine\/\" \/>\n<meta property=\"og:locale\" content=\"en_US\" \/>\n<meta property=\"og:type\" content=\"article\" \/>\n<meta property=\"og:title\" content=\"Difuzoriaus d\u0117\u017eut\u0117 DN125-2X75 antistatin\u0117 - Kondena\" \/>\n<meta property=\"og:description\" content=\"Difuzoriaus d\u0117\u017eut\u0117 DN125-2X75 antistatin\u0117 - auk\u0161ta kokyb\u0117 ir gera kaina viename!\" \/>\n<meta property=\"og:url\" content=\"https:\/\/parduotuve.kondena.lt\/en\/produktai\/difuzoriaus-dezute-dn125-2x75-antistatine\/\" \/>\n<meta property=\"og:site_name\" content=\"Kondena\" \/>\n<meta property=\"article:modified_time\" content=\"2025-04-15T06:33:38+00:00\" \/>\n<meta property=\"og:image\" content=\"https:\/\/parduotuve.kondena.lt\/wp-content\/uploads\/2023\/09\/difuzoriaus-dezute-antistatine-dn125-2x75-1.png\" \/>\n\t<meta property=\"og:image:width\" content=\"1188\" \/>\n\t<meta property=\"og:image:height\" content=\"1188\" \/>\n\t<meta property=\"og:image:type\" content=\"image\/png\" \/>\n<meta name=\"twitter:card\" content=\"summary_large_image\" \/>\n<meta name=\"twitter:label1\" content=\"Est. reading time\" \/>\n\t<meta name=\"twitter:data1\" content=\"2 minutes\" \/>\n<script type=\"application\/ld+json\" class=\"yoast-schema-graph\">{\"@context\":\"https:\/\/schema.org\",\"@graph\":[{\"@type\":\"WebPage\",\"@id\":\"https:\/\/parduotuve.kondena.lt\/produktai\/difuzoriaus-dezute-dn125-2x75-antistatine\/\",\"url\":\"https:\/\/parduotuve.kondena.lt\/produktai\/difuzoriaus-dezute-dn125-2x75-antistatine\/\",\"name\":\"Difuzoriaus d\u0117\u017eut\u0117 DN125-2X75 antistatin\u0117 - Kondena\",\"isPartOf\":{\"@id\":\"https:\/\/parduotuve.kondena.lt\/#website\"},\"datePublished\":\"2023-09-14T11:47:20+00:00\",\"dateModified\":\"2025-04-15T06:33:38+00:00\",\"description\":\"Difuzoriaus d\u0117\u017eut\u0117 DN125-2X75 antistatin\u0117 - auk\u0161ta kokyb\u0117 ir gera kaina viename!\",\"breadcrumb\":{\"@id\":\"https:\/\/parduotuve.kondena.lt\/produktai\/difuzoriaus-dezute-dn125-2x75-antistatine\/#breadcrumb\"},\"inLanguage\":\"en-US\",\"potentialAction\":[{\"@type\":\"ReadAction\",\"target\":[\"https:\/\/parduotuve.kondena.lt\/produktai\/difuzoriaus-dezute-dn125-2x75-antistatine\/\"]}]},{\"@type\":\"BreadcrumbList\",\"@id\":\"https:\/\/parduotuve.kondena.lt\/produktai\/difuzoriaus-dezute-dn125-2x75-antistatine\/#breadcrumb\",\"itemListElement\":[{\"@type\":\"ListItem\",\"position\":1,\"name\":\"Parduotuv\u0117\",\"item\":\"https:\/\/parduotuve.kondena.lt\/parduotuve\/\"},{\"@type\":\"ListItem\",\"position\":2,\"name\":\"Difuzoriaus d\u0117\u017eut\u0117 DN125-2X75 antistatin\u0117\"}]},{\"@type\":\"WebSite\",\"@id\":\"https:\/\/parduotuve.kondena.lt\/#website\",\"url\":\"https:\/\/parduotuve.kondena.lt\/\",\"name\":\"Kondena\",\"description\":\"Kol kas tik dar vienas WordPress tinklalapis\",\"potentialAction\":[{\"@type\":\"SearchAction\",\"target\":{\"@type\":\"EntryPoint\",\"urlTemplate\":\"https:\/\/parduotuve.kondena.lt\/?s={search_term_string}\"},\"query-input\":\"required name=search_term_string\"}],\"inLanguage\":\"en-US\"}]}<\/script>\n<!-- \/ Yoast SEO plugin. -->","yoast_head_json":{"title":"Difuzoriaus d\u0117\u017eut\u0117 DN125-2X75 antistatin\u0117 - Kondena","description":"Difuzoriaus d\u0117\u017eut\u0117 DN125-2X75 antistatin\u0117 - auk\u0161ta kokyb\u0117 ir gera kaina viename!","robots":{"index":"index","follow":"follow","max-snippet":"max-snippet:-1","max-image-preview":"max-image-preview:large","max-video-preview":"max-video-preview:-1"},"canonical":"https:\/\/parduotuve.kondena.lt\/en\/produktai\/difuzoriaus-dezute-dn125-2x75-antistatine\/","og_locale":"en_US","og_type":"article","og_title":"Difuzoriaus d\u0117\u017eut\u0117 DN125-2X75 antistatin\u0117 - Kondena","og_description":"Difuzoriaus d\u0117\u017eut\u0117 DN125-2X75 antistatin\u0117 - auk\u0161ta kokyb\u0117 ir gera kaina viename!","og_url":"https:\/\/parduotuve.kondena.lt\/en\/produktai\/difuzoriaus-dezute-dn125-2x75-antistatine\/","og_site_name":"Kondena","article_modified_time":"2025-04-15T06:33:38+00:00","og_image":[{"width":1188,"height":1188,"url":"https:\/\/parduotuve.kondena.lt\/wp-content\/uploads\/2023\/09\/difuzoriaus-dezute-antistatine-dn125-2x75-1.png","type":"image\/png"}],"twitter_card":"summary_large_image","twitter_misc":{"Est. reading time":"2 minutes"},"schema":{"@context":"https:\/\/schema.org","@graph":[{"@type":"WebPage","@id":"https:\/\/parduotuve.kondena.lt\/produktai\/difuzoriaus-dezute-dn125-2x75-antistatine\/","url":"https:\/\/parduotuve.kondena.lt\/produktai\/difuzoriaus-dezute-dn125-2x75-antistatine\/","name":"Difuzoriaus d\u0117\u017eut\u0117 DN125-2X75 antistatin\u0117 - Kondena","isPartOf":{"@id":"https:\/\/parduotuve.kondena.lt\/#website"},"datePublished":"2023-09-14T11:47:20+00:00","dateModified":"2025-04-15T06:33:38+00:00","description":"Difuzoriaus d\u0117\u017eut\u0117 DN125-2X75 antistatin\u0117 - auk\u0161ta kokyb\u0117 ir gera kaina viename!","breadcrumb":{"@id":"https:\/\/parduotuve.kondena.lt\/produktai\/difuzoriaus-dezute-dn125-2x75-antistatine\/#breadcrumb"},"inLanguage":"en-US","potentialAction":[{"@type":"ReadAction","target":["https:\/\/parduotuve.kondena.lt\/produktai\/difuzoriaus-dezute-dn125-2x75-antistatine\/"]}]},{"@type":"BreadcrumbList","@id":"https:\/\/parduotuve.kondena.lt\/produktai\/difuzoriaus-dezute-dn125-2x75-antistatine\/#breadcrumb","itemListElement":[{"@type":"ListItem","position":1,"name":"Parduotuv\u0117","item":"https:\/\/parduotuve.kondena.lt\/parduotuve\/"},{"@type":"ListItem","position":2,"name":"Difuzoriaus d\u0117\u017eut\u0117 DN125-2X75 antistatin\u0117"}]},{"@type":"WebSite","@id":"https:\/\/parduotuve.kondena.lt\/#website","url":"https:\/\/parduotuve.kondena.lt\/","name":"Kondena","description":"Kol kas tik dar vienas WordPress tinklalapis","potentialAction":[{"@type":"SearchAction","target":{"@type":"EntryPoint","urlTemplate":"https:\/\/parduotuve.kondena.lt\/?s={search_term_string}"},"query-input":"required name=search_term_string"}],"inLanguage":"en-US"}]}},"_links":{"self":[{"href":"https:\/\/parduotuve.kondena.lt\/en\/wp-json\/wp\/v2\/product\/14427","targetHints":{"allow":["GET"]}}],"collection":[{"href":"https:\/\/parduotuve.kondena.lt\/en\/wp-json\/wp\/v2\/product"}],"about":[{"href":"https:\/\/parduotuve.kondena.lt\/en\/wp-json\/wp\/v2\/types\/product"}],"replies":[{"embeddable":true,"href":"https:\/\/parduotuve.kondena.lt\/en\/wp-json\/wp\/v2\/comments?post=14427"}],"wp:featuredmedia":[{"embeddable":true,"href":"https:\/\/parduotuve.kondena.lt\/en\/wp-json\/wp\/v2\/media\/14428"}],"wp:attachment":[{"href":"https:\/\/parduotuve.kondena.lt\/en\/wp-json\/wp\/v2\/media?parent=14427"}],"wp:term":[{"taxonomy":"product_cat","embeddable":true,"href":"https:\/\/parduotuve.kondena.lt\/en\/wp-json\/wp\/v2\/product_cat?post=14427"},{"taxonomy":"product_tag","embeddable":true,"href":"https:\/\/parduotuve.kondena.lt\/en\/wp-json\/wp\/v2\/product_tag?post=14427"}],"curies":[{"name":"wp","href":"https:\/\/api.w.org\/{rel}","templated":true}]}}