{"id":14423,"date":"2023-09-14T08:29:30","date_gmt":"2023-09-14T07:29:30","guid":{"rendered":"https:\/\/parduotuve.kondena.lt\/?post_type=product&#038;p=14423"},"modified":"2023-09-14T13:38:10","modified_gmt":"2023-09-14T12:38:10","slug":"difuzoriaus-dezute-ae34c-90-dn125-2xdn75-air-excellent","status":"publish","type":"product","link":"https:\/\/parduotuve.kondena.lt\/en\/produktai\/difuzoriaus-dezute-ae34c-90-dn125-2xdn75-air-excellent\/","title":{"rendered":"Difuzoriaus d\u0117\u017eut\u0117 AE34C 90\u00b0 DN125 &#8211; 2XDN75 air excellent"},"content":{"rendered":"<p>AE34c plastikin\u0117 difuzoriaus d\u0117\u017eut\u0117, 90\u00b0 DN125 &#8211; 2 x DN75 Air Excellent, antistatinis ir antibakterinis plastikas, T\u00dcV sertifikatas.<\/p>\n<p>Antistatinis ir antibakterinis plastikas<\/p>","protected":false},"excerpt":{"rendered":"<p>AE34c plastikin\u0117 difuzoriaus d\u0117\u017eut\u0117, 90\u00b0 DN125 &#8211; 2 x DN75 Air Excellent, antistatinis ir antibakterinis plastikas, T\u00dcV sertifikatas. Antistatinis ir antibakterinis plastikas<\/p>","protected":false},"featured_media":14424,"comment_status":"open","ping_status":"closed","template":"","meta":[],"product_cat":[141,176],"product_tag":[],"class_list":["post-14423","product","type-product","status-publish","has-post-thumbnail","hentry","product_cat-vedinimas","product_cat-lanksti-ortakiu-systema"],"acf":[],"yoast_head":"<!-- This site is optimized with the Yoast SEO plugin v20.13 - https:\/\/yoast.com\/wordpress\/plugins\/seo\/ -->\n<title>Difuzoriaus d\u0117\u017eut\u0117 AE34C 90\u00b0 DN125 - 2XDN75 air excellent - Kondena<\/title>\n<meta name=\"description\" content=\"Difuzoriaus d\u0117\u017eut\u0117 AE34C 90\u00b0 DN125 - 2XDN75 air excellent - auk\u0161ta kokyb\u0117 ir gera kaina viename!\" \/>\n<meta name=\"robots\" content=\"index, follow, max-snippet:-1, max-image-preview:large, max-video-preview:-1\" \/>\n<link rel=\"canonical\" href=\"https:\/\/parduotuve.kondena.lt\/en\/produktai\/difuzoriaus-dezute-ae34c-90-dn125-2xdn75-air-excellent\/\" \/>\n<meta property=\"og:locale\" content=\"en_US\" \/>\n<meta property=\"og:type\" content=\"article\" \/>\n<meta property=\"og:title\" content=\"Difuzoriaus d\u0117\u017eut\u0117 AE34C 90\u00b0 DN125 - 2XDN75 air excellent - Kondena\" \/>\n<meta property=\"og:description\" content=\"Difuzoriaus d\u0117\u017eut\u0117 AE34C 90\u00b0 DN125 - 2XDN75 air excellent - auk\u0161ta kokyb\u0117 ir gera kaina viename!\" \/>\n<meta property=\"og:url\" content=\"https:\/\/parduotuve.kondena.lt\/en\/produktai\/difuzoriaus-dezute-ae34c-90-dn125-2xdn75-air-excellent\/\" \/>\n<meta property=\"og:site_name\" content=\"Kondena\" \/>\n<meta property=\"article:modified_time\" content=\"2023-09-14T12:38:10+00:00\" \/>\n<meta property=\"og:image\" content=\"https:\/\/parduotuve.kondena.lt\/wp-content\/uploads\/2023\/09\/ae34c-plastikine-difuzoriaus-dezute-90-dn125-2-x-dn75-air-excellent-antistatinis-ir-antibakterinis-plastikas-2-1.jpg\" \/>\n\t<meta property=\"og:image:width\" content=\"588\" \/>\n\t<meta property=\"og:image:height\" content=\"588\" \/>\n\t<meta property=\"og:image:type\" content=\"image\/jpeg\" \/>\n<meta name=\"twitter:card\" content=\"summary_large_image\" \/>\n<meta name=\"twitter:label1\" content=\"Est. reading time\" \/>\n\t<meta name=\"twitter:data1\" content=\"1 minute\" \/>\n<script type=\"application\/ld+json\" class=\"yoast-schema-graph\">{\"@context\":\"https:\/\/schema.org\",\"@graph\":[{\"@type\":\"WebPage\",\"@id\":\"https:\/\/parduotuve.kondena.lt\/produktai\/difuzoriaus-dezute-ae34c-90-dn125-2xdn75-air-excellent\/\",\"url\":\"https:\/\/parduotuve.kondena.lt\/produktai\/difuzoriaus-dezute-ae34c-90-dn125-2xdn75-air-excellent\/\",\"name\":\"Difuzoriaus d\u0117\u017eut\u0117 AE34C 90\u00b0 DN125 - 2XDN75 air excellent - Kondena\",\"isPartOf\":{\"@id\":\"https:\/\/parduotuve.kondena.lt\/#website\"},\"datePublished\":\"2023-09-14T07:29:30+00:00\",\"dateModified\":\"2023-09-14T12:38:10+00:00\",\"description\":\"Difuzoriaus d\u0117\u017eut\u0117 AE34C 90\u00b0 DN125 - 2XDN75 air excellent - auk\u0161ta kokyb\u0117 ir gera kaina viename!\",\"breadcrumb\":{\"@id\":\"https:\/\/parduotuve.kondena.lt\/produktai\/difuzoriaus-dezute-ae34c-90-dn125-2xdn75-air-excellent\/#breadcrumb\"},\"inLanguage\":\"en-US\",\"potentialAction\":[{\"@type\":\"ReadAction\",\"target\":[\"https:\/\/parduotuve.kondena.lt\/produktai\/difuzoriaus-dezute-ae34c-90-dn125-2xdn75-air-excellent\/\"]}]},{\"@type\":\"BreadcrumbList\",\"@id\":\"https:\/\/parduotuve.kondena.lt\/produktai\/difuzoriaus-dezute-ae34c-90-dn125-2xdn75-air-excellent\/#breadcrumb\",\"itemListElement\":[{\"@type\":\"ListItem\",\"position\":1,\"name\":\"Parduotuv\u0117\",\"item\":\"https:\/\/parduotuve.kondena.lt\/parduotuve\/\"},{\"@type\":\"ListItem\",\"position\":2,\"name\":\"Difuzoriaus d\u0117\u017eut\u0117 AE34C 90\u00b0 DN125 &#8211; 2XDN75 air excellent\"}]},{\"@type\":\"WebSite\",\"@id\":\"https:\/\/parduotuve.kondena.lt\/#website\",\"url\":\"https:\/\/parduotuve.kondena.lt\/\",\"name\":\"Kondena\",\"description\":\"Kol kas tik dar vienas WordPress tinklalapis\",\"potentialAction\":[{\"@type\":\"SearchAction\",\"target\":{\"@type\":\"EntryPoint\",\"urlTemplate\":\"https:\/\/parduotuve.kondena.lt\/?s={search_term_string}\"},\"query-input\":\"required name=search_term_string\"}],\"inLanguage\":\"en-US\"}]}<\/script>\n<!-- \/ Yoast SEO plugin. -->","yoast_head_json":{"title":"Difuzoriaus d\u0117\u017eut\u0117 AE34C 90\u00b0 DN125 - 2XDN75 air excellent - Kondena","description":"Difuzoriaus d\u0117\u017eut\u0117 AE34C 90\u00b0 DN125 - 2XDN75 air excellent - auk\u0161ta kokyb\u0117 ir gera kaina viename!","robots":{"index":"index","follow":"follow","max-snippet":"max-snippet:-1","max-image-preview":"max-image-preview:large","max-video-preview":"max-video-preview:-1"},"canonical":"https:\/\/parduotuve.kondena.lt\/en\/produktai\/difuzoriaus-dezute-ae34c-90-dn125-2xdn75-air-excellent\/","og_locale":"en_US","og_type":"article","og_title":"Difuzoriaus d\u0117\u017eut\u0117 AE34C 90\u00b0 DN125 - 2XDN75 air excellent - Kondena","og_description":"Difuzoriaus d\u0117\u017eut\u0117 AE34C 90\u00b0 DN125 - 2XDN75 air excellent - auk\u0161ta kokyb\u0117 ir gera kaina viename!","og_url":"https:\/\/parduotuve.kondena.lt\/en\/produktai\/difuzoriaus-dezute-ae34c-90-dn125-2xdn75-air-excellent\/","og_site_name":"Kondena","article_modified_time":"2023-09-14T12:38:10+00:00","og_image":[{"width":588,"height":588,"url":"https:\/\/parduotuve.kondena.lt\/wp-content\/uploads\/2023\/09\/ae34c-plastikine-difuzoriaus-dezute-90-dn125-2-x-dn75-air-excellent-antistatinis-ir-antibakterinis-plastikas-2-1.jpg","type":"image\/jpeg"}],"twitter_card":"summary_large_image","twitter_misc":{"Est. reading time":"1 minute"},"schema":{"@context":"https:\/\/schema.org","@graph":[{"@type":"WebPage","@id":"https:\/\/parduotuve.kondena.lt\/produktai\/difuzoriaus-dezute-ae34c-90-dn125-2xdn75-air-excellent\/","url":"https:\/\/parduotuve.kondena.lt\/produktai\/difuzoriaus-dezute-ae34c-90-dn125-2xdn75-air-excellent\/","name":"Difuzoriaus d\u0117\u017eut\u0117 AE34C 90\u00b0 DN125 - 2XDN75 air excellent - Kondena","isPartOf":{"@id":"https:\/\/parduotuve.kondena.lt\/#website"},"datePublished":"2023-09-14T07:29:30+00:00","dateModified":"2023-09-14T12:38:10+00:00","description":"Difuzoriaus d\u0117\u017eut\u0117 AE34C 90\u00b0 DN125 - 2XDN75 air excellent - auk\u0161ta kokyb\u0117 ir gera kaina viename!","breadcrumb":{"@id":"https:\/\/parduotuve.kondena.lt\/produktai\/difuzoriaus-dezute-ae34c-90-dn125-2xdn75-air-excellent\/#breadcrumb"},"inLanguage":"en-US","potentialAction":[{"@type":"ReadAction","target":["https:\/\/parduotuve.kondena.lt\/produktai\/difuzoriaus-dezute-ae34c-90-dn125-2xdn75-air-excellent\/"]}]},{"@type":"BreadcrumbList","@id":"https:\/\/parduotuve.kondena.lt\/produktai\/difuzoriaus-dezute-ae34c-90-dn125-2xdn75-air-excellent\/#breadcrumb","itemListElement":[{"@type":"ListItem","position":1,"name":"Parduotuv\u0117","item":"https:\/\/parduotuve.kondena.lt\/parduotuve\/"},{"@type":"ListItem","position":2,"name":"Difuzoriaus d\u0117\u017eut\u0117 AE34C 90\u00b0 DN125 &#8211; 2XDN75 air excellent"}]},{"@type":"WebSite","@id":"https:\/\/parduotuve.kondena.lt\/#website","url":"https:\/\/parduotuve.kondena.lt\/","name":"Kondena","description":"Kol kas tik dar vienas WordPress tinklalapis","potentialAction":[{"@type":"SearchAction","target":{"@type":"EntryPoint","urlTemplate":"https:\/\/parduotuve.kondena.lt\/?s={search_term_string}"},"query-input":"required name=search_term_string"}],"inLanguage":"en-US"}]}},"_links":{"self":[{"href":"https:\/\/parduotuve.kondena.lt\/en\/wp-json\/wp\/v2\/product\/14423","targetHints":{"allow":["GET"]}}],"collection":[{"href":"https:\/\/parduotuve.kondena.lt\/en\/wp-json\/wp\/v2\/product"}],"about":[{"href":"https:\/\/parduotuve.kondena.lt\/en\/wp-json\/wp\/v2\/types\/product"}],"replies":[{"embeddable":true,"href":"https:\/\/parduotuve.kondena.lt\/en\/wp-json\/wp\/v2\/comments?post=14423"}],"wp:featuredmedia":[{"embeddable":true,"href":"https:\/\/parduotuve.kondena.lt\/en\/wp-json\/wp\/v2\/media\/14424"}],"wp:attachment":[{"href":"https:\/\/parduotuve.kondena.lt\/en\/wp-json\/wp\/v2\/media?parent=14423"}],"wp:term":[{"taxonomy":"product_cat","embeddable":true,"href":"https:\/\/parduotuve.kondena.lt\/en\/wp-json\/wp\/v2\/product_cat?post=14423"},{"taxonomy":"product_tag","embeddable":true,"href":"https:\/\/parduotuve.kondena.lt\/en\/wp-json\/wp\/v2\/product_tag?post=14423"}],"curies":[{"name":"wp","href":"https:\/\/api.w.org\/{rel}","templated":true}]}}