{"id":14421,"date":"2023-09-14T08:18:58","date_gmt":"2023-09-14T07:18:58","guid":{"rendered":"https:\/\/parduotuve.kondena.lt\/?post_type=product&#038;p=14421"},"modified":"2025-04-15T07:34:30","modified_gmt":"2025-04-15T06:34:30","slug":"difuzorius-dezute-profi-air-classic","status":"publish","type":"product","link":"https:\/\/parduotuve.kondena.lt\/en\/produktai\/difuzorius-dezute-profi-air-classic\/","title":{"rendered":"Difuzorius d\u0117\u017eut\u0117 Profi air classic"},"content":{"rendered":"<p>Junction boxes are used to connect air supply or exhaust diffusers. Made of plastic.<\/p>\n<p><strong>2X75MM &#8211; DN125 (NUIMAMOS AKL\u0116S)<\/strong><\/p>\n<h2><\/h2>","protected":false},"excerpt":{"rendered":"<p>Pajungimo d\u0117\u017e\u0117s naudojamos oro tiekimo ar \u0161alinimo difuzori\u0173 pajungimui. Pagamintos i\u0161 plastiko. 2X75MM &#8211; DN125 (NUIMAMOS AKL\u0116S)<\/p>","protected":false},"featured_media":14422,"comment_status":"open","ping_status":"closed","template":"","meta":[],"product_cat":[141,176],"product_tag":[],"class_list":["post-14421","product","type-product","status-publish","has-post-thumbnail","hentry","product_cat-vedinimas","product_cat-lanksti-ortakiu-systema"],"acf":[],"yoast_head":"<!-- This site is optimized with the Yoast SEO plugin v20.13 - https:\/\/yoast.com\/wordpress\/plugins\/seo\/ -->\n<title>Difuzorius d\u0117\u017eut\u0117 Profi air classic - Kondena<\/title>\n<meta name=\"description\" content=\"Difuzorius d\u0117\u017eut\u0117 Profi air classic - auk\u0161ta kokyb\u0117 ir gera kaina viename!\" \/>\n<meta name=\"robots\" content=\"index, follow, max-snippet:-1, max-image-preview:large, max-video-preview:-1\" \/>\n<link rel=\"canonical\" href=\"https:\/\/parduotuve.kondena.lt\/en\/produktai\/difuzorius-dezute-profi-air-classic\/\" \/>\n<meta property=\"og:locale\" content=\"en_US\" \/>\n<meta property=\"og:type\" content=\"article\" \/>\n<meta property=\"og:title\" content=\"Difuzorius d\u0117\u017eut\u0117 Profi air classic - Kondena\" \/>\n<meta property=\"og:description\" content=\"Difuzorius d\u0117\u017eut\u0117 Profi air classic - auk\u0161ta kokyb\u0117 ir gera kaina viename!\" \/>\n<meta property=\"og:url\" content=\"https:\/\/parduotuve.kondena.lt\/en\/produktai\/difuzorius-dezute-profi-air-classic\/\" \/>\n<meta property=\"og:site_name\" content=\"Kondena\" \/>\n<meta property=\"article:modified_time\" content=\"2025-04-15T06:34:30+00:00\" \/>\n<meta property=\"og:image\" content=\"https:\/\/parduotuve.kondena.lt\/wp-content\/uploads\/2023\/09\/difuzoriaus-dezute-profi-air-classic-ilga-2x75mm-dn125-nuimamos-akles-1.png\" \/>\n\t<meta property=\"og:image:width\" content=\"919\" \/>\n\t<meta property=\"og:image:height\" content=\"919\" \/>\n\t<meta property=\"og:image:type\" content=\"image\/png\" \/>\n<meta name=\"twitter:card\" content=\"summary_large_image\" \/>\n<meta name=\"twitter:label1\" content=\"Est. reading time\" \/>\n\t<meta name=\"twitter:data1\" content=\"1 minute\" \/>\n<script type=\"application\/ld+json\" class=\"yoast-schema-graph\">{\"@context\":\"https:\/\/schema.org\",\"@graph\":[{\"@type\":\"WebPage\",\"@id\":\"https:\/\/parduotuve.kondena.lt\/produktai\/difuzorius-dezute-profi-air-classic\/\",\"url\":\"https:\/\/parduotuve.kondena.lt\/produktai\/difuzorius-dezute-profi-air-classic\/\",\"name\":\"Difuzorius d\u0117\u017eut\u0117 Profi air classic - Kondena\",\"isPartOf\":{\"@id\":\"https:\/\/parduotuve.kondena.lt\/#website\"},\"datePublished\":\"2023-09-14T07:18:58+00:00\",\"dateModified\":\"2025-04-15T06:34:30+00:00\",\"description\":\"Difuzorius d\u0117\u017eut\u0117 Profi air classic - auk\u0161ta kokyb\u0117 ir gera kaina viename!\",\"breadcrumb\":{\"@id\":\"https:\/\/parduotuve.kondena.lt\/produktai\/difuzorius-dezute-profi-air-classic\/#breadcrumb\"},\"inLanguage\":\"en-US\",\"potentialAction\":[{\"@type\":\"ReadAction\",\"target\":[\"https:\/\/parduotuve.kondena.lt\/produktai\/difuzorius-dezute-profi-air-classic\/\"]}]},{\"@type\":\"BreadcrumbList\",\"@id\":\"https:\/\/parduotuve.kondena.lt\/produktai\/difuzorius-dezute-profi-air-classic\/#breadcrumb\",\"itemListElement\":[{\"@type\":\"ListItem\",\"position\":1,\"name\":\"Parduotuv\u0117\",\"item\":\"https:\/\/parduotuve.kondena.lt\/parduotuve\/\"},{\"@type\":\"ListItem\",\"position\":2,\"name\":\"Difuzorius d\u0117\u017eut\u0117 Profi air classic\"}]},{\"@type\":\"WebSite\",\"@id\":\"https:\/\/parduotuve.kondena.lt\/#website\",\"url\":\"https:\/\/parduotuve.kondena.lt\/\",\"name\":\"Kondena\",\"description\":\"Kol kas tik dar vienas WordPress tinklalapis\",\"potentialAction\":[{\"@type\":\"SearchAction\",\"target\":{\"@type\":\"EntryPoint\",\"urlTemplate\":\"https:\/\/parduotuve.kondena.lt\/?s={search_term_string}\"},\"query-input\":\"required name=search_term_string\"}],\"inLanguage\":\"en-US\"}]}<\/script>\n<!-- \/ Yoast SEO plugin. -->","yoast_head_json":{"title":"Difuzorius d\u0117\u017eut\u0117 Profi air classic - Kondena","description":"Difuzorius d\u0117\u017eut\u0117 Profi air classic - auk\u0161ta kokyb\u0117 ir gera kaina viename!","robots":{"index":"index","follow":"follow","max-snippet":"max-snippet:-1","max-image-preview":"max-image-preview:large","max-video-preview":"max-video-preview:-1"},"canonical":"https:\/\/parduotuve.kondena.lt\/en\/produktai\/difuzorius-dezute-profi-air-classic\/","og_locale":"en_US","og_type":"article","og_title":"Difuzorius d\u0117\u017eut\u0117 Profi air classic - Kondena","og_description":"Difuzorius d\u0117\u017eut\u0117 Profi air classic - auk\u0161ta kokyb\u0117 ir gera kaina viename!","og_url":"https:\/\/parduotuve.kondena.lt\/en\/produktai\/difuzorius-dezute-profi-air-classic\/","og_site_name":"Kondena","article_modified_time":"2025-04-15T06:34:30+00:00","og_image":[{"width":919,"height":919,"url":"https:\/\/parduotuve.kondena.lt\/wp-content\/uploads\/2023\/09\/difuzoriaus-dezute-profi-air-classic-ilga-2x75mm-dn125-nuimamos-akles-1.png","type":"image\/png"}],"twitter_card":"summary_large_image","twitter_misc":{"Est. reading time":"1 minute"},"schema":{"@context":"https:\/\/schema.org","@graph":[{"@type":"WebPage","@id":"https:\/\/parduotuve.kondena.lt\/produktai\/difuzorius-dezute-profi-air-classic\/","url":"https:\/\/parduotuve.kondena.lt\/produktai\/difuzorius-dezute-profi-air-classic\/","name":"Difuzorius d\u0117\u017eut\u0117 Profi air classic - Kondena","isPartOf":{"@id":"https:\/\/parduotuve.kondena.lt\/#website"},"datePublished":"2023-09-14T07:18:58+00:00","dateModified":"2025-04-15T06:34:30+00:00","description":"Difuzorius d\u0117\u017eut\u0117 Profi air classic - auk\u0161ta kokyb\u0117 ir gera kaina viename!","breadcrumb":{"@id":"https:\/\/parduotuve.kondena.lt\/produktai\/difuzorius-dezute-profi-air-classic\/#breadcrumb"},"inLanguage":"en-US","potentialAction":[{"@type":"ReadAction","target":["https:\/\/parduotuve.kondena.lt\/produktai\/difuzorius-dezute-profi-air-classic\/"]}]},{"@type":"BreadcrumbList","@id":"https:\/\/parduotuve.kondena.lt\/produktai\/difuzorius-dezute-profi-air-classic\/#breadcrumb","itemListElement":[{"@type":"ListItem","position":1,"name":"Parduotuv\u0117","item":"https:\/\/parduotuve.kondena.lt\/parduotuve\/"},{"@type":"ListItem","position":2,"name":"Difuzorius d\u0117\u017eut\u0117 Profi air classic"}]},{"@type":"WebSite","@id":"https:\/\/parduotuve.kondena.lt\/#website","url":"https:\/\/parduotuve.kondena.lt\/","name":"Kondena","description":"Kol kas tik dar vienas WordPress tinklalapis","potentialAction":[{"@type":"SearchAction","target":{"@type":"EntryPoint","urlTemplate":"https:\/\/parduotuve.kondena.lt\/?s={search_term_string}"},"query-input":"required name=search_term_string"}],"inLanguage":"en-US"}]}},"_links":{"self":[{"href":"https:\/\/parduotuve.kondena.lt\/en\/wp-json\/wp\/v2\/product\/14421","targetHints":{"allow":["GET"]}}],"collection":[{"href":"https:\/\/parduotuve.kondena.lt\/en\/wp-json\/wp\/v2\/product"}],"about":[{"href":"https:\/\/parduotuve.kondena.lt\/en\/wp-json\/wp\/v2\/types\/product"}],"replies":[{"embeddable":true,"href":"https:\/\/parduotuve.kondena.lt\/en\/wp-json\/wp\/v2\/comments?post=14421"}],"wp:featuredmedia":[{"embeddable":true,"href":"https:\/\/parduotuve.kondena.lt\/en\/wp-json\/wp\/v2\/media\/14422"}],"wp:attachment":[{"href":"https:\/\/parduotuve.kondena.lt\/en\/wp-json\/wp\/v2\/media?parent=14421"}],"wp:term":[{"taxonomy":"product_cat","embeddable":true,"href":"https:\/\/parduotuve.kondena.lt\/en\/wp-json\/wp\/v2\/product_cat?post=14421"},{"taxonomy":"product_tag","embeddable":true,"href":"https:\/\/parduotuve.kondena.lt\/en\/wp-json\/wp\/v2\/product_tag?post=14421"}],"curies":[{"name":"wp","href":"https:\/\/api.w.org\/{rel}","templated":true}]}}