{"id":14243,"date":"2022-10-18T08:47:36","date_gmt":"2022-10-18T07:47:36","guid":{"rendered":"https:\/\/parduotuve.kondena.lt\/?post_type=product&#038;p=14243"},"modified":"2023-07-24T11:30:42","modified_gmt":"2023-07-24T10:30:42","slug":"silumos-mini-rekuperatoriai-waller-serijos","status":"publish","type":"product","link":"https:\/\/parduotuve.kondena.lt\/en\/produktai\/silumos-mini-rekuperatoriai-waller-serijos\/","title":{"rendered":"\u0160ilumos mini rekuperatoriai WALLER serijos"},"content":{"rendered":"<p><span class=\"JsGRdQ\">WALLER serijos \u0161ilumos rekuperatoriai skirti v\u0117dinti be kanal\u0173 tokias patalpas kaip: kambarys, biuras, kavin\u0117 ir kt. \u0160is \u012frenginys skirtas montuoti ant sienos. D\u0117l reversinio ventiliatoriaus naudojimo WALLER yra pilnas tiekimo ir i\u0161metimo \u012frenginys, leid\u017eiantis atgauti energij\u0105 i\u0161 i\u0161metamo oro. WALLER taip pat gali veikti v\u0117dinimo re\u017eimu, kaip tik tiekimo arba i\u0161traukimo \u012frenginys. Tokiu atveju piln\u0105 mechanin\u0119 tiekimo ir i\u0161traukiam\u0105j\u0105 ventiliacij\u0105 gali u\u017etikrinti, pavyzd\u017eiui, du sinchroni\u0161kai veikiantys WALLER \u012frenginiai, kai vienas tiekia \u012f patalp\u0105 gryn\u0105 or\u0105, o kitas \u2013 \u0161alinam\u0105. Ta\u010diau reikia atsiminti, kad v\u0117dinimo re\u017eimu veikiantiems prietaisams energijos atgavimo n\u0117ra. \u0160ilumos rekuperacijos \u012frenginiai valdomi nuotolinio valdymo pulteliu, tod\u0117l daug lengviau valdyti jo veikim\u0105.<\/span><\/p>\n<p>Naudojimo vieta<\/p>\n<p>WALLER serijos rekuperatorius skirtas:<\/p>\n<ul>\n<li>biuro patalpoms<\/li>\n<li>kambariams<\/li>\n<li>u\u017ekandin\u0117ms<\/li>\n<\/ul>\n<p>Kontrol\u0117<\/p>\n<p>WALLER serijos rekuperatorius komplektacijoje turi nuotolinio valdymo \u012frengin\u012f. Taigi tai leid\u017eia \u012frenginiui veikti regeneraciniu arba ventiliatoriaus re\u017eimu.<\/p>\n<p>Privalumai<\/p>\n<ul>\n<li>plastikinis korpusas,<\/li>\n<li>keraminis \u0161ilumokaitis, leid\u017eiantis atgauti \u0161ilum\u0105 ir dr\u0117gm\u0119,<\/li>\n<li>intuityvus nuotolinio valdymo pultas \u012ftrauktas \u012f rinkin\u012f.<\/li>\n<\/ul>","protected":false},"excerpt":{"rendered":"<p>Parametrai<br \/>\nVariklio galia: 12 W<\/p>\n<p>Svoris: 3,4 kg<\/p>\n<p>Energijos klas\u0117: A*<br \/>\n* pagal ES Nr. 1254\/2014<\/p>\n<p>Maksimalus oro srautas: 20 \u2013 64 m3\/val<\/p>","protected":false},"featured_media":14245,"comment_status":"open","ping_status":"closed","template":"","meta":[],"product_cat":[141,275,142],"product_tag":[],"class_list":["post-14243","product","type-product","status-publish","has-post-thumbnail","hentry","product_cat-vedinimas","product_cat-mini-rekuperatoriai","product_cat-vedinimo-irenginiai"],"acf":[],"yoast_head":"<!-- This site is optimized with the Yoast SEO plugin v20.13 - https:\/\/yoast.com\/wordpress\/plugins\/seo\/ -->\n<title>\u0160ilumos mini rekuperatoriai WALLER serijos - Kondena<\/title>\n<meta name=\"description\" content=\"\u0160ilumos mini rekuperatoriai WALLER serijos - paprasta naudotis, kokybi\u0161ka ir modernu! \u012esigykite jau dabar Kondena parduotuv\u0117je!\" \/>\n<meta name=\"robots\" content=\"index, follow, max-snippet:-1, max-image-preview:large, max-video-preview:-1\" \/>\n<link rel=\"canonical\" href=\"https:\/\/parduotuve.kondena.lt\/en\/produktai\/silumos-mini-rekuperatoriai-waller-serijos\/\" \/>\n<meta property=\"og:locale\" content=\"en_US\" \/>\n<meta property=\"og:type\" content=\"article\" \/>\n<meta property=\"og:title\" content=\"\u0160ilumos mini rekuperatoriai WALLER serijos - Kondena\" \/>\n<meta property=\"og:description\" content=\"\u0160ilumos mini rekuperatoriai WALLER serijos - paprasta naudotis, kokybi\u0161ka ir modernu! \u012esigykite jau dabar Kondena parduotuv\u0117je!\" \/>\n<meta property=\"og:url\" content=\"https:\/\/parduotuve.kondena.lt\/en\/produktai\/silumos-mini-rekuperatoriai-waller-serijos\/\" \/>\n<meta property=\"og:site_name\" content=\"Kondena\" \/>\n<meta property=\"article:modified_time\" content=\"2023-07-24T10:30:42+00:00\" \/>\n<meta property=\"og:image\" content=\"https:\/\/parduotuve.kondena.lt\/wp-content\/uploads\/2022\/10\/rekuperator-scienny-waller.jpg\" \/>\n\t<meta property=\"og:image:width\" content=\"1200\" \/>\n\t<meta property=\"og:image:height\" content=\"1086\" \/>\n\t<meta property=\"og:image:type\" content=\"image\/jpeg\" \/>\n<meta name=\"twitter:card\" content=\"summary_large_image\" \/>\n<meta name=\"twitter:label1\" content=\"Est. reading time\" \/>\n\t<meta name=\"twitter:data1\" content=\"1 minute\" \/>\n<script type=\"application\/ld+json\" class=\"yoast-schema-graph\">{\"@context\":\"https:\/\/schema.org\",\"@graph\":[{\"@type\":\"WebPage\",\"@id\":\"https:\/\/parduotuve.kondena.lt\/produktai\/silumos-mini-rekuperatoriai-waller-serijos\/\",\"url\":\"https:\/\/parduotuve.kondena.lt\/produktai\/silumos-mini-rekuperatoriai-waller-serijos\/\",\"name\":\"\u0160ilumos mini rekuperatoriai WALLER serijos - Kondena\",\"isPartOf\":{\"@id\":\"https:\/\/parduotuve.kondena.lt\/#website\"},\"datePublished\":\"2022-10-18T07:47:36+00:00\",\"dateModified\":\"2023-07-24T10:30:42+00:00\",\"description\":\"\u0160ilumos mini rekuperatoriai WALLER serijos - paprasta naudotis, kokybi\u0161ka ir modernu! \u012esigykite jau dabar Kondena parduotuv\u0117je!\",\"breadcrumb\":{\"@id\":\"https:\/\/parduotuve.kondena.lt\/produktai\/silumos-mini-rekuperatoriai-waller-serijos\/#breadcrumb\"},\"inLanguage\":\"en-US\",\"potentialAction\":[{\"@type\":\"ReadAction\",\"target\":[\"https:\/\/parduotuve.kondena.lt\/produktai\/silumos-mini-rekuperatoriai-waller-serijos\/\"]}]},{\"@type\":\"BreadcrumbList\",\"@id\":\"https:\/\/parduotuve.kondena.lt\/produktai\/silumos-mini-rekuperatoriai-waller-serijos\/#breadcrumb\",\"itemListElement\":[{\"@type\":\"ListItem\",\"position\":1,\"name\":\"Parduotuv\u0117\",\"item\":\"https:\/\/parduotuve.kondena.lt\/parduotuve\/\"},{\"@type\":\"ListItem\",\"position\":2,\"name\":\"\u0160ilumos mini rekuperatoriai WALLER serijos\"}]},{\"@type\":\"WebSite\",\"@id\":\"https:\/\/parduotuve.kondena.lt\/#website\",\"url\":\"https:\/\/parduotuve.kondena.lt\/\",\"name\":\"Kondena\",\"description\":\"Kol kas tik dar vienas WordPress tinklalapis\",\"potentialAction\":[{\"@type\":\"SearchAction\",\"target\":{\"@type\":\"EntryPoint\",\"urlTemplate\":\"https:\/\/parduotuve.kondena.lt\/?s={search_term_string}\"},\"query-input\":\"required name=search_term_string\"}],\"inLanguage\":\"en-US\"}]}<\/script>\n<!-- \/ Yoast SEO plugin. -->","yoast_head_json":{"title":"\u0160ilumos mini rekuperatoriai WALLER serijos - Kondena","description":"\u0160ilumos mini rekuperatoriai WALLER serijos - paprasta naudotis, kokybi\u0161ka ir modernu! \u012esigykite jau dabar Kondena parduotuv\u0117je!","robots":{"index":"index","follow":"follow","max-snippet":"max-snippet:-1","max-image-preview":"max-image-preview:large","max-video-preview":"max-video-preview:-1"},"canonical":"https:\/\/parduotuve.kondena.lt\/en\/produktai\/silumos-mini-rekuperatoriai-waller-serijos\/","og_locale":"en_US","og_type":"article","og_title":"\u0160ilumos mini rekuperatoriai WALLER serijos - Kondena","og_description":"\u0160ilumos mini rekuperatoriai WALLER serijos - paprasta naudotis, kokybi\u0161ka ir modernu! \u012esigykite jau dabar Kondena parduotuv\u0117je!","og_url":"https:\/\/parduotuve.kondena.lt\/en\/produktai\/silumos-mini-rekuperatoriai-waller-serijos\/","og_site_name":"Kondena","article_modified_time":"2023-07-24T10:30:42+00:00","og_image":[{"width":1200,"height":1086,"url":"https:\/\/parduotuve.kondena.lt\/wp-content\/uploads\/2022\/10\/rekuperator-scienny-waller.jpg","type":"image\/jpeg"}],"twitter_card":"summary_large_image","twitter_misc":{"Est. reading time":"1 minute"},"schema":{"@context":"https:\/\/schema.org","@graph":[{"@type":"WebPage","@id":"https:\/\/parduotuve.kondena.lt\/produktai\/silumos-mini-rekuperatoriai-waller-serijos\/","url":"https:\/\/parduotuve.kondena.lt\/produktai\/silumos-mini-rekuperatoriai-waller-serijos\/","name":"\u0160ilumos mini rekuperatoriai WALLER serijos - Kondena","isPartOf":{"@id":"https:\/\/parduotuve.kondena.lt\/#website"},"datePublished":"2022-10-18T07:47:36+00:00","dateModified":"2023-07-24T10:30:42+00:00","description":"\u0160ilumos mini rekuperatoriai WALLER serijos - paprasta naudotis, kokybi\u0161ka ir modernu! \u012esigykite jau dabar Kondena parduotuv\u0117je!","breadcrumb":{"@id":"https:\/\/parduotuve.kondena.lt\/produktai\/silumos-mini-rekuperatoriai-waller-serijos\/#breadcrumb"},"inLanguage":"en-US","potentialAction":[{"@type":"ReadAction","target":["https:\/\/parduotuve.kondena.lt\/produktai\/silumos-mini-rekuperatoriai-waller-serijos\/"]}]},{"@type":"BreadcrumbList","@id":"https:\/\/parduotuve.kondena.lt\/produktai\/silumos-mini-rekuperatoriai-waller-serijos\/#breadcrumb","itemListElement":[{"@type":"ListItem","position":1,"name":"Parduotuv\u0117","item":"https:\/\/parduotuve.kondena.lt\/parduotuve\/"},{"@type":"ListItem","position":2,"name":"\u0160ilumos mini rekuperatoriai WALLER serijos"}]},{"@type":"WebSite","@id":"https:\/\/parduotuve.kondena.lt\/#website","url":"https:\/\/parduotuve.kondena.lt\/","name":"Kondena","description":"Kol kas tik dar vienas WordPress tinklalapis","potentialAction":[{"@type":"SearchAction","target":{"@type":"EntryPoint","urlTemplate":"https:\/\/parduotuve.kondena.lt\/?s={search_term_string}"},"query-input":"required name=search_term_string"}],"inLanguage":"en-US"}]}},"_links":{"self":[{"href":"https:\/\/parduotuve.kondena.lt\/en\/wp-json\/wp\/v2\/product\/14243","targetHints":{"allow":["GET"]}}],"collection":[{"href":"https:\/\/parduotuve.kondena.lt\/en\/wp-json\/wp\/v2\/product"}],"about":[{"href":"https:\/\/parduotuve.kondena.lt\/en\/wp-json\/wp\/v2\/types\/product"}],"replies":[{"embeddable":true,"href":"https:\/\/parduotuve.kondena.lt\/en\/wp-json\/wp\/v2\/comments?post=14243"}],"wp:featuredmedia":[{"embeddable":true,"href":"https:\/\/parduotuve.kondena.lt\/en\/wp-json\/wp\/v2\/media\/14245"}],"wp:attachment":[{"href":"https:\/\/parduotuve.kondena.lt\/en\/wp-json\/wp\/v2\/media?parent=14243"}],"wp:term":[{"taxonomy":"product_cat","embeddable":true,"href":"https:\/\/parduotuve.kondena.lt\/en\/wp-json\/wp\/v2\/product_cat?post=14243"},{"taxonomy":"product_tag","embeddable":true,"href":"https:\/\/parduotuve.kondena.lt\/en\/wp-json\/wp\/v2\/product_tag?post=14243"}],"curies":[{"name":"wp","href":"https:\/\/api.w.org\/{rel}","templated":true}]}}