{"id":14210,"date":"2022-09-06T14:36:52","date_gmt":"2022-09-06T13:36:52","guid":{"rendered":"https:\/\/parduotuve.kondena.lt\/?post_type=product&#038;p=14210"},"modified":"2022-09-06T14:36:52","modified_gmt":"2022-09-06T13:36:52","slug":"keraminis-sieninis-dvieju-bloku-sildytuvas-rcmb-27","status":"publish","type":"product","link":"https:\/\/parduotuve.kondena.lt\/en\/produktai\/keraminis-sieninis-dvieju-bloku-sildytuvas-rcmb-27\/","title":{"rendered":"Keraminis sieninis dviej\u0173 blok\u0173 \u0161ildytuvas RCMB 27"},"content":{"rendered":"<h5 class=\"productSheet-title\">KERAMINIS SIENINIS DVIEJ\u0172 BLOK\u0172 \u0160ILDYTUVAS TAURUS RCMB 27 2000W BALTA 1000W 2000 W<\/h5>\n<ul>\n<li>Color: White<\/li>\n<li>Charakteristikos:\n<ul>\n<li>Automatinis i\u0161sijungimas<\/li>\n<li>Nuotolinis valdiklis<\/li>\n<li>Timer<\/li>\n<li>LED screen<\/li>\n<\/ul>\n<\/li>\n<li>galia: 2000 W<\/li>\n<li>Maitinimo blokas: Elektros tinklas<\/li>\n<li>Diapazonas: 20 m2<\/li>\n<\/ul>\n<p>&nbsp;<\/p>\n<p>Taurus RCMB27. Tipas: Konvektorinis elektrinis patalp\u0173 \u0161ildytuvas, Kaitinamojo elemento tipas: Keramika, Laikma\u010dio veikimo trukm\u0117 (maksimali): 24 h. Tinka: Vidaus, \u012etaisymo galimyb\u0117s: Siena, Produkto spalva: Balta. \u0160ildymo galia: 2000 W, \u0160ildymo galia (ma\u017eiausia): 1000 W, Tinka kambariams iki: 20 m\u00b2. Plotis: 550 mm, Ilgis: 120 mm, Auk\u0161tis: 220 mm<\/p>\n<p>&nbsp;<\/p>\n<ul>\n<li>Tipas: Konvektorinis elektrinis patalp\u0173 \u0161ildytuvas<\/li>\n<li>Kaitinamojo elemento tipas: Keramika<\/li>\n<li>Galios lygi\u0173 skai\u010dius: 2<\/li>\n<li>Valdoma nuotoliniu valdymu: Taip<\/li>\n<li>Laikmatis: Taip<\/li>\n<li>Automatinis svyravimas: Taip<\/li>\n<li>Laikma\u010dio veikimo trukm\u0117 (maksimali): 24 h<\/li>\n<li>Automatinis i\u0161jungimas: Taip<\/li>\n<li>Apsauga nuo perkaitimo: Taip<\/li>\n<li>Tarptautin\u0117s apsaugos (IP) kodas: IP22<\/li>\n<li>Sertifikavimas: CE<\/li>\n<li>Kiekis: 1<\/li>\n<li>Tinka: Vidaus<\/li>\n<li>\u012etaisymo galimyb\u0117s: Siena<\/li>\n<li>Produkto spalva: Balta<\/li>\n<li>\u012emontuotas ekranas: Taip<\/li>\n<li>Ekranas: LED<\/li>\n<li>Tinka vonios kambariui: Taip<\/li>\n<li>\u0160ildymo galia: 2000 W<\/li>\n<li>Reguliuojamas termostatas: Taip<\/li>\n<li>\u0160ildymo galia (ma\u017eiausia): 1000 W<\/li>\n<li>Tinka kambariams iki: 20 m\u00b2<\/li>\n<li>Plotis: 550 mm<\/li>\n<li>Ilgis: 120 mm<\/li>\n<li>Auk\u0161tis: 220 mm<\/li>\n<li>Svoris: 2,2 kg<\/li>\n<li>Pakuot\u0117s plotis: 560 mm<\/li>\n<li>Pakuot\u0117s gylis: 160 mm<\/li>\n<li>Pakuot\u0117s auk\u0161tis: 258 mm<\/li>\n<li>Paketo svoris: 2,5 kg<\/li>\n<li>Rankinis nuotolinis valdymas: Taip<\/li>\n<\/ul>","protected":false},"excerpt":{"rendered":"<div class=\"productSheet-dimensionItem\">\n<p class=\"productSheet-dimensionDt\">Weight (kg): <span data-js-product-weight=\"\">3<\/span><\/p>\n<\/div>\n<div class=\"productSheet-dimensionItem\"><i class=\"icon productSheet-dimensionItem-icon icon-dimensions\"><\/i><\/p>\n<p class=\"productSheet-dimensionDt\">Matmenys (cm): <span data-js-product-measurement=\"\">23,0 x 15,3 x 56,5<\/span><\/p>\n<\/div>","protected":false},"featured_media":14211,"comment_status":"open","ping_status":"closed","template":"","meta":[],"product_cat":[242,265],"product_tag":[],"class_list":["post-14210","product","type-product","status-publish","has-post-thumbnail","hentry","product_cat-sildymas","product_cat-pakabinami-sildytuvai"],"acf":[],"yoast_head":"<!-- This site is optimized with the Yoast SEO plugin v20.13 - https:\/\/yoast.com\/wordpress\/plugins\/seo\/ -->\n<title>Keraminis sieninis dviej\u0173 blok\u0173 \u0161ildytuvas RCMB 27 - Kondena<\/title>\n<meta name=\"description\" content=\"Keraminis sieninis dviej\u0173 blok\u0173 \u0161ildytuvas RCMB 27 apsipirk Kondena elektronin\u0117je parduotuv\u0117je jau dabar!\" \/>\n<meta name=\"robots\" content=\"index, follow, max-snippet:-1, max-image-preview:large, max-video-preview:-1\" \/>\n<link rel=\"canonical\" href=\"https:\/\/parduotuve.kondena.lt\/en\/produktai\/keraminis-sieninis-dvieju-bloku-sildytuvas-rcmb-27\/\" \/>\n<meta property=\"og:locale\" content=\"en_US\" \/>\n<meta property=\"og:type\" content=\"article\" \/>\n<meta property=\"og:title\" content=\"Keraminis sieninis dviej\u0173 blok\u0173 \u0161ildytuvas RCMB 27 - Kondena\" \/>\n<meta property=\"og:description\" content=\"Keraminis sieninis dviej\u0173 blok\u0173 \u0161ildytuvas RCMB 27 apsipirk Kondena elektronin\u0117je parduotuv\u0117je jau dabar!\" \/>\n<meta property=\"og:url\" content=\"https:\/\/parduotuve.kondena.lt\/en\/produktai\/keraminis-sieninis-dvieju-bloku-sildytuvas-rcmb-27\/\" \/>\n<meta property=\"og:site_name\" content=\"Kondena\" \/>\n<meta property=\"og:image\" content=\"https:\/\/parduotuve.kondena.lt\/wp-content\/uploads\/2022\/09\/keraminis-sieninis-dvieju-bloku-sildytuvas-taurus-rcmb-27-2000w-balta-1000w-2000-w_158118.jpg\" \/>\n\t<meta property=\"og:image:width\" content=\"315\" \/>\n\t<meta property=\"og:image:height\" content=\"315\" \/>\n\t<meta property=\"og:image:type\" content=\"image\/jpeg\" \/>\n<meta name=\"twitter:card\" content=\"summary_large_image\" \/>\n<meta name=\"twitter:label1\" content=\"Est. reading time\" \/>\n\t<meta name=\"twitter:data1\" content=\"1 minute\" \/>\n<script type=\"application\/ld+json\" class=\"yoast-schema-graph\">{\"@context\":\"https:\/\/schema.org\",\"@graph\":[{\"@type\":\"WebPage\",\"@id\":\"https:\/\/parduotuve.kondena.lt\/produktai\/keraminis-sieninis-dvieju-bloku-sildytuvas-rcmb-27\/\",\"url\":\"https:\/\/parduotuve.kondena.lt\/produktai\/keraminis-sieninis-dvieju-bloku-sildytuvas-rcmb-27\/\",\"name\":\"Keraminis sieninis dviej\u0173 blok\u0173 \u0161ildytuvas RCMB 27 - Kondena\",\"isPartOf\":{\"@id\":\"https:\/\/parduotuve.kondena.lt\/#website\"},\"datePublished\":\"2022-09-06T13:36:52+00:00\",\"dateModified\":\"2022-09-06T13:36:52+00:00\",\"description\":\"Keraminis sieninis dviej\u0173 blok\u0173 \u0161ildytuvas RCMB 27 apsipirk Kondena elektronin\u0117je parduotuv\u0117je jau dabar!\",\"breadcrumb\":{\"@id\":\"https:\/\/parduotuve.kondena.lt\/produktai\/keraminis-sieninis-dvieju-bloku-sildytuvas-rcmb-27\/#breadcrumb\"},\"inLanguage\":\"en-US\",\"potentialAction\":[{\"@type\":\"ReadAction\",\"target\":[\"https:\/\/parduotuve.kondena.lt\/produktai\/keraminis-sieninis-dvieju-bloku-sildytuvas-rcmb-27\/\"]}]},{\"@type\":\"BreadcrumbList\",\"@id\":\"https:\/\/parduotuve.kondena.lt\/produktai\/keraminis-sieninis-dvieju-bloku-sildytuvas-rcmb-27\/#breadcrumb\",\"itemListElement\":[{\"@type\":\"ListItem\",\"position\":1,\"name\":\"Parduotuv\u0117\",\"item\":\"https:\/\/parduotuve.kondena.lt\/parduotuve\/\"},{\"@type\":\"ListItem\",\"position\":2,\"name\":\"Keraminis sieninis dviej\u0173 blok\u0173 \u0161ildytuvas RCMB 27\"}]},{\"@type\":\"WebSite\",\"@id\":\"https:\/\/parduotuve.kondena.lt\/#website\",\"url\":\"https:\/\/parduotuve.kondena.lt\/\",\"name\":\"Kondena\",\"description\":\"Kol kas tik dar vienas WordPress tinklalapis\",\"potentialAction\":[{\"@type\":\"SearchAction\",\"target\":{\"@type\":\"EntryPoint\",\"urlTemplate\":\"https:\/\/parduotuve.kondena.lt\/?s={search_term_string}\"},\"query-input\":\"required name=search_term_string\"}],\"inLanguage\":\"en-US\"}]}<\/script>\n<!-- \/ Yoast SEO plugin. -->","yoast_head_json":{"title":"Keraminis sieninis dviej\u0173 blok\u0173 \u0161ildytuvas RCMB 27 - Kondena","description":"Keraminis sieninis dviej\u0173 blok\u0173 \u0161ildytuvas RCMB 27 apsipirk Kondena elektronin\u0117je parduotuv\u0117je jau dabar!","robots":{"index":"index","follow":"follow","max-snippet":"max-snippet:-1","max-image-preview":"max-image-preview:large","max-video-preview":"max-video-preview:-1"},"canonical":"https:\/\/parduotuve.kondena.lt\/en\/produktai\/keraminis-sieninis-dvieju-bloku-sildytuvas-rcmb-27\/","og_locale":"en_US","og_type":"article","og_title":"Keraminis sieninis dviej\u0173 blok\u0173 \u0161ildytuvas RCMB 27 - Kondena","og_description":"Keraminis sieninis dviej\u0173 blok\u0173 \u0161ildytuvas RCMB 27 apsipirk Kondena elektronin\u0117je parduotuv\u0117je jau dabar!","og_url":"https:\/\/parduotuve.kondena.lt\/en\/produktai\/keraminis-sieninis-dvieju-bloku-sildytuvas-rcmb-27\/","og_site_name":"Kondena","og_image":[{"width":315,"height":315,"url":"https:\/\/parduotuve.kondena.lt\/wp-content\/uploads\/2022\/09\/keraminis-sieninis-dvieju-bloku-sildytuvas-taurus-rcmb-27-2000w-balta-1000w-2000-w_158118.jpg","type":"image\/jpeg"}],"twitter_card":"summary_large_image","twitter_misc":{"Est. reading time":"1 minute"},"schema":{"@context":"https:\/\/schema.org","@graph":[{"@type":"WebPage","@id":"https:\/\/parduotuve.kondena.lt\/produktai\/keraminis-sieninis-dvieju-bloku-sildytuvas-rcmb-27\/","url":"https:\/\/parduotuve.kondena.lt\/produktai\/keraminis-sieninis-dvieju-bloku-sildytuvas-rcmb-27\/","name":"Keraminis sieninis dviej\u0173 blok\u0173 \u0161ildytuvas RCMB 27 - Kondena","isPartOf":{"@id":"https:\/\/parduotuve.kondena.lt\/#website"},"datePublished":"2022-09-06T13:36:52+00:00","dateModified":"2022-09-06T13:36:52+00:00","description":"Keraminis sieninis dviej\u0173 blok\u0173 \u0161ildytuvas RCMB 27 apsipirk Kondena elektronin\u0117je parduotuv\u0117je jau dabar!","breadcrumb":{"@id":"https:\/\/parduotuve.kondena.lt\/produktai\/keraminis-sieninis-dvieju-bloku-sildytuvas-rcmb-27\/#breadcrumb"},"inLanguage":"en-US","potentialAction":[{"@type":"ReadAction","target":["https:\/\/parduotuve.kondena.lt\/produktai\/keraminis-sieninis-dvieju-bloku-sildytuvas-rcmb-27\/"]}]},{"@type":"BreadcrumbList","@id":"https:\/\/parduotuve.kondena.lt\/produktai\/keraminis-sieninis-dvieju-bloku-sildytuvas-rcmb-27\/#breadcrumb","itemListElement":[{"@type":"ListItem","position":1,"name":"Parduotuv\u0117","item":"https:\/\/parduotuve.kondena.lt\/parduotuve\/"},{"@type":"ListItem","position":2,"name":"Keraminis sieninis dviej\u0173 blok\u0173 \u0161ildytuvas RCMB 27"}]},{"@type":"WebSite","@id":"https:\/\/parduotuve.kondena.lt\/#website","url":"https:\/\/parduotuve.kondena.lt\/","name":"Kondena","description":"Kol kas tik dar vienas WordPress tinklalapis","potentialAction":[{"@type":"SearchAction","target":{"@type":"EntryPoint","urlTemplate":"https:\/\/parduotuve.kondena.lt\/?s={search_term_string}"},"query-input":"required name=search_term_string"}],"inLanguage":"en-US"}]}},"_links":{"self":[{"href":"https:\/\/parduotuve.kondena.lt\/en\/wp-json\/wp\/v2\/product\/14210","targetHints":{"allow":["GET"]}}],"collection":[{"href":"https:\/\/parduotuve.kondena.lt\/en\/wp-json\/wp\/v2\/product"}],"about":[{"href":"https:\/\/parduotuve.kondena.lt\/en\/wp-json\/wp\/v2\/types\/product"}],"replies":[{"embeddable":true,"href":"https:\/\/parduotuve.kondena.lt\/en\/wp-json\/wp\/v2\/comments?post=14210"}],"wp:featuredmedia":[{"embeddable":true,"href":"https:\/\/parduotuve.kondena.lt\/en\/wp-json\/wp\/v2\/media\/14211"}],"wp:attachment":[{"href":"https:\/\/parduotuve.kondena.lt\/en\/wp-json\/wp\/v2\/media?parent=14210"}],"wp:term":[{"taxonomy":"product_cat","embeddable":true,"href":"https:\/\/parduotuve.kondena.lt\/en\/wp-json\/wp\/v2\/product_cat?post=14210"},{"taxonomy":"product_tag","embeddable":true,"href":"https:\/\/parduotuve.kondena.lt\/en\/wp-json\/wp\/v2\/product_tag?post=14210"}],"curies":[{"name":"wp","href":"https:\/\/api.w.org\/{rel}","templated":true}]}}