{"id":14203,"date":"2022-09-06T14:29:07","date_gmt":"2022-09-06T13:29:07","guid":{"rendered":"https:\/\/parduotuve.kondena.lt\/?post_type=product&#038;p=14203"},"modified":"2022-09-06T14:29:52","modified_gmt":"2022-09-06T13:29:52","slug":"sildytuvas-orbegozo-spw8000-2000w-wifi","status":"publish","type":"product","link":"https:\/\/parduotuve.kondena.lt\/en\/produktai\/sildytuvas-orbegozo-spw8000-2000w-wifi\/","title":{"rendered":"\u0160ildytuvas ORBEGOZO SPW8000 2000W WIFI"},"content":{"rendered":"<h5 class=\"productSheet-title\">\u0160ILDYTUVAS ORBEGOZO SPW8000 2000W WIFI<\/h5>\n<h5 class=\"productSheet-title\">Pakabinamas \u0161ildytuvas su wifi valdymu<\/h5>\n<ul>\n<li>Tipas: LED \u0161viesos skydelis<\/li>\n<li>galia: 2000W<\/li>\n<li>Valdymo skydelis: T\u00e1ctil<\/li>\n<li>Sujungimai: WiFi<\/li>\n<li>Maitinimo blokas: Elektros laidas<\/li>\n<\/ul>\n<p>&nbsp;<\/p>","protected":false},"excerpt":{"rendered":"<div class=\"productSheet-dimensionItem\">\n<p class=\"productSheet-dimensionDt\">Weight (kg): <span data-js-product-weight=\"\">4<\/span><\/p>\n<\/div>\n<div class=\"productSheet-dimensionItem\">\n<p>&nbsp;<\/p>\n<p class=\"productSheet-dimensionDt\">Matmenys (cm) : <span data-js-product-measurement=\"\">48,0 x 12,0 x 22,0<\/span><\/p>\n<\/div>","protected":false},"featured_media":14204,"comment_status":"open","ping_status":"closed","template":"","meta":[],"product_cat":[242,265],"product_tag":[],"class_list":["post-14203","product","type-product","status-publish","has-post-thumbnail","hentry","product_cat-sildymas","product_cat-pakabinami-sildytuvai"],"acf":[],"yoast_head":"<!-- This site is optimized with the Yoast SEO plugin v20.13 - https:\/\/yoast.com\/wordpress\/plugins\/seo\/ -->\n<title>\u0160ildytuvas ORBEGOZO SPW8000 2000W WIFI - Kondena<\/title>\n<meta name=\"description\" content=\"\u0160ILDYTUVAS ORBEGOZO SPW8000 2000W WIFI apsipirk Kondena elektronin\u0117je parduotuv\u0117je jau dabar!\" \/>\n<meta name=\"robots\" content=\"index, follow, max-snippet:-1, max-image-preview:large, max-video-preview:-1\" \/>\n<link rel=\"canonical\" href=\"https:\/\/parduotuve.kondena.lt\/en\/produktai\/sildytuvas-orbegozo-spw8000-2000w-wifi\/\" \/>\n<meta property=\"og:locale\" content=\"en_US\" \/>\n<meta property=\"og:type\" content=\"article\" \/>\n<meta property=\"og:title\" content=\"\u0160ildytuvas ORBEGOZO SPW8000 2000W WIFI - Kondena\" \/>\n<meta property=\"og:description\" content=\"\u0160ILDYTUVAS ORBEGOZO SPW8000 2000W WIFI apsipirk Kondena elektronin\u0117je parduotuv\u0117je jau dabar!\" \/>\n<meta property=\"og:url\" content=\"https:\/\/parduotuve.kondena.lt\/en\/produktai\/sildytuvas-orbegozo-spw8000-2000w-wifi\/\" \/>\n<meta property=\"og:site_name\" content=\"Kondena\" \/>\n<meta property=\"article:modified_time\" content=\"2022-09-06T13:29:52+00:00\" \/>\n<meta property=\"og:image\" content=\"https:\/\/parduotuve.kondena.lt\/wp-content\/uploads\/2022\/09\/sildytuvas-orbegozo-spw8000-2000w-wifi_316445.jpg\" \/>\n\t<meta property=\"og:image:width\" content=\"600\" \/>\n\t<meta property=\"og:image:height\" content=\"600\" \/>\n\t<meta property=\"og:image:type\" content=\"image\/jpeg\" \/>\n<meta name=\"twitter:card\" content=\"summary_large_image\" \/>\n<meta name=\"twitter:label1\" content=\"Est. reading time\" \/>\n\t<meta name=\"twitter:data1\" content=\"1 minute\" \/>\n<script type=\"application\/ld+json\" class=\"yoast-schema-graph\">{\"@context\":\"https:\/\/schema.org\",\"@graph\":[{\"@type\":\"WebPage\",\"@id\":\"https:\/\/parduotuve.kondena.lt\/produktai\/sildytuvas-orbegozo-spw8000-2000w-wifi\/\",\"url\":\"https:\/\/parduotuve.kondena.lt\/produktai\/sildytuvas-orbegozo-spw8000-2000w-wifi\/\",\"name\":\"\u0160ildytuvas ORBEGOZO SPW8000 2000W WIFI - Kondena\",\"isPartOf\":{\"@id\":\"https:\/\/parduotuve.kondena.lt\/#website\"},\"datePublished\":\"2022-09-06T13:29:07+00:00\",\"dateModified\":\"2022-09-06T13:29:52+00:00\",\"description\":\"\u0160ILDYTUVAS ORBEGOZO SPW8000 2000W WIFI apsipirk Kondena elektronin\u0117je parduotuv\u0117je jau dabar!\",\"breadcrumb\":{\"@id\":\"https:\/\/parduotuve.kondena.lt\/produktai\/sildytuvas-orbegozo-spw8000-2000w-wifi\/#breadcrumb\"},\"inLanguage\":\"en-US\",\"potentialAction\":[{\"@type\":\"ReadAction\",\"target\":[\"https:\/\/parduotuve.kondena.lt\/produktai\/sildytuvas-orbegozo-spw8000-2000w-wifi\/\"]}]},{\"@type\":\"BreadcrumbList\",\"@id\":\"https:\/\/parduotuve.kondena.lt\/produktai\/sildytuvas-orbegozo-spw8000-2000w-wifi\/#breadcrumb\",\"itemListElement\":[{\"@type\":\"ListItem\",\"position\":1,\"name\":\"Parduotuv\u0117\",\"item\":\"https:\/\/parduotuve.kondena.lt\/parduotuve\/\"},{\"@type\":\"ListItem\",\"position\":2,\"name\":\"\u0160ildytuvas ORBEGOZO SPW8000 2000W WIFI\"}]},{\"@type\":\"WebSite\",\"@id\":\"https:\/\/parduotuve.kondena.lt\/#website\",\"url\":\"https:\/\/parduotuve.kondena.lt\/\",\"name\":\"Kondena\",\"description\":\"Kol kas tik dar vienas WordPress tinklalapis\",\"potentialAction\":[{\"@type\":\"SearchAction\",\"target\":{\"@type\":\"EntryPoint\",\"urlTemplate\":\"https:\/\/parduotuve.kondena.lt\/?s={search_term_string}\"},\"query-input\":\"required name=search_term_string\"}],\"inLanguage\":\"en-US\"}]}<\/script>\n<!-- \/ Yoast SEO plugin. -->","yoast_head_json":{"title":"\u0160ildytuvas ORBEGOZO SPW8000 2000W WIFI - Kondena","description":"\u0160ILDYTUVAS ORBEGOZO SPW8000 2000W WIFI apsipirk Kondena elektronin\u0117je parduotuv\u0117je jau dabar!","robots":{"index":"index","follow":"follow","max-snippet":"max-snippet:-1","max-image-preview":"max-image-preview:large","max-video-preview":"max-video-preview:-1"},"canonical":"https:\/\/parduotuve.kondena.lt\/en\/produktai\/sildytuvas-orbegozo-spw8000-2000w-wifi\/","og_locale":"en_US","og_type":"article","og_title":"\u0160ildytuvas ORBEGOZO SPW8000 2000W WIFI - Kondena","og_description":"\u0160ILDYTUVAS ORBEGOZO SPW8000 2000W WIFI apsipirk Kondena elektronin\u0117je parduotuv\u0117je jau dabar!","og_url":"https:\/\/parduotuve.kondena.lt\/en\/produktai\/sildytuvas-orbegozo-spw8000-2000w-wifi\/","og_site_name":"Kondena","article_modified_time":"2022-09-06T13:29:52+00:00","og_image":[{"width":600,"height":600,"url":"https:\/\/parduotuve.kondena.lt\/wp-content\/uploads\/2022\/09\/sildytuvas-orbegozo-spw8000-2000w-wifi_316445.jpg","type":"image\/jpeg"}],"twitter_card":"summary_large_image","twitter_misc":{"Est. reading time":"1 minute"},"schema":{"@context":"https:\/\/schema.org","@graph":[{"@type":"WebPage","@id":"https:\/\/parduotuve.kondena.lt\/produktai\/sildytuvas-orbegozo-spw8000-2000w-wifi\/","url":"https:\/\/parduotuve.kondena.lt\/produktai\/sildytuvas-orbegozo-spw8000-2000w-wifi\/","name":"\u0160ildytuvas ORBEGOZO SPW8000 2000W WIFI - Kondena","isPartOf":{"@id":"https:\/\/parduotuve.kondena.lt\/#website"},"datePublished":"2022-09-06T13:29:07+00:00","dateModified":"2022-09-06T13:29:52+00:00","description":"\u0160ILDYTUVAS ORBEGOZO SPW8000 2000W WIFI apsipirk Kondena elektronin\u0117je parduotuv\u0117je jau dabar!","breadcrumb":{"@id":"https:\/\/parduotuve.kondena.lt\/produktai\/sildytuvas-orbegozo-spw8000-2000w-wifi\/#breadcrumb"},"inLanguage":"en-US","potentialAction":[{"@type":"ReadAction","target":["https:\/\/parduotuve.kondena.lt\/produktai\/sildytuvas-orbegozo-spw8000-2000w-wifi\/"]}]},{"@type":"BreadcrumbList","@id":"https:\/\/parduotuve.kondena.lt\/produktai\/sildytuvas-orbegozo-spw8000-2000w-wifi\/#breadcrumb","itemListElement":[{"@type":"ListItem","position":1,"name":"Parduotuv\u0117","item":"https:\/\/parduotuve.kondena.lt\/parduotuve\/"},{"@type":"ListItem","position":2,"name":"\u0160ildytuvas ORBEGOZO SPW8000 2000W WIFI"}]},{"@type":"WebSite","@id":"https:\/\/parduotuve.kondena.lt\/#website","url":"https:\/\/parduotuve.kondena.lt\/","name":"Kondena","description":"Kol kas tik dar vienas WordPress tinklalapis","potentialAction":[{"@type":"SearchAction","target":{"@type":"EntryPoint","urlTemplate":"https:\/\/parduotuve.kondena.lt\/?s={search_term_string}"},"query-input":"required name=search_term_string"}],"inLanguage":"en-US"}]}},"_links":{"self":[{"href":"https:\/\/parduotuve.kondena.lt\/en\/wp-json\/wp\/v2\/product\/14203","targetHints":{"allow":["GET"]}}],"collection":[{"href":"https:\/\/parduotuve.kondena.lt\/en\/wp-json\/wp\/v2\/product"}],"about":[{"href":"https:\/\/parduotuve.kondena.lt\/en\/wp-json\/wp\/v2\/types\/product"}],"replies":[{"embeddable":true,"href":"https:\/\/parduotuve.kondena.lt\/en\/wp-json\/wp\/v2\/comments?post=14203"}],"wp:featuredmedia":[{"embeddable":true,"href":"https:\/\/parduotuve.kondena.lt\/en\/wp-json\/wp\/v2\/media\/14204"}],"wp:attachment":[{"href":"https:\/\/parduotuve.kondena.lt\/en\/wp-json\/wp\/v2\/media?parent=14203"}],"wp:term":[{"taxonomy":"product_cat","embeddable":true,"href":"https:\/\/parduotuve.kondena.lt\/en\/wp-json\/wp\/v2\/product_cat?post=14203"},{"taxonomy":"product_tag","embeddable":true,"href":"https:\/\/parduotuve.kondena.lt\/en\/wp-json\/wp\/v2\/product_tag?post=14203"}],"curies":[{"name":"wp","href":"https:\/\/api.w.org\/{rel}","templated":true}]}}