{"id":14161,"date":"2022-08-23T12:07:37","date_gmt":"2022-08-23T11:07:37","guid":{"rendered":"https:\/\/parduotuve.kondena.lt\/?post_type=product&#038;p=14161"},"modified":"2023-07-24T11:33:50","modified_gmt":"2023-07-24T10:33:50","slug":"plokstelini-rekuperatorius-vertic-serijos-250","status":"publish","type":"product","link":"https:\/\/parduotuve.kondena.lt\/en\/produktai\/plokstelini-rekuperatorius-vertic-serijos-250\/","title":{"rendered":"Plok\u0161telini rekuperatorius VERTIC serijos 250"},"content":{"rendered":"<p>VERTIC serijos rekuperatorius skirtas tokiems pastatams kaip:<\/p>\n<ul>\n<li>vienbu\u010diai ir daugiabu\u010diai namai,<\/li>\n<li>visuomeniniai pastatai,<\/li>\n<li>maitinimo \u012fstaigos,<\/li>\n<li>sand\u0117liai.<\/li>\n<\/ul>\n<p>Kontrol\u0117<br \/>\nVERTIC serijos rekuperatorius turi \u012fmontuot\u0105 valdymo pult\u0105, leid\u017eiant\u012f valdyti \u012frenginio darb\u0105. Produktas taip pat turi CO\u2082 koncentracijos ir santykin\u0117s dr\u0117gm\u0117s jutiklius. Taip pat si\u016blome i\u0161man\u0173j\u012f VERTIC jutiklin\u012f valdymo pult\u0105, kuris papildomai padidina \u012frenginio funkcionalum\u0105, \u012fskaitant, pavyzd\u017eiui, i\u0161orinio elektrinio kanalinio \u0161ildytuvo veikim\u0105.<\/p>\n<p>Privalumai<br \/>\ntvirto plieno korpusas,<br \/>\nvidin\u0117 izoliacija i\u0161 polipropileno,<br \/>\nG4 pirminiai filtrai, apsaugantys \u0161ilumokait\u012f nuo ne\u0161varum\u0173,<br \/>\n5 grei\u010di\u0173 EC ventiliatoriai,<br \/>\n\u012frenginyje \u012fmontuotas intuityvus valdymo pultas,<br \/>\npower schedule<br \/>\nautomatinis \u201eaplenkimas\u201c,<br \/>\nCO\u2082 koncentracijos jutiklis \/ santykin\u0117s dr\u0117gm\u0117s jutiklis.<\/p>","protected":false},"excerpt":{"rendered":"<p>Parametrai:<br \/>\nVariklio galia: 170 \u2013 480 W<\/p>\n<p>Svoris: 40 \u2013 50 kg<\/p>\n<p>Energijos klas\u0117: A*<br \/>\n* pagal ES Nr. 1254\/2014<\/p>\n<p>Garsumas: 35 \u2013 39 dB<\/p>\n<p>Nominalus oro srautas: 80 \u2013 500 m3\/val<\/p>","protected":false},"featured_media":14163,"comment_status":"open","ping_status":"closed","template":"","meta":[],"product_cat":[141,268,142],"product_tag":[],"class_list":["post-14161","product","type-product","status-publish","has-post-thumbnail","hentry","product_cat-vedinimas","product_cat-rekuperatoriai","product_cat-vedinimo-irenginiai"],"acf":[],"yoast_head":"<!-- This site is optimized with the Yoast SEO plugin v20.13 - https:\/\/yoast.com\/wordpress\/plugins\/seo\/ -->\n<title>Plok\u0161telini rekuperatorius VERTIC serijos 250 - Kondena<\/title>\n<meta name=\"description\" content=\"Plok\u0161telini rekuperatorius VERTIC serijos 250 - Paprasta naudotis ,\u012fmontuotas valdymo pultas,lengvinantis programavim\u0105 ir funkcij\u0173 valdym\u0105.\" \/>\n<meta name=\"robots\" content=\"index, follow, max-snippet:-1, max-image-preview:large, max-video-preview:-1\" \/>\n<link rel=\"canonical\" href=\"https:\/\/parduotuve.kondena.lt\/en\/produktai\/plokstelini-rekuperatorius-vertic-serijos-250\/\" \/>\n<meta property=\"og:locale\" content=\"en_US\" \/>\n<meta property=\"og:type\" content=\"article\" \/>\n<meta property=\"og:title\" content=\"Plok\u0161telini rekuperatorius VERTIC serijos 250 - Kondena\" \/>\n<meta property=\"og:description\" content=\"Plok\u0161telini rekuperatorius VERTIC serijos 250 - Paprasta naudotis ,\u012fmontuotas valdymo pultas,lengvinantis programavim\u0105 ir funkcij\u0173 valdym\u0105.\" \/>\n<meta property=\"og:url\" content=\"https:\/\/parduotuve.kondena.lt\/en\/produktai\/plokstelini-rekuperatorius-vertic-serijos-250\/\" \/>\n<meta property=\"og:site_name\" content=\"Kondena\" \/>\n<meta property=\"article:modified_time\" content=\"2023-07-24T10:33:50+00:00\" \/>\n<meta property=\"og:image\" content=\"https:\/\/parduotuve.kondena.lt\/wp-content\/uploads\/2022\/08\/rekuperator-VERTIC-1.jpg\" \/>\n\t<meta property=\"og:image:width\" content=\"1200\" \/>\n\t<meta property=\"og:image:height\" content=\"1247\" \/>\n\t<meta property=\"og:image:type\" content=\"image\/jpeg\" \/>\n<meta name=\"twitter:card\" content=\"summary_large_image\" \/>\n<meta name=\"twitter:label1\" content=\"Est. reading time\" \/>\n\t<meta name=\"twitter:data1\" content=\"1 minute\" \/>\n<script type=\"application\/ld+json\" class=\"yoast-schema-graph\">{\"@context\":\"https:\/\/schema.org\",\"@graph\":[{\"@type\":\"WebPage\",\"@id\":\"https:\/\/parduotuve.kondena.lt\/produktai\/plokstelini-rekuperatorius-vertic-serijos-250\/\",\"url\":\"https:\/\/parduotuve.kondena.lt\/produktai\/plokstelini-rekuperatorius-vertic-serijos-250\/\",\"name\":\"Plok\u0161telini rekuperatorius VERTIC serijos 250 - Kondena\",\"isPartOf\":{\"@id\":\"https:\/\/parduotuve.kondena.lt\/#website\"},\"datePublished\":\"2022-08-23T11:07:37+00:00\",\"dateModified\":\"2023-07-24T10:33:50+00:00\",\"description\":\"Plok\u0161telini rekuperatorius VERTIC serijos 250 - Paprasta naudotis ,\u012fmontuotas valdymo pultas,lengvinantis programavim\u0105 ir funkcij\u0173 valdym\u0105.\",\"breadcrumb\":{\"@id\":\"https:\/\/parduotuve.kondena.lt\/produktai\/plokstelini-rekuperatorius-vertic-serijos-250\/#breadcrumb\"},\"inLanguage\":\"en-US\",\"potentialAction\":[{\"@type\":\"ReadAction\",\"target\":[\"https:\/\/parduotuve.kondena.lt\/produktai\/plokstelini-rekuperatorius-vertic-serijos-250\/\"]}]},{\"@type\":\"BreadcrumbList\",\"@id\":\"https:\/\/parduotuve.kondena.lt\/produktai\/plokstelini-rekuperatorius-vertic-serijos-250\/#breadcrumb\",\"itemListElement\":[{\"@type\":\"ListItem\",\"position\":1,\"name\":\"Parduotuv\u0117\",\"item\":\"https:\/\/parduotuve.kondena.lt\/parduotuve\/\"},{\"@type\":\"ListItem\",\"position\":2,\"name\":\"Plok\u0161telini rekuperatorius VERTIC serijos 250\"}]},{\"@type\":\"WebSite\",\"@id\":\"https:\/\/parduotuve.kondena.lt\/#website\",\"url\":\"https:\/\/parduotuve.kondena.lt\/\",\"name\":\"Kondena\",\"description\":\"Kol kas tik dar vienas WordPress tinklalapis\",\"potentialAction\":[{\"@type\":\"SearchAction\",\"target\":{\"@type\":\"EntryPoint\",\"urlTemplate\":\"https:\/\/parduotuve.kondena.lt\/?s={search_term_string}\"},\"query-input\":\"required name=search_term_string\"}],\"inLanguage\":\"en-US\"}]}<\/script>\n<!-- \/ Yoast SEO plugin. -->","yoast_head_json":{"title":"Plok\u0161telini rekuperatorius VERTIC serijos 250 - Kondena","description":"Plok\u0161telini rekuperatorius VERTIC serijos 250 - Paprasta naudotis ,\u012fmontuotas valdymo pultas,lengvinantis programavim\u0105 ir funkcij\u0173 valdym\u0105.","robots":{"index":"index","follow":"follow","max-snippet":"max-snippet:-1","max-image-preview":"max-image-preview:large","max-video-preview":"max-video-preview:-1"},"canonical":"https:\/\/parduotuve.kondena.lt\/en\/produktai\/plokstelini-rekuperatorius-vertic-serijos-250\/","og_locale":"en_US","og_type":"article","og_title":"Plok\u0161telini rekuperatorius VERTIC serijos 250 - Kondena","og_description":"Plok\u0161telini rekuperatorius VERTIC serijos 250 - Paprasta naudotis ,\u012fmontuotas valdymo pultas,lengvinantis programavim\u0105 ir funkcij\u0173 valdym\u0105.","og_url":"https:\/\/parduotuve.kondena.lt\/en\/produktai\/plokstelini-rekuperatorius-vertic-serijos-250\/","og_site_name":"Kondena","article_modified_time":"2023-07-24T10:33:50+00:00","og_image":[{"width":1200,"height":1247,"url":"https:\/\/parduotuve.kondena.lt\/wp-content\/uploads\/2022\/08\/rekuperator-VERTIC-1.jpg","type":"image\/jpeg"}],"twitter_card":"summary_large_image","twitter_misc":{"Est. reading time":"1 minute"},"schema":{"@context":"https:\/\/schema.org","@graph":[{"@type":"WebPage","@id":"https:\/\/parduotuve.kondena.lt\/produktai\/plokstelini-rekuperatorius-vertic-serijos-250\/","url":"https:\/\/parduotuve.kondena.lt\/produktai\/plokstelini-rekuperatorius-vertic-serijos-250\/","name":"Plok\u0161telini rekuperatorius VERTIC serijos 250 - Kondena","isPartOf":{"@id":"https:\/\/parduotuve.kondena.lt\/#website"},"datePublished":"2022-08-23T11:07:37+00:00","dateModified":"2023-07-24T10:33:50+00:00","description":"Plok\u0161telini rekuperatorius VERTIC serijos 250 - Paprasta naudotis ,\u012fmontuotas valdymo pultas,lengvinantis programavim\u0105 ir funkcij\u0173 valdym\u0105.","breadcrumb":{"@id":"https:\/\/parduotuve.kondena.lt\/produktai\/plokstelini-rekuperatorius-vertic-serijos-250\/#breadcrumb"},"inLanguage":"en-US","potentialAction":[{"@type":"ReadAction","target":["https:\/\/parduotuve.kondena.lt\/produktai\/plokstelini-rekuperatorius-vertic-serijos-250\/"]}]},{"@type":"BreadcrumbList","@id":"https:\/\/parduotuve.kondena.lt\/produktai\/plokstelini-rekuperatorius-vertic-serijos-250\/#breadcrumb","itemListElement":[{"@type":"ListItem","position":1,"name":"Parduotuv\u0117","item":"https:\/\/parduotuve.kondena.lt\/parduotuve\/"},{"@type":"ListItem","position":2,"name":"Plok\u0161telini rekuperatorius VERTIC serijos 250"}]},{"@type":"WebSite","@id":"https:\/\/parduotuve.kondena.lt\/#website","url":"https:\/\/parduotuve.kondena.lt\/","name":"Kondena","description":"Kol kas tik dar vienas WordPress tinklalapis","potentialAction":[{"@type":"SearchAction","target":{"@type":"EntryPoint","urlTemplate":"https:\/\/parduotuve.kondena.lt\/?s={search_term_string}"},"query-input":"required name=search_term_string"}],"inLanguage":"en-US"}]}},"_links":{"self":[{"href":"https:\/\/parduotuve.kondena.lt\/en\/wp-json\/wp\/v2\/product\/14161","targetHints":{"allow":["GET"]}}],"collection":[{"href":"https:\/\/parduotuve.kondena.lt\/en\/wp-json\/wp\/v2\/product"}],"about":[{"href":"https:\/\/parduotuve.kondena.lt\/en\/wp-json\/wp\/v2\/types\/product"}],"replies":[{"embeddable":true,"href":"https:\/\/parduotuve.kondena.lt\/en\/wp-json\/wp\/v2\/comments?post=14161"}],"wp:featuredmedia":[{"embeddable":true,"href":"https:\/\/parduotuve.kondena.lt\/en\/wp-json\/wp\/v2\/media\/14163"}],"wp:attachment":[{"href":"https:\/\/parduotuve.kondena.lt\/en\/wp-json\/wp\/v2\/media?parent=14161"}],"wp:term":[{"taxonomy":"product_cat","embeddable":true,"href":"https:\/\/parduotuve.kondena.lt\/en\/wp-json\/wp\/v2\/product_cat?post=14161"},{"taxonomy":"product_tag","embeddable":true,"href":"https:\/\/parduotuve.kondena.lt\/en\/wp-json\/wp\/v2\/product_tag?post=14161"}],"curies":[{"name":"wp","href":"https:\/\/api.w.org\/{rel}","templated":true}]}}