{"id":14061,"date":"2022-06-14T11:58:54","date_gmt":"2022-06-14T10:58:54","guid":{"rendered":"https:\/\/parduotuve.kondena.lt\/?post_type=product&#038;p=14061"},"modified":"2024-01-25T12:19:46","modified_gmt":"2024-01-25T11:19:46","slug":"pramonines-oro-uzuolaidos-hummer-150c-1p-1-5m","status":"publish","type":"product","link":"https:\/\/parduotuve.kondena.lt\/en\/produktai\/pramonines-oro-uzuolaidos-hummer-150c-1p-1-5m\/","title":{"rendered":"Pramonin\u0117s oro u\u017euolaidos Hummer 150C-1P (1,5m)"},"content":{"rendered":"<p>Pramonin\u0117s oro u\u017euolaidos Hummer 150C-1P (1,5m)<\/p>\n<p>HUMMER dur\u0173 oro u\u017euolaidos yra dviej\u0173 variant\u0173. Vandens oro u\u017edanga turi 1 eil\u0117s \u0161ilumokait\u012f, kuris \u0161ildo per j\u0105 tekant\u012f or\u0105. Oro u\u017edanga yra \u0161alta, bet pu\u010dia or\u0105 kambario temperat\u016broje. Abi u\u017euolaidos puikiai tinka pakrovimo ir i\u0161krovimo transportui, sukuriant savoti\u0161k\u0105 oro barjer\u0105 atidarius \u012f\u0117jimo vartus. Pagrindin\u0117 vart\u0173 u\u017euolaidos funkcija yra apsaugoti objekt\u0105 nuo nepageidautinos temperat\u016bros oro i\u0161b\u0117gimo\/pritek\u0117jimo.<\/p>\n<p>&nbsp;<\/p>\n<p>Vieta naudojimui:<\/p>\n<p>Oro u\u017euolaida skirta montuoti prie pramonini\u0173 dur\u0173 tokiose vietose kaip:<\/p>\n<ul>\n<li>sand\u0117liai,<\/li>\n<li>logistikos centrai,<\/li>\n<li>gara\u017eai,<\/li>\n<li>autoservisai.<\/li>\n<\/ul>\n<p>Valdymas:<\/p>\n<p>HUMMER oro u\u017euolaidos turi tam skirtus priedus, automatizuojan\u010dius \u012frenginio veikim\u0105. Atitinkamos automatikos naudojimas leid\u017eia u\u017eprogramuoti u\u017euolaid\u0105 taip, kad jos veikimas b\u016bt\u0173 pritaikytas specifiniams poreikiams.<\/p>\n<p>Privalumai:<\/p>\n<ul>\n<li>komplekte yra tvirtinimo elementai,<\/li>\n<li>veiksminga apsauga nuo \u0161ilumos nuostoli\u0173,<\/li>\n<li>patvarus korpusas,<\/li>\n<li>dvi dangos, apsaugan\u010dios \u012frengin\u012f nuo korozijos,<\/li>\n<li>lengvas surinkimas,<\/li>\n<li>modernus \u012frenginio dizainas.<\/li>\n<\/ul>","protected":false},"excerpt":{"rendered":"<p><strong>Technical data<\/strong>:<\/p>\n<p><strong>Galios diapazonas<\/strong>: 27,9 \u2013 34 kW<\/p>\n<p><strong>Diapazonas<\/strong>: 7 m<\/p>\n<p><strong>Svoris<\/strong>: 40 \u2013 70 kg<\/p>\n<p><strong>Korpusas<\/strong>: milteliniu b\u016bdu da\u017eytas cinkuotas plienas<\/p>\n<p><strong>Papildoma informacija<\/strong>:<\/p>\n<ul>\n<li>Vandens u\u017euolaidos turi 1 eil\u0117s \u0161ilumokait\u012f,<\/li>\n<li>Ventiliatoriai yra \u012frenginiai su IP 54 apsauga ir atitinka Europos direktyvos 2009\/125 \/ EB (ErP 2015) reikalavimus.<\/li>\n<\/ul>","protected":false},"featured_media":14062,"comment_status":"open","ping_status":"closed","template":"","meta":[],"product_cat":[315,242],"product_tag":[],"class_list":["post-14061","product","type-product","status-publish","has-post-thumbnail","hentry","product_cat-oro-uzuolaidos","product_cat-sildymas"],"acf":[],"yoast_head":"<!-- This site is optimized with the Yoast SEO plugin v20.13 - https:\/\/yoast.com\/wordpress\/plugins\/seo\/ -->\n<title>Pramonin\u0117s oro u\u017euolaidos Hummer 150C-1P (1,5m) - Kondena<\/title>\n<meta name=\"description\" content=\"Pramonin\u0117s oro u\u017euolaidos Hummer 150C-1P (1,5m) - ie\u0161kai kokybi\u0161k\u0173 produkt\u0173 u\u017e ger\u0105 kain\u0105? U\u017eeik pas mus!\" \/>\n<meta name=\"robots\" content=\"index, follow, max-snippet:-1, max-image-preview:large, max-video-preview:-1\" \/>\n<link rel=\"canonical\" href=\"https:\/\/parduotuve.kondena.lt\/en\/produktai\/pramonines-oro-uzuolaidos-hummer-150c-1p-1-5m\/\" \/>\n<meta property=\"og:locale\" content=\"en_US\" \/>\n<meta property=\"og:type\" content=\"article\" \/>\n<meta property=\"og:title\" content=\"Pramonin\u0117s oro u\u017euolaidos Hummer 150C-1P (1,5m) - Kondena\" \/>\n<meta property=\"og:description\" content=\"Pramonin\u0117s oro u\u017euolaidos Hummer 150C-1P (1,5m) - ie\u0161kai kokybi\u0161k\u0173 produkt\u0173 u\u017e ger\u0105 kain\u0105? U\u017eeik pas mus!\" \/>\n<meta property=\"og:url\" content=\"https:\/\/parduotuve.kondena.lt\/en\/produktai\/pramonines-oro-uzuolaidos-hummer-150c-1p-1-5m\/\" \/>\n<meta property=\"og:site_name\" content=\"Kondena\" \/>\n<meta property=\"article:modified_time\" content=\"2024-01-25T11:19:46+00:00\" \/>\n<meta property=\"og:image\" content=\"https:\/\/parduotuve.kondena.lt\/wp-content\/uploads\/2022\/06\/kurtyna-powietrzna-hummer-1.jpg\" \/>\n\t<meta property=\"og:image:width\" content=\"1400\" \/>\n\t<meta property=\"og:image:height\" content=\"1400\" \/>\n\t<meta property=\"og:image:type\" content=\"image\/jpeg\" \/>\n<meta name=\"twitter:card\" content=\"summary_large_image\" \/>\n<meta name=\"twitter:label1\" content=\"Est. reading time\" \/>\n\t<meta name=\"twitter:data1\" content=\"1 minute\" \/>\n<script type=\"application\/ld+json\" class=\"yoast-schema-graph\">{\"@context\":\"https:\/\/schema.org\",\"@graph\":[{\"@type\":\"WebPage\",\"@id\":\"https:\/\/parduotuve.kondena.lt\/produktai\/pramonines-oro-uzuolaidos-hummer-150c-1p-1-5m\/\",\"url\":\"https:\/\/parduotuve.kondena.lt\/produktai\/pramonines-oro-uzuolaidos-hummer-150c-1p-1-5m\/\",\"name\":\"Pramonin\u0117s oro u\u017euolaidos Hummer 150C-1P (1,5m) - Kondena\",\"isPartOf\":{\"@id\":\"https:\/\/parduotuve.kondena.lt\/#website\"},\"datePublished\":\"2022-06-14T10:58:54+00:00\",\"dateModified\":\"2024-01-25T11:19:46+00:00\",\"description\":\"Pramonin\u0117s oro u\u017euolaidos Hummer 150C-1P (1,5m) - ie\u0161kai kokybi\u0161k\u0173 produkt\u0173 u\u017e ger\u0105 kain\u0105? U\u017eeik pas mus!\",\"breadcrumb\":{\"@id\":\"https:\/\/parduotuve.kondena.lt\/produktai\/pramonines-oro-uzuolaidos-hummer-150c-1p-1-5m\/#breadcrumb\"},\"inLanguage\":\"en-US\",\"potentialAction\":[{\"@type\":\"ReadAction\",\"target\":[\"https:\/\/parduotuve.kondena.lt\/produktai\/pramonines-oro-uzuolaidos-hummer-150c-1p-1-5m\/\"]}]},{\"@type\":\"BreadcrumbList\",\"@id\":\"https:\/\/parduotuve.kondena.lt\/produktai\/pramonines-oro-uzuolaidos-hummer-150c-1p-1-5m\/#breadcrumb\",\"itemListElement\":[{\"@type\":\"ListItem\",\"position\":1,\"name\":\"Parduotuv\u0117\",\"item\":\"https:\/\/parduotuve.kondena.lt\/parduotuve\/\"},{\"@type\":\"ListItem\",\"position\":2,\"name\":\"Pramonin\u0117s oro u\u017euolaidos Hummer 150C-1P (1,5m)\"}]},{\"@type\":\"WebSite\",\"@id\":\"https:\/\/parduotuve.kondena.lt\/#website\",\"url\":\"https:\/\/parduotuve.kondena.lt\/\",\"name\":\"Kondena\",\"description\":\"Kol kas tik dar vienas WordPress tinklalapis\",\"potentialAction\":[{\"@type\":\"SearchAction\",\"target\":{\"@type\":\"EntryPoint\",\"urlTemplate\":\"https:\/\/parduotuve.kondena.lt\/?s={search_term_string}\"},\"query-input\":\"required name=search_term_string\"}],\"inLanguage\":\"en-US\"}]}<\/script>\n<!-- \/ Yoast SEO plugin. -->","yoast_head_json":{"title":"Pramonin\u0117s oro u\u017euolaidos Hummer 150C-1P (1,5m) - Kondena","description":"Pramonin\u0117s oro u\u017euolaidos Hummer 150C-1P (1,5m) - ie\u0161kai kokybi\u0161k\u0173 produkt\u0173 u\u017e ger\u0105 kain\u0105? U\u017eeik pas mus!","robots":{"index":"index","follow":"follow","max-snippet":"max-snippet:-1","max-image-preview":"max-image-preview:large","max-video-preview":"max-video-preview:-1"},"canonical":"https:\/\/parduotuve.kondena.lt\/en\/produktai\/pramonines-oro-uzuolaidos-hummer-150c-1p-1-5m\/","og_locale":"en_US","og_type":"article","og_title":"Pramonin\u0117s oro u\u017euolaidos Hummer 150C-1P (1,5m) - Kondena","og_description":"Pramonin\u0117s oro u\u017euolaidos Hummer 150C-1P (1,5m) - ie\u0161kai kokybi\u0161k\u0173 produkt\u0173 u\u017e ger\u0105 kain\u0105? U\u017eeik pas mus!","og_url":"https:\/\/parduotuve.kondena.lt\/en\/produktai\/pramonines-oro-uzuolaidos-hummer-150c-1p-1-5m\/","og_site_name":"Kondena","article_modified_time":"2024-01-25T11:19:46+00:00","og_image":[{"width":1400,"height":1400,"url":"https:\/\/parduotuve.kondena.lt\/wp-content\/uploads\/2022\/06\/kurtyna-powietrzna-hummer-1.jpg","type":"image\/jpeg"}],"twitter_card":"summary_large_image","twitter_misc":{"Est. reading time":"1 minute"},"schema":{"@context":"https:\/\/schema.org","@graph":[{"@type":"WebPage","@id":"https:\/\/parduotuve.kondena.lt\/produktai\/pramonines-oro-uzuolaidos-hummer-150c-1p-1-5m\/","url":"https:\/\/parduotuve.kondena.lt\/produktai\/pramonines-oro-uzuolaidos-hummer-150c-1p-1-5m\/","name":"Pramonin\u0117s oro u\u017euolaidos Hummer 150C-1P (1,5m) - Kondena","isPartOf":{"@id":"https:\/\/parduotuve.kondena.lt\/#website"},"datePublished":"2022-06-14T10:58:54+00:00","dateModified":"2024-01-25T11:19:46+00:00","description":"Pramonin\u0117s oro u\u017euolaidos Hummer 150C-1P (1,5m) - ie\u0161kai kokybi\u0161k\u0173 produkt\u0173 u\u017e ger\u0105 kain\u0105? U\u017eeik pas mus!","breadcrumb":{"@id":"https:\/\/parduotuve.kondena.lt\/produktai\/pramonines-oro-uzuolaidos-hummer-150c-1p-1-5m\/#breadcrumb"},"inLanguage":"en-US","potentialAction":[{"@type":"ReadAction","target":["https:\/\/parduotuve.kondena.lt\/produktai\/pramonines-oro-uzuolaidos-hummer-150c-1p-1-5m\/"]}]},{"@type":"BreadcrumbList","@id":"https:\/\/parduotuve.kondena.lt\/produktai\/pramonines-oro-uzuolaidos-hummer-150c-1p-1-5m\/#breadcrumb","itemListElement":[{"@type":"ListItem","position":1,"name":"Parduotuv\u0117","item":"https:\/\/parduotuve.kondena.lt\/parduotuve\/"},{"@type":"ListItem","position":2,"name":"Pramonin\u0117s oro u\u017euolaidos Hummer 150C-1P (1,5m)"}]},{"@type":"WebSite","@id":"https:\/\/parduotuve.kondena.lt\/#website","url":"https:\/\/parduotuve.kondena.lt\/","name":"Kondena","description":"Kol kas tik dar vienas WordPress tinklalapis","potentialAction":[{"@type":"SearchAction","target":{"@type":"EntryPoint","urlTemplate":"https:\/\/parduotuve.kondena.lt\/?s={search_term_string}"},"query-input":"required name=search_term_string"}],"inLanguage":"en-US"}]}},"_links":{"self":[{"href":"https:\/\/parduotuve.kondena.lt\/en\/wp-json\/wp\/v2\/product\/14061","targetHints":{"allow":["GET"]}}],"collection":[{"href":"https:\/\/parduotuve.kondena.lt\/en\/wp-json\/wp\/v2\/product"}],"about":[{"href":"https:\/\/parduotuve.kondena.lt\/en\/wp-json\/wp\/v2\/types\/product"}],"replies":[{"embeddable":true,"href":"https:\/\/parduotuve.kondena.lt\/en\/wp-json\/wp\/v2\/comments?post=14061"}],"wp:featuredmedia":[{"embeddable":true,"href":"https:\/\/parduotuve.kondena.lt\/en\/wp-json\/wp\/v2\/media\/14062"}],"wp:attachment":[{"href":"https:\/\/parduotuve.kondena.lt\/en\/wp-json\/wp\/v2\/media?parent=14061"}],"wp:term":[{"taxonomy":"product_cat","embeddable":true,"href":"https:\/\/parduotuve.kondena.lt\/en\/wp-json\/wp\/v2\/product_cat?post=14061"},{"taxonomy":"product_tag","embeddable":true,"href":"https:\/\/parduotuve.kondena.lt\/en\/wp-json\/wp\/v2\/product_tag?post=14061"}],"curies":[{"name":"wp","href":"https:\/\/api.w.org\/{rel}","templated":true}]}}