{"id":14060,"date":"2022-06-14T08:48:18","date_gmt":"2022-06-14T07:48:18","guid":{"rendered":"https:\/\/parduotuve.kondena.lt\/?post_type=product&#038;p=14060"},"modified":"2024-01-25T12:21:24","modified_gmt":"2024-01-25T11:21:24","slug":"vandeniu-sildancios-oro-uzuolaidos-aeris-200wn-1p-2m-kopija","status":"publish","type":"product","link":"https:\/\/parduotuve.kondena.lt\/en\/produktai\/vandeniu-sildancios-oro-uzuolaidos-aeris-200wn-1p-2m-kopija\/","title":{"rendered":"Vandeniu \u0161ildan\u010dios oro u\u017euolaidos AERIS 200WN-1P (2m)"},"content":{"rendered":"<p>Vandeniu \u0161ildan\u010dios oro u\u017euolaidos AERIS 200WN-1P (2m) 230 V.<\/p>\n<p>AERIS serijos vandens oro u\u017euolaida skirta montuoti vir\u0161 \u012f\u0117jimo\/i\u0161\u0117jimo i\u0161 patalpos. \u012erenginyje sumontuotas \u0161ilumokaitis, kuris \u0161ildo juo tekant\u012f or\u0105, papildomai palaikydamas \u0161ildymo sistem\u0105. Gaminys skirtas montuoti patalpose su centrinio \u0161ildymo sistema, prie kurios reikia prijungti \u0161ilumokait\u012f. Eksploatacijos metu oro u\u017edanga sukuria barjer\u0105, kad neprarast\u0173 \u0161ilumos pro atviras duris. Jis taip pat apsaugo patalp\u0105 nuo vabzd\u017ei\u0173 ir dulki\u0173 patekimo \u012f jo vid\u0173.<\/p>\n<p>Vieta naudojimui:<\/p>\n<p>oro u\u017euolaid\u0105 galima naudoti tokiose vietose kaip:<\/p>\n<ul>\n<li>restoranuose,<\/li>\n<li>vie\u0161bu\u010diuose,<\/li>\n<li>prekybos centruose,<\/li>\n<li>biuruose,<\/li>\n<li>gele\u017einkelio stotyse,<\/li>\n<li>kitos komunalin\u0117s paslaugos.<\/li>\n<\/ul>\n<p>Valdymas:<\/p>\n<ul>\n<li>3 pakop\u0173 ventiliatoriaus grei\u010dio reguliavimas.<\/li>\n<li>Galimas nuolatinis, termostatinis arba naudojant dur\u0173 jutikl\u012f.<\/li>\n<\/ul>\n<p>Privalumai:<\/p>\n<ul>\n<li>patvarus, milteliniu b\u016bdu dengtas metalinis korpusas,<\/li>\n<li>komplekte yra montavimo skydelis ir dur\u0173 jutiklis,<\/li>\n<li>veiksminga apsauga nuo dulki\u0173 ir vabzd\u017ei\u0173 i\u0161 i\u0161or\u0117s,<\/li>\n<li>lengvas surinkimas.<\/li>\n<\/ul>\n<p>&nbsp;<\/p>","protected":false},"excerpt":{"rendered":"<p><strong>Technical data<\/strong>:<\/p>\n<p><strong>Galios diapazonas<\/strong>: 17 \u2013 31,4 kW<\/p>\n<p><strong>Diapazonas<\/strong>: 3 m<\/p>\n<p><strong>Svoris<\/strong>: 18 \u2013 34 kg<\/p>\n<p><strong>Korpusas<\/strong>: plastikinis<\/p>\n<p><strong>Papildoma informacija<\/strong>:<\/p>\n<ul>\n<li>U\u017euolaid\u0105 galima \u012fsigyti trij\u0173 dyd\u017ei\u0173: 100 cm, 150 cm ir 200 cm<\/li>\n<\/ul>","protected":false},"featured_media":14054,"comment_status":"open","ping_status":"closed","template":"","meta":[],"product_cat":[315,242],"product_tag":[],"class_list":["post-14060","product","type-product","status-publish","has-post-thumbnail","hentry","product_cat-oro-uzuolaidos","product_cat-sildymas"],"acf":[],"yoast_head":"<!-- This site is optimized with the Yoast SEO plugin v20.13 - https:\/\/yoast.com\/wordpress\/plugins\/seo\/ -->\n<title>Vandeniu \u0161ildan\u010dios oro u\u017euolaidos AERIS 200WN-1P (2m) - Kondena<\/title>\n<meta name=\"description\" content=\"Vandeniu \u0161ildan\u010dios oro u\u017euolaidos AERIS 200WN-1P (2m) - ie\u0161kai kokybi\u0161k\u0173 produkt\u0173 u\u017e ger\u0105 kain\u0105? U\u017eeik pas mus!\" \/>\n<meta name=\"robots\" content=\"index, follow, max-snippet:-1, max-image-preview:large, max-video-preview:-1\" \/>\n<link rel=\"canonical\" href=\"https:\/\/parduotuve.kondena.lt\/en\/produktai\/vandeniu-sildancios-oro-uzuolaidos-aeris-200wn-1p-2m-kopija\/\" \/>\n<meta property=\"og:locale\" content=\"en_US\" \/>\n<meta property=\"og:type\" content=\"article\" \/>\n<meta property=\"og:title\" content=\"Vandeniu \u0161ildan\u010dios oro u\u017euolaidos AERIS 200WN-1P (2m) - Kondena\" \/>\n<meta property=\"og:description\" content=\"Vandeniu \u0161ildan\u010dios oro u\u017euolaidos AERIS 200WN-1P (2m) - ie\u0161kai kokybi\u0161k\u0173 produkt\u0173 u\u017e ger\u0105 kain\u0105? U\u017eeik pas mus!\" \/>\n<meta property=\"og:url\" content=\"https:\/\/parduotuve.kondena.lt\/en\/produktai\/vandeniu-sildancios-oro-uzuolaidos-aeris-200wn-1p-2m-kopija\/\" \/>\n<meta property=\"og:site_name\" content=\"Kondena\" \/>\n<meta property=\"article:modified_time\" content=\"2024-01-25T11:21:24+00:00\" \/>\n<meta property=\"og:image\" content=\"https:\/\/parduotuve.kondena.lt\/wp-content\/uploads\/2022\/06\/kurtyna-powietrzna-aeris-wn-1P-1.jpg\" \/>\n\t<meta property=\"og:image:width\" content=\"1400\" \/>\n\t<meta property=\"og:image:height\" content=\"1400\" \/>\n\t<meta property=\"og:image:type\" content=\"image\/jpeg\" \/>\n<meta name=\"twitter:card\" content=\"summary_large_image\" \/>\n<meta name=\"twitter:label1\" content=\"Est. reading time\" \/>\n\t<meta name=\"twitter:data1\" content=\"1 minute\" \/>\n<script type=\"application\/ld+json\" class=\"yoast-schema-graph\">{\"@context\":\"https:\/\/schema.org\",\"@graph\":[{\"@type\":\"WebPage\",\"@id\":\"https:\/\/parduotuve.kondena.lt\/produktai\/vandeniu-sildancios-oro-uzuolaidos-aeris-200wn-1p-2m-kopija\/\",\"url\":\"https:\/\/parduotuve.kondena.lt\/produktai\/vandeniu-sildancios-oro-uzuolaidos-aeris-200wn-1p-2m-kopija\/\",\"name\":\"Vandeniu \u0161ildan\u010dios oro u\u017euolaidos AERIS 200WN-1P (2m) - Kondena\",\"isPartOf\":{\"@id\":\"https:\/\/parduotuve.kondena.lt\/#website\"},\"datePublished\":\"2022-06-14T07:48:18+00:00\",\"dateModified\":\"2024-01-25T11:21:24+00:00\",\"description\":\"Vandeniu \u0161ildan\u010dios oro u\u017euolaidos AERIS 200WN-1P (2m) - ie\u0161kai kokybi\u0161k\u0173 produkt\u0173 u\u017e ger\u0105 kain\u0105? U\u017eeik pas mus!\",\"breadcrumb\":{\"@id\":\"https:\/\/parduotuve.kondena.lt\/produktai\/vandeniu-sildancios-oro-uzuolaidos-aeris-200wn-1p-2m-kopija\/#breadcrumb\"},\"inLanguage\":\"en-US\",\"potentialAction\":[{\"@type\":\"ReadAction\",\"target\":[\"https:\/\/parduotuve.kondena.lt\/produktai\/vandeniu-sildancios-oro-uzuolaidos-aeris-200wn-1p-2m-kopija\/\"]}]},{\"@type\":\"BreadcrumbList\",\"@id\":\"https:\/\/parduotuve.kondena.lt\/produktai\/vandeniu-sildancios-oro-uzuolaidos-aeris-200wn-1p-2m-kopija\/#breadcrumb\",\"itemListElement\":[{\"@type\":\"ListItem\",\"position\":1,\"name\":\"Parduotuv\u0117\",\"item\":\"https:\/\/parduotuve.kondena.lt\/parduotuve\/\"},{\"@type\":\"ListItem\",\"position\":2,\"name\":\"Vandeniu \u0161ildan\u010dios oro u\u017euolaidos AERIS 200WN-1P (2m)\"}]},{\"@type\":\"WebSite\",\"@id\":\"https:\/\/parduotuve.kondena.lt\/#website\",\"url\":\"https:\/\/parduotuve.kondena.lt\/\",\"name\":\"Kondena\",\"description\":\"Kol kas tik dar vienas WordPress tinklalapis\",\"potentialAction\":[{\"@type\":\"SearchAction\",\"target\":{\"@type\":\"EntryPoint\",\"urlTemplate\":\"https:\/\/parduotuve.kondena.lt\/?s={search_term_string}\"},\"query-input\":\"required name=search_term_string\"}],\"inLanguage\":\"en-US\"}]}<\/script>\n<!-- \/ Yoast SEO plugin. -->","yoast_head_json":{"title":"Vandeniu \u0161ildan\u010dios oro u\u017euolaidos AERIS 200WN-1P (2m) - Kondena","description":"Vandeniu \u0161ildan\u010dios oro u\u017euolaidos AERIS 200WN-1P (2m) - ie\u0161kai kokybi\u0161k\u0173 produkt\u0173 u\u017e ger\u0105 kain\u0105? U\u017eeik pas mus!","robots":{"index":"index","follow":"follow","max-snippet":"max-snippet:-1","max-image-preview":"max-image-preview:large","max-video-preview":"max-video-preview:-1"},"canonical":"https:\/\/parduotuve.kondena.lt\/en\/produktai\/vandeniu-sildancios-oro-uzuolaidos-aeris-200wn-1p-2m-kopija\/","og_locale":"en_US","og_type":"article","og_title":"Vandeniu \u0161ildan\u010dios oro u\u017euolaidos AERIS 200WN-1P (2m) - Kondena","og_description":"Vandeniu \u0161ildan\u010dios oro u\u017euolaidos AERIS 200WN-1P (2m) - ie\u0161kai kokybi\u0161k\u0173 produkt\u0173 u\u017e ger\u0105 kain\u0105? U\u017eeik pas mus!","og_url":"https:\/\/parduotuve.kondena.lt\/en\/produktai\/vandeniu-sildancios-oro-uzuolaidos-aeris-200wn-1p-2m-kopija\/","og_site_name":"Kondena","article_modified_time":"2024-01-25T11:21:24+00:00","og_image":[{"width":1400,"height":1400,"url":"https:\/\/parduotuve.kondena.lt\/wp-content\/uploads\/2022\/06\/kurtyna-powietrzna-aeris-wn-1P-1.jpg","type":"image\/jpeg"}],"twitter_card":"summary_large_image","twitter_misc":{"Est. reading time":"1 minute"},"schema":{"@context":"https:\/\/schema.org","@graph":[{"@type":"WebPage","@id":"https:\/\/parduotuve.kondena.lt\/produktai\/vandeniu-sildancios-oro-uzuolaidos-aeris-200wn-1p-2m-kopija\/","url":"https:\/\/parduotuve.kondena.lt\/produktai\/vandeniu-sildancios-oro-uzuolaidos-aeris-200wn-1p-2m-kopija\/","name":"Vandeniu \u0161ildan\u010dios oro u\u017euolaidos AERIS 200WN-1P (2m) - Kondena","isPartOf":{"@id":"https:\/\/parduotuve.kondena.lt\/#website"},"datePublished":"2022-06-14T07:48:18+00:00","dateModified":"2024-01-25T11:21:24+00:00","description":"Vandeniu \u0161ildan\u010dios oro u\u017euolaidos AERIS 200WN-1P (2m) - ie\u0161kai kokybi\u0161k\u0173 produkt\u0173 u\u017e ger\u0105 kain\u0105? U\u017eeik pas mus!","breadcrumb":{"@id":"https:\/\/parduotuve.kondena.lt\/produktai\/vandeniu-sildancios-oro-uzuolaidos-aeris-200wn-1p-2m-kopija\/#breadcrumb"},"inLanguage":"en-US","potentialAction":[{"@type":"ReadAction","target":["https:\/\/parduotuve.kondena.lt\/produktai\/vandeniu-sildancios-oro-uzuolaidos-aeris-200wn-1p-2m-kopija\/"]}]},{"@type":"BreadcrumbList","@id":"https:\/\/parduotuve.kondena.lt\/produktai\/vandeniu-sildancios-oro-uzuolaidos-aeris-200wn-1p-2m-kopija\/#breadcrumb","itemListElement":[{"@type":"ListItem","position":1,"name":"Parduotuv\u0117","item":"https:\/\/parduotuve.kondena.lt\/parduotuve\/"},{"@type":"ListItem","position":2,"name":"Vandeniu \u0161ildan\u010dios oro u\u017euolaidos AERIS 200WN-1P (2m)"}]},{"@type":"WebSite","@id":"https:\/\/parduotuve.kondena.lt\/#website","url":"https:\/\/parduotuve.kondena.lt\/","name":"Kondena","description":"Kol kas tik dar vienas WordPress tinklalapis","potentialAction":[{"@type":"SearchAction","target":{"@type":"EntryPoint","urlTemplate":"https:\/\/parduotuve.kondena.lt\/?s={search_term_string}"},"query-input":"required name=search_term_string"}],"inLanguage":"en-US"}]}},"_links":{"self":[{"href":"https:\/\/parduotuve.kondena.lt\/en\/wp-json\/wp\/v2\/product\/14060","targetHints":{"allow":["GET"]}}],"collection":[{"href":"https:\/\/parduotuve.kondena.lt\/en\/wp-json\/wp\/v2\/product"}],"about":[{"href":"https:\/\/parduotuve.kondena.lt\/en\/wp-json\/wp\/v2\/types\/product"}],"replies":[{"embeddable":true,"href":"https:\/\/parduotuve.kondena.lt\/en\/wp-json\/wp\/v2\/comments?post=14060"}],"wp:featuredmedia":[{"embeddable":true,"href":"https:\/\/parduotuve.kondena.lt\/en\/wp-json\/wp\/v2\/media\/14054"}],"wp:attachment":[{"href":"https:\/\/parduotuve.kondena.lt\/en\/wp-json\/wp\/v2\/media?parent=14060"}],"wp:term":[{"taxonomy":"product_cat","embeddable":true,"href":"https:\/\/parduotuve.kondena.lt\/en\/wp-json\/wp\/v2\/product_cat?post=14060"},{"taxonomy":"product_tag","embeddable":true,"href":"https:\/\/parduotuve.kondena.lt\/en\/wp-json\/wp\/v2\/product_tag?post=14060"}],"curies":[{"name":"wp","href":"https:\/\/api.w.org\/{rel}","templated":true}]}}