{"id":14047,"date":"2022-06-14T08:10:26","date_gmt":"2022-06-14T07:10:26","guid":{"rendered":"https:\/\/parduotuve.kondena.lt\/?post_type=product&#038;p=14047"},"modified":"2024-01-25T12:24:30","modified_gmt":"2024-01-25T11:24:30","slug":"elektrines-sildancios-oro-uzuolaidos-aeris-100en-1p-1m","status":"publish","type":"product","link":"https:\/\/parduotuve.kondena.lt\/en\/produktai\/elektrines-sildancios-oro-uzuolaidos-aeris-100en-1p-1m\/","title":{"rendered":"Elektrin\u0117s \u0161ildan\u010dios oro u\u017euolaidos AERIS 100EN &#8211; 1P (1m)"},"content":{"rendered":"<p>Elektrin\u0117s \u0161ildan\u010dios oro u\u017euolaidos AERIS 100EN &#8211; 1P (1m), 1 faz\u0117 230 V.<\/p>\n<p>Elektrin\u0117 oro u\u017euolaida AERIS \u2013 tai \u012frenginys su elektriniais \u0161ildytuvais, kurie \u0161ildo per j\u0105 tekant\u012f or\u0105. Prietaisas apsaugo nuo \u0161ilumos i\u0161\u0117jimo, atsirandan\u010dio atidarant ir u\u017edarant \u012f\u0117jimo \u012f pastat\u0105 duris. D\u0117l \u0161ios prie\u017easties prietaisas da\u017eniausiai montuojamas \u012f\u0117jimo\/i\u0161\u0117jimo i\u0161 pastato vietose, o tai palengvina \u0161ilumos komforto pasiekim\u0105 ir palaikym\u0105 bei apsaugo nuo i\u0161orini\u0173 dulki\u0173 ir vabzd\u017ei\u0173.<\/p>\n<p>&nbsp;<\/p>\n<p>Vieta naudojimui:<\/p>\n<p>Elektrin\u0119 oro u\u017euolaid\u0105 galima naudoti tokiose vietose kaip:<\/p>\n<ul>\n<li>prekybos centrai,<\/li>\n<li>gro\u017eio salonai,<\/li>\n<li>bakal\u0117jos parduotuv\u0117s,<\/li>\n<li>restoranai,<\/li>\n<li>biurai,<\/li>\n<li>oro uostai,<\/li>\n<li>kitos komunalin\u0117s paslaugos.<\/li>\n<\/ul>\n<p>Valdymas:<\/p>\n<ul>\n<li>Galimas valdymas nuotolinio valdymo pulteliu arba naudojant dur\u0173 jutikl\u012f.<\/li>\n<li>2 pakop\u0173 ventiliatoriaus grei\u010dio reguliavimas.<\/li>\n<li>\u012e komplekt\u0105 su modeliais \u012feina: montavimo skydelis, dur\u0173 jutiklis ir nuotolinio valdymo pultas.<\/li>\n<\/ul>\n<p>Privalumai:<\/p>\n<ul>\n<li>patvarus plastikinis korpusas,<\/li>\n<li>montavimo skydelis, dur\u0173 jutiklis, nuotolinio valdymo pultas komplekte,<\/li>\n<li>lengvas prietaiso surinkimas,<\/li>\n<li>efektyvi apsauga nuo dulki\u0173 ir vabzd\u017ei\u0173 i\u0161 i\u0161or\u0117s.<\/li>\n<\/ul>","protected":false},"excerpt":{"rendered":"<p><strong>Techniniai duomenys:<\/strong><\/p>\n<p><strong>Galios diapazonas<\/strong>: 3 \u2013 6 kW<\/p>\n<p><strong>Diapazonas<\/strong>: 3 m<\/p>\n<p><strong>Svoris<\/strong>: 16,5 kg<\/p>\n<p><strong>Korpusas:<\/strong> plastikinis<\/p>\n<p><strong>Papildoma informacija<\/strong>:<\/p>\n<ul>\n<li>U\u017euolaid\u0105 galima \u012fsigyti 100 cm dyd\u017eio.<\/li>\n<\/ul>","protected":false},"featured_media":14048,"comment_status":"open","ping_status":"closed","template":"","meta":[],"product_cat":[315,242],"product_tag":[],"class_list":["post-14047","product","type-product","status-publish","has-post-thumbnail","hentry","product_cat-oro-uzuolaidos","product_cat-sildymas"],"acf":[],"yoast_head":"<!-- This site is optimized with the Yoast SEO plugin v20.13 - https:\/\/yoast.com\/wordpress\/plugins\/seo\/ -->\n<title>Elektrin\u0117s \u0161ildan\u010dios oro u\u017euolaidos AERIS 100EN - 1P (1m) - Kondena<\/title>\n<meta name=\"description\" content=\"Elektrin\u0117s \u0161ildan\u010dios oro u\u017euolaidos AERIS 100EN - 1P (1m) - ie\u0161kai kokybi\u0161k\u0173 produkt\u0173 u\u017e ger\u0105 kain\u0105? U\u017eeik pas mus!\" \/>\n<meta name=\"robots\" content=\"index, follow, max-snippet:-1, max-image-preview:large, max-video-preview:-1\" \/>\n<link rel=\"canonical\" href=\"https:\/\/parduotuve.kondena.lt\/en\/produktai\/elektrines-sildancios-oro-uzuolaidos-aeris-100en-1p-1m\/\" \/>\n<meta property=\"og:locale\" content=\"en_US\" \/>\n<meta property=\"og:type\" content=\"article\" \/>\n<meta property=\"og:title\" content=\"Elektrin\u0117s \u0161ildan\u010dios oro u\u017euolaidos AERIS 100EN - 1P (1m) - Kondena\" \/>\n<meta property=\"og:description\" content=\"Elektrin\u0117s \u0161ildan\u010dios oro u\u017euolaidos AERIS 100EN - 1P (1m) - ie\u0161kai kokybi\u0161k\u0173 produkt\u0173 u\u017e ger\u0105 kain\u0105? U\u017eeik pas mus!\" \/>\n<meta property=\"og:url\" content=\"https:\/\/parduotuve.kondena.lt\/en\/produktai\/elektrines-sildancios-oro-uzuolaidos-aeris-100en-1p-1m\/\" \/>\n<meta property=\"og:site_name\" content=\"Kondena\" \/>\n<meta property=\"article:modified_time\" content=\"2024-01-25T11:24:30+00:00\" \/>\n<meta property=\"og:image\" content=\"https:\/\/parduotuve.kondena.lt\/wp-content\/uploads\/2022\/06\/kurtyna-powietrzna-aeris-EN-3P-1.jpg\" \/>\n\t<meta property=\"og:image:width\" content=\"1400\" \/>\n\t<meta property=\"og:image:height\" content=\"1400\" \/>\n\t<meta property=\"og:image:type\" content=\"image\/jpeg\" \/>\n<meta name=\"twitter:card\" content=\"summary_large_image\" \/>\n<meta name=\"twitter:label1\" content=\"Est. reading time\" \/>\n\t<meta name=\"twitter:data1\" content=\"1 minute\" \/>\n<script type=\"application\/ld+json\" class=\"yoast-schema-graph\">{\"@context\":\"https:\/\/schema.org\",\"@graph\":[{\"@type\":\"WebPage\",\"@id\":\"https:\/\/parduotuve.kondena.lt\/produktai\/elektrines-sildancios-oro-uzuolaidos-aeris-100en-1p-1m\/\",\"url\":\"https:\/\/parduotuve.kondena.lt\/produktai\/elektrines-sildancios-oro-uzuolaidos-aeris-100en-1p-1m\/\",\"name\":\"Elektrin\u0117s \u0161ildan\u010dios oro u\u017euolaidos AERIS 100EN - 1P (1m) - Kondena\",\"isPartOf\":{\"@id\":\"https:\/\/parduotuve.kondena.lt\/#website\"},\"datePublished\":\"2022-06-14T07:10:26+00:00\",\"dateModified\":\"2024-01-25T11:24:30+00:00\",\"description\":\"Elektrin\u0117s \u0161ildan\u010dios oro u\u017euolaidos AERIS 100EN - 1P (1m) - ie\u0161kai kokybi\u0161k\u0173 produkt\u0173 u\u017e ger\u0105 kain\u0105? U\u017eeik pas mus!\",\"breadcrumb\":{\"@id\":\"https:\/\/parduotuve.kondena.lt\/produktai\/elektrines-sildancios-oro-uzuolaidos-aeris-100en-1p-1m\/#breadcrumb\"},\"inLanguage\":\"en-US\",\"potentialAction\":[{\"@type\":\"ReadAction\",\"target\":[\"https:\/\/parduotuve.kondena.lt\/produktai\/elektrines-sildancios-oro-uzuolaidos-aeris-100en-1p-1m\/\"]}]},{\"@type\":\"BreadcrumbList\",\"@id\":\"https:\/\/parduotuve.kondena.lt\/produktai\/elektrines-sildancios-oro-uzuolaidos-aeris-100en-1p-1m\/#breadcrumb\",\"itemListElement\":[{\"@type\":\"ListItem\",\"position\":1,\"name\":\"Parduotuv\u0117\",\"item\":\"https:\/\/parduotuve.kondena.lt\/parduotuve\/\"},{\"@type\":\"ListItem\",\"position\":2,\"name\":\"Elektrin\u0117s \u0161ildan\u010dios oro u\u017euolaidos AERIS 100EN &#8211; 1P (1m)\"}]},{\"@type\":\"WebSite\",\"@id\":\"https:\/\/parduotuve.kondena.lt\/#website\",\"url\":\"https:\/\/parduotuve.kondena.lt\/\",\"name\":\"Kondena\",\"description\":\"Kol kas tik dar vienas WordPress tinklalapis\",\"potentialAction\":[{\"@type\":\"SearchAction\",\"target\":{\"@type\":\"EntryPoint\",\"urlTemplate\":\"https:\/\/parduotuve.kondena.lt\/?s={search_term_string}\"},\"query-input\":\"required name=search_term_string\"}],\"inLanguage\":\"en-US\"}]}<\/script>\n<!-- \/ Yoast SEO plugin. -->","yoast_head_json":{"title":"Elektrin\u0117s \u0161ildan\u010dios oro u\u017euolaidos AERIS 100EN - 1P (1m) - Kondena","description":"Elektrin\u0117s \u0161ildan\u010dios oro u\u017euolaidos AERIS 100EN - 1P (1m) - ie\u0161kai kokybi\u0161k\u0173 produkt\u0173 u\u017e ger\u0105 kain\u0105? U\u017eeik pas mus!","robots":{"index":"index","follow":"follow","max-snippet":"max-snippet:-1","max-image-preview":"max-image-preview:large","max-video-preview":"max-video-preview:-1"},"canonical":"https:\/\/parduotuve.kondena.lt\/en\/produktai\/elektrines-sildancios-oro-uzuolaidos-aeris-100en-1p-1m\/","og_locale":"en_US","og_type":"article","og_title":"Elektrin\u0117s \u0161ildan\u010dios oro u\u017euolaidos AERIS 100EN - 1P (1m) - Kondena","og_description":"Elektrin\u0117s \u0161ildan\u010dios oro u\u017euolaidos AERIS 100EN - 1P (1m) - ie\u0161kai kokybi\u0161k\u0173 produkt\u0173 u\u017e ger\u0105 kain\u0105? U\u017eeik pas mus!","og_url":"https:\/\/parduotuve.kondena.lt\/en\/produktai\/elektrines-sildancios-oro-uzuolaidos-aeris-100en-1p-1m\/","og_site_name":"Kondena","article_modified_time":"2024-01-25T11:24:30+00:00","og_image":[{"width":1400,"height":1400,"url":"https:\/\/parduotuve.kondena.lt\/wp-content\/uploads\/2022\/06\/kurtyna-powietrzna-aeris-EN-3P-1.jpg","type":"image\/jpeg"}],"twitter_card":"summary_large_image","twitter_misc":{"Est. reading time":"1 minute"},"schema":{"@context":"https:\/\/schema.org","@graph":[{"@type":"WebPage","@id":"https:\/\/parduotuve.kondena.lt\/produktai\/elektrines-sildancios-oro-uzuolaidos-aeris-100en-1p-1m\/","url":"https:\/\/parduotuve.kondena.lt\/produktai\/elektrines-sildancios-oro-uzuolaidos-aeris-100en-1p-1m\/","name":"Elektrin\u0117s \u0161ildan\u010dios oro u\u017euolaidos AERIS 100EN - 1P (1m) - Kondena","isPartOf":{"@id":"https:\/\/parduotuve.kondena.lt\/#website"},"datePublished":"2022-06-14T07:10:26+00:00","dateModified":"2024-01-25T11:24:30+00:00","description":"Elektrin\u0117s \u0161ildan\u010dios oro u\u017euolaidos AERIS 100EN - 1P (1m) - ie\u0161kai kokybi\u0161k\u0173 produkt\u0173 u\u017e ger\u0105 kain\u0105? U\u017eeik pas mus!","breadcrumb":{"@id":"https:\/\/parduotuve.kondena.lt\/produktai\/elektrines-sildancios-oro-uzuolaidos-aeris-100en-1p-1m\/#breadcrumb"},"inLanguage":"en-US","potentialAction":[{"@type":"ReadAction","target":["https:\/\/parduotuve.kondena.lt\/produktai\/elektrines-sildancios-oro-uzuolaidos-aeris-100en-1p-1m\/"]}]},{"@type":"BreadcrumbList","@id":"https:\/\/parduotuve.kondena.lt\/produktai\/elektrines-sildancios-oro-uzuolaidos-aeris-100en-1p-1m\/#breadcrumb","itemListElement":[{"@type":"ListItem","position":1,"name":"Parduotuv\u0117","item":"https:\/\/parduotuve.kondena.lt\/parduotuve\/"},{"@type":"ListItem","position":2,"name":"Elektrin\u0117s \u0161ildan\u010dios oro u\u017euolaidos AERIS 100EN &#8211; 1P (1m)"}]},{"@type":"WebSite","@id":"https:\/\/parduotuve.kondena.lt\/#website","url":"https:\/\/parduotuve.kondena.lt\/","name":"Kondena","description":"Kol kas tik dar vienas WordPress tinklalapis","potentialAction":[{"@type":"SearchAction","target":{"@type":"EntryPoint","urlTemplate":"https:\/\/parduotuve.kondena.lt\/?s={search_term_string}"},"query-input":"required name=search_term_string"}],"inLanguage":"en-US"}]}},"_links":{"self":[{"href":"https:\/\/parduotuve.kondena.lt\/en\/wp-json\/wp\/v2\/product\/14047","targetHints":{"allow":["GET"]}}],"collection":[{"href":"https:\/\/parduotuve.kondena.lt\/en\/wp-json\/wp\/v2\/product"}],"about":[{"href":"https:\/\/parduotuve.kondena.lt\/en\/wp-json\/wp\/v2\/types\/product"}],"replies":[{"embeddable":true,"href":"https:\/\/parduotuve.kondena.lt\/en\/wp-json\/wp\/v2\/comments?post=14047"}],"wp:featuredmedia":[{"embeddable":true,"href":"https:\/\/parduotuve.kondena.lt\/en\/wp-json\/wp\/v2\/media\/14048"}],"wp:attachment":[{"href":"https:\/\/parduotuve.kondena.lt\/en\/wp-json\/wp\/v2\/media?parent=14047"}],"wp:term":[{"taxonomy":"product_cat","embeddable":true,"href":"https:\/\/parduotuve.kondena.lt\/en\/wp-json\/wp\/v2\/product_cat?post=14047"},{"taxonomy":"product_tag","embeddable":true,"href":"https:\/\/parduotuve.kondena.lt\/en\/wp-json\/wp\/v2\/product_tag?post=14047"}],"curies":[{"name":"wp","href":"https:\/\/api.w.org\/{rel}","templated":true}]}}