{"id":14046,"date":"2022-06-14T07:14:45","date_gmt":"2022-06-14T06:14:45","guid":{"rendered":"https:\/\/parduotuve.kondena.lt\/?post_type=product&#038;p=14046"},"modified":"2024-01-25T12:25:36","modified_gmt":"2024-01-25T11:25:36","slug":"elektrines-sildancios-oro-uzuolaidos-aeris-200e-1p-2m","status":"publish","type":"product","link":"https:\/\/parduotuve.kondena.lt\/en\/produktai\/elektrines-sildancios-oro-uzuolaidos-aeris-200e-1p-2m\/","title":{"rendered":"Elektrin\u0117s \u0161ildan\u010dios oro u\u017euolaidos AERIS 200E-1P (2m)"},"content":{"rendered":"<p>Elektrin\u0117s \u0161ildan\u010dios oro u\u017euolaidos AERIS 200E &#8211; 1P, 1 faz\u0117 230 V<\/p>\n<p>AERIS serijos oro u\u017euolaidos yra pasi\u016blymas, skirtas komerciniams objektams ir visuomeniniams pastatams, kur klient\u0173 srautas yra labai didelis. Prietaisas skirtas montuoti vir\u0161 arba i\u0161ilgai kambario \u012f\u0117jimo dur\u0173. U\u017euolaidoje sumontuoti elektriniai \u0161ildytuvai, kurie \u0161ildo per j\u0105 tekant\u012f or\u0105. Tod\u0117l jis skirtas prijungti prie objekto elektros tinklo. Eksploatacijos metu oro u\u017edanga sukuria barjer\u0105, neleid\u017eiant\u012f \u0161ilumai pratek\u0117ti pro atviras duris, ir apsaugo patalp\u0105 nuo vabzd\u017ei\u0173 ir dulki\u0173.<\/p>\n<p>&nbsp;<\/p>\n<p>Vieta naudojimui:<\/p>\n<p>Elektrin\u0119 oro u\u017euolaid\u0105 galima naudoti tokiose vietose kaip:<\/p>\n<ul>\n<li>vie\u0161bu\u010diai,<\/li>\n<li>gro\u017eio salonai,<\/li>\n<li>prekybos centras,<\/li>\n<li>restoranai,<\/li>\n<li>biurai,<\/li>\n<li>oro uostai,<\/li>\n<li>kitos komunalin\u0117s paslaugos.<\/li>\n<\/ul>\n<p>Valdymas:<\/p>\n<ul>\n<li>2 pakop\u0173 ventiliatoriaus grei\u010dio reguliavimas,<\/li>\n<li>Galimas veikimas nuolatiniu, termostatiniu re\u017eimu arba naudojant dur\u0173 jutikl\u012f,<\/li>\n<li>\u012e komplekt\u0105 su modeliais \u012feina: montavimo skydelis, dur\u0173 jutiklis ir nuotolinio valdymo pultas.<\/li>\n<\/ul>\n<p>Privalumai:<\/p>\n<ul>\n<li>patvarus, milteliniu b\u016bdu dengtas metalinis korpusas,<\/li>\n<li>Montavimo skydelis, dur\u0173 jutiklis, nuotolinio valdymo pultas komplekte,<\/li>\n<li>veiksminga apsauga nuo dulki\u0173 ir vabzd\u017ei\u0173 i\u0161 i\u0161or\u0117s,<\/li>\n<li>lengvas prietaiso surinkimas.<\/li>\n<\/ul>\n<p>&nbsp;<\/p>","protected":false},"excerpt":{"rendered":"<p><strong>Techniniai duomenys:<\/strong><\/p>\n<p><strong>Galios diapazonas:<\/strong> 1,55 \u2013 91,5 kW<\/p>\n<p><strong>Weight:<\/strong> 13 \u2013 24 kg<\/p>\n<p><strong>Korpusas:<\/strong> EPP<\/p>\n<p><strong>Papildoma informacija:<\/strong><\/p>\n<ul>\n<li>Korpusas pagamintas i\u0161 aplinkai nekenksmingos med\u017eiagos, kuri yra 100% perdirbama.<\/li>\n<li>\u0160ildytuvas \u2013 priklausomai nuo modelio \u2013 turi 1,2 arba 3 eili\u0173 \u0161ilumokait\u012f.<\/li>\n<li>\u012erenginio ventiliatorius su IP 54 apsauga atitinka Europos direktyvos 2009\/125 \/ EC (ErP 2015) reikalavimus.<\/li>\n<li>24 m\u0117nesi\u0173 gamintojo garantija.<\/li>\n<\/ul>","protected":false},"featured_media":14035,"comment_status":"open","ping_status":"closed","template":"","meta":[],"product_cat":[315,242],"product_tag":[],"class_list":["post-14046","product","type-product","status-publish","has-post-thumbnail","hentry","product_cat-oro-uzuolaidos","product_cat-sildymas"],"acf":[],"yoast_head":"<!-- This site is optimized with the Yoast SEO plugin v20.13 - https:\/\/yoast.com\/wordpress\/plugins\/seo\/ -->\n<title>Elektrin\u0117s \u0161ildan\u010dios oro u\u017euolaidos AERIS 200E-1P (2m) - Kondena<\/title>\n<meta name=\"description\" content=\"Elektrin\u0117s \u0161ildan\u010dios oro u\u017euolaidos AERIS 200E-1P (2m) - ie\u0161kai kokybi\u0161k\u0173 produkt\u0173 u\u017e ger\u0105 kain\u0105? U\u017eeik pas mus!\" \/>\n<meta name=\"robots\" content=\"index, follow, max-snippet:-1, max-image-preview:large, max-video-preview:-1\" \/>\n<link rel=\"canonical\" href=\"https:\/\/parduotuve.kondena.lt\/en\/produktai\/elektrines-sildancios-oro-uzuolaidos-aeris-200e-1p-2m\/\" \/>\n<meta property=\"og:locale\" content=\"en_US\" \/>\n<meta property=\"og:type\" content=\"article\" \/>\n<meta property=\"og:title\" content=\"Elektrin\u0117s \u0161ildan\u010dios oro u\u017euolaidos AERIS 200E-1P (2m) - Kondena\" \/>\n<meta property=\"og:description\" content=\"Elektrin\u0117s \u0161ildan\u010dios oro u\u017euolaidos AERIS 200E-1P (2m) - ie\u0161kai kokybi\u0161k\u0173 produkt\u0173 u\u017e ger\u0105 kain\u0105? U\u017eeik pas mus!\" \/>\n<meta property=\"og:url\" content=\"https:\/\/parduotuve.kondena.lt\/en\/produktai\/elektrines-sildancios-oro-uzuolaidos-aeris-200e-1p-2m\/\" \/>\n<meta property=\"og:site_name\" content=\"Kondena\" \/>\n<meta property=\"article:modified_time\" content=\"2024-01-25T11:25:36+00:00\" \/>\n<meta property=\"og:image\" content=\"https:\/\/parduotuve.kondena.lt\/wp-content\/uploads\/2022\/06\/kurtyna-powietrzna-aeris-E-1P-1-1.jpg\" \/>\n\t<meta property=\"og:image:width\" content=\"1400\" \/>\n\t<meta property=\"og:image:height\" content=\"1400\" \/>\n\t<meta property=\"og:image:type\" content=\"image\/jpeg\" \/>\n<meta name=\"twitter:card\" content=\"summary_large_image\" \/>\n<meta name=\"twitter:label1\" content=\"Est. reading time\" \/>\n\t<meta name=\"twitter:data1\" content=\"1 minute\" \/>\n<script type=\"application\/ld+json\" class=\"yoast-schema-graph\">{\"@context\":\"https:\/\/schema.org\",\"@graph\":[{\"@type\":\"WebPage\",\"@id\":\"https:\/\/parduotuve.kondena.lt\/produktai\/elektrines-sildancios-oro-uzuolaidos-aeris-200e-1p-2m\/\",\"url\":\"https:\/\/parduotuve.kondena.lt\/produktai\/elektrines-sildancios-oro-uzuolaidos-aeris-200e-1p-2m\/\",\"name\":\"Elektrin\u0117s \u0161ildan\u010dios oro u\u017euolaidos AERIS 200E-1P (2m) - Kondena\",\"isPartOf\":{\"@id\":\"https:\/\/parduotuve.kondena.lt\/#website\"},\"datePublished\":\"2022-06-14T06:14:45+00:00\",\"dateModified\":\"2024-01-25T11:25:36+00:00\",\"description\":\"Elektrin\u0117s \u0161ildan\u010dios oro u\u017euolaidos AERIS 200E-1P (2m) - ie\u0161kai kokybi\u0161k\u0173 produkt\u0173 u\u017e ger\u0105 kain\u0105? U\u017eeik pas mus!\",\"breadcrumb\":{\"@id\":\"https:\/\/parduotuve.kondena.lt\/produktai\/elektrines-sildancios-oro-uzuolaidos-aeris-200e-1p-2m\/#breadcrumb\"},\"inLanguage\":\"en-US\",\"potentialAction\":[{\"@type\":\"ReadAction\",\"target\":[\"https:\/\/parduotuve.kondena.lt\/produktai\/elektrines-sildancios-oro-uzuolaidos-aeris-200e-1p-2m\/\"]}]},{\"@type\":\"BreadcrumbList\",\"@id\":\"https:\/\/parduotuve.kondena.lt\/produktai\/elektrines-sildancios-oro-uzuolaidos-aeris-200e-1p-2m\/#breadcrumb\",\"itemListElement\":[{\"@type\":\"ListItem\",\"position\":1,\"name\":\"Parduotuv\u0117\",\"item\":\"https:\/\/parduotuve.kondena.lt\/parduotuve\/\"},{\"@type\":\"ListItem\",\"position\":2,\"name\":\"Elektrin\u0117s \u0161ildan\u010dios oro u\u017euolaidos AERIS 200E-1P (2m)\"}]},{\"@type\":\"WebSite\",\"@id\":\"https:\/\/parduotuve.kondena.lt\/#website\",\"url\":\"https:\/\/parduotuve.kondena.lt\/\",\"name\":\"Kondena\",\"description\":\"Kol kas tik dar vienas WordPress tinklalapis\",\"potentialAction\":[{\"@type\":\"SearchAction\",\"target\":{\"@type\":\"EntryPoint\",\"urlTemplate\":\"https:\/\/parduotuve.kondena.lt\/?s={search_term_string}\"},\"query-input\":\"required name=search_term_string\"}],\"inLanguage\":\"en-US\"}]}<\/script>\n<!-- \/ Yoast SEO plugin. -->","yoast_head_json":{"title":"Elektrin\u0117s \u0161ildan\u010dios oro u\u017euolaidos AERIS 200E-1P (2m) - Kondena","description":"Elektrin\u0117s \u0161ildan\u010dios oro u\u017euolaidos AERIS 200E-1P (2m) - ie\u0161kai kokybi\u0161k\u0173 produkt\u0173 u\u017e ger\u0105 kain\u0105? U\u017eeik pas mus!","robots":{"index":"index","follow":"follow","max-snippet":"max-snippet:-1","max-image-preview":"max-image-preview:large","max-video-preview":"max-video-preview:-1"},"canonical":"https:\/\/parduotuve.kondena.lt\/en\/produktai\/elektrines-sildancios-oro-uzuolaidos-aeris-200e-1p-2m\/","og_locale":"en_US","og_type":"article","og_title":"Elektrin\u0117s \u0161ildan\u010dios oro u\u017euolaidos AERIS 200E-1P (2m) - Kondena","og_description":"Elektrin\u0117s \u0161ildan\u010dios oro u\u017euolaidos AERIS 200E-1P (2m) - ie\u0161kai kokybi\u0161k\u0173 produkt\u0173 u\u017e ger\u0105 kain\u0105? U\u017eeik pas mus!","og_url":"https:\/\/parduotuve.kondena.lt\/en\/produktai\/elektrines-sildancios-oro-uzuolaidos-aeris-200e-1p-2m\/","og_site_name":"Kondena","article_modified_time":"2024-01-25T11:25:36+00:00","og_image":[{"width":1400,"height":1400,"url":"https:\/\/parduotuve.kondena.lt\/wp-content\/uploads\/2022\/06\/kurtyna-powietrzna-aeris-E-1P-1-1.jpg","type":"image\/jpeg"}],"twitter_card":"summary_large_image","twitter_misc":{"Est. reading time":"1 minute"},"schema":{"@context":"https:\/\/schema.org","@graph":[{"@type":"WebPage","@id":"https:\/\/parduotuve.kondena.lt\/produktai\/elektrines-sildancios-oro-uzuolaidos-aeris-200e-1p-2m\/","url":"https:\/\/parduotuve.kondena.lt\/produktai\/elektrines-sildancios-oro-uzuolaidos-aeris-200e-1p-2m\/","name":"Elektrin\u0117s \u0161ildan\u010dios oro u\u017euolaidos AERIS 200E-1P (2m) - Kondena","isPartOf":{"@id":"https:\/\/parduotuve.kondena.lt\/#website"},"datePublished":"2022-06-14T06:14:45+00:00","dateModified":"2024-01-25T11:25:36+00:00","description":"Elektrin\u0117s \u0161ildan\u010dios oro u\u017euolaidos AERIS 200E-1P (2m) - ie\u0161kai kokybi\u0161k\u0173 produkt\u0173 u\u017e ger\u0105 kain\u0105? U\u017eeik pas mus!","breadcrumb":{"@id":"https:\/\/parduotuve.kondena.lt\/produktai\/elektrines-sildancios-oro-uzuolaidos-aeris-200e-1p-2m\/#breadcrumb"},"inLanguage":"en-US","potentialAction":[{"@type":"ReadAction","target":["https:\/\/parduotuve.kondena.lt\/produktai\/elektrines-sildancios-oro-uzuolaidos-aeris-200e-1p-2m\/"]}]},{"@type":"BreadcrumbList","@id":"https:\/\/parduotuve.kondena.lt\/produktai\/elektrines-sildancios-oro-uzuolaidos-aeris-200e-1p-2m\/#breadcrumb","itemListElement":[{"@type":"ListItem","position":1,"name":"Parduotuv\u0117","item":"https:\/\/parduotuve.kondena.lt\/parduotuve\/"},{"@type":"ListItem","position":2,"name":"Elektrin\u0117s \u0161ildan\u010dios oro u\u017euolaidos AERIS 200E-1P (2m)"}]},{"@type":"WebSite","@id":"https:\/\/parduotuve.kondena.lt\/#website","url":"https:\/\/parduotuve.kondena.lt\/","name":"Kondena","description":"Kol kas tik dar vienas WordPress tinklalapis","potentialAction":[{"@type":"SearchAction","target":{"@type":"EntryPoint","urlTemplate":"https:\/\/parduotuve.kondena.lt\/?s={search_term_string}"},"query-input":"required name=search_term_string"}],"inLanguage":"en-US"}]}},"_links":{"self":[{"href":"https:\/\/parduotuve.kondena.lt\/en\/wp-json\/wp\/v2\/product\/14046","targetHints":{"allow":["GET"]}}],"collection":[{"href":"https:\/\/parduotuve.kondena.lt\/en\/wp-json\/wp\/v2\/product"}],"about":[{"href":"https:\/\/parduotuve.kondena.lt\/en\/wp-json\/wp\/v2\/types\/product"}],"replies":[{"embeddable":true,"href":"https:\/\/parduotuve.kondena.lt\/en\/wp-json\/wp\/v2\/comments?post=14046"}],"wp:featuredmedia":[{"embeddable":true,"href":"https:\/\/parduotuve.kondena.lt\/en\/wp-json\/wp\/v2\/media\/14035"}],"wp:attachment":[{"href":"https:\/\/parduotuve.kondena.lt\/en\/wp-json\/wp\/v2\/media?parent=14046"}],"wp:term":[{"taxonomy":"product_cat","embeddable":true,"href":"https:\/\/parduotuve.kondena.lt\/en\/wp-json\/wp\/v2\/product_cat?post=14046"},{"taxonomy":"product_tag","embeddable":true,"href":"https:\/\/parduotuve.kondena.lt\/en\/wp-json\/wp\/v2\/product_tag?post=14046"}],"curies":[{"name":"wp","href":"https:\/\/api.w.org\/{rel}","templated":true}]}}