{"id":13939,"date":"2022-03-03T09:49:53","date_gmt":"2022-03-03T08:49:53","guid":{"rendered":"https:\/\/parduotuve.kondena.lt\/?post_type=product&#038;p=13939"},"modified":"2024-01-24T09:33:50","modified_gmt":"2024-01-24T08:33:50","slug":"drekintuvas-sedna-pilkas-4-3l-110w","status":"publish","type":"product","link":"https:\/\/parduotuve.kondena.lt\/en\/produktai\/drekintuvas-sedna-pilkas-4-3l-110w\/","title":{"rendered":"Dr\u0117kintuvas SEDNA PILKAS 4.3L 110W"},"content":{"rendered":"","protected":false},"excerpt":{"rendered":"<p>Jei ie\u0161kote buitin\u0117s technikos geriausiomis kainomis, nepraleiskite oro dr\u0117kintuvo SPC SEDNA 4,3 L 110 W Pilka ir plataus smulkios buitin\u0117s technikos pasirinkimo!<br \/>\nCharakteristikos: laikmatis<br \/>\nTalpa: 4,3 l<br \/>\nRange: 30 m\u00b2<br \/>\nGalia:110 W<br \/>\n7 lygiai<br \/>\nSuderinamumas:<br \/>\niOS, Android<br \/>\nAmazon Alexa, Google Assistant<br \/>\nAntibakterinis: 99,9 %<br \/>\nDaugiafunkcis: aromato difuzorius<br \/>\nRy\u0161ys: WIFI 2,4 GHz<br \/>\nSpalva: Pilka<\/p>","protected":false},"featured_media":13940,"comment_status":"open","ping_status":"closed","template":"","meta":[],"product_cat":[232,196,197],"product_tag":[],"class_list":["post-13939","product","type-product","status-publish","has-post-thumbnail","hentry","product_cat-pastatomi-drekintuvai","product_cat-geram-orui","product_cat-mini-drekintuvai"],"acf":[],"yoast_head":"<!-- This site is optimized with the Yoast SEO plugin v20.13 - https:\/\/yoast.com\/wordpress\/plugins\/seo\/ -->\n<title>Dr\u0117kintuvas SEDNA PILKAS 4.3L 110W - Kondena<\/title>\n<meta name=\"description\" content=\"Dr\u0117kintuvas SEDNA PILKAS 4.3L 110W- efektyvus ir kokybi\u0161kas dr\u0117kinimas u\u017e ger\u0105 kain\u0105!\" \/>\n<meta name=\"robots\" content=\"index, follow, max-snippet:-1, max-image-preview:large, max-video-preview:-1\" \/>\n<link rel=\"canonical\" href=\"https:\/\/parduotuve.kondena.lt\/en\/produktai\/drekintuvas-sedna-pilkas-4-3l-110w\/\" \/>\n<meta property=\"og:locale\" content=\"en_US\" \/>\n<meta property=\"og:type\" content=\"article\" \/>\n<meta property=\"og:title\" content=\"Dr\u0117kintuvas SEDNA PILKAS 4.3L 110W - Kondena\" \/>\n<meta property=\"og:description\" content=\"Dr\u0117kintuvas SEDNA PILKAS 4.3L 110W- efektyvus ir kokybi\u0161kas dr\u0117kinimas u\u017e ger\u0105 kain\u0105!\" \/>\n<meta property=\"og:url\" content=\"https:\/\/parduotuve.kondena.lt\/en\/produktai\/drekintuvas-sedna-pilkas-4-3l-110w\/\" \/>\n<meta property=\"og:site_name\" content=\"Kondena\" \/>\n<meta property=\"article:modified_time\" content=\"2024-01-24T08:33:50+00:00\" \/>\n<meta property=\"og:image\" content=\"https:\/\/parduotuve.kondena.lt\/wp-content\/uploads\/2022\/03\/global-store-shopping-home-humidifiers-humidifier-spc-sedna-43-l-110-w-grey-spc.jpg\" \/>\n\t<meta property=\"og:image:width\" content=\"800\" \/>\n\t<meta property=\"og:image:height\" content=\"800\" \/>\n\t<meta property=\"og:image:type\" content=\"image\/jpeg\" \/>\n<meta name=\"twitter:card\" content=\"summary_large_image\" \/>\n<script type=\"application\/ld+json\" class=\"yoast-schema-graph\">{\"@context\":\"https:\/\/schema.org\",\"@graph\":[{\"@type\":\"WebPage\",\"@id\":\"https:\/\/parduotuve.kondena.lt\/produktai\/drekintuvas-sedna-pilkas-4-3l-110w\/\",\"url\":\"https:\/\/parduotuve.kondena.lt\/produktai\/drekintuvas-sedna-pilkas-4-3l-110w\/\",\"name\":\"Dr\u0117kintuvas SEDNA PILKAS 4.3L 110W - Kondena\",\"isPartOf\":{\"@id\":\"https:\/\/parduotuve.kondena.lt\/#website\"},\"datePublished\":\"2022-03-03T08:49:53+00:00\",\"dateModified\":\"2024-01-24T08:33:50+00:00\",\"description\":\"Dr\u0117kintuvas SEDNA PILKAS 4.3L 110W- efektyvus ir kokybi\u0161kas dr\u0117kinimas u\u017e ger\u0105 kain\u0105!\",\"breadcrumb\":{\"@id\":\"https:\/\/parduotuve.kondena.lt\/produktai\/drekintuvas-sedna-pilkas-4-3l-110w\/#breadcrumb\"},\"inLanguage\":\"en-US\",\"potentialAction\":[{\"@type\":\"ReadAction\",\"target\":[\"https:\/\/parduotuve.kondena.lt\/produktai\/drekintuvas-sedna-pilkas-4-3l-110w\/\"]}]},{\"@type\":\"BreadcrumbList\",\"@id\":\"https:\/\/parduotuve.kondena.lt\/produktai\/drekintuvas-sedna-pilkas-4-3l-110w\/#breadcrumb\",\"itemListElement\":[{\"@type\":\"ListItem\",\"position\":1,\"name\":\"Parduotuv\u0117\",\"item\":\"https:\/\/parduotuve.kondena.lt\/parduotuve\/\"},{\"@type\":\"ListItem\",\"position\":2,\"name\":\"Dr\u0117kintuvas SEDNA PILKAS 4.3L 110W\"}]},{\"@type\":\"WebSite\",\"@id\":\"https:\/\/parduotuve.kondena.lt\/#website\",\"url\":\"https:\/\/parduotuve.kondena.lt\/\",\"name\":\"Kondena\",\"description\":\"Kol kas tik dar vienas WordPress tinklalapis\",\"potentialAction\":[{\"@type\":\"SearchAction\",\"target\":{\"@type\":\"EntryPoint\",\"urlTemplate\":\"https:\/\/parduotuve.kondena.lt\/?s={search_term_string}\"},\"query-input\":\"required name=search_term_string\"}],\"inLanguage\":\"en-US\"}]}<\/script>\n<!-- \/ Yoast SEO plugin. -->","yoast_head_json":{"title":"Dr\u0117kintuvas SEDNA PILKAS 4.3L 110W - Kondena","description":"Dr\u0117kintuvas SEDNA PILKAS 4.3L 110W- efektyvus ir kokybi\u0161kas dr\u0117kinimas u\u017e ger\u0105 kain\u0105!","robots":{"index":"index","follow":"follow","max-snippet":"max-snippet:-1","max-image-preview":"max-image-preview:large","max-video-preview":"max-video-preview:-1"},"canonical":"https:\/\/parduotuve.kondena.lt\/en\/produktai\/drekintuvas-sedna-pilkas-4-3l-110w\/","og_locale":"en_US","og_type":"article","og_title":"Dr\u0117kintuvas SEDNA PILKAS 4.3L 110W - Kondena","og_description":"Dr\u0117kintuvas SEDNA PILKAS 4.3L 110W- efektyvus ir kokybi\u0161kas dr\u0117kinimas u\u017e ger\u0105 kain\u0105!","og_url":"https:\/\/parduotuve.kondena.lt\/en\/produktai\/drekintuvas-sedna-pilkas-4-3l-110w\/","og_site_name":"Kondena","article_modified_time":"2024-01-24T08:33:50+00:00","og_image":[{"width":800,"height":800,"url":"https:\/\/parduotuve.kondena.lt\/wp-content\/uploads\/2022\/03\/global-store-shopping-home-humidifiers-humidifier-spc-sedna-43-l-110-w-grey-spc.jpg","type":"image\/jpeg"}],"twitter_card":"summary_large_image","schema":{"@context":"https:\/\/schema.org","@graph":[{"@type":"WebPage","@id":"https:\/\/parduotuve.kondena.lt\/produktai\/drekintuvas-sedna-pilkas-4-3l-110w\/","url":"https:\/\/parduotuve.kondena.lt\/produktai\/drekintuvas-sedna-pilkas-4-3l-110w\/","name":"Dr\u0117kintuvas SEDNA PILKAS 4.3L 110W - Kondena","isPartOf":{"@id":"https:\/\/parduotuve.kondena.lt\/#website"},"datePublished":"2022-03-03T08:49:53+00:00","dateModified":"2024-01-24T08:33:50+00:00","description":"Dr\u0117kintuvas SEDNA PILKAS 4.3L 110W- efektyvus ir kokybi\u0161kas dr\u0117kinimas u\u017e ger\u0105 kain\u0105!","breadcrumb":{"@id":"https:\/\/parduotuve.kondena.lt\/produktai\/drekintuvas-sedna-pilkas-4-3l-110w\/#breadcrumb"},"inLanguage":"en-US","potentialAction":[{"@type":"ReadAction","target":["https:\/\/parduotuve.kondena.lt\/produktai\/drekintuvas-sedna-pilkas-4-3l-110w\/"]}]},{"@type":"BreadcrumbList","@id":"https:\/\/parduotuve.kondena.lt\/produktai\/drekintuvas-sedna-pilkas-4-3l-110w\/#breadcrumb","itemListElement":[{"@type":"ListItem","position":1,"name":"Parduotuv\u0117","item":"https:\/\/parduotuve.kondena.lt\/parduotuve\/"},{"@type":"ListItem","position":2,"name":"Dr\u0117kintuvas SEDNA PILKAS 4.3L 110W"}]},{"@type":"WebSite","@id":"https:\/\/parduotuve.kondena.lt\/#website","url":"https:\/\/parduotuve.kondena.lt\/","name":"Kondena","description":"Kol kas tik dar vienas WordPress tinklalapis","potentialAction":[{"@type":"SearchAction","target":{"@type":"EntryPoint","urlTemplate":"https:\/\/parduotuve.kondena.lt\/?s={search_term_string}"},"query-input":"required name=search_term_string"}],"inLanguage":"en-US"}]}},"_links":{"self":[{"href":"https:\/\/parduotuve.kondena.lt\/en\/wp-json\/wp\/v2\/product\/13939","targetHints":{"allow":["GET"]}}],"collection":[{"href":"https:\/\/parduotuve.kondena.lt\/en\/wp-json\/wp\/v2\/product"}],"about":[{"href":"https:\/\/parduotuve.kondena.lt\/en\/wp-json\/wp\/v2\/types\/product"}],"replies":[{"embeddable":true,"href":"https:\/\/parduotuve.kondena.lt\/en\/wp-json\/wp\/v2\/comments?post=13939"}],"wp:featuredmedia":[{"embeddable":true,"href":"https:\/\/parduotuve.kondena.lt\/en\/wp-json\/wp\/v2\/media\/13940"}],"wp:attachment":[{"href":"https:\/\/parduotuve.kondena.lt\/en\/wp-json\/wp\/v2\/media?parent=13939"}],"wp:term":[{"taxonomy":"product_cat","embeddable":true,"href":"https:\/\/parduotuve.kondena.lt\/en\/wp-json\/wp\/v2\/product_cat?post=13939"},{"taxonomy":"product_tag","embeddable":true,"href":"https:\/\/parduotuve.kondena.lt\/en\/wp-json\/wp\/v2\/product_tag?post=13939"}],"curies":[{"name":"wp","href":"https:\/\/api.w.org\/{rel}","templated":true}]}}