{"id":13924,"date":"2022-03-02T10:00:06","date_gmt":"2022-03-02T09:00:06","guid":{"rendered":"https:\/\/parduotuve.kondena.lt\/?post_type=product&#038;p=13924"},"modified":"2023-10-16T09:47:53","modified_gmt":"2023-10-16T08:47:53","slug":"oro-valytuvas-cecotec-totalpure-3000-ozone-8w","status":"publish","type":"product","link":"https:\/\/parduotuve.kondena.lt\/en\/produktai\/oro-valytuvas-cecotec-totalpure-3000-ozone-8w\/","title":{"rendered":"Oro valytuvas CECOTEC TOTALPURE 3000 ozone 8W"},"content":{"rendered":"<p>Oro valytuvas CECOTEC TOTALPURE 3000 ozone 8W<\/p>\n<p>Ozono generatorius, galintis i\u0161mesti 600 mg per valand\u0105, kad pa\u0161alint\u0173 aplink\u0105 ter\u0161ian\u010dias ir pavojingas daleles.<br \/>\n8 W gaminys gali veikti maksimaliai efektyviai ir be joki\u0173 problem\u0173 dezinfekuoti aplink\u0105.<br \/>\n\u0160is ozono generatorius d\u0117l valymo \u017earnos taip pat tinka vandeniui valyti, i\u0161skyrus aplinkos or\u0105. Jame taip pat yra 2 valymo akmenys.<br \/>\nJame yra laikmatis, leid\u017eiantis nustatyti gaminio veikimo laik\u0105 ir suplanuoti j\u012f daugiausiai 30 minu\u010di\u0173.<br \/>\nJis u\u017eima 25 m2 plot\u0105, tod\u0117l puikiai tinka vonios kambariams, svetain\u0117ms, virtuv\u0117ms ir pana\u0161ioms patalpoms.<br \/>\nJo veikimo \u0161viesos indikatorius kiekvien\u0105 akimirk\u0105 rodo, kada ozono generatorius veikia ir skleid\u017eia ozon\u0105.<br \/>\nJuo labai paprasta naudotis, nes jis valdomas tik per laikma\u010dio ranken\u0117l\u0119 ir maitinimo mygtuk\u0105.<br \/>\nPrietaisas suprojektuotas su 2 skylut\u0117mis nugar\u0117l\u0117je, tod\u0117l, jei pageidaujama, galima pakabinti j\u012f nuo sienos.<\/p>\n<p>&nbsp;<\/p>","protected":false},"excerpt":{"rendered":"<p>Jei ie\u0161kote buitin\u0117s technikos geriausiomis kainomis, nepraleiskite oro valytuvo Cecotec TotalPure 3000 Ozone 8 W ir plataus smulkios buitin\u0117s technikos pasirinkimo!<br \/>\nCharakteristikos: Ozono generatorius<br \/>\nOzono srautas: 600 mg\/val<br \/>\nLaikmatis: 1 kartas<br \/>\nGalia: 8 W<br \/>\nRange: 25 m\u00b2<\/p>","protected":false},"featured_media":13925,"comment_status":"open","ping_status":"closed","template":"","meta":[],"product_cat":[196,214],"product_tag":[],"class_list":["post-13924","product","type-product","status-publish","has-post-thumbnail","hentry","product_cat-geram-orui","product_cat-oro-valytuvai","product_shipping_class-small"],"acf":[],"yoast_head":"<!-- This site is optimized with the Yoast SEO plugin v20.13 - https:\/\/yoast.com\/wordpress\/plugins\/seo\/ -->\n<title>Oro valytuvas CECOTEC TOTALPURE 3000 ozone 8W - Kondena<\/title>\n<meta name=\"description\" content=\"Oro valytuvas CECOTEC TOTALPURE 3000 ozone 8W- efektyvus valymas, komforti\u0161kas ir kokybi\u0161kas veikimas!\" \/>\n<meta name=\"robots\" content=\"index, follow, max-snippet:-1, max-image-preview:large, max-video-preview:-1\" \/>\n<link rel=\"canonical\" href=\"https:\/\/parduotuve.kondena.lt\/en\/produktai\/oro-valytuvas-cecotec-totalpure-3000-ozone-8w\/\" \/>\n<meta property=\"og:locale\" content=\"en_US\" \/>\n<meta property=\"og:type\" content=\"article\" \/>\n<meta property=\"og:title\" content=\"Oro valytuvas CECOTEC TOTALPURE 3000 ozone 8W - Kondena\" \/>\n<meta property=\"og:description\" content=\"Oro valytuvas CECOTEC TOTALPURE 3000 ozone 8W- efektyvus valymas, komforti\u0161kas ir kokybi\u0161kas veikimas!\" \/>\n<meta property=\"og:url\" content=\"https:\/\/parduotuve.kondena.lt\/en\/produktai\/oro-valytuvas-cecotec-totalpure-3000-ozone-8w\/\" \/>\n<meta property=\"og:site_name\" content=\"Kondena\" \/>\n<meta property=\"article:modified_time\" content=\"2023-10-16T08:47:53+00:00\" \/>\n<meta property=\"og:image\" content=\"https:\/\/parduotuve.kondena.lt\/wp-content\/uploads\/2022\/03\/8435484056182_A0_600x600.jpg\" \/>\n\t<meta property=\"og:image:width\" content=\"600\" \/>\n\t<meta property=\"og:image:height\" content=\"600\" \/>\n\t<meta property=\"og:image:type\" content=\"image\/jpeg\" \/>\n<meta name=\"twitter:card\" content=\"summary_large_image\" \/>\n<meta name=\"twitter:label1\" content=\"Est. reading time\" \/>\n\t<meta name=\"twitter:data1\" content=\"1 minute\" \/>\n<script type=\"application\/ld+json\" class=\"yoast-schema-graph\">{\"@context\":\"https:\/\/schema.org\",\"@graph\":[{\"@type\":\"WebPage\",\"@id\":\"https:\/\/parduotuve.kondena.lt\/produktai\/oro-valytuvas-cecotec-totalpure-3000-ozone-8w\/\",\"url\":\"https:\/\/parduotuve.kondena.lt\/produktai\/oro-valytuvas-cecotec-totalpure-3000-ozone-8w\/\",\"name\":\"Oro valytuvas CECOTEC TOTALPURE 3000 ozone 8W - Kondena\",\"isPartOf\":{\"@id\":\"https:\/\/parduotuve.kondena.lt\/#website\"},\"datePublished\":\"2022-03-02T09:00:06+00:00\",\"dateModified\":\"2023-10-16T08:47:53+00:00\",\"description\":\"Oro valytuvas CECOTEC TOTALPURE 3000 ozone 8W- efektyvus valymas, komforti\u0161kas ir kokybi\u0161kas veikimas!\",\"breadcrumb\":{\"@id\":\"https:\/\/parduotuve.kondena.lt\/produktai\/oro-valytuvas-cecotec-totalpure-3000-ozone-8w\/#breadcrumb\"},\"inLanguage\":\"en-US\",\"potentialAction\":[{\"@type\":\"ReadAction\",\"target\":[\"https:\/\/parduotuve.kondena.lt\/produktai\/oro-valytuvas-cecotec-totalpure-3000-ozone-8w\/\"]}]},{\"@type\":\"BreadcrumbList\",\"@id\":\"https:\/\/parduotuve.kondena.lt\/produktai\/oro-valytuvas-cecotec-totalpure-3000-ozone-8w\/#breadcrumb\",\"itemListElement\":[{\"@type\":\"ListItem\",\"position\":1,\"name\":\"Parduotuv\u0117\",\"item\":\"https:\/\/parduotuve.kondena.lt\/parduotuve\/\"},{\"@type\":\"ListItem\",\"position\":2,\"name\":\"Oro valytuvas CECOTEC TOTALPURE 3000 ozone 8W\"}]},{\"@type\":\"WebSite\",\"@id\":\"https:\/\/parduotuve.kondena.lt\/#website\",\"url\":\"https:\/\/parduotuve.kondena.lt\/\",\"name\":\"Kondena\",\"description\":\"Kol kas tik dar vienas WordPress tinklalapis\",\"potentialAction\":[{\"@type\":\"SearchAction\",\"target\":{\"@type\":\"EntryPoint\",\"urlTemplate\":\"https:\/\/parduotuve.kondena.lt\/?s={search_term_string}\"},\"query-input\":\"required name=search_term_string\"}],\"inLanguage\":\"en-US\"}]}<\/script>\n<!-- \/ Yoast SEO plugin. -->","yoast_head_json":{"title":"Oro valytuvas CECOTEC TOTALPURE 3000 ozone 8W - Kondena","description":"Oro valytuvas CECOTEC TOTALPURE 3000 ozone 8W- efektyvus valymas, komforti\u0161kas ir kokybi\u0161kas veikimas!","robots":{"index":"index","follow":"follow","max-snippet":"max-snippet:-1","max-image-preview":"max-image-preview:large","max-video-preview":"max-video-preview:-1"},"canonical":"https:\/\/parduotuve.kondena.lt\/en\/produktai\/oro-valytuvas-cecotec-totalpure-3000-ozone-8w\/","og_locale":"en_US","og_type":"article","og_title":"Oro valytuvas CECOTEC TOTALPURE 3000 ozone 8W - Kondena","og_description":"Oro valytuvas CECOTEC TOTALPURE 3000 ozone 8W- efektyvus valymas, komforti\u0161kas ir kokybi\u0161kas veikimas!","og_url":"https:\/\/parduotuve.kondena.lt\/en\/produktai\/oro-valytuvas-cecotec-totalpure-3000-ozone-8w\/","og_site_name":"Kondena","article_modified_time":"2023-10-16T08:47:53+00:00","og_image":[{"width":600,"height":600,"url":"https:\/\/parduotuve.kondena.lt\/wp-content\/uploads\/2022\/03\/8435484056182_A0_600x600.jpg","type":"image\/jpeg"}],"twitter_card":"summary_large_image","twitter_misc":{"Est. reading time":"1 minute"},"schema":{"@context":"https:\/\/schema.org","@graph":[{"@type":"WebPage","@id":"https:\/\/parduotuve.kondena.lt\/produktai\/oro-valytuvas-cecotec-totalpure-3000-ozone-8w\/","url":"https:\/\/parduotuve.kondena.lt\/produktai\/oro-valytuvas-cecotec-totalpure-3000-ozone-8w\/","name":"Oro valytuvas CECOTEC TOTALPURE 3000 ozone 8W - Kondena","isPartOf":{"@id":"https:\/\/parduotuve.kondena.lt\/#website"},"datePublished":"2022-03-02T09:00:06+00:00","dateModified":"2023-10-16T08:47:53+00:00","description":"Oro valytuvas CECOTEC TOTALPURE 3000 ozone 8W- efektyvus valymas, komforti\u0161kas ir kokybi\u0161kas veikimas!","breadcrumb":{"@id":"https:\/\/parduotuve.kondena.lt\/produktai\/oro-valytuvas-cecotec-totalpure-3000-ozone-8w\/#breadcrumb"},"inLanguage":"en-US","potentialAction":[{"@type":"ReadAction","target":["https:\/\/parduotuve.kondena.lt\/produktai\/oro-valytuvas-cecotec-totalpure-3000-ozone-8w\/"]}]},{"@type":"BreadcrumbList","@id":"https:\/\/parduotuve.kondena.lt\/produktai\/oro-valytuvas-cecotec-totalpure-3000-ozone-8w\/#breadcrumb","itemListElement":[{"@type":"ListItem","position":1,"name":"Parduotuv\u0117","item":"https:\/\/parduotuve.kondena.lt\/parduotuve\/"},{"@type":"ListItem","position":2,"name":"Oro valytuvas CECOTEC TOTALPURE 3000 ozone 8W"}]},{"@type":"WebSite","@id":"https:\/\/parduotuve.kondena.lt\/#website","url":"https:\/\/parduotuve.kondena.lt\/","name":"Kondena","description":"Kol kas tik dar vienas WordPress tinklalapis","potentialAction":[{"@type":"SearchAction","target":{"@type":"EntryPoint","urlTemplate":"https:\/\/parduotuve.kondena.lt\/?s={search_term_string}"},"query-input":"required name=search_term_string"}],"inLanguage":"en-US"}]}},"_links":{"self":[{"href":"https:\/\/parduotuve.kondena.lt\/en\/wp-json\/wp\/v2\/product\/13924","targetHints":{"allow":["GET"]}}],"collection":[{"href":"https:\/\/parduotuve.kondena.lt\/en\/wp-json\/wp\/v2\/product"}],"about":[{"href":"https:\/\/parduotuve.kondena.lt\/en\/wp-json\/wp\/v2\/types\/product"}],"replies":[{"embeddable":true,"href":"https:\/\/parduotuve.kondena.lt\/en\/wp-json\/wp\/v2\/comments?post=13924"}],"wp:featuredmedia":[{"embeddable":true,"href":"https:\/\/parduotuve.kondena.lt\/en\/wp-json\/wp\/v2\/media\/13925"}],"wp:attachment":[{"href":"https:\/\/parduotuve.kondena.lt\/en\/wp-json\/wp\/v2\/media?parent=13924"}],"wp:term":[{"taxonomy":"product_cat","embeddable":true,"href":"https:\/\/parduotuve.kondena.lt\/en\/wp-json\/wp\/v2\/product_cat?post=13924"},{"taxonomy":"product_tag","embeddable":true,"href":"https:\/\/parduotuve.kondena.lt\/en\/wp-json\/wp\/v2\/product_tag?post=13924"}],"curies":[{"name":"wp","href":"https:\/\/api.w.org\/{rel}","templated":true}]}}