{"id":13911,"date":"2022-03-02T08:02:20","date_gmt":"2022-03-02T07:02:20","guid":{"rendered":"https:\/\/parduotuve.kondena.lt\/?post_type=product&#038;p=13911"},"modified":"2023-10-16T09:43:41","modified_gmt":"2023-10-16T08:43:41","slug":"oro-valytuvas-bauer-310-baltas","status":"publish","type":"product","link":"https:\/\/parduotuve.kondena.lt\/en\/produktai\/oro-valytuvas-bauer-310-baltas\/","title":{"rendered":"Oro valytuvas Bauer 310 baltas"},"content":{"rendered":"<p>Oro valytuvas Bauer 310 baltas<\/p>\n<p>Norite dar kart\u0105 giliai \u012fkv\u0117pti? Su naujuoju oro valytuvu galite i\u0161filtruoti buitines dulkes, gyv\u016bn\u0173 plaukus, kvapus, \u017eiedadulkes, smulkias dulkes, taip pat daugyb\u0119 ore esan\u010di\u0173 bakterij\u0173 ir virus\u0173!<\/p>\n<p>Oro valymas naudojant trij\u0173 sluoksni\u0173 filtr\u0173 sistem\u0105 (prie\u0161filtras + aktyvuotos anglies filtras + HEPA filtras): i\u0161 oro filtruojamos buitin\u0117s dulk\u0117s, gyv\u016bn\u0173 plaukai, kvapai, \u017eiedadulk\u0117s, \u012fvairios bakterijos ir virusai bei kenksmingos dujos.<br \/>\nBandymai rodo, kad trij\u0173 sluoksni\u0173 filtr\u0173 sistema su HEPA H13 filtru i\u0161filtruoja iki 95 % daleli\u0173, kuri\u0173 dydis \u2265 0,02 \u00b5m (IUTA bandymas 2020 m. baland\u017eio m\u0117n. pagal DIN 71460-1)*<br \/>\nPa\u0161alinama 99,95 % daleli\u0173, kuri\u0173 dydis \u2265 0,3 \u00b5m.<br \/>\nPM 2.5 jutiklis \u2013 atpa\u017e\u012fsta smulkias dulkes, kuri\u0173 daleli\u0173 dydis iki 2,5 \u00b5m<br \/>\nPapildomas oro valymas naudojant pasirenkam\u0105 ultravioletin\u0119 \u0161vies\u0105<br \/>\nLaikma\u010dio funkcija<br \/>\nSu automatine funkcija: prietaisas valdomas pagal smulki\u0173 dulki\u0173 tar\u0161os lyg\u012f<br \/>\n3 i\u0161vesties lygiai<br \/>\nQuiet operation<br \/>\nSaugi automatinio i\u0161jungimo funkcija<br \/>\nTinka 18 m2 \u2013 54 m2 kambariams<\/p>\n<p>Oro valytuv\u0173 privalumai<br \/>\nPrana\u0161umai:<br \/>\n1. gali pa\u0161alinti daug dulki\u0173, daleli\u0173, dulki\u0173 med\u017eiagos ore, vengti \u017emoni\u0173 \u012fsiurbti j\u0173 \u012f k\u016bn\u0105;<br \/>\n2. gali pa\u0161alinti formaldehid\u0105, benzen\u0105, pesticidus, r\u016bko angliavandenilius ir kitas toksi\u0161kas med\u017eiagas ore, i\u0161vengti \u017emogaus k\u016bno po s\u0105ly\u010dio su juo sukelti diskomfort\u0105 ar net apsinuodijim\u0105;<br \/>\n3. Gali pa\u0161alinti keist\u0105 tabako, lempos juodumo, gyv\u016bn\u0173 ir i\u0161metam\u0173j\u0173 duj\u0173 kvap\u0105 ore, u\u017etikrinti patalp\u0173 oro gaivum\u0105 ir atgaivinti \u017emones gelm\u0117se;<\/p>","protected":false},"excerpt":{"rendered":"<p><strong>Techniniai duomenys:<\/strong><\/p>\n<p>Med\u017eiaga: Aliuminis<br \/>\nGarso intensyvumas: 56 dB<br \/>\nPower:<br \/>\n3 lygiai<br \/>\n55 W<br \/>\nFunkcija: laikmatis<br \/>\nFiltras: HEPA 13<br \/>\nFiltro keitimo indikatorius: Taip<br \/>\nOro srautas: 260 m3\/val<br \/>\nRekomenduojamas naudojimas: 54 m\u00b2<br \/>\nColor: white<\/p>","protected":false},"featured_media":13914,"comment_status":"open","ping_status":"closed","template":"","meta":[],"product_cat":[196,214],"product_tag":[],"class_list":["post-13911","product","type-product","status-publish","has-post-thumbnail","hentry","product_cat-geram-orui","product_cat-oro-valytuvai"],"acf":[],"yoast_head":"<!-- This site is optimized with the Yoast SEO plugin v20.13 - https:\/\/yoast.com\/wordpress\/plugins\/seo\/ -->\n<title>Oro valytuvas Bauer 310 baltas - Kondena<\/title>\n<meta name=\"description\" content=\"Oro valytuvas Bauer 310 baltas- efektyvus valymas, u\u017etikrinantis komfort\u0105 bei ger\u0105 or\u0105!\" \/>\n<meta name=\"robots\" content=\"index, follow, max-snippet:-1, max-image-preview:large, max-video-preview:-1\" \/>\n<link rel=\"canonical\" href=\"https:\/\/parduotuve.kondena.lt\/en\/produktai\/oro-valytuvas-bauer-310-baltas\/\" \/>\n<meta property=\"og:locale\" content=\"en_US\" \/>\n<meta property=\"og:type\" content=\"article\" \/>\n<meta property=\"og:title\" content=\"Oro valytuvas Bauer 310 baltas - Kondena\" \/>\n<meta property=\"og:description\" content=\"Oro valytuvas Bauer 310 baltas- efektyvus valymas, u\u017etikrinantis komfort\u0105 bei ger\u0105 or\u0105!\" \/>\n<meta property=\"og:url\" content=\"https:\/\/parduotuve.kondena.lt\/en\/produktai\/oro-valytuvas-bauer-310-baltas\/\" \/>\n<meta property=\"og:site_name\" content=\"Kondena\" \/>\n<meta property=\"article:modified_time\" content=\"2023-10-16T08:43:41+00:00\" \/>\n<meta property=\"og:image\" content=\"https:\/\/parduotuve.kondena.lt\/wp-content\/uploads\/2022\/03\/LR310.jpg\" \/>\n\t<meta property=\"og:image:width\" content=\"372\" \/>\n\t<meta property=\"og:image:height\" content=\"372\" \/>\n\t<meta property=\"og:image:type\" content=\"image\/jpeg\" \/>\n<meta name=\"twitter:card\" content=\"summary_large_image\" \/>\n<meta name=\"twitter:label1\" content=\"Est. reading time\" \/>\n\t<meta name=\"twitter:data1\" content=\"2 minutes\" \/>\n<script type=\"application\/ld+json\" class=\"yoast-schema-graph\">{\"@context\":\"https:\/\/schema.org\",\"@graph\":[{\"@type\":\"WebPage\",\"@id\":\"https:\/\/parduotuve.kondena.lt\/produktai\/oro-valytuvas-bauer-310-baltas\/\",\"url\":\"https:\/\/parduotuve.kondena.lt\/produktai\/oro-valytuvas-bauer-310-baltas\/\",\"name\":\"Oro valytuvas Bauer 310 baltas - Kondena\",\"isPartOf\":{\"@id\":\"https:\/\/parduotuve.kondena.lt\/#website\"},\"datePublished\":\"2022-03-02T07:02:20+00:00\",\"dateModified\":\"2023-10-16T08:43:41+00:00\",\"description\":\"Oro valytuvas Bauer 310 baltas- efektyvus valymas, u\u017etikrinantis komfort\u0105 bei ger\u0105 or\u0105!\",\"breadcrumb\":{\"@id\":\"https:\/\/parduotuve.kondena.lt\/produktai\/oro-valytuvas-bauer-310-baltas\/#breadcrumb\"},\"inLanguage\":\"en-US\",\"potentialAction\":[{\"@type\":\"ReadAction\",\"target\":[\"https:\/\/parduotuve.kondena.lt\/produktai\/oro-valytuvas-bauer-310-baltas\/\"]}]},{\"@type\":\"BreadcrumbList\",\"@id\":\"https:\/\/parduotuve.kondena.lt\/produktai\/oro-valytuvas-bauer-310-baltas\/#breadcrumb\",\"itemListElement\":[{\"@type\":\"ListItem\",\"position\":1,\"name\":\"Parduotuv\u0117\",\"item\":\"https:\/\/parduotuve.kondena.lt\/parduotuve\/\"},{\"@type\":\"ListItem\",\"position\":2,\"name\":\"Oro valytuvas Bauer 310 baltas\"}]},{\"@type\":\"WebSite\",\"@id\":\"https:\/\/parduotuve.kondena.lt\/#website\",\"url\":\"https:\/\/parduotuve.kondena.lt\/\",\"name\":\"Kondena\",\"description\":\"Kol kas tik dar vienas WordPress tinklalapis\",\"potentialAction\":[{\"@type\":\"SearchAction\",\"target\":{\"@type\":\"EntryPoint\",\"urlTemplate\":\"https:\/\/parduotuve.kondena.lt\/?s={search_term_string}\"},\"query-input\":\"required name=search_term_string\"}],\"inLanguage\":\"en-US\"}]}<\/script>\n<!-- \/ Yoast SEO plugin. -->","yoast_head_json":{"title":"Oro valytuvas Bauer 310 baltas - Kondena","description":"Oro valytuvas Bauer 310 baltas- efektyvus valymas, u\u017etikrinantis komfort\u0105 bei ger\u0105 or\u0105!","robots":{"index":"index","follow":"follow","max-snippet":"max-snippet:-1","max-image-preview":"max-image-preview:large","max-video-preview":"max-video-preview:-1"},"canonical":"https:\/\/parduotuve.kondena.lt\/en\/produktai\/oro-valytuvas-bauer-310-baltas\/","og_locale":"en_US","og_type":"article","og_title":"Oro valytuvas Bauer 310 baltas - Kondena","og_description":"Oro valytuvas Bauer 310 baltas- efektyvus valymas, u\u017etikrinantis komfort\u0105 bei ger\u0105 or\u0105!","og_url":"https:\/\/parduotuve.kondena.lt\/en\/produktai\/oro-valytuvas-bauer-310-baltas\/","og_site_name":"Kondena","article_modified_time":"2023-10-16T08:43:41+00:00","og_image":[{"width":372,"height":372,"url":"https:\/\/parduotuve.kondena.lt\/wp-content\/uploads\/2022\/03\/LR310.jpg","type":"image\/jpeg"}],"twitter_card":"summary_large_image","twitter_misc":{"Est. reading time":"2 minutes"},"schema":{"@context":"https:\/\/schema.org","@graph":[{"@type":"WebPage","@id":"https:\/\/parduotuve.kondena.lt\/produktai\/oro-valytuvas-bauer-310-baltas\/","url":"https:\/\/parduotuve.kondena.lt\/produktai\/oro-valytuvas-bauer-310-baltas\/","name":"Oro valytuvas Bauer 310 baltas - Kondena","isPartOf":{"@id":"https:\/\/parduotuve.kondena.lt\/#website"},"datePublished":"2022-03-02T07:02:20+00:00","dateModified":"2023-10-16T08:43:41+00:00","description":"Oro valytuvas Bauer 310 baltas- efektyvus valymas, u\u017etikrinantis komfort\u0105 bei ger\u0105 or\u0105!","breadcrumb":{"@id":"https:\/\/parduotuve.kondena.lt\/produktai\/oro-valytuvas-bauer-310-baltas\/#breadcrumb"},"inLanguage":"en-US","potentialAction":[{"@type":"ReadAction","target":["https:\/\/parduotuve.kondena.lt\/produktai\/oro-valytuvas-bauer-310-baltas\/"]}]},{"@type":"BreadcrumbList","@id":"https:\/\/parduotuve.kondena.lt\/produktai\/oro-valytuvas-bauer-310-baltas\/#breadcrumb","itemListElement":[{"@type":"ListItem","position":1,"name":"Parduotuv\u0117","item":"https:\/\/parduotuve.kondena.lt\/parduotuve\/"},{"@type":"ListItem","position":2,"name":"Oro valytuvas Bauer 310 baltas"}]},{"@type":"WebSite","@id":"https:\/\/parduotuve.kondena.lt\/#website","url":"https:\/\/parduotuve.kondena.lt\/","name":"Kondena","description":"Kol kas tik dar vienas WordPress tinklalapis","potentialAction":[{"@type":"SearchAction","target":{"@type":"EntryPoint","urlTemplate":"https:\/\/parduotuve.kondena.lt\/?s={search_term_string}"},"query-input":"required name=search_term_string"}],"inLanguage":"en-US"}]}},"_links":{"self":[{"href":"https:\/\/parduotuve.kondena.lt\/en\/wp-json\/wp\/v2\/product\/13911","targetHints":{"allow":["GET"]}}],"collection":[{"href":"https:\/\/parduotuve.kondena.lt\/en\/wp-json\/wp\/v2\/product"}],"about":[{"href":"https:\/\/parduotuve.kondena.lt\/en\/wp-json\/wp\/v2\/types\/product"}],"replies":[{"embeddable":true,"href":"https:\/\/parduotuve.kondena.lt\/en\/wp-json\/wp\/v2\/comments?post=13911"}],"wp:featuredmedia":[{"embeddable":true,"href":"https:\/\/parduotuve.kondena.lt\/en\/wp-json\/wp\/v2\/media\/13914"}],"wp:attachment":[{"href":"https:\/\/parduotuve.kondena.lt\/en\/wp-json\/wp\/v2\/media?parent=13911"}],"wp:term":[{"taxonomy":"product_cat","embeddable":true,"href":"https:\/\/parduotuve.kondena.lt\/en\/wp-json\/wp\/v2\/product_cat?post=13911"},{"taxonomy":"product_tag","embeddable":true,"href":"https:\/\/parduotuve.kondena.lt\/en\/wp-json\/wp\/v2\/product_tag?post=13911"}],"curies":[{"name":"wp","href":"https:\/\/api.w.org\/{rel}","templated":true}]}}