{"id":13894,"date":"2022-02-07T10:22:39","date_gmt":"2022-02-07T09:22:39","guid":{"rendered":"https:\/\/parduotuve.kondena.lt\/?post_type=product&#038;p=13894"},"modified":"2023-02-10T12:57:18","modified_gmt":"2023-02-10T11:57:18","slug":"uzverziamas-laikiklis-epe","status":"publish","type":"product","link":"https:\/\/parduotuve.kondena.lt\/en\/produktai\/uzverziamas-laikiklis-epe\/","title":{"rendered":"U\u017ever\u017eiamas laikiklis EPE"},"content":{"rendered":"<h3>EPE sistemos privalumai<\/h3>\n<ul>\n<li>Gera izoliacija<\/li>\n<li>Ma\u017ei sl\u0117gio nuostoliai d\u0117l ypa\u010d lygaus vidinio pavir\u0161iaus<\/li>\n<li>Lengvi, elasti\u0161ki ir lengvai apdorojami, atspar\u016bs sm\u016bgiams<\/li>\n<li>Atspar\u016bs korozijai<\/li>\n<li>Ilgis \u2013 2 m, trys diametrai pasirinkimui \u2013 d125, d160 ir d180 mm<\/li>\n<li>Fasonin\u0117ms dalims sujungti nereikalinga lipni juosta<\/li>\n<li>Lengvai pri\u017ei\u016brima sistema<\/li>\n<\/ul>","protected":false},"excerpt":{"rendered":"<p>Diametras: 125, 160, 180<\/p>","protected":false},"featured_media":13896,"comment_status":"open","ping_status":"closed","template":"","meta":[],"product_cat":[176],"product_tag":[],"class_list":["post-13894","product","type-product","status-publish","has-post-thumbnail","hentry","product_cat-lanksti-ortakiu-systema"],"acf":[],"yoast_head":"<!-- This site is optimized with the Yoast SEO plugin v20.13 - https:\/\/yoast.com\/wordpress\/plugins\/seo\/ -->\n<title>U\u017ever\u017eiamas laikiklis EPE - Kondena<\/title>\n<meta name=\"description\" content=\"U\u017ever\u017eiamas laikiklis EPE - Auk\u0161\u010diausia kokyb\u0117 ir gera kaina viename!\" \/>\n<meta name=\"robots\" content=\"index, follow, max-snippet:-1, max-image-preview:large, max-video-preview:-1\" \/>\n<link rel=\"canonical\" href=\"https:\/\/parduotuve.kondena.lt\/en\/produktai\/uzverziamas-laikiklis-epe\/\" \/>\n<meta property=\"og:locale\" content=\"en_US\" \/>\n<meta property=\"og:type\" content=\"article\" \/>\n<meta property=\"og:title\" content=\"U\u017ever\u017eiamas laikiklis EPE - Kondena\" \/>\n<meta property=\"og:description\" content=\"U\u017ever\u017eiamas laikiklis EPE - Auk\u0161\u010diausia kokyb\u0117 ir gera kaina viename!\" \/>\n<meta property=\"og:url\" content=\"https:\/\/parduotuve.kondena.lt\/en\/produktai\/uzverziamas-laikiklis-epe\/\" \/>\n<meta property=\"og:site_name\" content=\"Kondena\" \/>\n<meta property=\"article:modified_time\" content=\"2023-02-10T11:57:18+00:00\" \/>\n<meta property=\"og:image\" content=\"https:\/\/parduotuve.kondena.lt\/wp-content\/uploads\/2022\/02\/iso-ortakio-fiksavimo-ziedas-wolf-600x600-1.jpg\" \/>\n\t<meta property=\"og:image:width\" content=\"600\" \/>\n\t<meta property=\"og:image:height\" content=\"600\" \/>\n\t<meta property=\"og:image:type\" content=\"image\/jpeg\" \/>\n<meta name=\"twitter:card\" content=\"summary_large_image\" \/>\n<script type=\"application\/ld+json\" class=\"yoast-schema-graph\">{\"@context\":\"https:\/\/schema.org\",\"@graph\":[{\"@type\":\"WebPage\",\"@id\":\"https:\/\/parduotuve.kondena.lt\/produktai\/uzverziamas-laikiklis-epe\/\",\"url\":\"https:\/\/parduotuve.kondena.lt\/produktai\/uzverziamas-laikiklis-epe\/\",\"name\":\"U\u017ever\u017eiamas laikiklis EPE - Kondena\",\"isPartOf\":{\"@id\":\"https:\/\/parduotuve.kondena.lt\/#website\"},\"datePublished\":\"2022-02-07T09:22:39+00:00\",\"dateModified\":\"2023-02-10T11:57:18+00:00\",\"description\":\"U\u017ever\u017eiamas laikiklis EPE - Auk\u0161\u010diausia kokyb\u0117 ir gera kaina viename!\",\"breadcrumb\":{\"@id\":\"https:\/\/parduotuve.kondena.lt\/produktai\/uzverziamas-laikiklis-epe\/#breadcrumb\"},\"inLanguage\":\"en-US\",\"potentialAction\":[{\"@type\":\"ReadAction\",\"target\":[\"https:\/\/parduotuve.kondena.lt\/produktai\/uzverziamas-laikiklis-epe\/\"]}]},{\"@type\":\"BreadcrumbList\",\"@id\":\"https:\/\/parduotuve.kondena.lt\/produktai\/uzverziamas-laikiklis-epe\/#breadcrumb\",\"itemListElement\":[{\"@type\":\"ListItem\",\"position\":1,\"name\":\"Parduotuv\u0117\",\"item\":\"https:\/\/parduotuve.kondena.lt\/parduotuve\/\"},{\"@type\":\"ListItem\",\"position\":2,\"name\":\"U\u017ever\u017eiamas laikiklis EPE\"}]},{\"@type\":\"WebSite\",\"@id\":\"https:\/\/parduotuve.kondena.lt\/#website\",\"url\":\"https:\/\/parduotuve.kondena.lt\/\",\"name\":\"Kondena\",\"description\":\"Kol kas tik dar vienas WordPress tinklalapis\",\"potentialAction\":[{\"@type\":\"SearchAction\",\"target\":{\"@type\":\"EntryPoint\",\"urlTemplate\":\"https:\/\/parduotuve.kondena.lt\/?s={search_term_string}\"},\"query-input\":\"required name=search_term_string\"}],\"inLanguage\":\"en-US\"}]}<\/script>\n<!-- \/ Yoast SEO plugin. -->","yoast_head_json":{"title":"U\u017ever\u017eiamas laikiklis EPE - Kondena","description":"U\u017ever\u017eiamas laikiklis EPE - Auk\u0161\u010diausia kokyb\u0117 ir gera kaina viename!","robots":{"index":"index","follow":"follow","max-snippet":"max-snippet:-1","max-image-preview":"max-image-preview:large","max-video-preview":"max-video-preview:-1"},"canonical":"https:\/\/parduotuve.kondena.lt\/en\/produktai\/uzverziamas-laikiklis-epe\/","og_locale":"en_US","og_type":"article","og_title":"U\u017ever\u017eiamas laikiklis EPE - Kondena","og_description":"U\u017ever\u017eiamas laikiklis EPE - Auk\u0161\u010diausia kokyb\u0117 ir gera kaina viename!","og_url":"https:\/\/parduotuve.kondena.lt\/en\/produktai\/uzverziamas-laikiklis-epe\/","og_site_name":"Kondena","article_modified_time":"2023-02-10T11:57:18+00:00","og_image":[{"width":600,"height":600,"url":"https:\/\/parduotuve.kondena.lt\/wp-content\/uploads\/2022\/02\/iso-ortakio-fiksavimo-ziedas-wolf-600x600-1.jpg","type":"image\/jpeg"}],"twitter_card":"summary_large_image","schema":{"@context":"https:\/\/schema.org","@graph":[{"@type":"WebPage","@id":"https:\/\/parduotuve.kondena.lt\/produktai\/uzverziamas-laikiklis-epe\/","url":"https:\/\/parduotuve.kondena.lt\/produktai\/uzverziamas-laikiklis-epe\/","name":"U\u017ever\u017eiamas laikiklis EPE - Kondena","isPartOf":{"@id":"https:\/\/parduotuve.kondena.lt\/#website"},"datePublished":"2022-02-07T09:22:39+00:00","dateModified":"2023-02-10T11:57:18+00:00","description":"U\u017ever\u017eiamas laikiklis EPE - Auk\u0161\u010diausia kokyb\u0117 ir gera kaina viename!","breadcrumb":{"@id":"https:\/\/parduotuve.kondena.lt\/produktai\/uzverziamas-laikiklis-epe\/#breadcrumb"},"inLanguage":"en-US","potentialAction":[{"@type":"ReadAction","target":["https:\/\/parduotuve.kondena.lt\/produktai\/uzverziamas-laikiklis-epe\/"]}]},{"@type":"BreadcrumbList","@id":"https:\/\/parduotuve.kondena.lt\/produktai\/uzverziamas-laikiklis-epe\/#breadcrumb","itemListElement":[{"@type":"ListItem","position":1,"name":"Parduotuv\u0117","item":"https:\/\/parduotuve.kondena.lt\/parduotuve\/"},{"@type":"ListItem","position":2,"name":"U\u017ever\u017eiamas laikiklis EPE"}]},{"@type":"WebSite","@id":"https:\/\/parduotuve.kondena.lt\/#website","url":"https:\/\/parduotuve.kondena.lt\/","name":"Kondena","description":"Kol kas tik dar vienas WordPress tinklalapis","potentialAction":[{"@type":"SearchAction","target":{"@type":"EntryPoint","urlTemplate":"https:\/\/parduotuve.kondena.lt\/?s={search_term_string}"},"query-input":"required name=search_term_string"}],"inLanguage":"en-US"}]}},"_links":{"self":[{"href":"https:\/\/parduotuve.kondena.lt\/en\/wp-json\/wp\/v2\/product\/13894","targetHints":{"allow":["GET"]}}],"collection":[{"href":"https:\/\/parduotuve.kondena.lt\/en\/wp-json\/wp\/v2\/product"}],"about":[{"href":"https:\/\/parduotuve.kondena.lt\/en\/wp-json\/wp\/v2\/types\/product"}],"replies":[{"embeddable":true,"href":"https:\/\/parduotuve.kondena.lt\/en\/wp-json\/wp\/v2\/comments?post=13894"}],"wp:featuredmedia":[{"embeddable":true,"href":"https:\/\/parduotuve.kondena.lt\/en\/wp-json\/wp\/v2\/media\/13896"}],"wp:attachment":[{"href":"https:\/\/parduotuve.kondena.lt\/en\/wp-json\/wp\/v2\/media?parent=13894"}],"wp:term":[{"taxonomy":"product_cat","embeddable":true,"href":"https:\/\/parduotuve.kondena.lt\/en\/wp-json\/wp\/v2\/product_cat?post=13894"},{"taxonomy":"product_tag","embeddable":true,"href":"https:\/\/parduotuve.kondena.lt\/en\/wp-json\/wp\/v2\/product_tag?post=13894"}],"curies":[{"name":"wp","href":"https:\/\/api.w.org\/{rel}","templated":true}]}}