{"id":13892,"date":"2022-02-07T10:01:44","date_gmt":"2022-02-07T09:01:44","guid":{"rendered":"https:\/\/parduotuve.kondena.lt\/?post_type=product&#038;p=13892"},"modified":"2025-04-15T07:37:44","modified_gmt":"2025-04-15T06:37:44","slug":"cinkuoto-plieno-difuzoriaus-dezute-dn125-3x75","status":"publish","type":"product","link":"https:\/\/parduotuve.kondena.lt\/en\/produktai\/cinkuoto-plieno-difuzoriaus-dezute-dn125-3x75\/","title":{"rendered":"Cinkuoto plieno difuzoriaus d\u0117\u017eut\u0117 DN125-3\u00d775"},"content":{"rendered":"<p>Cinkuotos pajungimo d\u0117\u017e\u0117s naudojamos oro tiekimo ar \u0161alinimo difuzori\u0173 pajungimui. Montuojamos vir\u0161 lub\u0173, po perdanga.<\/p>","protected":false},"excerpt":{"rendered":"<p>Nominalus pralaidumas:\u00a0 90 m3\/val<\/p>","protected":false},"featured_media":13893,"comment_status":"open","ping_status":"closed","template":"","meta":[],"product_cat":[176],"product_tag":[],"class_list":["post-13892","product","type-product","status-publish","has-post-thumbnail","hentry","product_cat-lanksti-ortakiu-systema"],"acf":[],"yoast_head":"<!-- This site is optimized with the Yoast SEO plugin v20.13 - https:\/\/yoast.com\/wordpress\/plugins\/seo\/ -->\n<title>Cinkuoto plieno difuzoriaus d\u0117\u017eut\u0117 DN125-3\u00d775 - Kondena<\/title>\n<meta name=\"description\" content=\"Cinkuoto plieno difuzoriaus d\u0117\u017eut\u0117 DN125-3\u00d775 - auk\u0161ta kokyb\u0117 ir gera kaina viename!\" \/>\n<meta name=\"robots\" content=\"index, follow, max-snippet:-1, max-image-preview:large, max-video-preview:-1\" \/>\n<link rel=\"canonical\" href=\"https:\/\/parduotuve.kondena.lt\/en\/produktai\/cinkuoto-plieno-difuzoriaus-dezute-dn125-3x75\/\" \/>\n<meta property=\"og:locale\" content=\"en_US\" \/>\n<meta property=\"og:type\" content=\"article\" \/>\n<meta property=\"og:title\" content=\"Cinkuoto plieno difuzoriaus d\u0117\u017eut\u0117 DN125-3\u00d775 - Kondena\" \/>\n<meta property=\"og:description\" content=\"Cinkuoto plieno difuzoriaus d\u0117\u017eut\u0117 DN125-3\u00d775 - auk\u0161ta kokyb\u0117 ir gera kaina viename!\" \/>\n<meta property=\"og:url\" content=\"https:\/\/parduotuve.kondena.lt\/en\/produktai\/cinkuoto-plieno-difuzoriaus-dezute-dn125-3x75\/\" \/>\n<meta property=\"og:site_name\" content=\"Kondena\" \/>\n<meta property=\"article:modified_time\" content=\"2025-04-15T06:37:44+00:00\" \/>\n<meta property=\"og:image\" content=\"https:\/\/parduotuve.kondena.lt\/wp-content\/uploads\/2022\/02\/200100v4-1.jpg\" \/>\n\t<meta property=\"og:image:width\" content=\"1188\" \/>\n\t<meta property=\"og:image:height\" content=\"1188\" \/>\n\t<meta property=\"og:image:type\" content=\"image\/jpeg\" \/>\n<meta name=\"twitter:card\" content=\"summary_large_image\" \/>\n<meta name=\"twitter:label1\" content=\"Est. reading time\" \/>\n\t<meta name=\"twitter:data1\" content=\"1 minute\" \/>\n<script type=\"application\/ld+json\" class=\"yoast-schema-graph\">{\"@context\":\"https:\/\/schema.org\",\"@graph\":[{\"@type\":\"WebPage\",\"@id\":\"https:\/\/parduotuve.kondena.lt\/produktai\/cinkuoto-plieno-difuzoriaus-dezute-dn125-3x75\/\",\"url\":\"https:\/\/parduotuve.kondena.lt\/produktai\/cinkuoto-plieno-difuzoriaus-dezute-dn125-3x75\/\",\"name\":\"Cinkuoto plieno difuzoriaus d\u0117\u017eut\u0117 DN125-3\u00d775 - Kondena\",\"isPartOf\":{\"@id\":\"https:\/\/parduotuve.kondena.lt\/#website\"},\"datePublished\":\"2022-02-07T09:01:44+00:00\",\"dateModified\":\"2025-04-15T06:37:44+00:00\",\"description\":\"Cinkuoto plieno difuzoriaus d\u0117\u017eut\u0117 DN125-3\u00d775 - auk\u0161ta kokyb\u0117 ir gera kaina viename!\",\"breadcrumb\":{\"@id\":\"https:\/\/parduotuve.kondena.lt\/produktai\/cinkuoto-plieno-difuzoriaus-dezute-dn125-3x75\/#breadcrumb\"},\"inLanguage\":\"en-US\",\"potentialAction\":[{\"@type\":\"ReadAction\",\"target\":[\"https:\/\/parduotuve.kondena.lt\/produktai\/cinkuoto-plieno-difuzoriaus-dezute-dn125-3x75\/\"]}]},{\"@type\":\"BreadcrumbList\",\"@id\":\"https:\/\/parduotuve.kondena.lt\/produktai\/cinkuoto-plieno-difuzoriaus-dezute-dn125-3x75\/#breadcrumb\",\"itemListElement\":[{\"@type\":\"ListItem\",\"position\":1,\"name\":\"Parduotuv\u0117\",\"item\":\"https:\/\/parduotuve.kondena.lt\/parduotuve\/\"},{\"@type\":\"ListItem\",\"position\":2,\"name\":\"Cinkuoto plieno difuzoriaus d\u0117\u017eut\u0117 DN125-3\u00d775\"}]},{\"@type\":\"WebSite\",\"@id\":\"https:\/\/parduotuve.kondena.lt\/#website\",\"url\":\"https:\/\/parduotuve.kondena.lt\/\",\"name\":\"Kondena\",\"description\":\"Kol kas tik dar vienas WordPress tinklalapis\",\"potentialAction\":[{\"@type\":\"SearchAction\",\"target\":{\"@type\":\"EntryPoint\",\"urlTemplate\":\"https:\/\/parduotuve.kondena.lt\/?s={search_term_string}\"},\"query-input\":\"required name=search_term_string\"}],\"inLanguage\":\"en-US\"}]}<\/script>\n<!-- \/ Yoast SEO plugin. -->","yoast_head_json":{"title":"Cinkuoto plieno difuzoriaus d\u0117\u017eut\u0117 DN125-3\u00d775 - Kondena","description":"Cinkuoto plieno difuzoriaus d\u0117\u017eut\u0117 DN125-3\u00d775 - auk\u0161ta kokyb\u0117 ir gera kaina viename!","robots":{"index":"index","follow":"follow","max-snippet":"max-snippet:-1","max-image-preview":"max-image-preview:large","max-video-preview":"max-video-preview:-1"},"canonical":"https:\/\/parduotuve.kondena.lt\/en\/produktai\/cinkuoto-plieno-difuzoriaus-dezute-dn125-3x75\/","og_locale":"en_US","og_type":"article","og_title":"Cinkuoto plieno difuzoriaus d\u0117\u017eut\u0117 DN125-3\u00d775 - Kondena","og_description":"Cinkuoto plieno difuzoriaus d\u0117\u017eut\u0117 DN125-3\u00d775 - auk\u0161ta kokyb\u0117 ir gera kaina viename!","og_url":"https:\/\/parduotuve.kondena.lt\/en\/produktai\/cinkuoto-plieno-difuzoriaus-dezute-dn125-3x75\/","og_site_name":"Kondena","article_modified_time":"2025-04-15T06:37:44+00:00","og_image":[{"width":1188,"height":1188,"url":"https:\/\/parduotuve.kondena.lt\/wp-content\/uploads\/2022\/02\/200100v4-1.jpg","type":"image\/jpeg"}],"twitter_card":"summary_large_image","twitter_misc":{"Est. reading time":"1 minute"},"schema":{"@context":"https:\/\/schema.org","@graph":[{"@type":"WebPage","@id":"https:\/\/parduotuve.kondena.lt\/produktai\/cinkuoto-plieno-difuzoriaus-dezute-dn125-3x75\/","url":"https:\/\/parduotuve.kondena.lt\/produktai\/cinkuoto-plieno-difuzoriaus-dezute-dn125-3x75\/","name":"Cinkuoto plieno difuzoriaus d\u0117\u017eut\u0117 DN125-3\u00d775 - Kondena","isPartOf":{"@id":"https:\/\/parduotuve.kondena.lt\/#website"},"datePublished":"2022-02-07T09:01:44+00:00","dateModified":"2025-04-15T06:37:44+00:00","description":"Cinkuoto plieno difuzoriaus d\u0117\u017eut\u0117 DN125-3\u00d775 - auk\u0161ta kokyb\u0117 ir gera kaina viename!","breadcrumb":{"@id":"https:\/\/parduotuve.kondena.lt\/produktai\/cinkuoto-plieno-difuzoriaus-dezute-dn125-3x75\/#breadcrumb"},"inLanguage":"en-US","potentialAction":[{"@type":"ReadAction","target":["https:\/\/parduotuve.kondena.lt\/produktai\/cinkuoto-plieno-difuzoriaus-dezute-dn125-3x75\/"]}]},{"@type":"BreadcrumbList","@id":"https:\/\/parduotuve.kondena.lt\/produktai\/cinkuoto-plieno-difuzoriaus-dezute-dn125-3x75\/#breadcrumb","itemListElement":[{"@type":"ListItem","position":1,"name":"Parduotuv\u0117","item":"https:\/\/parduotuve.kondena.lt\/parduotuve\/"},{"@type":"ListItem","position":2,"name":"Cinkuoto plieno difuzoriaus d\u0117\u017eut\u0117 DN125-3\u00d775"}]},{"@type":"WebSite","@id":"https:\/\/parduotuve.kondena.lt\/#website","url":"https:\/\/parduotuve.kondena.lt\/","name":"Kondena","description":"Kol kas tik dar vienas WordPress tinklalapis","potentialAction":[{"@type":"SearchAction","target":{"@type":"EntryPoint","urlTemplate":"https:\/\/parduotuve.kondena.lt\/?s={search_term_string}"},"query-input":"required name=search_term_string"}],"inLanguage":"en-US"}]}},"_links":{"self":[{"href":"https:\/\/parduotuve.kondena.lt\/en\/wp-json\/wp\/v2\/product\/13892","targetHints":{"allow":["GET"]}}],"collection":[{"href":"https:\/\/parduotuve.kondena.lt\/en\/wp-json\/wp\/v2\/product"}],"about":[{"href":"https:\/\/parduotuve.kondena.lt\/en\/wp-json\/wp\/v2\/types\/product"}],"replies":[{"embeddable":true,"href":"https:\/\/parduotuve.kondena.lt\/en\/wp-json\/wp\/v2\/comments?post=13892"}],"wp:featuredmedia":[{"embeddable":true,"href":"https:\/\/parduotuve.kondena.lt\/en\/wp-json\/wp\/v2\/media\/13893"}],"wp:attachment":[{"href":"https:\/\/parduotuve.kondena.lt\/en\/wp-json\/wp\/v2\/media?parent=13892"}],"wp:term":[{"taxonomy":"product_cat","embeddable":true,"href":"https:\/\/parduotuve.kondena.lt\/en\/wp-json\/wp\/v2\/product_cat?post=13892"},{"taxonomy":"product_tag","embeddable":true,"href":"https:\/\/parduotuve.kondena.lt\/en\/wp-json\/wp\/v2\/product_tag?post=13892"}],"curies":[{"name":"wp","href":"https:\/\/api.w.org\/{rel}","templated":true}]}}