{"id":13882,"date":"2022-02-07T08:35:44","date_gmt":"2022-02-07T07:35:44","guid":{"rendered":"https:\/\/parduotuve.kondena.lt\/?post_type=product&#038;p=13882"},"modified":"2022-08-23T10:26:33","modified_gmt":"2022-08-23T09:26:33","slug":"lankstus-triuksmo-slopintuvas-akucomp-160-l-1-2m","status":"publish","type":"product","link":"https:\/\/parduotuve.kondena.lt\/en\/produktai\/lankstus-triuksmo-slopintuvas-akucomp-160-l-1-2m\/","title":{"rendered":"Lankstus triuk\u0161mo slopintuvas AKUCOMP 160 L-1.2m"},"content":{"rendered":"<p>Tarp perforuotos vidin\u0117s sienel\u0117s ir i\u0161orinio apdangalo yra 25 mm vatos sluoksnis. Vir\u0161utinis apdangalas polietileninis (gali b\u016bti aliumininis). Sujungimui su ortakiais galuose turi metalinius \u017eiedus. Eksploatacijos metu slopintuvas turi b\u016bti i\u0161temptas.<\/p>\n<p>Med\u017eiaga: perforuota aliuminio folija su garso izoliacija, padengta polietileno apvalkalu. Darbin\u0117 temperat\u016bra: -10\/ +140 \u00b0C.<\/p>","protected":false},"excerpt":{"rendered":"<div class=\"bt1 attribute product-attribute\" data-attribute-slug=\"\" data-attribute-name=\"Tipas\" data-attribute-values=\"[&quot;Lankstus&quot;]\">\n<div class=\"product-attribute-name c5 vv pr\">Type: <span class=\"db\">Lankstus<br \/>\n<\/span><\/div>\n<div class=\"clear\"><\/div>\n<\/div>\n<div class=\"bt1 attribute product-attribute\" data-attribute-slug=\"\" data-attribute-name=\"Vidinis dametras, mm\" data-attribute-values=\"[&quot;160 mm&quot;]\">\n<div class=\"product-attribute-name c5 vv pr\">Vidinis dametras, mm : <span class=\"db\">160 mm<\/span><\/div>\n<\/div>","protected":false},"featured_media":13880,"comment_status":"open","ping_status":"closed","template":"","meta":[],"product_cat":[141,317,176],"product_tag":[],"class_list":["post-13882","product","type-product","status-publish","has-post-thumbnail","hentry","product_cat-vedinimas","product_cat-triuksmo-slopintuvai-vedinimui","product_cat-lanksti-ortakiu-systema"],"acf":[],"yoast_head":"<!-- This site is optimized with the Yoast SEO plugin v20.13 - https:\/\/yoast.com\/wordpress\/plugins\/seo\/ -->\n<title>Lankstus triuk\u0161mo slopintuvas AKUCOMP 160 L-1.2m - Kondena<\/title>\n<meta name=\"description\" content=\"Lankstus triuk\u0161mo slopintuvas AKUCOMP 160 L-1.2m - auk\u0161ta kokyb\u0117 ir gera kaina viename!\" \/>\n<meta name=\"robots\" content=\"index, follow, max-snippet:-1, max-image-preview:large, max-video-preview:-1\" \/>\n<link rel=\"canonical\" href=\"https:\/\/parduotuve.kondena.lt\/en\/produktai\/lankstus-triuksmo-slopintuvas-akucomp-160-l-1-2m\/\" \/>\n<meta property=\"og:locale\" content=\"en_US\" \/>\n<meta property=\"og:type\" content=\"article\" \/>\n<meta property=\"og:title\" content=\"Lankstus triuk\u0161mo slopintuvas AKUCOMP 160 L-1.2m - Kondena\" \/>\n<meta property=\"og:description\" content=\"Lankstus triuk\u0161mo slopintuvas AKUCOMP 160 L-1.2m - auk\u0161ta kokyb\u0117 ir gera kaina viename!\" \/>\n<meta property=\"og:url\" content=\"https:\/\/parduotuve.kondena.lt\/en\/produktai\/lankstus-triuksmo-slopintuvas-akucomp-160-l-1-2m\/\" \/>\n<meta property=\"og:site_name\" content=\"Kondena\" \/>\n<meta property=\"article:modified_time\" content=\"2022-08-23T09:26:33+00:00\" \/>\n<meta property=\"og:image\" content=\"https:\/\/parduotuve.kondena.lt\/wp-content\/uploads\/2022\/02\/lankstus-triuksmo-slopintuvas-akucomp-125-l-12m-2-1.jpg\" \/>\n\t<meta property=\"og:image:width\" content=\"500\" \/>\n\t<meta property=\"og:image:height\" content=\"500\" \/>\n\t<meta property=\"og:image:type\" content=\"image\/jpeg\" \/>\n<meta name=\"twitter:card\" content=\"summary_large_image\" \/>\n<script type=\"application\/ld+json\" class=\"yoast-schema-graph\">{\"@context\":\"https:\/\/schema.org\",\"@graph\":[{\"@type\":\"WebPage\",\"@id\":\"https:\/\/parduotuve.kondena.lt\/produktai\/lankstus-triuksmo-slopintuvas-akucomp-160-l-1-2m\/\",\"url\":\"https:\/\/parduotuve.kondena.lt\/produktai\/lankstus-triuksmo-slopintuvas-akucomp-160-l-1-2m\/\",\"name\":\"Lankstus triuk\u0161mo slopintuvas AKUCOMP 160 L-1.2m - Kondena\",\"isPartOf\":{\"@id\":\"https:\/\/parduotuve.kondena.lt\/#website\"},\"datePublished\":\"2022-02-07T07:35:44+00:00\",\"dateModified\":\"2022-08-23T09:26:33+00:00\",\"description\":\"Lankstus triuk\u0161mo slopintuvas AKUCOMP 160 L-1.2m - auk\u0161ta kokyb\u0117 ir gera kaina viename!\",\"breadcrumb\":{\"@id\":\"https:\/\/parduotuve.kondena.lt\/produktai\/lankstus-triuksmo-slopintuvas-akucomp-160-l-1-2m\/#breadcrumb\"},\"inLanguage\":\"en-US\",\"potentialAction\":[{\"@type\":\"ReadAction\",\"target\":[\"https:\/\/parduotuve.kondena.lt\/produktai\/lankstus-triuksmo-slopintuvas-akucomp-160-l-1-2m\/\"]}]},{\"@type\":\"BreadcrumbList\",\"@id\":\"https:\/\/parduotuve.kondena.lt\/produktai\/lankstus-triuksmo-slopintuvas-akucomp-160-l-1-2m\/#breadcrumb\",\"itemListElement\":[{\"@type\":\"ListItem\",\"position\":1,\"name\":\"Parduotuv\u0117\",\"item\":\"https:\/\/parduotuve.kondena.lt\/parduotuve\/\"},{\"@type\":\"ListItem\",\"position\":2,\"name\":\"Lankstus triuk\u0161mo slopintuvas AKUCOMP 160 L-1.2m\"}]},{\"@type\":\"WebSite\",\"@id\":\"https:\/\/parduotuve.kondena.lt\/#website\",\"url\":\"https:\/\/parduotuve.kondena.lt\/\",\"name\":\"Kondena\",\"description\":\"Kol kas tik dar vienas WordPress tinklalapis\",\"potentialAction\":[{\"@type\":\"SearchAction\",\"target\":{\"@type\":\"EntryPoint\",\"urlTemplate\":\"https:\/\/parduotuve.kondena.lt\/?s={search_term_string}\"},\"query-input\":\"required name=search_term_string\"}],\"inLanguage\":\"en-US\"}]}<\/script>\n<!-- \/ Yoast SEO plugin. -->","yoast_head_json":{"title":"Lankstus triuk\u0161mo slopintuvas AKUCOMP 160 L-1.2m - Kondena","description":"Lankstus triuk\u0161mo slopintuvas AKUCOMP 160 L-1.2m - auk\u0161ta kokyb\u0117 ir gera kaina viename!","robots":{"index":"index","follow":"follow","max-snippet":"max-snippet:-1","max-image-preview":"max-image-preview:large","max-video-preview":"max-video-preview:-1"},"canonical":"https:\/\/parduotuve.kondena.lt\/en\/produktai\/lankstus-triuksmo-slopintuvas-akucomp-160-l-1-2m\/","og_locale":"en_US","og_type":"article","og_title":"Lankstus triuk\u0161mo slopintuvas AKUCOMP 160 L-1.2m - Kondena","og_description":"Lankstus triuk\u0161mo slopintuvas AKUCOMP 160 L-1.2m - auk\u0161ta kokyb\u0117 ir gera kaina viename!","og_url":"https:\/\/parduotuve.kondena.lt\/en\/produktai\/lankstus-triuksmo-slopintuvas-akucomp-160-l-1-2m\/","og_site_name":"Kondena","article_modified_time":"2022-08-23T09:26:33+00:00","og_image":[{"width":500,"height":500,"url":"https:\/\/parduotuve.kondena.lt\/wp-content\/uploads\/2022\/02\/lankstus-triuksmo-slopintuvas-akucomp-125-l-12m-2-1.jpg","type":"image\/jpeg"}],"twitter_card":"summary_large_image","schema":{"@context":"https:\/\/schema.org","@graph":[{"@type":"WebPage","@id":"https:\/\/parduotuve.kondena.lt\/produktai\/lankstus-triuksmo-slopintuvas-akucomp-160-l-1-2m\/","url":"https:\/\/parduotuve.kondena.lt\/produktai\/lankstus-triuksmo-slopintuvas-akucomp-160-l-1-2m\/","name":"Lankstus triuk\u0161mo slopintuvas AKUCOMP 160 L-1.2m - Kondena","isPartOf":{"@id":"https:\/\/parduotuve.kondena.lt\/#website"},"datePublished":"2022-02-07T07:35:44+00:00","dateModified":"2022-08-23T09:26:33+00:00","description":"Lankstus triuk\u0161mo slopintuvas AKUCOMP 160 L-1.2m - auk\u0161ta kokyb\u0117 ir gera kaina viename!","breadcrumb":{"@id":"https:\/\/parduotuve.kondena.lt\/produktai\/lankstus-triuksmo-slopintuvas-akucomp-160-l-1-2m\/#breadcrumb"},"inLanguage":"en-US","potentialAction":[{"@type":"ReadAction","target":["https:\/\/parduotuve.kondena.lt\/produktai\/lankstus-triuksmo-slopintuvas-akucomp-160-l-1-2m\/"]}]},{"@type":"BreadcrumbList","@id":"https:\/\/parduotuve.kondena.lt\/produktai\/lankstus-triuksmo-slopintuvas-akucomp-160-l-1-2m\/#breadcrumb","itemListElement":[{"@type":"ListItem","position":1,"name":"Parduotuv\u0117","item":"https:\/\/parduotuve.kondena.lt\/parduotuve\/"},{"@type":"ListItem","position":2,"name":"Lankstus triuk\u0161mo slopintuvas AKUCOMP 160 L-1.2m"}]},{"@type":"WebSite","@id":"https:\/\/parduotuve.kondena.lt\/#website","url":"https:\/\/parduotuve.kondena.lt\/","name":"Kondena","description":"Kol kas tik dar vienas WordPress tinklalapis","potentialAction":[{"@type":"SearchAction","target":{"@type":"EntryPoint","urlTemplate":"https:\/\/parduotuve.kondena.lt\/?s={search_term_string}"},"query-input":"required name=search_term_string"}],"inLanguage":"en-US"}]}},"_links":{"self":[{"href":"https:\/\/parduotuve.kondena.lt\/en\/wp-json\/wp\/v2\/product\/13882","targetHints":{"allow":["GET"]}}],"collection":[{"href":"https:\/\/parduotuve.kondena.lt\/en\/wp-json\/wp\/v2\/product"}],"about":[{"href":"https:\/\/parduotuve.kondena.lt\/en\/wp-json\/wp\/v2\/types\/product"}],"replies":[{"embeddable":true,"href":"https:\/\/parduotuve.kondena.lt\/en\/wp-json\/wp\/v2\/comments?post=13882"}],"wp:featuredmedia":[{"embeddable":true,"href":"https:\/\/parduotuve.kondena.lt\/en\/wp-json\/wp\/v2\/media\/13880"}],"wp:attachment":[{"href":"https:\/\/parduotuve.kondena.lt\/en\/wp-json\/wp\/v2\/media?parent=13882"}],"wp:term":[{"taxonomy":"product_cat","embeddable":true,"href":"https:\/\/parduotuve.kondena.lt\/en\/wp-json\/wp\/v2\/product_cat?post=13882"},{"taxonomy":"product_tag","embeddable":true,"href":"https:\/\/parduotuve.kondena.lt\/en\/wp-json\/wp\/v2\/product_tag?post=13882"}],"curies":[{"name":"wp","href":"https:\/\/api.w.org\/{rel}","templated":true}]}}