{"id":13847,"date":"2021-12-21T14:44:45","date_gmt":"2021-12-21T13:44:45","guid":{"rendered":"https:\/\/parduotuve.kondena.lt\/?post_type=product&#038;p=13847"},"modified":"2024-01-16T10:47:29","modified_gmt":"2024-01-16T09:47:29","slug":"airmann-gipsinis-priglaistomas-sesiakampis-difuzorius","status":"publish","type":"product","link":"https:\/\/parduotuve.kondena.lt\/en\/produktai\/airmann-gipsinis-priglaistomas-sesiakampis-difuzorius\/","title":{"rendered":"Airmann gipsinis priglaistomas \u0161e\u0161iakampis difuzorius"},"content":{"rendered":"<h4><strong>I\u0161skirtinumas ir nesenstanti mada!<\/strong><\/h4>\n<p>Airmann HEXA \u2013 pirmasis \u0161e\u0161iakampio formos gaminys oro difuzori\u0173 rinkoje. Abstrak\u010di\u0173, neapibr\u0117\u017et\u0173 form\u0173 dizaino element\u0173 tendencijos nuolatos kei\u010diasi, bet, pana\u0161u &#8211; \u0161e\u0161iakampiai lieka&#8230; ilgam!<\/p>\n<p>\u0160e\u0161iakampiai &#8211; viena stabiliausi\u0173 nat\u016braliai suformuot\u0173 strukt\u016br\u0173 gamtoje, simbolizuojantys tvark\u0105, stabilum\u0105 ir efektyvum\u0105. Ne veltui, korio forma, kuri\u0105 nuolat matome skirtinguose interjero stiliuose bei architekt\u016broje, yra labai da\u017enai sutinkama ir gamtoje &#8211; da\u017enai vadinama &#8222;ideali\u0105ja gamtos forma&#8221;.<\/p>\n<p><img decoding=\"async\" src=\"https:\/\/www.rekuperatoriucentras.lt\/images\/Userfiles\/hexa-airmann.jpg\" alt=\"\" \/><\/p>\n<h4><strong>SAVYB\u0116S<\/strong><\/h4>\n<p><strong>SAUGUMAS<\/strong><\/p>\n<p>Saugumas &#8211; svarbiausia! Difuzori\u0173 dangteliai tvirtinami pramonini\u0173 magnet\u0173 pagalba. Papildomai, sukurta ugniai ir dr\u0117gmei atspari\u00a0<strong>apsauga nuo dangtelio nukritimo esant i\u0161simagnetinimo aplinkyb\u0117ms<\/strong>. D\u0117ka patentuoto technologinio sprendimo, net ir gaisro atveju, Airmann difuzoriai i\u0161lieka saugiausiu pasirinkimu priglaistom\u0173 difuzori\u0173 rinkoje.<\/p>\n<p><img decoding=\"async\" src=\"https:\/\/www.rekuperatoriucentras.lt\/images\/Userfiles\/airmann_safetylock_04.jpg\" alt=\"\" \/><\/p>\n<p><strong>Ber\u0117mis dizainas<\/strong><\/p>\n<p>Estetika ir funkcionalumas \u2013 priglaistomi, ber\u0117mio tipo difuzoriai vientisai ir eleganti\u0161kai \u012fsilieja \u012f sien\u0173 ar lub\u0173 pavir\u0161i\u0173. Joki\u0173 atsiki\u0161im\u0173, apvad\u0173, r\u0117meli\u0173 ar matom\u0173 sujungim\u0173.<\/p>\n<p><strong>Specialus briaunos reljefas<\/strong><\/p>\n<p>Reljefin\u0117 kar\u016bn\u0117l\u0117 &#8211; speciali\u0173 technologini\u0173 \u012fspaud\u0173 pagalba padidintas difuzoriaus i\u0161orin\u0117s briaunos (glaistymo ploto) pavir\u0161iaus plotas suteikia iki trij\u0173 kart\u0173 geresn\u012f sukibim\u0105 su montuojamu pavir\u0161iumi ir ri\u0161an\u010diomis med\u017eiagomis. \u0160is Airmann sprendimas &#8211; puiki \u012ftr\u016bkim\u0173 prevencija!<\/p>\n<p><strong>Antikondesacin\u0117s savyb\u0117s<\/strong><\/p>\n<p>Lyginant su \u012fvairiais metalais, speciali gipso kompozito med\u017eiaga pasi\u017eymi geresn\u0117mis antikondesacin\u0117mis savyb\u0117mis bei yra \u017eenkliai ma\u017eiau veikiama aplinkos temperat\u016bros poky\u010di\u0173. Airmann gipso kompozito difuzoriai yra saugus pasirinkimas ne tik v\u0117dinimo, bet ir oro kondicionavimo sistemoms.<\/p>\n<p><strong>\u017demas triuk\u0161mo lygis<\/strong><\/p>\n<p>Airmann difuzori\u0173 gamyboje naudojamo gipso kompozito med\u017eiaga bei aerodinaminis difuzori\u0173 pavir\u0161ius sukurtas absorbuoti oro sistemos garsus ir vibracijas, tokiu b\u016bdu iki minimumo suma\u017einant patalp\u0173 akustin\u012f triuk\u0161m\u0105.<\/p>\n<p><strong>Paprastas montavimas<\/strong><\/p>\n<p>Ergonomin\u0117 forma suteikia galimyb\u0119 greitai ir paprastai difuzori\u0173 instaliacijai prie\u0161 ar po gipso kartono montavimo. Gaminio forma pritaikyta ir viengubam ir dvigubam gipso kartono sluoksniams. Dangtelis tvirtinamas stipri\u0173, pramonini\u0173 magnet\u0173 pagalba.<\/p>\n<p><strong>Neribota spalv\u0173 gama<\/strong><\/p>\n<p>Difuzorius idealiai prisitaikys prie interjero spalvos, kadangi da\u017eomas tais pa\u010diais lub\u0173 ar sien\u0173 da\u017eais.<\/p>\n<p><strong>Universalumas<\/strong><\/p>\n<p>Visi Airmann priglaistomi difuzoriai yra universalaus naudojimo &#8211; tinka<br \/>\noro tiekimui ir \u0161alinimui.<\/p>\n<p><strong>Lengvas montavimas. Tinka tiek montavimui \u012f gofr\u0105, tiek \u012f difuzoriaus d\u0117\u017eut\u0119.<\/strong><\/p>","protected":false},"excerpt":{"rendered":"<p>I\u0161skirtinumas ir nesenstanti mada! Airmann HEXA \u2013 pirmasis \u0161e\u0161iakampio formos gaminys oro difuzori\u0173 rinkoje. Abstrak\u010di\u0173, neapibr\u0117\u017et\u0173 form\u0173 dizaino element\u0173 tendencijos nuolatos kei\u010diasi, bet, pana\u0161u &#8211; \u0161e\u0161iakampiai lieka&#8230; ilgam! \u0160e\u0161iakampiai &#8211; viena stabiliausi\u0173 nat\u016braliai suformuot\u0173 strukt\u016br\u0173 gamtoje, simbolizuojantys tvark\u0105, stabilum\u0105 ir efektyvum\u0105. Ne veltui, korio forma, kuri\u0105 nuolat matome skirtinguose interjero stiliuose bei architekt\u016broje, yra labai [&hellip;]<\/p>","protected":false},"featured_media":13853,"comment_status":"open","ping_status":"closed","template":"","meta":[],"product_cat":[141,189,190],"product_tag":[],"class_list":["post-13847","product","type-product","status-publish","has-post-thumbnail","hentry","product_cat-vedinimas","product_cat-difuzoriai","product_cat-apvalus-oro-difuzoriai"],"acf":[],"yoast_head":"<!-- This site is optimized with the Yoast SEO plugin v20.13 - https:\/\/yoast.com\/wordpress\/plugins\/seo\/ -->\n<title>Airmann gipsinis priglaistomas \u0161e\u0161iakampis difuzorius - Kondena<\/title>\n<meta name=\"description\" content=\"Airmann gipsinis priglaistomas \u0161e\u0161iakampis difuzorius - prietaisas skirtas u\u017etikrinti j\u016bs\u0173 mikroklimato komfort\u0105.\" \/>\n<meta name=\"robots\" content=\"index, follow, max-snippet:-1, max-image-preview:large, max-video-preview:-1\" \/>\n<link rel=\"canonical\" href=\"https:\/\/parduotuve.kondena.lt\/en\/produktai\/airmann-gipsinis-priglaistomas-sesiakampis-difuzorius\/\" \/>\n<meta property=\"og:locale\" content=\"en_US\" \/>\n<meta property=\"og:type\" content=\"article\" \/>\n<meta property=\"og:title\" content=\"Airmann gipsinis priglaistomas \u0161e\u0161iakampis difuzorius - Kondena\" \/>\n<meta property=\"og:description\" content=\"Airmann gipsinis priglaistomas \u0161e\u0161iakampis difuzorius - prietaisas skirtas u\u017etikrinti j\u016bs\u0173 mikroklimato komfort\u0105.\" \/>\n<meta property=\"og:url\" content=\"https:\/\/parduotuve.kondena.lt\/en\/produktai\/airmann-gipsinis-priglaistomas-sesiakampis-difuzorius\/\" \/>\n<meta property=\"og:site_name\" content=\"Kondena\" \/>\n<meta property=\"article:modified_time\" content=\"2024-01-16T09:47:29+00:00\" \/>\n<meta property=\"og:image\" content=\"https:\/\/parduotuve.kondena.lt\/wp-content\/uploads\/2021\/12\/sesiakampis-gipsinis-priglaistomas-oro-difuzorius-airmann-hexa-4-1.png\" \/>\n\t<meta property=\"og:image:width\" content=\"1188\" \/>\n\t<meta property=\"og:image:height\" content=\"1188\" \/>\n\t<meta property=\"og:image:type\" content=\"image\/png\" \/>\n<meta name=\"twitter:card\" content=\"summary_large_image\" \/>\n<meta name=\"twitter:label1\" content=\"Est. reading time\" \/>\n\t<meta name=\"twitter:data1\" content=\"3 minutes\" \/>\n<script type=\"application\/ld+json\" class=\"yoast-schema-graph\">{\"@context\":\"https:\/\/schema.org\",\"@graph\":[{\"@type\":\"WebPage\",\"@id\":\"https:\/\/parduotuve.kondena.lt\/produktai\/airmann-gipsinis-priglaistomas-sesiakampis-difuzorius\/\",\"url\":\"https:\/\/parduotuve.kondena.lt\/produktai\/airmann-gipsinis-priglaistomas-sesiakampis-difuzorius\/\",\"name\":\"Airmann gipsinis priglaistomas \u0161e\u0161iakampis difuzorius - Kondena\",\"isPartOf\":{\"@id\":\"https:\/\/parduotuve.kondena.lt\/#website\"},\"datePublished\":\"2021-12-21T13:44:45+00:00\",\"dateModified\":\"2024-01-16T09:47:29+00:00\",\"description\":\"Airmann gipsinis priglaistomas \u0161e\u0161iakampis difuzorius - prietaisas skirtas u\u017etikrinti j\u016bs\u0173 mikroklimato komfort\u0105.\",\"breadcrumb\":{\"@id\":\"https:\/\/parduotuve.kondena.lt\/produktai\/airmann-gipsinis-priglaistomas-sesiakampis-difuzorius\/#breadcrumb\"},\"inLanguage\":\"en-US\",\"potentialAction\":[{\"@type\":\"ReadAction\",\"target\":[\"https:\/\/parduotuve.kondena.lt\/produktai\/airmann-gipsinis-priglaistomas-sesiakampis-difuzorius\/\"]}]},{\"@type\":\"BreadcrumbList\",\"@id\":\"https:\/\/parduotuve.kondena.lt\/produktai\/airmann-gipsinis-priglaistomas-sesiakampis-difuzorius\/#breadcrumb\",\"itemListElement\":[{\"@type\":\"ListItem\",\"position\":1,\"name\":\"Parduotuv\u0117\",\"item\":\"https:\/\/parduotuve.kondena.lt\/parduotuve\/\"},{\"@type\":\"ListItem\",\"position\":2,\"name\":\"Airmann gipsinis priglaistomas \u0161e\u0161iakampis difuzorius\"}]},{\"@type\":\"WebSite\",\"@id\":\"https:\/\/parduotuve.kondena.lt\/#website\",\"url\":\"https:\/\/parduotuve.kondena.lt\/\",\"name\":\"Kondena\",\"description\":\"Kol kas tik dar vienas WordPress tinklalapis\",\"potentialAction\":[{\"@type\":\"SearchAction\",\"target\":{\"@type\":\"EntryPoint\",\"urlTemplate\":\"https:\/\/parduotuve.kondena.lt\/?s={search_term_string}\"},\"query-input\":\"required name=search_term_string\"}],\"inLanguage\":\"en-US\"}]}<\/script>\n<!-- \/ Yoast SEO plugin. -->","yoast_head_json":{"title":"Airmann gipsinis priglaistomas \u0161e\u0161iakampis difuzorius - Kondena","description":"Airmann gipsinis priglaistomas \u0161e\u0161iakampis difuzorius - prietaisas skirtas u\u017etikrinti j\u016bs\u0173 mikroklimato komfort\u0105.","robots":{"index":"index","follow":"follow","max-snippet":"max-snippet:-1","max-image-preview":"max-image-preview:large","max-video-preview":"max-video-preview:-1"},"canonical":"https:\/\/parduotuve.kondena.lt\/en\/produktai\/airmann-gipsinis-priglaistomas-sesiakampis-difuzorius\/","og_locale":"en_US","og_type":"article","og_title":"Airmann gipsinis priglaistomas \u0161e\u0161iakampis difuzorius - Kondena","og_description":"Airmann gipsinis priglaistomas \u0161e\u0161iakampis difuzorius - prietaisas skirtas u\u017etikrinti j\u016bs\u0173 mikroklimato komfort\u0105.","og_url":"https:\/\/parduotuve.kondena.lt\/en\/produktai\/airmann-gipsinis-priglaistomas-sesiakampis-difuzorius\/","og_site_name":"Kondena","article_modified_time":"2024-01-16T09:47:29+00:00","og_image":[{"width":1188,"height":1188,"url":"https:\/\/parduotuve.kondena.lt\/wp-content\/uploads\/2021\/12\/sesiakampis-gipsinis-priglaistomas-oro-difuzorius-airmann-hexa-4-1.png","type":"image\/png"}],"twitter_card":"summary_large_image","twitter_misc":{"Est. reading time":"3 minutes"},"schema":{"@context":"https:\/\/schema.org","@graph":[{"@type":"WebPage","@id":"https:\/\/parduotuve.kondena.lt\/produktai\/airmann-gipsinis-priglaistomas-sesiakampis-difuzorius\/","url":"https:\/\/parduotuve.kondena.lt\/produktai\/airmann-gipsinis-priglaistomas-sesiakampis-difuzorius\/","name":"Airmann gipsinis priglaistomas \u0161e\u0161iakampis difuzorius - Kondena","isPartOf":{"@id":"https:\/\/parduotuve.kondena.lt\/#website"},"datePublished":"2021-12-21T13:44:45+00:00","dateModified":"2024-01-16T09:47:29+00:00","description":"Airmann gipsinis priglaistomas \u0161e\u0161iakampis difuzorius - prietaisas skirtas u\u017etikrinti j\u016bs\u0173 mikroklimato komfort\u0105.","breadcrumb":{"@id":"https:\/\/parduotuve.kondena.lt\/produktai\/airmann-gipsinis-priglaistomas-sesiakampis-difuzorius\/#breadcrumb"},"inLanguage":"en-US","potentialAction":[{"@type":"ReadAction","target":["https:\/\/parduotuve.kondena.lt\/produktai\/airmann-gipsinis-priglaistomas-sesiakampis-difuzorius\/"]}]},{"@type":"BreadcrumbList","@id":"https:\/\/parduotuve.kondena.lt\/produktai\/airmann-gipsinis-priglaistomas-sesiakampis-difuzorius\/#breadcrumb","itemListElement":[{"@type":"ListItem","position":1,"name":"Parduotuv\u0117","item":"https:\/\/parduotuve.kondena.lt\/parduotuve\/"},{"@type":"ListItem","position":2,"name":"Airmann gipsinis priglaistomas \u0161e\u0161iakampis difuzorius"}]},{"@type":"WebSite","@id":"https:\/\/parduotuve.kondena.lt\/#website","url":"https:\/\/parduotuve.kondena.lt\/","name":"Kondena","description":"Kol kas tik dar vienas WordPress tinklalapis","potentialAction":[{"@type":"SearchAction","target":{"@type":"EntryPoint","urlTemplate":"https:\/\/parduotuve.kondena.lt\/?s={search_term_string}"},"query-input":"required name=search_term_string"}],"inLanguage":"en-US"}]}},"_links":{"self":[{"href":"https:\/\/parduotuve.kondena.lt\/en\/wp-json\/wp\/v2\/product\/13847","targetHints":{"allow":["GET"]}}],"collection":[{"href":"https:\/\/parduotuve.kondena.lt\/en\/wp-json\/wp\/v2\/product"}],"about":[{"href":"https:\/\/parduotuve.kondena.lt\/en\/wp-json\/wp\/v2\/types\/product"}],"replies":[{"embeddable":true,"href":"https:\/\/parduotuve.kondena.lt\/en\/wp-json\/wp\/v2\/comments?post=13847"}],"wp:featuredmedia":[{"embeddable":true,"href":"https:\/\/parduotuve.kondena.lt\/en\/wp-json\/wp\/v2\/media\/13853"}],"wp:attachment":[{"href":"https:\/\/parduotuve.kondena.lt\/en\/wp-json\/wp\/v2\/media?parent=13847"}],"wp:term":[{"taxonomy":"product_cat","embeddable":true,"href":"https:\/\/parduotuve.kondena.lt\/en\/wp-json\/wp\/v2\/product_cat?post=13847"},{"taxonomy":"product_tag","embeddable":true,"href":"https:\/\/parduotuve.kondena.lt\/en\/wp-json\/wp\/v2\/product_tag?post=13847"}],"curies":[{"name":"wp","href":"https:\/\/api.w.org\/{rel}","templated":true}]}}