{"id":13841,"date":"2021-12-21T14:42:20","date_gmt":"2021-12-21T13:42:20","guid":{"rendered":"https:\/\/parduotuve.kondena.lt\/?post_type=product&#038;p=13841"},"modified":"2024-01-16T10:50:32","modified_gmt":"2024-01-16T09:50:32","slug":"airmann-gipsinis-priglaistomas-kvadratinis-difuzorius","status":"publish","type":"product","link":"https:\/\/parduotuve.kondena.lt\/en\/produktai\/airmann-gipsinis-priglaistomas-kvadratinis-difuzorius\/","title":{"rendered":"Airmann gipsinis priglaistomas kvadratinis difuzorius"},"content":{"rendered":"<h4><strong>Forma ir funkcionalumas!<\/strong><\/h4>\n<p>Genialu yra tai, kas paprasta! Ai\u0161kios, neperkrautos linijos&#8230; &#8222;Ma\u017eiau yra daugiau&#8221; \u2013 vienas da\u017eniausi\u0173 teigini\u0173, besisukan\u010di\u0173 mintyse, kuomet kalbame apie minimalizm\u0105.<\/p>\n<p>Derinant prie minimalistinio interjero, difuzoriaus dizainas turi b\u016bti ai\u0161kus ir paprastas, ta\u010diau &#8211; ne nuobodus. \u0160viesos ir form\u0173 \u017eaismas&#8230; kruop\u0161\u010diai parinktos gaminio med\u017eiagos bei tiksliai i\u0161dirbtos formos \u010dia atlieka ypatingai svarb\u0173 vaidmen\u012f.<\/p>\n<p>Suk\u016br\u0117me SQUARE serijos oro difuzorius, galvodami apie klient\u0105, kuris gyvena aktyv\u0173 gyvenim\u0105 ir savo namuose skiria prioritet\u0105 esteti\u0161koms, nebla\u0161kan\u010dioms d\u0117mesio, subalansuotoms ir funkcionalioms stiliaus detal\u0117ms.\\<\/p>\n<p><img decoding=\"async\" src=\"https:\/\/www.rekuperatoriucentras.lt\/images\/Userfiles\/square-airmann.jpg\" alt=\"\" \/><\/p>\n<h3><u>SAVYB\u0116S<br \/>\n<\/u><\/h3>\n<p><strong>SAUGUMAS<\/strong><\/p>\n<p>Saugumas &#8211; svarbiausia! Difuzori\u0173 dangteliai tvirtinami pramonini\u0173 magnet\u0173 pagalba. Papildomai, sukurta ugniai ir dr\u0117gmei atspari\u00a0<u><strong>apsauga nuo dangtelio nukritimo esant i\u0161simagnetinimo aplinkyb\u0117ms<\/strong><\/u>. D\u0117ka patentuoto technologinio sprendimo, net ir gaisro atveju, Airmann difuzoriai i\u0161lieka saugiausiu pasirinkimu priglaistom\u0173 difuzori\u0173 rinkoje.<\/p>\n<p><img decoding=\"async\" src=\"https:\/\/www.rekuperatoriucentras.lt\/images\/Userfiles\/airmann_safetylock_04.jpg\" alt=\"\" \/><\/p>\n<p><strong>Ber\u0117mis dizainas<\/strong><\/p>\n<p>Estetika ir funkcionalumas \u2013 priglaistomi, ber\u0117mio tipo difuzoriai vientisai ir eleganti\u0161kai \u012fsilieja \u012f sien\u0173 ar lub\u0173 pavir\u0161i\u0173. Joki\u0173 atsiki\u0161im\u0173, apvad\u0173, r\u0117meli\u0173 ar matom\u0173 sujungim\u0173.<\/p>\n<p><strong>Specialus briaunos reljefas<\/strong><\/p>\n<p>Reljefin\u0117 kar\u016bn\u0117l\u0117 &#8211; speciali\u0173 technologini\u0173 \u012fspaud\u0173 pagalba padidintas difuzoriaus i\u0161orin\u0117s briaunos (glaistymo ploto) pavir\u0161iaus plotas suteikia iki trij\u0173 kart\u0173 geresn\u012f sukibim\u0105 su montuojamu pavir\u0161iumi ir ri\u0161an\u010diomis med\u017eiagomis. \u0160is Airmann sprendimas &#8211; puiki \u012ftr\u016bkim\u0173 prevencija!<\/p>\n<p><strong>Antikondesacin\u0117s savyb\u0117s<\/strong><\/p>\n<p>Lyginant su \u012fvairiais metalais, speciali gipso kompozito med\u017eiaga pasi\u017eymi geresn\u0117mis antikondesacin\u0117mis savyb\u0117mis bei yra \u017eenkliai ma\u017eiau veikiama aplinkos temperat\u016bros poky\u010di\u0173. Airmann gipso kompozito difuzoriai yra saugus pasirinkimas ne tik v\u0117dinimo, bet ir oro kondicionavimo sistemoms.<\/p>\n<p><strong>\u017demas triuk\u0161mo lygis<\/strong><\/p>\n<p>Airmann difuzori\u0173 gamyboje naudojamo gipso kompozito med\u017eiaga bei aerodinaminis difuzori\u0173 pavir\u0161ius sukurtas absorbuoti oro sistemos garsus ir vibracijas, tokiu b\u016bdu iki minimumo suma\u017einant patalp\u0173 akustin\u012f triuk\u0161m\u0105.<\/p>\n<p><strong>Paprastas montavimas<\/strong><\/p>\n<p>Ergonomin\u0117 forma suteikia galimyb\u0119 greitai ir paprastai difuzori\u0173 instaliacijai prie\u0161 ar po gipso kartono montavimo. Gaminio forma pritaikyta ir viengubam ir dvigubam gipso kartono sluoksniams. Dangtelis tvirtinamas stipri\u0173, pramonini\u0173 magnet\u0173 pagalba.<\/p>\n<p><strong>Neribota spalv\u0173 gama<\/strong><\/p>\n<p>Difuzorius idealiai prisitaikys prie interjero spalvos, kadangi da\u017eomas tais pa\u010diais lub\u0173 ar sien\u0173 da\u017eais.<\/p>\n<p><strong>Universalumas<\/strong><\/p>\n<p>Visi Airmann priglaistomi difuzoriai yra universalaus naudojimo &#8211; tinka<br \/>\noro tiekimui ir \u0161alinimui.<\/p>\n<p><strong>Lengvas montavimas. Tinka tiek montavimui \u012f gofr\u0105, tiek \u012f difuzoriaus d\u0117\u017eut\u0119.<\/strong><\/p>","protected":false},"excerpt":{"rendered":"<p>Forma ir funkcionalumas! Genialu yra tai, kas paprasta! Ai\u0161kios, neperkrautos linijos&#8230; &#8222;Ma\u017eiau yra daugiau&#8221; \u2013 vienas da\u017eniausi\u0173 teigini\u0173, besisukan\u010di\u0173 mintyse, kuomet kalbame apie minimalizm\u0105. Derinant prie minimalistinio interjero, difuzoriaus dizainas turi b\u016bti ai\u0161kus ir paprastas, ta\u010diau &#8211; ne nuobodus. \u0160viesos ir form\u0173 \u017eaismas&#8230; kruop\u0161\u010diai parinktos gaminio med\u017eiagos bei tiksliai i\u0161dirbtos formos \u010dia atlieka ypatingai svarb\u0173 [&hellip;]<\/p>","protected":false},"featured_media":13846,"comment_status":"open","ping_status":"closed","template":"","meta":[],"product_cat":[141,189,191],"product_tag":[],"class_list":["post-13841","product","type-product","status-publish","has-post-thumbnail","hentry","product_cat-vedinimas","product_cat-difuzoriai","product_cat-kvadratiniai-oro-difuzoriai"],"acf":[],"yoast_head":"<!-- This site is optimized with the Yoast SEO plugin v20.13 - https:\/\/yoast.com\/wordpress\/plugins\/seo\/ -->\n<title>Airmann gipsinis priglaistomas kvadratinis difuzorius - Kondena<\/title>\n<meta name=\"description\" content=\"Airmann gipsinis priglaistomas kvadratinis difuzorius - prietaisas skirtas u\u017etikrinti j\u016bs\u0173 mikroklimato komfort\u0105.\" \/>\n<meta name=\"robots\" content=\"index, follow, max-snippet:-1, max-image-preview:large, max-video-preview:-1\" \/>\n<link rel=\"canonical\" href=\"https:\/\/parduotuve.kondena.lt\/en\/produktai\/airmann-gipsinis-priglaistomas-kvadratinis-difuzorius\/\" \/>\n<meta property=\"og:locale\" content=\"en_US\" \/>\n<meta property=\"og:type\" content=\"article\" \/>\n<meta property=\"og:title\" content=\"Airmann gipsinis priglaistomas kvadratinis difuzorius - Kondena\" \/>\n<meta property=\"og:description\" content=\"Airmann gipsinis priglaistomas kvadratinis difuzorius - prietaisas skirtas u\u017etikrinti j\u016bs\u0173 mikroklimato komfort\u0105.\" \/>\n<meta property=\"og:url\" content=\"https:\/\/parduotuve.kondena.lt\/en\/produktai\/airmann-gipsinis-priglaistomas-kvadratinis-difuzorius\/\" \/>\n<meta property=\"og:site_name\" content=\"Kondena\" \/>\n<meta property=\"article:modified_time\" content=\"2024-01-16T09:50:32+00:00\" \/>\n<meta property=\"og:image\" content=\"https:\/\/parduotuve.kondena.lt\/wp-content\/uploads\/2021\/12\/gipsinis-priglaistomas-oro-difuzorius-airmann-square-1-1.png\" \/>\n\t<meta property=\"og:image:width\" content=\"1188\" \/>\n\t<meta property=\"og:image:height\" content=\"1188\" \/>\n\t<meta property=\"og:image:type\" content=\"image\/png\" \/>\n<meta name=\"twitter:card\" content=\"summary_large_image\" \/>\n<meta name=\"twitter:label1\" content=\"Est. reading time\" \/>\n\t<meta name=\"twitter:data1\" content=\"3 minutes\" \/>\n<script type=\"application\/ld+json\" class=\"yoast-schema-graph\">{\"@context\":\"https:\/\/schema.org\",\"@graph\":[{\"@type\":\"WebPage\",\"@id\":\"https:\/\/parduotuve.kondena.lt\/produktai\/airmann-gipsinis-priglaistomas-kvadratinis-difuzorius\/\",\"url\":\"https:\/\/parduotuve.kondena.lt\/produktai\/airmann-gipsinis-priglaistomas-kvadratinis-difuzorius\/\",\"name\":\"Airmann gipsinis priglaistomas kvadratinis difuzorius - Kondena\",\"isPartOf\":{\"@id\":\"https:\/\/parduotuve.kondena.lt\/#website\"},\"datePublished\":\"2021-12-21T13:42:20+00:00\",\"dateModified\":\"2024-01-16T09:50:32+00:00\",\"description\":\"Airmann gipsinis priglaistomas kvadratinis difuzorius - prietaisas skirtas u\u017etikrinti j\u016bs\u0173 mikroklimato komfort\u0105.\",\"breadcrumb\":{\"@id\":\"https:\/\/parduotuve.kondena.lt\/produktai\/airmann-gipsinis-priglaistomas-kvadratinis-difuzorius\/#breadcrumb\"},\"inLanguage\":\"en-US\",\"potentialAction\":[{\"@type\":\"ReadAction\",\"target\":[\"https:\/\/parduotuve.kondena.lt\/produktai\/airmann-gipsinis-priglaistomas-kvadratinis-difuzorius\/\"]}]},{\"@type\":\"BreadcrumbList\",\"@id\":\"https:\/\/parduotuve.kondena.lt\/produktai\/airmann-gipsinis-priglaistomas-kvadratinis-difuzorius\/#breadcrumb\",\"itemListElement\":[{\"@type\":\"ListItem\",\"position\":1,\"name\":\"Parduotuv\u0117\",\"item\":\"https:\/\/parduotuve.kondena.lt\/parduotuve\/\"},{\"@type\":\"ListItem\",\"position\":2,\"name\":\"Airmann gipsinis priglaistomas kvadratinis difuzorius\"}]},{\"@type\":\"WebSite\",\"@id\":\"https:\/\/parduotuve.kondena.lt\/#website\",\"url\":\"https:\/\/parduotuve.kondena.lt\/\",\"name\":\"Kondena\",\"description\":\"Kol kas tik dar vienas WordPress tinklalapis\",\"potentialAction\":[{\"@type\":\"SearchAction\",\"target\":{\"@type\":\"EntryPoint\",\"urlTemplate\":\"https:\/\/parduotuve.kondena.lt\/?s={search_term_string}\"},\"query-input\":\"required name=search_term_string\"}],\"inLanguage\":\"en-US\"}]}<\/script>\n<!-- \/ Yoast SEO plugin. -->","yoast_head_json":{"title":"Airmann gipsinis priglaistomas kvadratinis difuzorius - Kondena","description":"Airmann gipsinis priglaistomas kvadratinis difuzorius - prietaisas skirtas u\u017etikrinti j\u016bs\u0173 mikroklimato komfort\u0105.","robots":{"index":"index","follow":"follow","max-snippet":"max-snippet:-1","max-image-preview":"max-image-preview:large","max-video-preview":"max-video-preview:-1"},"canonical":"https:\/\/parduotuve.kondena.lt\/en\/produktai\/airmann-gipsinis-priglaistomas-kvadratinis-difuzorius\/","og_locale":"en_US","og_type":"article","og_title":"Airmann gipsinis priglaistomas kvadratinis difuzorius - Kondena","og_description":"Airmann gipsinis priglaistomas kvadratinis difuzorius - prietaisas skirtas u\u017etikrinti j\u016bs\u0173 mikroklimato komfort\u0105.","og_url":"https:\/\/parduotuve.kondena.lt\/en\/produktai\/airmann-gipsinis-priglaistomas-kvadratinis-difuzorius\/","og_site_name":"Kondena","article_modified_time":"2024-01-16T09:50:32+00:00","og_image":[{"width":1188,"height":1188,"url":"https:\/\/parduotuve.kondena.lt\/wp-content\/uploads\/2021\/12\/gipsinis-priglaistomas-oro-difuzorius-airmann-square-1-1.png","type":"image\/png"}],"twitter_card":"summary_large_image","twitter_misc":{"Est. reading time":"3 minutes"},"schema":{"@context":"https:\/\/schema.org","@graph":[{"@type":"WebPage","@id":"https:\/\/parduotuve.kondena.lt\/produktai\/airmann-gipsinis-priglaistomas-kvadratinis-difuzorius\/","url":"https:\/\/parduotuve.kondena.lt\/produktai\/airmann-gipsinis-priglaistomas-kvadratinis-difuzorius\/","name":"Airmann gipsinis priglaistomas kvadratinis difuzorius - Kondena","isPartOf":{"@id":"https:\/\/parduotuve.kondena.lt\/#website"},"datePublished":"2021-12-21T13:42:20+00:00","dateModified":"2024-01-16T09:50:32+00:00","description":"Airmann gipsinis priglaistomas kvadratinis difuzorius - prietaisas skirtas u\u017etikrinti j\u016bs\u0173 mikroklimato komfort\u0105.","breadcrumb":{"@id":"https:\/\/parduotuve.kondena.lt\/produktai\/airmann-gipsinis-priglaistomas-kvadratinis-difuzorius\/#breadcrumb"},"inLanguage":"en-US","potentialAction":[{"@type":"ReadAction","target":["https:\/\/parduotuve.kondena.lt\/produktai\/airmann-gipsinis-priglaistomas-kvadratinis-difuzorius\/"]}]},{"@type":"BreadcrumbList","@id":"https:\/\/parduotuve.kondena.lt\/produktai\/airmann-gipsinis-priglaistomas-kvadratinis-difuzorius\/#breadcrumb","itemListElement":[{"@type":"ListItem","position":1,"name":"Parduotuv\u0117","item":"https:\/\/parduotuve.kondena.lt\/parduotuve\/"},{"@type":"ListItem","position":2,"name":"Airmann gipsinis priglaistomas kvadratinis difuzorius"}]},{"@type":"WebSite","@id":"https:\/\/parduotuve.kondena.lt\/#website","url":"https:\/\/parduotuve.kondena.lt\/","name":"Kondena","description":"Kol kas tik dar vienas WordPress tinklalapis","potentialAction":[{"@type":"SearchAction","target":{"@type":"EntryPoint","urlTemplate":"https:\/\/parduotuve.kondena.lt\/?s={search_term_string}"},"query-input":"required name=search_term_string"}],"inLanguage":"en-US"}]}},"_links":{"self":[{"href":"https:\/\/parduotuve.kondena.lt\/en\/wp-json\/wp\/v2\/product\/13841","targetHints":{"allow":["GET"]}}],"collection":[{"href":"https:\/\/parduotuve.kondena.lt\/en\/wp-json\/wp\/v2\/product"}],"about":[{"href":"https:\/\/parduotuve.kondena.lt\/en\/wp-json\/wp\/v2\/types\/product"}],"replies":[{"embeddable":true,"href":"https:\/\/parduotuve.kondena.lt\/en\/wp-json\/wp\/v2\/comments?post=13841"}],"wp:featuredmedia":[{"embeddable":true,"href":"https:\/\/parduotuve.kondena.lt\/en\/wp-json\/wp\/v2\/media\/13846"}],"wp:attachment":[{"href":"https:\/\/parduotuve.kondena.lt\/en\/wp-json\/wp\/v2\/media?parent=13841"}],"wp:term":[{"taxonomy":"product_cat","embeddable":true,"href":"https:\/\/parduotuve.kondena.lt\/en\/wp-json\/wp\/v2\/product_cat?post=13841"},{"taxonomy":"product_tag","embeddable":true,"href":"https:\/\/parduotuve.kondena.lt\/en\/wp-json\/wp\/v2\/product_tag?post=13841"}],"curies":[{"name":"wp","href":"https:\/\/api.w.org\/{rel}","templated":true}]}}