{"id":13830,"date":"2021-12-21T14:36:05","date_gmt":"2021-12-21T13:36:05","guid":{"rendered":"https:\/\/parduotuve.kondena.lt\/?post_type=product&#038;p=13830"},"modified":"2024-01-16T10:57:29","modified_gmt":"2024-01-16T09:57:29","slug":"ergovent-gipsinis-priglaistomas-difuzorius","status":"publish","type":"product","link":"https:\/\/parduotuve.kondena.lt\/en\/produktai\/ergovent-gipsinis-priglaistomas-difuzorius\/","title":{"rendered":"Ergovent gipsinis priglaistomas difuzorius"},"content":{"rendered":"<p><strong>D\u0117l prek\u0117s tiekimo termino, teiraukit\u0117s pas pardav\u0117j\u0105.<\/strong><\/p>\n<p>Gipsinis ERGOVENT difuzorius montuojamas \u012f gipsines lubas, u\u017eglaistomas ir viskas nuda\u017eoma ta pa\u010dia lub\u0173 spalva.\u00a0 Lubose liks tik esteti\u0161kas \u017eiedo formos ply\u0161elis oro srautui.<\/p>\n<p>Tinka visiems pajungimo b\u016bdams. Galima sumontuoti \u012f susuktas gipso lubas. Tinka 1 ir 2 gipso sluoksniams.<\/p>\n<p>Jeigu yra poreikis reguliuoti oro sraut\u0105, rekomenduojame papildomai \u012fsigyti ir naudoti poliuretanines INNO sklendes.<\/p>\n<p><img decoding=\"async\" src=\"https:\/\/www.rekuperatoriucentras.lt\/images\/Userfiles\/Ergovent_lubose_1.jpg\" alt=\"\" \/><\/p>\n<p>&nbsp;<\/p>\n<p><img decoding=\"async\" src=\"https:\/\/www.rekuperatoriucentras.lt\/images\/Userfiles\/Ergovent_diffuser_D125_1.jpg\" alt=\"\" \/><img decoding=\"async\" src=\"https:\/\/www.rekuperatoriucentras.lt\/images\/Userfiles\/Ergovent_diffuser_D125_2.jpg\" alt=\"\" \/><\/p>\n<p>&nbsp;<\/p>\n<p>&nbsp;<\/p>\n<p><img decoding=\"async\" src=\"https:\/\/www.rekuperatoriucentras.lt\/images\/Userfiles\/Ergovent_su-atidarytu-dangteliu.jpg\" alt=\"\" \/><img decoding=\"async\" src=\"https:\/\/www.rekuperatoriucentras.lt\/images\/Userfiles\/Ergovent_difuzoriaus_SCHEMA.png\" alt=\"\" \/><\/p>","protected":false},"excerpt":{"rendered":"<p>D\u0117l prek\u0117s tiekimo termino, teiraukit\u0117s pas pardav\u0117j\u0105. Gipsinis ERGOVENT difuzorius montuojamas \u012f gipsines lubas, u\u017eglaistomas ir viskas nuda\u017eoma ta pa\u010dia lub\u0173 spalva.\u00a0 Lubose liks tik esteti\u0161kas \u017eiedo formos ply\u0161elis oro srautui. Tinka visiems pajungimo b\u016bdams. Galima sumontuoti \u012f susuktas gipso lubas. Tinka 1 ir 2 gipso sluoksniams. Jeigu yra poreikis reguliuoti oro sraut\u0105, rekomenduojame papildomai [&hellip;]<\/p>","protected":false},"featured_media":13831,"comment_status":"open","ping_status":"closed","template":"","meta":[],"product_cat":[141,189,190],"product_tag":[],"class_list":["post-13830","product","type-product","status-publish","has-post-thumbnail","hentry","product_cat-vedinimas","product_cat-difuzoriai","product_cat-apvalus-oro-difuzoriai"],"acf":[],"yoast_head":"<!-- This site is optimized with the Yoast SEO plugin v20.13 - https:\/\/yoast.com\/wordpress\/plugins\/seo\/ -->\n<title>Ergovent gipsinis priglaistomas difuzorius - Kondena<\/title>\n<meta name=\"description\" content=\"Ergovent gipsinis priglaistomas difuzorius - prietaisas skirtas u\u017etikrinti j\u016bs\u0173 mikroklimato komfort\u0105.\" \/>\n<meta name=\"robots\" content=\"index, follow, max-snippet:-1, max-image-preview:large, max-video-preview:-1\" \/>\n<link rel=\"canonical\" href=\"https:\/\/parduotuve.kondena.lt\/en\/produktai\/ergovent-gipsinis-priglaistomas-difuzorius\/\" \/>\n<meta property=\"og:locale\" content=\"en_US\" \/>\n<meta property=\"og:type\" content=\"article\" \/>\n<meta property=\"og:title\" content=\"Ergovent gipsinis priglaistomas difuzorius - Kondena\" \/>\n<meta property=\"og:description\" content=\"Ergovent gipsinis priglaistomas difuzorius - prietaisas skirtas u\u017etikrinti j\u016bs\u0173 mikroklimato komfort\u0105.\" \/>\n<meta property=\"og:url\" content=\"https:\/\/parduotuve.kondena.lt\/en\/produktai\/ergovent-gipsinis-priglaistomas-difuzorius\/\" \/>\n<meta property=\"og:site_name\" content=\"Kondena\" \/>\n<meta property=\"article:modified_time\" content=\"2024-01-16T09:57:29+00:00\" \/>\n<meta property=\"og:image\" content=\"https:\/\/parduotuve.kondena.lt\/wp-content\/uploads\/2021\/12\/Ergovent-difuzorius.png\" \/>\n\t<meta property=\"og:image:width\" content=\"437\" \/>\n\t<meta property=\"og:image:height\" content=\"458\" \/>\n\t<meta property=\"og:image:type\" content=\"image\/png\" \/>\n<meta name=\"twitter:card\" content=\"summary_large_image\" \/>\n<meta name=\"twitter:label1\" content=\"Est. reading time\" \/>\n\t<meta name=\"twitter:data1\" content=\"2 minutes\" \/>\n<script type=\"application\/ld+json\" class=\"yoast-schema-graph\">{\"@context\":\"https:\/\/schema.org\",\"@graph\":[{\"@type\":\"WebPage\",\"@id\":\"https:\/\/parduotuve.kondena.lt\/produktai\/ergovent-gipsinis-priglaistomas-difuzorius\/\",\"url\":\"https:\/\/parduotuve.kondena.lt\/produktai\/ergovent-gipsinis-priglaistomas-difuzorius\/\",\"name\":\"Ergovent gipsinis priglaistomas difuzorius - Kondena\",\"isPartOf\":{\"@id\":\"https:\/\/parduotuve.kondena.lt\/#website\"},\"datePublished\":\"2021-12-21T13:36:05+00:00\",\"dateModified\":\"2024-01-16T09:57:29+00:00\",\"description\":\"Ergovent gipsinis priglaistomas difuzorius - prietaisas skirtas u\u017etikrinti j\u016bs\u0173 mikroklimato komfort\u0105.\",\"breadcrumb\":{\"@id\":\"https:\/\/parduotuve.kondena.lt\/produktai\/ergovent-gipsinis-priglaistomas-difuzorius\/#breadcrumb\"},\"inLanguage\":\"en-US\",\"potentialAction\":[{\"@type\":\"ReadAction\",\"target\":[\"https:\/\/parduotuve.kondena.lt\/produktai\/ergovent-gipsinis-priglaistomas-difuzorius\/\"]}]},{\"@type\":\"BreadcrumbList\",\"@id\":\"https:\/\/parduotuve.kondena.lt\/produktai\/ergovent-gipsinis-priglaistomas-difuzorius\/#breadcrumb\",\"itemListElement\":[{\"@type\":\"ListItem\",\"position\":1,\"name\":\"Parduotuv\u0117\",\"item\":\"https:\/\/parduotuve.kondena.lt\/parduotuve\/\"},{\"@type\":\"ListItem\",\"position\":2,\"name\":\"Ergovent gipsinis priglaistomas difuzorius\"}]},{\"@type\":\"WebSite\",\"@id\":\"https:\/\/parduotuve.kondena.lt\/#website\",\"url\":\"https:\/\/parduotuve.kondena.lt\/\",\"name\":\"Kondena\",\"description\":\"Kol kas tik dar vienas WordPress tinklalapis\",\"potentialAction\":[{\"@type\":\"SearchAction\",\"target\":{\"@type\":\"EntryPoint\",\"urlTemplate\":\"https:\/\/parduotuve.kondena.lt\/?s={search_term_string}\"},\"query-input\":\"required name=search_term_string\"}],\"inLanguage\":\"en-US\"}]}<\/script>\n<!-- \/ Yoast SEO plugin. -->","yoast_head_json":{"title":"Ergovent gipsinis priglaistomas difuzorius - Kondena","description":"Ergovent gipsinis priglaistomas difuzorius - prietaisas skirtas u\u017etikrinti j\u016bs\u0173 mikroklimato komfort\u0105.","robots":{"index":"index","follow":"follow","max-snippet":"max-snippet:-1","max-image-preview":"max-image-preview:large","max-video-preview":"max-video-preview:-1"},"canonical":"https:\/\/parduotuve.kondena.lt\/en\/produktai\/ergovent-gipsinis-priglaistomas-difuzorius\/","og_locale":"en_US","og_type":"article","og_title":"Ergovent gipsinis priglaistomas difuzorius - Kondena","og_description":"Ergovent gipsinis priglaistomas difuzorius - prietaisas skirtas u\u017etikrinti j\u016bs\u0173 mikroklimato komfort\u0105.","og_url":"https:\/\/parduotuve.kondena.lt\/en\/produktai\/ergovent-gipsinis-priglaistomas-difuzorius\/","og_site_name":"Kondena","article_modified_time":"2024-01-16T09:57:29+00:00","og_image":[{"width":437,"height":458,"url":"https:\/\/parduotuve.kondena.lt\/wp-content\/uploads\/2021\/12\/Ergovent-difuzorius.png","type":"image\/png"}],"twitter_card":"summary_large_image","twitter_misc":{"Est. reading time":"2 minutes"},"schema":{"@context":"https:\/\/schema.org","@graph":[{"@type":"WebPage","@id":"https:\/\/parduotuve.kondena.lt\/produktai\/ergovent-gipsinis-priglaistomas-difuzorius\/","url":"https:\/\/parduotuve.kondena.lt\/produktai\/ergovent-gipsinis-priglaistomas-difuzorius\/","name":"Ergovent gipsinis priglaistomas difuzorius - Kondena","isPartOf":{"@id":"https:\/\/parduotuve.kondena.lt\/#website"},"datePublished":"2021-12-21T13:36:05+00:00","dateModified":"2024-01-16T09:57:29+00:00","description":"Ergovent gipsinis priglaistomas difuzorius - prietaisas skirtas u\u017etikrinti j\u016bs\u0173 mikroklimato komfort\u0105.","breadcrumb":{"@id":"https:\/\/parduotuve.kondena.lt\/produktai\/ergovent-gipsinis-priglaistomas-difuzorius\/#breadcrumb"},"inLanguage":"en-US","potentialAction":[{"@type":"ReadAction","target":["https:\/\/parduotuve.kondena.lt\/produktai\/ergovent-gipsinis-priglaistomas-difuzorius\/"]}]},{"@type":"BreadcrumbList","@id":"https:\/\/parduotuve.kondena.lt\/produktai\/ergovent-gipsinis-priglaistomas-difuzorius\/#breadcrumb","itemListElement":[{"@type":"ListItem","position":1,"name":"Parduotuv\u0117","item":"https:\/\/parduotuve.kondena.lt\/parduotuve\/"},{"@type":"ListItem","position":2,"name":"Ergovent gipsinis priglaistomas difuzorius"}]},{"@type":"WebSite","@id":"https:\/\/parduotuve.kondena.lt\/#website","url":"https:\/\/parduotuve.kondena.lt\/","name":"Kondena","description":"Kol kas tik dar vienas WordPress tinklalapis","potentialAction":[{"@type":"SearchAction","target":{"@type":"EntryPoint","urlTemplate":"https:\/\/parduotuve.kondena.lt\/?s={search_term_string}"},"query-input":"required name=search_term_string"}],"inLanguage":"en-US"}]}},"_links":{"self":[{"href":"https:\/\/parduotuve.kondena.lt\/en\/wp-json\/wp\/v2\/product\/13830","targetHints":{"allow":["GET"]}}],"collection":[{"href":"https:\/\/parduotuve.kondena.lt\/en\/wp-json\/wp\/v2\/product"}],"about":[{"href":"https:\/\/parduotuve.kondena.lt\/en\/wp-json\/wp\/v2\/types\/product"}],"replies":[{"embeddable":true,"href":"https:\/\/parduotuve.kondena.lt\/en\/wp-json\/wp\/v2\/comments?post=13830"}],"wp:featuredmedia":[{"embeddable":true,"href":"https:\/\/parduotuve.kondena.lt\/en\/wp-json\/wp\/v2\/media\/13831"}],"wp:attachment":[{"href":"https:\/\/parduotuve.kondena.lt\/en\/wp-json\/wp\/v2\/media?parent=13830"}],"wp:term":[{"taxonomy":"product_cat","embeddable":true,"href":"https:\/\/parduotuve.kondena.lt\/en\/wp-json\/wp\/v2\/product_cat?post=13830"},{"taxonomy":"product_tag","embeddable":true,"href":"https:\/\/parduotuve.kondena.lt\/en\/wp-json\/wp\/v2\/product_tag?post=13830"}],"curies":[{"name":"wp","href":"https:\/\/api.w.org\/{rel}","templated":true}]}}