{"id":13825,"date":"2021-12-21T13:43:59","date_gmt":"2021-12-21T12:43:59","guid":{"rendered":"https:\/\/parduotuve.kondena.lt\/?post_type=product&#038;p=13825"},"modified":"2024-01-16T11:02:07","modified_gmt":"2024-01-16T10:02:07","slug":"zehnder-luna-s125-difuzorius","status":"publish","type":"product","link":"https:\/\/parduotuve.kondena.lt\/en\/produktai\/zehnder-luna-s125-difuzorius\/","title":{"rendered":"ZEHNDER LUNA S125 difuzorius"},"content":{"rendered":"<p>ZEHNDER LUNA S125 difuzorius<\/p>\n<p>Oro tiekimo ir i\u0161traukimo difuzorius Zehnder Luna. Pajungimo diametras 125 mm<\/p>\n<p><iframe loading=\"lazy\" title=\"Zehnder comfortable indoor ventilation: Installation and functions Zehnder ComfoValve Luna\" width=\"895\" height=\"503\" src=\"https:\/\/www.youtube.com\/embed\/uv4uH5CQG2w?feature=oembed\" frameborder=\"0\" allow=\"accelerometer; autoplay; clipboard-write; encrypted-media; gyroscope; picture-in-picture; web-share\" allowfullscreen><\/iframe><\/p>","protected":false},"excerpt":{"rendered":"<p>ZEHNDER LUNA S125 difuzorius Oro tiekimo ir i\u0161traukimo difuzorius Zehnder Luna. Pajungimo diametras 125 mm<\/p>","protected":false},"featured_media":13826,"comment_status":"open","ping_status":"closed","template":"","meta":[],"product_cat":[141,189,190],"product_tag":[],"class_list":["post-13825","product","type-product","status-publish","has-post-thumbnail","hentry","product_cat-vedinimas","product_cat-difuzoriai","product_cat-apvalus-oro-difuzoriai"],"acf":[],"yoast_head":"<!-- This site is optimized with the Yoast SEO plugin v20.13 - https:\/\/yoast.com\/wordpress\/plugins\/seo\/ -->\n<title>ZEHNDER LUNA S125 difuzorius - Kondena<\/title>\n<meta name=\"description\" content=\"ZEHNDER LUNA S125 difuzorius - prietaisas skirtas u\u017etikrinti j\u016bs\u0173 nam\u0173 auk\u0161\u010diausi\u0105 mikroklimato komfort\u0105.\" \/>\n<meta name=\"robots\" content=\"index, follow, max-snippet:-1, max-image-preview:large, max-video-preview:-1\" \/>\n<link rel=\"canonical\" href=\"https:\/\/parduotuve.kondena.lt\/en\/produktai\/zehnder-luna-s125-difuzorius\/\" \/>\n<meta property=\"og:locale\" content=\"en_US\" \/>\n<meta property=\"og:type\" content=\"article\" \/>\n<meta property=\"og:title\" content=\"ZEHNDER LUNA S125 difuzorius - Kondena\" \/>\n<meta property=\"og:description\" content=\"ZEHNDER LUNA S125 difuzorius - prietaisas skirtas u\u017etikrinti j\u016bs\u0173 nam\u0173 auk\u0161\u010diausi\u0105 mikroklimato komfort\u0105.\" \/>\n<meta property=\"og:url\" content=\"https:\/\/parduotuve.kondena.lt\/en\/produktai\/zehnder-luna-s125-difuzorius\/\" \/>\n<meta property=\"og:site_name\" content=\"Kondena\" \/>\n<meta property=\"article:modified_time\" content=\"2024-01-16T10:02:07+00:00\" \/>\n<meta property=\"og:image\" content=\"https:\/\/parduotuve.kondena.lt\/wp-content\/uploads\/2021\/12\/Zehnder_ComfoValve_Luna_E_clipping_2_rubber_ring_Office_76443.jpg\" \/>\n\t<meta property=\"og:image:width\" content=\"839\" \/>\n\t<meta property=\"og:image:height\" content=\"839\" \/>\n\t<meta property=\"og:image:type\" content=\"image\/jpeg\" \/>\n<meta name=\"twitter:card\" content=\"summary_large_image\" \/>\n<meta name=\"twitter:label1\" content=\"Est. reading time\" \/>\n\t<meta name=\"twitter:data1\" content=\"1 minute\" \/>\n<script type=\"application\/ld+json\" class=\"yoast-schema-graph\">{\"@context\":\"https:\/\/schema.org\",\"@graph\":[{\"@type\":\"WebPage\",\"@id\":\"https:\/\/parduotuve.kondena.lt\/produktai\/zehnder-luna-s125-difuzorius\/\",\"url\":\"https:\/\/parduotuve.kondena.lt\/produktai\/zehnder-luna-s125-difuzorius\/\",\"name\":\"ZEHNDER LUNA S125 difuzorius - Kondena\",\"isPartOf\":{\"@id\":\"https:\/\/parduotuve.kondena.lt\/#website\"},\"datePublished\":\"2021-12-21T12:43:59+00:00\",\"dateModified\":\"2024-01-16T10:02:07+00:00\",\"description\":\"ZEHNDER LUNA S125 difuzorius - prietaisas skirtas u\u017etikrinti j\u016bs\u0173 nam\u0173 auk\u0161\u010diausi\u0105 mikroklimato komfort\u0105.\",\"breadcrumb\":{\"@id\":\"https:\/\/parduotuve.kondena.lt\/produktai\/zehnder-luna-s125-difuzorius\/#breadcrumb\"},\"inLanguage\":\"en-US\",\"potentialAction\":[{\"@type\":\"ReadAction\",\"target\":[\"https:\/\/parduotuve.kondena.lt\/produktai\/zehnder-luna-s125-difuzorius\/\"]}]},{\"@type\":\"BreadcrumbList\",\"@id\":\"https:\/\/parduotuve.kondena.lt\/produktai\/zehnder-luna-s125-difuzorius\/#breadcrumb\",\"itemListElement\":[{\"@type\":\"ListItem\",\"position\":1,\"name\":\"Parduotuv\u0117\",\"item\":\"https:\/\/parduotuve.kondena.lt\/parduotuve\/\"},{\"@type\":\"ListItem\",\"position\":2,\"name\":\"ZEHNDER LUNA S125 difuzorius\"}]},{\"@type\":\"WebSite\",\"@id\":\"https:\/\/parduotuve.kondena.lt\/#website\",\"url\":\"https:\/\/parduotuve.kondena.lt\/\",\"name\":\"Kondena\",\"description\":\"Kol kas tik dar vienas WordPress tinklalapis\",\"potentialAction\":[{\"@type\":\"SearchAction\",\"target\":{\"@type\":\"EntryPoint\",\"urlTemplate\":\"https:\/\/parduotuve.kondena.lt\/?s={search_term_string}\"},\"query-input\":\"required name=search_term_string\"}],\"inLanguage\":\"en-US\"}]}<\/script>\n<!-- \/ Yoast SEO plugin. -->","yoast_head_json":{"title":"ZEHNDER LUNA S125 difuzorius - Kondena","description":"ZEHNDER LUNA S125 difuzorius - prietaisas skirtas u\u017etikrinti j\u016bs\u0173 nam\u0173 auk\u0161\u010diausi\u0105 mikroklimato komfort\u0105.","robots":{"index":"index","follow":"follow","max-snippet":"max-snippet:-1","max-image-preview":"max-image-preview:large","max-video-preview":"max-video-preview:-1"},"canonical":"https:\/\/parduotuve.kondena.lt\/en\/produktai\/zehnder-luna-s125-difuzorius\/","og_locale":"en_US","og_type":"article","og_title":"ZEHNDER LUNA S125 difuzorius - Kondena","og_description":"ZEHNDER LUNA S125 difuzorius - prietaisas skirtas u\u017etikrinti j\u016bs\u0173 nam\u0173 auk\u0161\u010diausi\u0105 mikroklimato komfort\u0105.","og_url":"https:\/\/parduotuve.kondena.lt\/en\/produktai\/zehnder-luna-s125-difuzorius\/","og_site_name":"Kondena","article_modified_time":"2024-01-16T10:02:07+00:00","og_image":[{"width":839,"height":839,"url":"https:\/\/parduotuve.kondena.lt\/wp-content\/uploads\/2021\/12\/Zehnder_ComfoValve_Luna_E_clipping_2_rubber_ring_Office_76443.jpg","type":"image\/jpeg"}],"twitter_card":"summary_large_image","twitter_misc":{"Est. reading time":"1 minute"},"schema":{"@context":"https:\/\/schema.org","@graph":[{"@type":"WebPage","@id":"https:\/\/parduotuve.kondena.lt\/produktai\/zehnder-luna-s125-difuzorius\/","url":"https:\/\/parduotuve.kondena.lt\/produktai\/zehnder-luna-s125-difuzorius\/","name":"ZEHNDER LUNA S125 difuzorius - Kondena","isPartOf":{"@id":"https:\/\/parduotuve.kondena.lt\/#website"},"datePublished":"2021-12-21T12:43:59+00:00","dateModified":"2024-01-16T10:02:07+00:00","description":"ZEHNDER LUNA S125 difuzorius - prietaisas skirtas u\u017etikrinti j\u016bs\u0173 nam\u0173 auk\u0161\u010diausi\u0105 mikroklimato komfort\u0105.","breadcrumb":{"@id":"https:\/\/parduotuve.kondena.lt\/produktai\/zehnder-luna-s125-difuzorius\/#breadcrumb"},"inLanguage":"en-US","potentialAction":[{"@type":"ReadAction","target":["https:\/\/parduotuve.kondena.lt\/produktai\/zehnder-luna-s125-difuzorius\/"]}]},{"@type":"BreadcrumbList","@id":"https:\/\/parduotuve.kondena.lt\/produktai\/zehnder-luna-s125-difuzorius\/#breadcrumb","itemListElement":[{"@type":"ListItem","position":1,"name":"Parduotuv\u0117","item":"https:\/\/parduotuve.kondena.lt\/parduotuve\/"},{"@type":"ListItem","position":2,"name":"ZEHNDER LUNA S125 difuzorius"}]},{"@type":"WebSite","@id":"https:\/\/parduotuve.kondena.lt\/#website","url":"https:\/\/parduotuve.kondena.lt\/","name":"Kondena","description":"Kol kas tik dar vienas WordPress tinklalapis","potentialAction":[{"@type":"SearchAction","target":{"@type":"EntryPoint","urlTemplate":"https:\/\/parduotuve.kondena.lt\/?s={search_term_string}"},"query-input":"required name=search_term_string"}],"inLanguage":"en-US"}]}},"_links":{"self":[{"href":"https:\/\/parduotuve.kondena.lt\/en\/wp-json\/wp\/v2\/product\/13825","targetHints":{"allow":["GET"]}}],"collection":[{"href":"https:\/\/parduotuve.kondena.lt\/en\/wp-json\/wp\/v2\/product"}],"about":[{"href":"https:\/\/parduotuve.kondena.lt\/en\/wp-json\/wp\/v2\/types\/product"}],"replies":[{"embeddable":true,"href":"https:\/\/parduotuve.kondena.lt\/en\/wp-json\/wp\/v2\/comments?post=13825"}],"wp:featuredmedia":[{"embeddable":true,"href":"https:\/\/parduotuve.kondena.lt\/en\/wp-json\/wp\/v2\/media\/13826"}],"wp:attachment":[{"href":"https:\/\/parduotuve.kondena.lt\/en\/wp-json\/wp\/v2\/media?parent=13825"}],"wp:term":[{"taxonomy":"product_cat","embeddable":true,"href":"https:\/\/parduotuve.kondena.lt\/en\/wp-json\/wp\/v2\/product_cat?post=13825"},{"taxonomy":"product_tag","embeddable":true,"href":"https:\/\/parduotuve.kondena.lt\/en\/wp-json\/wp\/v2\/product_tag?post=13825"}],"curies":[{"name":"wp","href":"https:\/\/api.w.org\/{rel}","templated":true}]}}