{"id":13822,"date":"2021-12-21T13:40:16","date_gmt":"2021-12-21T12:40:16","guid":{"rendered":"https:\/\/parduotuve.kondena.lt\/?post_type=product&#038;p=13822"},"modified":"2024-01-16T11:04:13","modified_gmt":"2024-01-16T10:04:13","slug":"haelix-round-tiekiamo-ir-salinamo-oro-difuzorius","status":"publish","type":"product","link":"https:\/\/parduotuve.kondena.lt\/en\/produktai\/haelix-round-tiekiamo-ir-salinamo-oro-difuzorius\/","title":{"rendered":"HAELIX ROUND tiekiamo ir \u0161alinamo oro difuzorius"},"content":{"rendered":"<p>HAELIX ROUND tiekiamo ir \u0161alinamo oro difuzorius<\/p>\n<p>Color:\u00a0<strong>baltas<\/strong>.<\/p>\n<p>Pajungimo diametras:\u00a0<strong>125 mm<\/strong>.<\/p>\n<p><img decoding=\"async\" src=\"https:\/\/www.rekuperatoriucentras.lt\/images\/Userfiles\/oro-padavimoistraukimo-difuzorius-haelix-round-d125-1-11.png\" alt=\"\" \/><\/p>\n<p><iframe loading=\"lazy\" title=\"Haelix - Elegant supply and extract valves\" width=\"895\" height=\"503\" src=\"https:\/\/www.youtube.com\/embed\/R0w9HrgBEsE?feature=oembed\" frameborder=\"0\" allow=\"accelerometer; autoplay; clipboard-write; encrypted-media; gyroscope; picture-in-picture; web-share\" allowfullscreen><\/iframe><\/p>\n<p>&nbsp;<\/p>","protected":false},"excerpt":{"rendered":"<p>Color:\u00a0<strong>baltas<\/strong>.<\/p>\n<p>Pajungimo diametras:\u00a0<strong>125 mm<\/strong>.<\/p>","protected":false},"featured_media":13823,"comment_status":"open","ping_status":"closed","template":"","meta":[],"product_cat":[141,189],"product_tag":[],"class_list":["post-13822","product","type-product","status-publish","has-post-thumbnail","hentry","product_cat-vedinimas","product_cat-difuzoriai"],"acf":[],"yoast_head":"<!-- This site is optimized with the Yoast SEO plugin v20.13 - https:\/\/yoast.com\/wordpress\/plugins\/seo\/ -->\n<title>HAELIX ROUND tiekiamo ir \u0161alinamo oro difuzorius - Kondena<\/title>\n<meta name=\"description\" content=\"HAELIX ROUND tiekiamo ir \u0161alinamo oro difuzorius - puikiai tinka kiekvienam interjero dizainui ir u\u017etikrina komforti\u0161k\u0105 mikroklimat\u0105 namuose.\" \/>\n<meta name=\"robots\" content=\"index, follow, max-snippet:-1, max-image-preview:large, max-video-preview:-1\" \/>\n<link rel=\"canonical\" href=\"https:\/\/parduotuve.kondena.lt\/en\/produktai\/haelix-round-tiekiamo-ir-salinamo-oro-difuzorius\/\" \/>\n<meta property=\"og:locale\" content=\"en_US\" \/>\n<meta property=\"og:type\" content=\"article\" \/>\n<meta property=\"og:title\" content=\"HAELIX ROUND tiekiamo ir \u0161alinamo oro difuzorius - Kondena\" \/>\n<meta property=\"og:description\" content=\"HAELIX ROUND tiekiamo ir \u0161alinamo oro difuzorius - puikiai tinka kiekvienam interjero dizainui ir u\u017etikrina komforti\u0161k\u0105 mikroklimat\u0105 namuose.\" \/>\n<meta property=\"og:url\" content=\"https:\/\/parduotuve.kondena.lt\/en\/produktai\/haelix-round-tiekiamo-ir-salinamo-oro-difuzorius\/\" \/>\n<meta property=\"og:site_name\" content=\"Kondena\" \/>\n<meta property=\"article:modified_time\" content=\"2024-01-16T10:04:13+00:00\" \/>\n<meta property=\"og:image\" content=\"https:\/\/parduotuve.kondena.lt\/wp-content\/uploads\/2021\/12\/0188060B-Haelix-Rondo-Ventiel-scaled-1.jpg\" \/>\n\t<meta property=\"og:image:width\" content=\"2560\" \/>\n\t<meta property=\"og:image:height\" content=\"2560\" \/>\n\t<meta property=\"og:image:type\" content=\"image\/jpeg\" \/>\n<meta name=\"twitter:card\" content=\"summary_large_image\" \/>\n<meta name=\"twitter:label1\" content=\"Est. reading time\" \/>\n\t<meta name=\"twitter:data1\" content=\"1 minute\" \/>\n<script type=\"application\/ld+json\" class=\"yoast-schema-graph\">{\"@context\":\"https:\/\/schema.org\",\"@graph\":[{\"@type\":\"WebPage\",\"@id\":\"https:\/\/parduotuve.kondena.lt\/produktai\/haelix-round-tiekiamo-ir-salinamo-oro-difuzorius\/\",\"url\":\"https:\/\/parduotuve.kondena.lt\/produktai\/haelix-round-tiekiamo-ir-salinamo-oro-difuzorius\/\",\"name\":\"HAELIX ROUND tiekiamo ir \u0161alinamo oro difuzorius - Kondena\",\"isPartOf\":{\"@id\":\"https:\/\/parduotuve.kondena.lt\/#website\"},\"datePublished\":\"2021-12-21T12:40:16+00:00\",\"dateModified\":\"2024-01-16T10:04:13+00:00\",\"description\":\"HAELIX ROUND tiekiamo ir \u0161alinamo oro difuzorius - puikiai tinka kiekvienam interjero dizainui ir u\u017etikrina komforti\u0161k\u0105 mikroklimat\u0105 namuose.\",\"breadcrumb\":{\"@id\":\"https:\/\/parduotuve.kondena.lt\/produktai\/haelix-round-tiekiamo-ir-salinamo-oro-difuzorius\/#breadcrumb\"},\"inLanguage\":\"en-US\",\"potentialAction\":[{\"@type\":\"ReadAction\",\"target\":[\"https:\/\/parduotuve.kondena.lt\/produktai\/haelix-round-tiekiamo-ir-salinamo-oro-difuzorius\/\"]}]},{\"@type\":\"BreadcrumbList\",\"@id\":\"https:\/\/parduotuve.kondena.lt\/produktai\/haelix-round-tiekiamo-ir-salinamo-oro-difuzorius\/#breadcrumb\",\"itemListElement\":[{\"@type\":\"ListItem\",\"position\":1,\"name\":\"Parduotuv\u0117\",\"item\":\"https:\/\/parduotuve.kondena.lt\/parduotuve\/\"},{\"@type\":\"ListItem\",\"position\":2,\"name\":\"HAELIX ROUND tiekiamo ir \u0161alinamo oro difuzorius\"}]},{\"@type\":\"WebSite\",\"@id\":\"https:\/\/parduotuve.kondena.lt\/#website\",\"url\":\"https:\/\/parduotuve.kondena.lt\/\",\"name\":\"Kondena\",\"description\":\"Kol kas tik dar vienas WordPress tinklalapis\",\"potentialAction\":[{\"@type\":\"SearchAction\",\"target\":{\"@type\":\"EntryPoint\",\"urlTemplate\":\"https:\/\/parduotuve.kondena.lt\/?s={search_term_string}\"},\"query-input\":\"required name=search_term_string\"}],\"inLanguage\":\"en-US\"}]}<\/script>\n<!-- \/ Yoast SEO plugin. -->","yoast_head_json":{"title":"HAELIX ROUND tiekiamo ir \u0161alinamo oro difuzorius - Kondena","description":"HAELIX ROUND tiekiamo ir \u0161alinamo oro difuzorius - puikiai tinka kiekvienam interjero dizainui ir u\u017etikrina komforti\u0161k\u0105 mikroklimat\u0105 namuose.","robots":{"index":"index","follow":"follow","max-snippet":"max-snippet:-1","max-image-preview":"max-image-preview:large","max-video-preview":"max-video-preview:-1"},"canonical":"https:\/\/parduotuve.kondena.lt\/en\/produktai\/haelix-round-tiekiamo-ir-salinamo-oro-difuzorius\/","og_locale":"en_US","og_type":"article","og_title":"HAELIX ROUND tiekiamo ir \u0161alinamo oro difuzorius - Kondena","og_description":"HAELIX ROUND tiekiamo ir \u0161alinamo oro difuzorius - puikiai tinka kiekvienam interjero dizainui ir u\u017etikrina komforti\u0161k\u0105 mikroklimat\u0105 namuose.","og_url":"https:\/\/parduotuve.kondena.lt\/en\/produktai\/haelix-round-tiekiamo-ir-salinamo-oro-difuzorius\/","og_site_name":"Kondena","article_modified_time":"2024-01-16T10:04:13+00:00","og_image":[{"width":2560,"height":2560,"url":"https:\/\/parduotuve.kondena.lt\/wp-content\/uploads\/2021\/12\/0188060B-Haelix-Rondo-Ventiel-scaled-1.jpg","type":"image\/jpeg"}],"twitter_card":"summary_large_image","twitter_misc":{"Est. reading time":"1 minute"},"schema":{"@context":"https:\/\/schema.org","@graph":[{"@type":"WebPage","@id":"https:\/\/parduotuve.kondena.lt\/produktai\/haelix-round-tiekiamo-ir-salinamo-oro-difuzorius\/","url":"https:\/\/parduotuve.kondena.lt\/produktai\/haelix-round-tiekiamo-ir-salinamo-oro-difuzorius\/","name":"HAELIX ROUND tiekiamo ir \u0161alinamo oro difuzorius - Kondena","isPartOf":{"@id":"https:\/\/parduotuve.kondena.lt\/#website"},"datePublished":"2021-12-21T12:40:16+00:00","dateModified":"2024-01-16T10:04:13+00:00","description":"HAELIX ROUND tiekiamo ir \u0161alinamo oro difuzorius - puikiai tinka kiekvienam interjero dizainui ir u\u017etikrina komforti\u0161k\u0105 mikroklimat\u0105 namuose.","breadcrumb":{"@id":"https:\/\/parduotuve.kondena.lt\/produktai\/haelix-round-tiekiamo-ir-salinamo-oro-difuzorius\/#breadcrumb"},"inLanguage":"en-US","potentialAction":[{"@type":"ReadAction","target":["https:\/\/parduotuve.kondena.lt\/produktai\/haelix-round-tiekiamo-ir-salinamo-oro-difuzorius\/"]}]},{"@type":"BreadcrumbList","@id":"https:\/\/parduotuve.kondena.lt\/produktai\/haelix-round-tiekiamo-ir-salinamo-oro-difuzorius\/#breadcrumb","itemListElement":[{"@type":"ListItem","position":1,"name":"Parduotuv\u0117","item":"https:\/\/parduotuve.kondena.lt\/parduotuve\/"},{"@type":"ListItem","position":2,"name":"HAELIX ROUND tiekiamo ir \u0161alinamo oro difuzorius"}]},{"@type":"WebSite","@id":"https:\/\/parduotuve.kondena.lt\/#website","url":"https:\/\/parduotuve.kondena.lt\/","name":"Kondena","description":"Kol kas tik dar vienas WordPress tinklalapis","potentialAction":[{"@type":"SearchAction","target":{"@type":"EntryPoint","urlTemplate":"https:\/\/parduotuve.kondena.lt\/?s={search_term_string}"},"query-input":"required name=search_term_string"}],"inLanguage":"en-US"}]}},"_links":{"self":[{"href":"https:\/\/parduotuve.kondena.lt\/en\/wp-json\/wp\/v2\/product\/13822","targetHints":{"allow":["GET"]}}],"collection":[{"href":"https:\/\/parduotuve.kondena.lt\/en\/wp-json\/wp\/v2\/product"}],"about":[{"href":"https:\/\/parduotuve.kondena.lt\/en\/wp-json\/wp\/v2\/types\/product"}],"replies":[{"embeddable":true,"href":"https:\/\/parduotuve.kondena.lt\/en\/wp-json\/wp\/v2\/comments?post=13822"}],"wp:featuredmedia":[{"embeddable":true,"href":"https:\/\/parduotuve.kondena.lt\/en\/wp-json\/wp\/v2\/media\/13823"}],"wp:attachment":[{"href":"https:\/\/parduotuve.kondena.lt\/en\/wp-json\/wp\/v2\/media?parent=13822"}],"wp:term":[{"taxonomy":"product_cat","embeddable":true,"href":"https:\/\/parduotuve.kondena.lt\/en\/wp-json\/wp\/v2\/product_cat?post=13822"},{"taxonomy":"product_tag","embeddable":true,"href":"https:\/\/parduotuve.kondena.lt\/en\/wp-json\/wp\/v2\/product_tag?post=13822"}],"curies":[{"name":"wp","href":"https:\/\/api.w.org\/{rel}","templated":true}]}}