{"id":13777,"date":"2021-12-20T15:13:47","date_gmt":"2021-12-20T14:13:47","guid":{"rendered":"https:\/\/parduotuve.kondena.lt\/?post_type=product&#038;p=13777"},"modified":"2021-12-20T15:14:52","modified_gmt":"2021-12-20T14:14:52","slug":"lauko-stogelis-viengubas-tamsiai-pilkas","status":"publish","type":"product","link":"https:\/\/parduotuve.kondena.lt\/en\/produktai\/lauko-stogelis-viengubas-tamsiai-pilkas\/","title":{"rendered":"Lauko stogelis viengubas (tamsiai pilkas)"},"content":{"rendered":"<p><strong>Lauko stogelis viengubas (tamsiai pilkas)<\/strong><\/p>\n<p>Lauko grotel\u0117s oro \u012fsiurbimui ar i\u0161metimui per fasad\u0105, ner\u016bdijan\u010dio plieno,\u00a0<strong>tamsiai pilkos<\/strong>\u00a0<strong>(RAL7016).<\/strong><\/p>\n<p>Galimos ir kitos spalvos i\u0161 RAL palet\u0117s. D\u0117l kitos spalvos kainos kreiptis el. pa\u0161tu: info@kondena.lt<\/p>\n<p>I\u0161matavimai:<\/p>\n<ul>\n<li>ilgis 24 cm;<\/li>\n<li>auk\u0161tis 23 cm;<\/li>\n<li>plotis 8 cm.<\/li>\n<\/ul>","protected":false},"excerpt":{"rendered":"<p>I\u0161matavimai:<\/p>\n<ul>\n<li>ilgis 24 cm;<\/li>\n<li>auk\u0161tis 23 cm;<\/li>\n<li>plotis 8 cm.<\/li>\n<\/ul>","protected":false},"featured_media":13786,"comment_status":"open","ping_status":"closed","template":"","meta":[],"product_cat":[141,310],"product_tag":[],"class_list":["post-13777","product","type-product","status-publish","has-post-thumbnail","hentry","product_cat-vedinimas","product_cat-lauko-stogeliai"],"acf":[],"yoast_head":"<!-- This site is optimized with the Yoast SEO plugin v20.13 - https:\/\/yoast.com\/wordpress\/plugins\/seo\/ -->\n<title>Lauko stogelis viengubas (tamsiai pilkas) - Kondena<\/title>\n<meta name=\"description\" content=\"Lauko stogelis viengubas (tamsiai pilkas) - skirtos oro \u012fsiurbimui ar i\u0161metimui per fasad\u0105, ner\u016bdijan\u010dio plieno.\" \/>\n<meta name=\"robots\" content=\"index, follow, max-snippet:-1, max-image-preview:large, max-video-preview:-1\" \/>\n<link rel=\"canonical\" href=\"https:\/\/parduotuve.kondena.lt\/en\/produktai\/lauko-stogelis-viengubas-tamsiai-pilkas\/\" \/>\n<meta property=\"og:locale\" content=\"en_US\" \/>\n<meta property=\"og:type\" content=\"article\" \/>\n<meta property=\"og:title\" content=\"Lauko stogelis viengubas (tamsiai pilkas) - Kondena\" \/>\n<meta property=\"og:description\" content=\"Lauko stogelis viengubas (tamsiai pilkas) - skirtos oro \u012fsiurbimui ar i\u0161metimui per fasad\u0105, ner\u016bdijan\u010dio plieno.\" \/>\n<meta property=\"og:url\" content=\"https:\/\/parduotuve.kondena.lt\/en\/produktai\/lauko-stogelis-viengubas-tamsiai-pilkas\/\" \/>\n<meta property=\"og:site_name\" content=\"Kondena\" \/>\n<meta property=\"article:modified_time\" content=\"2021-12-20T14:14:52+00:00\" \/>\n<meta property=\"og:image\" content=\"https:\/\/parduotuve.kondena.lt\/wp-content\/uploads\/2021\/12\/lauko-stogelis-viengubas-tamsiai-pilkas-1.jpg\" \/>\n\t<meta property=\"og:image:width\" content=\"914\" \/>\n\t<meta property=\"og:image:height\" content=\"914\" \/>\n\t<meta property=\"og:image:type\" content=\"image\/jpeg\" \/>\n<meta name=\"twitter:card\" content=\"summary_large_image\" \/>\n<meta name=\"twitter:label1\" content=\"Est. reading time\" \/>\n\t<meta name=\"twitter:data1\" content=\"1 minute\" \/>\n<script type=\"application\/ld+json\" class=\"yoast-schema-graph\">{\"@context\":\"https:\/\/schema.org\",\"@graph\":[{\"@type\":\"WebPage\",\"@id\":\"https:\/\/parduotuve.kondena.lt\/en\/produktai\/lauko-stogelis-viengubas-tamsiai-pilkas\/\",\"url\":\"https:\/\/parduotuve.kondena.lt\/en\/produktai\/lauko-stogelis-viengubas-tamsiai-pilkas\/\",\"name\":\"Lauko stogelis viengubas (tamsiai pilkas) - Kondena\",\"isPartOf\":{\"@id\":\"https:\/\/parduotuve.kondena.lt\/#website\"},\"datePublished\":\"2021-12-20T14:13:47+00:00\",\"dateModified\":\"2021-12-20T14:14:52+00:00\",\"description\":\"Lauko stogelis viengubas (tamsiai pilkas) - skirtos oro \u012fsiurbimui ar i\u0161metimui per fasad\u0105, ner\u016bdijan\u010dio plieno.\",\"breadcrumb\":{\"@id\":\"https:\/\/parduotuve.kondena.lt\/en\/produktai\/lauko-stogelis-viengubas-tamsiai-pilkas\/#breadcrumb\"},\"inLanguage\":\"en-US\",\"potentialAction\":[{\"@type\":\"ReadAction\",\"target\":[\"https:\/\/parduotuve.kondena.lt\/en\/produktai\/lauko-stogelis-viengubas-tamsiai-pilkas\/\"]}]},{\"@type\":\"BreadcrumbList\",\"@id\":\"https:\/\/parduotuve.kondena.lt\/en\/produktai\/lauko-stogelis-viengubas-tamsiai-pilkas\/#breadcrumb\",\"itemListElement\":[{\"@type\":\"ListItem\",\"position\":1,\"name\":\"Parduotuv\u0117\",\"item\":\"https:\/\/parduotuve.kondena.lt\/parduotuve\/\"},{\"@type\":\"ListItem\",\"position\":2,\"name\":\"Lauko stogelis viengubas (tamsiai pilkas)\"}]},{\"@type\":\"WebSite\",\"@id\":\"https:\/\/parduotuve.kondena.lt\/#website\",\"url\":\"https:\/\/parduotuve.kondena.lt\/\",\"name\":\"Kondena\",\"description\":\"Kol kas tik dar vienas WordPress tinklalapis\",\"potentialAction\":[{\"@type\":\"SearchAction\",\"target\":{\"@type\":\"EntryPoint\",\"urlTemplate\":\"https:\/\/parduotuve.kondena.lt\/?s={search_term_string}\"},\"query-input\":\"required name=search_term_string\"}],\"inLanguage\":\"en-US\"}]}<\/script>\n<!-- \/ Yoast SEO plugin. -->","yoast_head_json":{"title":"Lauko stogelis viengubas (tamsiai pilkas) - Kondena","description":"Lauko stogelis viengubas (tamsiai pilkas) - skirtos oro \u012fsiurbimui ar i\u0161metimui per fasad\u0105, ner\u016bdijan\u010dio plieno.","robots":{"index":"index","follow":"follow","max-snippet":"max-snippet:-1","max-image-preview":"max-image-preview:large","max-video-preview":"max-video-preview:-1"},"canonical":"https:\/\/parduotuve.kondena.lt\/en\/produktai\/lauko-stogelis-viengubas-tamsiai-pilkas\/","og_locale":"en_US","og_type":"article","og_title":"Lauko stogelis viengubas (tamsiai pilkas) - Kondena","og_description":"Lauko stogelis viengubas (tamsiai pilkas) - skirtos oro \u012fsiurbimui ar i\u0161metimui per fasad\u0105, ner\u016bdijan\u010dio plieno.","og_url":"https:\/\/parduotuve.kondena.lt\/en\/produktai\/lauko-stogelis-viengubas-tamsiai-pilkas\/","og_site_name":"Kondena","article_modified_time":"2021-12-20T14:14:52+00:00","og_image":[{"width":914,"height":914,"url":"https:\/\/parduotuve.kondena.lt\/wp-content\/uploads\/2021\/12\/lauko-stogelis-viengubas-tamsiai-pilkas-1.jpg","type":"image\/jpeg"}],"twitter_card":"summary_large_image","twitter_misc":{"Est. reading time":"1 minute"},"schema":{"@context":"https:\/\/schema.org","@graph":[{"@type":"WebPage","@id":"https:\/\/parduotuve.kondena.lt\/en\/produktai\/lauko-stogelis-viengubas-tamsiai-pilkas\/","url":"https:\/\/parduotuve.kondena.lt\/en\/produktai\/lauko-stogelis-viengubas-tamsiai-pilkas\/","name":"Lauko stogelis viengubas (tamsiai pilkas) - Kondena","isPartOf":{"@id":"https:\/\/parduotuve.kondena.lt\/#website"},"datePublished":"2021-12-20T14:13:47+00:00","dateModified":"2021-12-20T14:14:52+00:00","description":"Lauko stogelis viengubas (tamsiai pilkas) - skirtos oro \u012fsiurbimui ar i\u0161metimui per fasad\u0105, ner\u016bdijan\u010dio plieno.","breadcrumb":{"@id":"https:\/\/parduotuve.kondena.lt\/en\/produktai\/lauko-stogelis-viengubas-tamsiai-pilkas\/#breadcrumb"},"inLanguage":"en-US","potentialAction":[{"@type":"ReadAction","target":["https:\/\/parduotuve.kondena.lt\/en\/produktai\/lauko-stogelis-viengubas-tamsiai-pilkas\/"]}]},{"@type":"BreadcrumbList","@id":"https:\/\/parduotuve.kondena.lt\/en\/produktai\/lauko-stogelis-viengubas-tamsiai-pilkas\/#breadcrumb","itemListElement":[{"@type":"ListItem","position":1,"name":"Parduotuv\u0117","item":"https:\/\/parduotuve.kondena.lt\/parduotuve\/"},{"@type":"ListItem","position":2,"name":"Lauko stogelis viengubas (tamsiai pilkas)"}]},{"@type":"WebSite","@id":"https:\/\/parduotuve.kondena.lt\/#website","url":"https:\/\/parduotuve.kondena.lt\/","name":"Kondena","description":"Kol kas tik dar vienas WordPress tinklalapis","potentialAction":[{"@type":"SearchAction","target":{"@type":"EntryPoint","urlTemplate":"https:\/\/parduotuve.kondena.lt\/?s={search_term_string}"},"query-input":"required name=search_term_string"}],"inLanguage":"en-US"}]}},"_links":{"self":[{"href":"https:\/\/parduotuve.kondena.lt\/en\/wp-json\/wp\/v2\/product\/13777","targetHints":{"allow":["GET"]}}],"collection":[{"href":"https:\/\/parduotuve.kondena.lt\/en\/wp-json\/wp\/v2\/product"}],"about":[{"href":"https:\/\/parduotuve.kondena.lt\/en\/wp-json\/wp\/v2\/types\/product"}],"replies":[{"embeddable":true,"href":"https:\/\/parduotuve.kondena.lt\/en\/wp-json\/wp\/v2\/comments?post=13777"}],"wp:featuredmedia":[{"embeddable":true,"href":"https:\/\/parduotuve.kondena.lt\/en\/wp-json\/wp\/v2\/media\/13786"}],"wp:attachment":[{"href":"https:\/\/parduotuve.kondena.lt\/en\/wp-json\/wp\/v2\/media?parent=13777"}],"wp:term":[{"taxonomy":"product_cat","embeddable":true,"href":"https:\/\/parduotuve.kondena.lt\/en\/wp-json\/wp\/v2\/product_cat?post=13777"},{"taxonomy":"product_tag","embeddable":true,"href":"https:\/\/parduotuve.kondena.lt\/en\/wp-json\/wp\/v2\/product_tag?post=13777"}],"curies":[{"name":"wp","href":"https:\/\/api.w.org\/{rel}","templated":true}]}}