{"id":13758,"date":"2021-12-20T14:38:56","date_gmt":"2021-12-20T13:38:56","guid":{"rendered":"https:\/\/parduotuve.kondena.lt\/?post_type=product&#038;p=13758"},"modified":"2024-08-28T12:46:20","modified_gmt":"2024-08-28T11:46:20","slug":"plysinis-difuzorius-dpg10","status":"publish","type":"product","link":"https:\/\/parduotuve.kondena.lt\/en\/produktai\/plysinis-difuzorius-dpg10\/","title":{"rendered":"Ply\u0161inis difuzorius DPG10"},"content":{"rendered":"<p>Ply\u0161inis difuzorius DPG10 &#8211; tinkamas tiek oro padavimui, tiek ir oro i\u0161traukimui. \u0160ie difuzoriai nereguliuojami, nominalus vienetas.<\/p>\n<p><strong>Komplekt\u0105 sudaro: difuzorius, paskirstymo d\u0117\u017e\u0117, at\u0161aka ortakio pajungimui (1vnt).<br \/>\n<\/strong><\/p>\n<p>Ply\u0161inis priglaistomas difuzorius\u00a0<strong>suitable for air supply and extraction<\/strong>. \u0160ie difuzoriai\u00a0<strong>nereguliuojami<\/strong>, nominalus vienas pajungimo elementas. Bendra informacija:<\/p>\n<p><img loading=\"lazy\" decoding=\"async\" class=\"\" src=\"https:\/\/www.rekuperatoriucentras.lt\/images\/Userfiles\/Untitled31.png\" width=\"1187\" height=\"579\" \/><\/p>","protected":false},"excerpt":{"rendered":"<p>MATMENYS 10x1000MM NOMINALUS ORO KIEKIS 60 M3\/H<\/p>\n<p><strong>Komplekt\u0105 sudaro: difuzorius, paskirstymo d\u0117\u017e\u0117, at\u0161aka ortakio pajungimui (1vnt).<br \/>\n<\/strong><\/p>\n<p>Ply\u0161inis priglaistomas difuzorius\u00a0<strong>suitable for air supply and extraction<\/strong>.<\/p>","protected":false},"featured_media":11456,"comment_status":"open","ping_status":"closed","template":"","meta":[],"product_cat":[141,189,192],"product_tag":[],"class_list":["post-13758","product","type-product","status-publish","has-post-thumbnail","hentry","product_cat-vedinimas","product_cat-difuzoriai","product_cat-plysiniai-oro-difuzoriai"],"acf":[],"yoast_head":"<!-- This site is optimized with the Yoast SEO plugin v20.13 - https:\/\/yoast.com\/wordpress\/plugins\/seo\/ -->\n<title>Ply\u0161inis difuzorius DPG10 - Kondena<\/title>\n<meta name=\"description\" content=\"Ply\u0161inis difuzorius DPG10 - tinkamas tiek oro padavimui, tiek ir oro i\u0161traukimui. \u0160ie difuzoriai nereguliuojami, nominalus vienetas.\" \/>\n<meta name=\"robots\" content=\"index, follow, max-snippet:-1, max-image-preview:large, max-video-preview:-1\" \/>\n<link rel=\"canonical\" href=\"https:\/\/parduotuve.kondena.lt\/en\/produktai\/plysinis-difuzorius-dpg10\/\" \/>\n<meta property=\"og:locale\" content=\"en_US\" \/>\n<meta property=\"og:type\" content=\"article\" \/>\n<meta property=\"og:title\" content=\"Ply\u0161inis difuzorius DPG10 - Kondena\" \/>\n<meta property=\"og:description\" content=\"Ply\u0161inis difuzorius DPG10 - tinkamas tiek oro padavimui, tiek ir oro i\u0161traukimui. \u0160ie difuzoriai nereguliuojami, nominalus vienetas.\" \/>\n<meta property=\"og:url\" content=\"https:\/\/parduotuve.kondena.lt\/en\/produktai\/plysinis-difuzorius-dpg10\/\" \/>\n<meta property=\"og:site_name\" content=\"Kondena\" \/>\n<meta property=\"article:modified_time\" content=\"2024-08-28T11:46:20+00:00\" \/>\n<meta property=\"og:image\" content=\"https:\/\/parduotuve.kondena.lt\/wp-content\/uploads\/2021\/10\/plysinis-difuzorius-priglaistomas.png\" \/>\n\t<meta property=\"og:image:width\" content=\"673\" \/>\n\t<meta property=\"og:image:height\" content=\"540\" \/>\n\t<meta property=\"og:image:type\" content=\"image\/png\" \/>\n<meta name=\"twitter:card\" content=\"summary_large_image\" \/>\n<meta name=\"twitter:label1\" content=\"Est. reading time\" \/>\n\t<meta name=\"twitter:data1\" content=\"1 minute\" \/>\n<script type=\"application\/ld+json\" class=\"yoast-schema-graph\">{\"@context\":\"https:\/\/schema.org\",\"@graph\":[{\"@type\":\"WebPage\",\"@id\":\"https:\/\/parduotuve.kondena.lt\/produktai\/plysinis-difuzorius-dpg10\/\",\"url\":\"https:\/\/parduotuve.kondena.lt\/produktai\/plysinis-difuzorius-dpg10\/\",\"name\":\"Ply\u0161inis difuzorius DPG10 - Kondena\",\"isPartOf\":{\"@id\":\"https:\/\/parduotuve.kondena.lt\/#website\"},\"datePublished\":\"2021-12-20T13:38:56+00:00\",\"dateModified\":\"2024-08-28T11:46:20+00:00\",\"description\":\"Ply\u0161inis difuzorius DPG10 - tinkamas tiek oro padavimui, tiek ir oro i\u0161traukimui. \u0160ie difuzoriai nereguliuojami, nominalus vienetas.\",\"breadcrumb\":{\"@id\":\"https:\/\/parduotuve.kondena.lt\/produktai\/plysinis-difuzorius-dpg10\/#breadcrumb\"},\"inLanguage\":\"en-US\",\"potentialAction\":[{\"@type\":\"ReadAction\",\"target\":[\"https:\/\/parduotuve.kondena.lt\/produktai\/plysinis-difuzorius-dpg10\/\"]}]},{\"@type\":\"BreadcrumbList\",\"@id\":\"https:\/\/parduotuve.kondena.lt\/produktai\/plysinis-difuzorius-dpg10\/#breadcrumb\",\"itemListElement\":[{\"@type\":\"ListItem\",\"position\":1,\"name\":\"Parduotuv\u0117\",\"item\":\"https:\/\/parduotuve.kondena.lt\/parduotuve\/\"},{\"@type\":\"ListItem\",\"position\":2,\"name\":\"Ply\u0161inis difuzorius DPG10\"}]},{\"@type\":\"WebSite\",\"@id\":\"https:\/\/parduotuve.kondena.lt\/#website\",\"url\":\"https:\/\/parduotuve.kondena.lt\/\",\"name\":\"Kondena\",\"description\":\"Kol kas tik dar vienas WordPress tinklalapis\",\"potentialAction\":[{\"@type\":\"SearchAction\",\"target\":{\"@type\":\"EntryPoint\",\"urlTemplate\":\"https:\/\/parduotuve.kondena.lt\/?s={search_term_string}\"},\"query-input\":\"required name=search_term_string\"}],\"inLanguage\":\"en-US\"}]}<\/script>\n<!-- \/ Yoast SEO plugin. -->","yoast_head_json":{"title":"Ply\u0161inis difuzorius DPG10 - Kondena","description":"Ply\u0161inis difuzorius DPG10 - tinkamas tiek oro padavimui, tiek ir oro i\u0161traukimui. \u0160ie difuzoriai nereguliuojami, nominalus vienetas.","robots":{"index":"index","follow":"follow","max-snippet":"max-snippet:-1","max-image-preview":"max-image-preview:large","max-video-preview":"max-video-preview:-1"},"canonical":"https:\/\/parduotuve.kondena.lt\/en\/produktai\/plysinis-difuzorius-dpg10\/","og_locale":"en_US","og_type":"article","og_title":"Ply\u0161inis difuzorius DPG10 - Kondena","og_description":"Ply\u0161inis difuzorius DPG10 - tinkamas tiek oro padavimui, tiek ir oro i\u0161traukimui. \u0160ie difuzoriai nereguliuojami, nominalus vienetas.","og_url":"https:\/\/parduotuve.kondena.lt\/en\/produktai\/plysinis-difuzorius-dpg10\/","og_site_name":"Kondena","article_modified_time":"2024-08-28T11:46:20+00:00","og_image":[{"width":673,"height":540,"url":"https:\/\/parduotuve.kondena.lt\/wp-content\/uploads\/2021\/10\/plysinis-difuzorius-priglaistomas.png","type":"image\/png"}],"twitter_card":"summary_large_image","twitter_misc":{"Est. reading time":"1 minute"},"schema":{"@context":"https:\/\/schema.org","@graph":[{"@type":"WebPage","@id":"https:\/\/parduotuve.kondena.lt\/produktai\/plysinis-difuzorius-dpg10\/","url":"https:\/\/parduotuve.kondena.lt\/produktai\/plysinis-difuzorius-dpg10\/","name":"Ply\u0161inis difuzorius DPG10 - Kondena","isPartOf":{"@id":"https:\/\/parduotuve.kondena.lt\/#website"},"datePublished":"2021-12-20T13:38:56+00:00","dateModified":"2024-08-28T11:46:20+00:00","description":"Ply\u0161inis difuzorius DPG10 - tinkamas tiek oro padavimui, tiek ir oro i\u0161traukimui. \u0160ie difuzoriai nereguliuojami, nominalus vienetas.","breadcrumb":{"@id":"https:\/\/parduotuve.kondena.lt\/produktai\/plysinis-difuzorius-dpg10\/#breadcrumb"},"inLanguage":"en-US","potentialAction":[{"@type":"ReadAction","target":["https:\/\/parduotuve.kondena.lt\/produktai\/plysinis-difuzorius-dpg10\/"]}]},{"@type":"BreadcrumbList","@id":"https:\/\/parduotuve.kondena.lt\/produktai\/plysinis-difuzorius-dpg10\/#breadcrumb","itemListElement":[{"@type":"ListItem","position":1,"name":"Parduotuv\u0117","item":"https:\/\/parduotuve.kondena.lt\/parduotuve\/"},{"@type":"ListItem","position":2,"name":"Ply\u0161inis difuzorius DPG10"}]},{"@type":"WebSite","@id":"https:\/\/parduotuve.kondena.lt\/#website","url":"https:\/\/parduotuve.kondena.lt\/","name":"Kondena","description":"Kol kas tik dar vienas WordPress tinklalapis","potentialAction":[{"@type":"SearchAction","target":{"@type":"EntryPoint","urlTemplate":"https:\/\/parduotuve.kondena.lt\/?s={search_term_string}"},"query-input":"required name=search_term_string"}],"inLanguage":"en-US"}]}},"_links":{"self":[{"href":"https:\/\/parduotuve.kondena.lt\/en\/wp-json\/wp\/v2\/product\/13758","targetHints":{"allow":["GET"]}}],"collection":[{"href":"https:\/\/parduotuve.kondena.lt\/en\/wp-json\/wp\/v2\/product"}],"about":[{"href":"https:\/\/parduotuve.kondena.lt\/en\/wp-json\/wp\/v2\/types\/product"}],"replies":[{"embeddable":true,"href":"https:\/\/parduotuve.kondena.lt\/en\/wp-json\/wp\/v2\/comments?post=13758"}],"wp:featuredmedia":[{"embeddable":true,"href":"https:\/\/parduotuve.kondena.lt\/en\/wp-json\/wp\/v2\/media\/11456"}],"wp:attachment":[{"href":"https:\/\/parduotuve.kondena.lt\/en\/wp-json\/wp\/v2\/media?parent=13758"}],"wp:term":[{"taxonomy":"product_cat","embeddable":true,"href":"https:\/\/parduotuve.kondena.lt\/en\/wp-json\/wp\/v2\/product_cat?post=13758"},{"taxonomy":"product_tag","embeddable":true,"href":"https:\/\/parduotuve.kondena.lt\/en\/wp-json\/wp\/v2\/product_tag?post=13758"}],"curies":[{"name":"wp","href":"https:\/\/api.w.org\/{rel}","templated":true}]}}