{"id":13588,"date":"2021-12-13T14:03:32","date_gmt":"2021-12-13T13:03:32","guid":{"rendered":"https:\/\/parduotuve.kondena.lt\/?post_type=product&#038;p=13588"},"modified":"2024-01-16T11:18:30","modified_gmt":"2024-01-16T10:18:30","slug":"apvalus-difuzorius-dap-juodas","status":"publish","type":"product","link":"https:\/\/parduotuve.kondena.lt\/en\/produktai\/apvalus-difuzorius-dap-juodas\/","title":{"rendered":"Apvalus difuzorius DAP (juodas\/pilkas)"},"content":{"rendered":"<p>Apvalus difuzorius DAP (juodas)<\/p>\n<p>The round recessed diffuser with a thin fa\u00e7ade is suitable for air supply and extraction. The diffuser connection (diameter) is selected according to the amount of air. Possible connections 100 mm or 125 mm. Diffuser diameter 230 mm<\/p>\n<p><img decoding=\"async\" src=\"https:\/\/www.rekuperatoriucentras.lt\/images\/Userfiles\/dap.jpg\" alt=\"\" \/><\/p>\n<ul>\n<li>Diffuser inlet 63mm;<\/li>\n<li>Difuzorius i\u0161 lub\u0173 i\u0161lind\u0119s &#8211; 2mm;<\/li>\n<li>Spalva RAL9005;<\/li>\n<li>Teirautis d\u0117l prek\u0117s tiekimo termino.<\/li>\n<\/ul>","protected":false},"excerpt":{"rendered":"<p><strong>\u00a0Suitable for air supply and extraction<\/strong>.<\/p>\n<p>* The color can be chosen according to the RAL palette, the price is adjusted separately.<\/p>","protected":false},"featured_media":13815,"comment_status":"open","ping_status":"closed","template":"","meta":[],"product_cat":[141,189,190],"product_tag":[],"class_list":["post-13588","product","type-product","status-publish","has-post-thumbnail","hentry","product_cat-vedinimas","product_cat-difuzoriai","product_cat-apvalus-oro-difuzoriai"],"acf":[],"yoast_head":"<!-- This site is optimized with the Yoast SEO plugin v20.13 - https:\/\/yoast.com\/wordpress\/plugins\/seo\/ -->\n<title>Apvalus difuzorius DAP (juodas\/pilkas) - Kondena<\/title>\n<meta name=\"description\" content=\"Apvalus difuzorius DAP (juodas) tinkamas oro padavimui ir i\u0161traukimui. Difuzoriaus pajungimas pagal numatom\u0105 diametro oro kiek\u012f.\" \/>\n<meta name=\"robots\" content=\"index, follow, max-snippet:-1, max-image-preview:large, max-video-preview:-1\" \/>\n<link rel=\"canonical\" href=\"https:\/\/parduotuve.kondena.lt\/en\/produktai\/apvalus-difuzorius-dap-juodas\/\" \/>\n<meta property=\"og:locale\" content=\"en_US\" \/>\n<meta property=\"og:type\" content=\"article\" \/>\n<meta property=\"og:title\" content=\"Apvalus difuzorius DAP (juodas\/pilkas) - Kondena\" \/>\n<meta property=\"og:description\" content=\"Apvalus difuzorius DAP (juodas) tinkamas oro padavimui ir i\u0161traukimui. Difuzoriaus pajungimas pagal numatom\u0105 diametro oro kiek\u012f.\" \/>\n<meta property=\"og:url\" content=\"https:\/\/parduotuve.kondena.lt\/en\/produktai\/apvalus-difuzorius-dap-juodas\/\" \/>\n<meta property=\"og:site_name\" content=\"Kondena\" \/>\n<meta property=\"article:modified_time\" content=\"2024-01-16T10:18:30+00:00\" \/>\n<meta property=\"og:image\" content=\"https:\/\/parduotuve.kondena.lt\/wp-content\/uploads\/2021\/12\/DAP-juodas-2.jpg\" \/>\n\t<meta property=\"og:image:width\" content=\"1800\" \/>\n\t<meta property=\"og:image:height\" content=\"1861\" \/>\n\t<meta property=\"og:image:type\" content=\"image\/jpeg\" \/>\n<meta name=\"twitter:card\" content=\"summary_large_image\" \/>\n<meta name=\"twitter:label1\" content=\"Est. reading time\" \/>\n\t<meta name=\"twitter:data1\" content=\"1 minute\" \/>\n<script type=\"application\/ld+json\" class=\"yoast-schema-graph\">{\"@context\":\"https:\/\/schema.org\",\"@graph\":[{\"@type\":\"WebPage\",\"@id\":\"https:\/\/parduotuve.kondena.lt\/produktai\/apvalus-difuzorius-dap-juodas\/\",\"url\":\"https:\/\/parduotuve.kondena.lt\/produktai\/apvalus-difuzorius-dap-juodas\/\",\"name\":\"Apvalus difuzorius DAP (juodas\/pilkas) - Kondena\",\"isPartOf\":{\"@id\":\"https:\/\/parduotuve.kondena.lt\/#website\"},\"datePublished\":\"2021-12-13T13:03:32+00:00\",\"dateModified\":\"2024-01-16T10:18:30+00:00\",\"description\":\"Apvalus difuzorius DAP (juodas) tinkamas oro padavimui ir i\u0161traukimui. Difuzoriaus pajungimas pagal numatom\u0105 diametro oro kiek\u012f.\",\"breadcrumb\":{\"@id\":\"https:\/\/parduotuve.kondena.lt\/produktai\/apvalus-difuzorius-dap-juodas\/#breadcrumb\"},\"inLanguage\":\"en-US\",\"potentialAction\":[{\"@type\":\"ReadAction\",\"target\":[\"https:\/\/parduotuve.kondena.lt\/produktai\/apvalus-difuzorius-dap-juodas\/\"]}]},{\"@type\":\"BreadcrumbList\",\"@id\":\"https:\/\/parduotuve.kondena.lt\/produktai\/apvalus-difuzorius-dap-juodas\/#breadcrumb\",\"itemListElement\":[{\"@type\":\"ListItem\",\"position\":1,\"name\":\"Parduotuv\u0117\",\"item\":\"https:\/\/parduotuve.kondena.lt\/parduotuve\/\"},{\"@type\":\"ListItem\",\"position\":2,\"name\":\"Apvalus difuzorius DAP (juodas\/pilkas)\"}]},{\"@type\":\"WebSite\",\"@id\":\"https:\/\/parduotuve.kondena.lt\/#website\",\"url\":\"https:\/\/parduotuve.kondena.lt\/\",\"name\":\"Kondena\",\"description\":\"Kol kas tik dar vienas WordPress tinklalapis\",\"potentialAction\":[{\"@type\":\"SearchAction\",\"target\":{\"@type\":\"EntryPoint\",\"urlTemplate\":\"https:\/\/parduotuve.kondena.lt\/?s={search_term_string}\"},\"query-input\":\"required name=search_term_string\"}],\"inLanguage\":\"en-US\"}]}<\/script>\n<!-- \/ Yoast SEO plugin. -->","yoast_head_json":{"title":"Apvalus difuzorius DAP (juodas\/pilkas) - Kondena","description":"Apvalus difuzorius DAP (juodas) tinkamas oro padavimui ir i\u0161traukimui. Difuzoriaus pajungimas pagal numatom\u0105 diametro oro kiek\u012f.","robots":{"index":"index","follow":"follow","max-snippet":"max-snippet:-1","max-image-preview":"max-image-preview:large","max-video-preview":"max-video-preview:-1"},"canonical":"https:\/\/parduotuve.kondena.lt\/en\/produktai\/apvalus-difuzorius-dap-juodas\/","og_locale":"en_US","og_type":"article","og_title":"Apvalus difuzorius DAP (juodas\/pilkas) - Kondena","og_description":"Apvalus difuzorius DAP (juodas) tinkamas oro padavimui ir i\u0161traukimui. Difuzoriaus pajungimas pagal numatom\u0105 diametro oro kiek\u012f.","og_url":"https:\/\/parduotuve.kondena.lt\/en\/produktai\/apvalus-difuzorius-dap-juodas\/","og_site_name":"Kondena","article_modified_time":"2024-01-16T10:18:30+00:00","og_image":[{"width":1800,"height":1861,"url":"https:\/\/parduotuve.kondena.lt\/wp-content\/uploads\/2021\/12\/DAP-juodas-2.jpg","type":"image\/jpeg"}],"twitter_card":"summary_large_image","twitter_misc":{"Est. reading time":"1 minute"},"schema":{"@context":"https:\/\/schema.org","@graph":[{"@type":"WebPage","@id":"https:\/\/parduotuve.kondena.lt\/produktai\/apvalus-difuzorius-dap-juodas\/","url":"https:\/\/parduotuve.kondena.lt\/produktai\/apvalus-difuzorius-dap-juodas\/","name":"Apvalus difuzorius DAP (juodas\/pilkas) - Kondena","isPartOf":{"@id":"https:\/\/parduotuve.kondena.lt\/#website"},"datePublished":"2021-12-13T13:03:32+00:00","dateModified":"2024-01-16T10:18:30+00:00","description":"Apvalus difuzorius DAP (juodas) tinkamas oro padavimui ir i\u0161traukimui. Difuzoriaus pajungimas pagal numatom\u0105 diametro oro kiek\u012f.","breadcrumb":{"@id":"https:\/\/parduotuve.kondena.lt\/produktai\/apvalus-difuzorius-dap-juodas\/#breadcrumb"},"inLanguage":"en-US","potentialAction":[{"@type":"ReadAction","target":["https:\/\/parduotuve.kondena.lt\/produktai\/apvalus-difuzorius-dap-juodas\/"]}]},{"@type":"BreadcrumbList","@id":"https:\/\/parduotuve.kondena.lt\/produktai\/apvalus-difuzorius-dap-juodas\/#breadcrumb","itemListElement":[{"@type":"ListItem","position":1,"name":"Parduotuv\u0117","item":"https:\/\/parduotuve.kondena.lt\/parduotuve\/"},{"@type":"ListItem","position":2,"name":"Apvalus difuzorius DAP (juodas\/pilkas)"}]},{"@type":"WebSite","@id":"https:\/\/parduotuve.kondena.lt\/#website","url":"https:\/\/parduotuve.kondena.lt\/","name":"Kondena","description":"Kol kas tik dar vienas WordPress tinklalapis","potentialAction":[{"@type":"SearchAction","target":{"@type":"EntryPoint","urlTemplate":"https:\/\/parduotuve.kondena.lt\/?s={search_term_string}"},"query-input":"required name=search_term_string"}],"inLanguage":"en-US"}]}},"_links":{"self":[{"href":"https:\/\/parduotuve.kondena.lt\/en\/wp-json\/wp\/v2\/product\/13588","targetHints":{"allow":["GET"]}}],"collection":[{"href":"https:\/\/parduotuve.kondena.lt\/en\/wp-json\/wp\/v2\/product"}],"about":[{"href":"https:\/\/parduotuve.kondena.lt\/en\/wp-json\/wp\/v2\/types\/product"}],"replies":[{"embeddable":true,"href":"https:\/\/parduotuve.kondena.lt\/en\/wp-json\/wp\/v2\/comments?post=13588"}],"wp:featuredmedia":[{"embeddable":true,"href":"https:\/\/parduotuve.kondena.lt\/en\/wp-json\/wp\/v2\/media\/13815"}],"wp:attachment":[{"href":"https:\/\/parduotuve.kondena.lt\/en\/wp-json\/wp\/v2\/media?parent=13588"}],"wp:term":[{"taxonomy":"product_cat","embeddable":true,"href":"https:\/\/parduotuve.kondena.lt\/en\/wp-json\/wp\/v2\/product_cat?post=13588"},{"taxonomy":"product_tag","embeddable":true,"href":"https:\/\/parduotuve.kondena.lt\/en\/wp-json\/wp\/v2\/product_tag?post=13588"}],"curies":[{"name":"wp","href":"https:\/\/api.w.org\/{rel}","templated":true}]}}