{"id":13578,"date":"2021-12-13T10:48:46","date_gmt":"2021-12-13T09:48:46","guid":{"rendered":"https:\/\/parduotuve.kondena.lt\/?post_type=product&#038;p=13578"},"modified":"2024-01-16T11:25:59","modified_gmt":"2024-01-16T10:25:59","slug":"salinamo-oro-difuzorius-dvs","status":"publish","type":"product","link":"https:\/\/parduotuve.kondena.lt\/en\/produktai\/salinamo-oro-difuzorius-dvs\/","title":{"rendered":"Exhaust air diffuser DVS"},"content":{"rendered":"<p>Exhaust air diffuser DVS - steel diffusers for air discharge. The diffusers are painted white. Comes with a retaining ring.<\/p>","protected":false},"excerpt":{"rendered":"<p>Exhaust air diffuser DVS - steel diffusers for air discharge. The diffusers are painted white. Comes with a retaining ring.<\/p>","protected":false},"featured_media":13580,"comment_status":"open","ping_status":"closed","template":"","meta":[],"product_cat":[189,190],"product_tag":[],"class_list":["post-13578","product","type-product","status-publish","has-post-thumbnail","hentry","product_cat-difuzoriai","product_cat-apvalus-oro-difuzoriai"],"acf":[],"yoast_head":"<!-- This site is optimized with the Yoast SEO plugin v20.13 - https:\/\/yoast.com\/wordpress\/plugins\/seo\/ -->\n<title>\u0160alinamo oro difuzorius DVS - Kondena<\/title>\n<meta name=\"description\" content=\"\u0160alinamo oro difuzorius DVS - plieniniai difuzoriai skirti oro i\u0161leidimui. Difuzoriai da\u017eyti baltai. Komplektuojami su tvirtinimo \u017eiedu.\" \/>\n<meta name=\"robots\" content=\"index, follow, max-snippet:-1, max-image-preview:large, max-video-preview:-1\" \/>\n<link rel=\"canonical\" href=\"https:\/\/parduotuve.kondena.lt\/en\/produktai\/salinamo-oro-difuzorius-dvs\/\" \/>\n<meta property=\"og:locale\" content=\"en_US\" \/>\n<meta property=\"og:type\" content=\"article\" \/>\n<meta property=\"og:title\" content=\"\u0160alinamo oro difuzorius DVS - Kondena\" \/>\n<meta property=\"og:description\" content=\"\u0160alinamo oro difuzorius DVS - plieniniai difuzoriai skirti oro i\u0161leidimui. Difuzoriai da\u017eyti baltai. Komplektuojami su tvirtinimo \u017eiedu.\" \/>\n<meta property=\"og:url\" content=\"https:\/\/parduotuve.kondena.lt\/en\/produktai\/salinamo-oro-difuzorius-dvs\/\" \/>\n<meta property=\"og:site_name\" content=\"Kondena\" \/>\n<meta property=\"article:modified_time\" content=\"2024-01-16T10:25:59+00:00\" \/>\n<meta property=\"og:image\" content=\"https:\/\/parduotuve.kondena.lt\/wp-content\/uploads\/2021\/12\/0326162_metalinis-difuzorius-oro-istraukimui-dvs125-5901560513267_550.jpeg\" \/>\n\t<meta property=\"og:image:width\" content=\"550\" \/>\n\t<meta property=\"og:image:height\" content=\"440\" \/>\n\t<meta property=\"og:image:type\" content=\"image\/jpeg\" \/>\n<meta name=\"twitter:card\" content=\"summary_large_image\" \/>\n<meta name=\"twitter:label1\" content=\"Est. reading time\" \/>\n\t<meta name=\"twitter:data1\" content=\"1 minute\" \/>\n<script type=\"application\/ld+json\" class=\"yoast-schema-graph\">{\"@context\":\"https:\/\/schema.org\",\"@graph\":[{\"@type\":\"WebPage\",\"@id\":\"https:\/\/parduotuve.kondena.lt\/produktai\/salinamo-oro-difuzorius-dvs\/\",\"url\":\"https:\/\/parduotuve.kondena.lt\/produktai\/salinamo-oro-difuzorius-dvs\/\",\"name\":\"\u0160alinamo oro difuzorius DVS - Kondena\",\"isPartOf\":{\"@id\":\"https:\/\/parduotuve.kondena.lt\/#website\"},\"datePublished\":\"2021-12-13T09:48:46+00:00\",\"dateModified\":\"2024-01-16T10:25:59+00:00\",\"description\":\"\u0160alinamo oro difuzorius DVS - plieniniai difuzoriai skirti oro i\u0161leidimui. Difuzoriai da\u017eyti baltai. Komplektuojami su tvirtinimo \u017eiedu.\",\"breadcrumb\":{\"@id\":\"https:\/\/parduotuve.kondena.lt\/produktai\/salinamo-oro-difuzorius-dvs\/#breadcrumb\"},\"inLanguage\":\"en-US\",\"potentialAction\":[{\"@type\":\"ReadAction\",\"target\":[\"https:\/\/parduotuve.kondena.lt\/produktai\/salinamo-oro-difuzorius-dvs\/\"]}]},{\"@type\":\"BreadcrumbList\",\"@id\":\"https:\/\/parduotuve.kondena.lt\/produktai\/salinamo-oro-difuzorius-dvs\/#breadcrumb\",\"itemListElement\":[{\"@type\":\"ListItem\",\"position\":1,\"name\":\"Parduotuv\u0117\",\"item\":\"https:\/\/parduotuve.kondena.lt\/parduotuve\/\"},{\"@type\":\"ListItem\",\"position\":2,\"name\":\"\u0160alinamo oro difuzorius DVS\"}]},{\"@type\":\"WebSite\",\"@id\":\"https:\/\/parduotuve.kondena.lt\/#website\",\"url\":\"https:\/\/parduotuve.kondena.lt\/\",\"name\":\"Kondena\",\"description\":\"Kol kas tik dar vienas WordPress tinklalapis\",\"potentialAction\":[{\"@type\":\"SearchAction\",\"target\":{\"@type\":\"EntryPoint\",\"urlTemplate\":\"https:\/\/parduotuve.kondena.lt\/?s={search_term_string}\"},\"query-input\":\"required name=search_term_string\"}],\"inLanguage\":\"en-US\"}]}<\/script>\n<!-- \/ Yoast SEO plugin. -->","yoast_head_json":{"title":"\u0160alinamo oro difuzorius DVS - Kondena","description":"\u0160alinamo oro difuzorius DVS - plieniniai difuzoriai skirti oro i\u0161leidimui. Difuzoriai da\u017eyti baltai. Komplektuojami su tvirtinimo \u017eiedu.","robots":{"index":"index","follow":"follow","max-snippet":"max-snippet:-1","max-image-preview":"max-image-preview:large","max-video-preview":"max-video-preview:-1"},"canonical":"https:\/\/parduotuve.kondena.lt\/en\/produktai\/salinamo-oro-difuzorius-dvs\/","og_locale":"en_US","og_type":"article","og_title":"\u0160alinamo oro difuzorius DVS - Kondena","og_description":"\u0160alinamo oro difuzorius DVS - plieniniai difuzoriai skirti oro i\u0161leidimui. Difuzoriai da\u017eyti baltai. Komplektuojami su tvirtinimo \u017eiedu.","og_url":"https:\/\/parduotuve.kondena.lt\/en\/produktai\/salinamo-oro-difuzorius-dvs\/","og_site_name":"Kondena","article_modified_time":"2024-01-16T10:25:59+00:00","og_image":[{"width":550,"height":440,"url":"https:\/\/parduotuve.kondena.lt\/wp-content\/uploads\/2021\/12\/0326162_metalinis-difuzorius-oro-istraukimui-dvs125-5901560513267_550.jpeg","type":"image\/jpeg"}],"twitter_card":"summary_large_image","twitter_misc":{"Est. reading time":"1 minute"},"schema":{"@context":"https:\/\/schema.org","@graph":[{"@type":"WebPage","@id":"https:\/\/parduotuve.kondena.lt\/produktai\/salinamo-oro-difuzorius-dvs\/","url":"https:\/\/parduotuve.kondena.lt\/produktai\/salinamo-oro-difuzorius-dvs\/","name":"\u0160alinamo oro difuzorius DVS - Kondena","isPartOf":{"@id":"https:\/\/parduotuve.kondena.lt\/#website"},"datePublished":"2021-12-13T09:48:46+00:00","dateModified":"2024-01-16T10:25:59+00:00","description":"\u0160alinamo oro difuzorius DVS - plieniniai difuzoriai skirti oro i\u0161leidimui. Difuzoriai da\u017eyti baltai. Komplektuojami su tvirtinimo \u017eiedu.","breadcrumb":{"@id":"https:\/\/parduotuve.kondena.lt\/produktai\/salinamo-oro-difuzorius-dvs\/#breadcrumb"},"inLanguage":"en-US","potentialAction":[{"@type":"ReadAction","target":["https:\/\/parduotuve.kondena.lt\/produktai\/salinamo-oro-difuzorius-dvs\/"]}]},{"@type":"BreadcrumbList","@id":"https:\/\/parduotuve.kondena.lt\/produktai\/salinamo-oro-difuzorius-dvs\/#breadcrumb","itemListElement":[{"@type":"ListItem","position":1,"name":"Parduotuv\u0117","item":"https:\/\/parduotuve.kondena.lt\/parduotuve\/"},{"@type":"ListItem","position":2,"name":"\u0160alinamo oro difuzorius DVS"}]},{"@type":"WebSite","@id":"https:\/\/parduotuve.kondena.lt\/#website","url":"https:\/\/parduotuve.kondena.lt\/","name":"Kondena","description":"Kol kas tik dar vienas WordPress tinklalapis","potentialAction":[{"@type":"SearchAction","target":{"@type":"EntryPoint","urlTemplate":"https:\/\/parduotuve.kondena.lt\/?s={search_term_string}"},"query-input":"required name=search_term_string"}],"inLanguage":"en-US"}]}},"_links":{"self":[{"href":"https:\/\/parduotuve.kondena.lt\/en\/wp-json\/wp\/v2\/product\/13578","targetHints":{"allow":["GET"]}}],"collection":[{"href":"https:\/\/parduotuve.kondena.lt\/en\/wp-json\/wp\/v2\/product"}],"about":[{"href":"https:\/\/parduotuve.kondena.lt\/en\/wp-json\/wp\/v2\/types\/product"}],"replies":[{"embeddable":true,"href":"https:\/\/parduotuve.kondena.lt\/en\/wp-json\/wp\/v2\/comments?post=13578"}],"wp:featuredmedia":[{"embeddable":true,"href":"https:\/\/parduotuve.kondena.lt\/en\/wp-json\/wp\/v2\/media\/13580"}],"wp:attachment":[{"href":"https:\/\/parduotuve.kondena.lt\/en\/wp-json\/wp\/v2\/media?parent=13578"}],"wp:term":[{"taxonomy":"product_cat","embeddable":true,"href":"https:\/\/parduotuve.kondena.lt\/en\/wp-json\/wp\/v2\/product_cat?post=13578"},{"taxonomy":"product_tag","embeddable":true,"href":"https:\/\/parduotuve.kondena.lt\/en\/wp-json\/wp\/v2\/product_tag?post=13578"}],"curies":[{"name":"wp","href":"https:\/\/api.w.org\/{rel}","templated":true}]}}