{"id":13574,"date":"2021-12-09T08:29:06","date_gmt":"2021-12-09T07:29:06","guid":{"rendered":"https:\/\/parduotuve.kondena.lt\/?post_type=product&#038;p=13574"},"modified":"2023-02-27T12:06:59","modified_gmt":"2023-02-27T11:06:59","slug":"heiko-keturkryptes-vidines-kasetes-panele-atsargine-dalis","status":"publish","type":"product","link":"https:\/\/parduotuve.kondena.lt\/en\/produktai\/heiko-keturkryptes-vidines-kasetes-panele-atsargine-dalis\/","title":{"rendered":"HEIKO keturkrypt\u0117s vidin\u0117s kaset\u0117s panel\u0117 (atsargin\u0117 dalis)"},"content":{"rendered":"<p>HEIKO keturkrypt\u0117s vidin\u0117s kaset\u0117s panel\u0117 (atsargin\u0117 dalis)<\/p>","protected":false},"excerpt":{"rendered":"<p>HEIKO keturkrypt\u0117s vidin\u0117s kaset\u0117s panel\u0117 (atsargin\u0117 dalis)<\/p>","protected":false},"featured_media":13572,"comment_status":"open","ping_status":"closed","template":"","meta":[],"product_cat":[201,144,305],"product_tag":[],"class_list":["post-13574","product","type-product","status-publish","has-post-thumbnail","hentry","product_cat-oro-kondicionieriai","product_cat-vesinimas","product_cat-priedai-oro-kondicionieriai"],"acf":[],"yoast_head":"<!-- This site is optimized with the Yoast SEO plugin v20.13 - https:\/\/yoast.com\/wordpress\/plugins\/seo\/ -->\n<title>HEIKO keturkrypt\u0117s vidin\u0117s kaset\u0117s panel\u0117 (atsargin\u0117 dalis) - Kondena<\/title>\n<meta name=\"description\" content=\"HEIKO keturkrypt\u0117s vidin\u0117s kaset\u0117s panel\u0117 (atsargin\u0117 dalis)\" \/>\n<meta name=\"robots\" content=\"index, follow, max-snippet:-1, max-image-preview:large, max-video-preview:-1\" \/>\n<link rel=\"canonical\" href=\"https:\/\/parduotuve.kondena.lt\/en\/produktai\/heiko-keturkryptes-vidines-kasetes-panele-atsargine-dalis\/\" \/>\n<meta property=\"og:locale\" content=\"en_US\" \/>\n<meta property=\"og:type\" content=\"article\" \/>\n<meta property=\"og:title\" content=\"HEIKO keturkrypt\u0117s vidin\u0117s kaset\u0117s panel\u0117 (atsargin\u0117 dalis) - Kondena\" \/>\n<meta property=\"og:description\" content=\"HEIKO keturkrypt\u0117s vidin\u0117s kaset\u0117s panel\u0117 (atsargin\u0117 dalis)\" \/>\n<meta property=\"og:url\" content=\"https:\/\/parduotuve.kondena.lt\/en\/produktai\/heiko-keturkryptes-vidines-kasetes-panele-atsargine-dalis\/\" \/>\n<meta property=\"og:site_name\" content=\"Kondena\" \/>\n<meta property=\"article:modified_time\" content=\"2023-02-27T11:06:59+00:00\" \/>\n<meta property=\"og:image\" content=\"https:\/\/parduotuve.kondena.lt\/wp-content\/uploads\/2021\/12\/panel_do_jednostki_wewnetrznej_kaseton_heiko_pb_he_20404405_mainpicturecode.jpg\" \/>\n\t<meta property=\"og:image:width\" content=\"500\" \/>\n\t<meta property=\"og:image:height\" content=\"500\" \/>\n\t<meta property=\"og:image:type\" content=\"image\/jpeg\" \/>\n<meta name=\"twitter:card\" content=\"summary_large_image\" \/>\n<meta name=\"twitter:label1\" content=\"Est. reading time\" \/>\n\t<meta name=\"twitter:data1\" content=\"1 minute\" \/>\n<script type=\"application\/ld+json\" class=\"yoast-schema-graph\">{\"@context\":\"https:\/\/schema.org\",\"@graph\":[{\"@type\":\"WebPage\",\"@id\":\"https:\/\/parduotuve.kondena.lt\/produktai\/heiko-keturkryptes-vidines-kasetes-panele-atsargine-dalis\/\",\"url\":\"https:\/\/parduotuve.kondena.lt\/produktai\/heiko-keturkryptes-vidines-kasetes-panele-atsargine-dalis\/\",\"name\":\"HEIKO keturkrypt\u0117s vidin\u0117s kaset\u0117s panel\u0117 (atsargin\u0117 dalis) - Kondena\",\"isPartOf\":{\"@id\":\"https:\/\/parduotuve.kondena.lt\/#website\"},\"datePublished\":\"2021-12-09T07:29:06+00:00\",\"dateModified\":\"2023-02-27T11:06:59+00:00\",\"description\":\"HEIKO keturkrypt\u0117s vidin\u0117s kaset\u0117s panel\u0117 (atsargin\u0117 dalis)\",\"breadcrumb\":{\"@id\":\"https:\/\/parduotuve.kondena.lt\/produktai\/heiko-keturkryptes-vidines-kasetes-panele-atsargine-dalis\/#breadcrumb\"},\"inLanguage\":\"en-US\",\"potentialAction\":[{\"@type\":\"ReadAction\",\"target\":[\"https:\/\/parduotuve.kondena.lt\/produktai\/heiko-keturkryptes-vidines-kasetes-panele-atsargine-dalis\/\"]}]},{\"@type\":\"BreadcrumbList\",\"@id\":\"https:\/\/parduotuve.kondena.lt\/produktai\/heiko-keturkryptes-vidines-kasetes-panele-atsargine-dalis\/#breadcrumb\",\"itemListElement\":[{\"@type\":\"ListItem\",\"position\":1,\"name\":\"Parduotuv\u0117\",\"item\":\"https:\/\/parduotuve.kondena.lt\/parduotuve\/\"},{\"@type\":\"ListItem\",\"position\":2,\"name\":\"HEIKO keturkrypt\u0117s vidin\u0117s kaset\u0117s panel\u0117 (atsargin\u0117 dalis)\"}]},{\"@type\":\"WebSite\",\"@id\":\"https:\/\/parduotuve.kondena.lt\/#website\",\"url\":\"https:\/\/parduotuve.kondena.lt\/\",\"name\":\"Kondena\",\"description\":\"Kol kas tik dar vienas WordPress tinklalapis\",\"potentialAction\":[{\"@type\":\"SearchAction\",\"target\":{\"@type\":\"EntryPoint\",\"urlTemplate\":\"https:\/\/parduotuve.kondena.lt\/?s={search_term_string}\"},\"query-input\":\"required name=search_term_string\"}],\"inLanguage\":\"en-US\"}]}<\/script>\n<!-- \/ Yoast SEO plugin. -->","yoast_head_json":{"title":"HEIKO keturkrypt\u0117s vidin\u0117s kaset\u0117s panel\u0117 (atsargin\u0117 dalis) - Kondena","description":"HEIKO keturkrypt\u0117s vidin\u0117s kaset\u0117s panel\u0117 (atsargin\u0117 dalis)","robots":{"index":"index","follow":"follow","max-snippet":"max-snippet:-1","max-image-preview":"max-image-preview:large","max-video-preview":"max-video-preview:-1"},"canonical":"https:\/\/parduotuve.kondena.lt\/en\/produktai\/heiko-keturkryptes-vidines-kasetes-panele-atsargine-dalis\/","og_locale":"en_US","og_type":"article","og_title":"HEIKO keturkrypt\u0117s vidin\u0117s kaset\u0117s panel\u0117 (atsargin\u0117 dalis) - Kondena","og_description":"HEIKO keturkrypt\u0117s vidin\u0117s kaset\u0117s panel\u0117 (atsargin\u0117 dalis)","og_url":"https:\/\/parduotuve.kondena.lt\/en\/produktai\/heiko-keturkryptes-vidines-kasetes-panele-atsargine-dalis\/","og_site_name":"Kondena","article_modified_time":"2023-02-27T11:06:59+00:00","og_image":[{"width":500,"height":500,"url":"https:\/\/parduotuve.kondena.lt\/wp-content\/uploads\/2021\/12\/panel_do_jednostki_wewnetrznej_kaseton_heiko_pb_he_20404405_mainpicturecode.jpg","type":"image\/jpeg"}],"twitter_card":"summary_large_image","twitter_misc":{"Est. reading time":"1 minute"},"schema":{"@context":"https:\/\/schema.org","@graph":[{"@type":"WebPage","@id":"https:\/\/parduotuve.kondena.lt\/produktai\/heiko-keturkryptes-vidines-kasetes-panele-atsargine-dalis\/","url":"https:\/\/parduotuve.kondena.lt\/produktai\/heiko-keturkryptes-vidines-kasetes-panele-atsargine-dalis\/","name":"HEIKO keturkrypt\u0117s vidin\u0117s kaset\u0117s panel\u0117 (atsargin\u0117 dalis) - Kondena","isPartOf":{"@id":"https:\/\/parduotuve.kondena.lt\/#website"},"datePublished":"2021-12-09T07:29:06+00:00","dateModified":"2023-02-27T11:06:59+00:00","description":"HEIKO keturkrypt\u0117s vidin\u0117s kaset\u0117s panel\u0117 (atsargin\u0117 dalis)","breadcrumb":{"@id":"https:\/\/parduotuve.kondena.lt\/produktai\/heiko-keturkryptes-vidines-kasetes-panele-atsargine-dalis\/#breadcrumb"},"inLanguage":"en-US","potentialAction":[{"@type":"ReadAction","target":["https:\/\/parduotuve.kondena.lt\/produktai\/heiko-keturkryptes-vidines-kasetes-panele-atsargine-dalis\/"]}]},{"@type":"BreadcrumbList","@id":"https:\/\/parduotuve.kondena.lt\/produktai\/heiko-keturkryptes-vidines-kasetes-panele-atsargine-dalis\/#breadcrumb","itemListElement":[{"@type":"ListItem","position":1,"name":"Parduotuv\u0117","item":"https:\/\/parduotuve.kondena.lt\/parduotuve\/"},{"@type":"ListItem","position":2,"name":"HEIKO keturkrypt\u0117s vidin\u0117s kaset\u0117s panel\u0117 (atsargin\u0117 dalis)"}]},{"@type":"WebSite","@id":"https:\/\/parduotuve.kondena.lt\/#website","url":"https:\/\/parduotuve.kondena.lt\/","name":"Kondena","description":"Kol kas tik dar vienas WordPress tinklalapis","potentialAction":[{"@type":"SearchAction","target":{"@type":"EntryPoint","urlTemplate":"https:\/\/parduotuve.kondena.lt\/?s={search_term_string}"},"query-input":"required name=search_term_string"}],"inLanguage":"en-US"}]}},"_links":{"self":[{"href":"https:\/\/parduotuve.kondena.lt\/en\/wp-json\/wp\/v2\/product\/13574","targetHints":{"allow":["GET"]}}],"collection":[{"href":"https:\/\/parduotuve.kondena.lt\/en\/wp-json\/wp\/v2\/product"}],"about":[{"href":"https:\/\/parduotuve.kondena.lt\/en\/wp-json\/wp\/v2\/types\/product"}],"replies":[{"embeddable":true,"href":"https:\/\/parduotuve.kondena.lt\/en\/wp-json\/wp\/v2\/comments?post=13574"}],"wp:featuredmedia":[{"embeddable":true,"href":"https:\/\/parduotuve.kondena.lt\/en\/wp-json\/wp\/v2\/media\/13572"}],"wp:attachment":[{"href":"https:\/\/parduotuve.kondena.lt\/en\/wp-json\/wp\/v2\/media?parent=13574"}],"wp:term":[{"taxonomy":"product_cat","embeddable":true,"href":"https:\/\/parduotuve.kondena.lt\/en\/wp-json\/wp\/v2\/product_cat?post=13574"},{"taxonomy":"product_tag","embeddable":true,"href":"https:\/\/parduotuve.kondena.lt\/en\/wp-json\/wp\/v2\/product_tag?post=13574"}],"curies":[{"name":"wp","href":"https:\/\/api.w.org\/{rel}","templated":true}]}}