{"id":13558,"date":"2021-12-09T08:11:53","date_gmt":"2021-12-09T07:11:53","guid":{"rendered":"https:\/\/parduotuve.kondena.lt\/?post_type=product&#038;p=13558"},"modified":"2022-11-04T10:46:49","modified_gmt":"2022-11-04T09:46:49","slug":"mobilus-oro-kondicionierius-heiko","status":"publish","type":"product","link":"https:\/\/parduotuve.kondena.lt\/en\/produktai\/mobilus-oro-kondicionierius-heiko\/","title":{"rendered":"Mobilus oro kondicionierius HEIKO"},"content":{"rendered":"<p><strong>Mobilus oro kondicionierius HEIKO <\/strong><\/p>\n<p>Kompakti\u0161ki \u012frenginiai su sud\u0117tinga konstrukcija ir 4 darbo re\u017eimais: v\u0117sinimas, \u0161ildymas, d\u017eiovinimas ir oro tiekimas. Oro kondicionieriai yra su ratukais ir ne\u0161imo rankenomis, palengvinan\u010diais j\u0173 valdym\u0105. Jie valdomi moderniausiu skydeliu arba belaid\u017eiu nuotolinio valdymo pulteliu.<\/p>\n<p>&nbsp;<\/p>\n<p>&nbsp;<\/p>\n<p><strong><img loading=\"lazy\" decoding=\"async\" class=\"alignnone wp-image-14002\" src=\"https:\/\/parduotuve.kondena.lt\/wp-content\/uploads\/2021\/12\/heiko-mobilus-300x261.png\" alt=\"\" width=\"377\" height=\"327\" srcset=\"https:\/\/parduotuve.kondena.lt\/wp-content\/uploads\/2021\/12\/heiko-mobilus-300x261.png 300w, https:\/\/parduotuve.kondena.lt\/wp-content\/uploads\/2021\/12\/heiko-mobilus-768x667.png 768w, https:\/\/parduotuve.kondena.lt\/wp-content\/uploads\/2021\/12\/heiko-mobilus-14x12.png 14w, https:\/\/parduotuve.kondena.lt\/wp-content\/uploads\/2021\/12\/heiko-mobilus-600x521.png 600w, https:\/\/parduotuve.kondena.lt\/wp-content\/uploads\/2021\/12\/heiko-mobilus.png 836w\" sizes=\"auto, (max-width: 377px) 100vw, 377px\" \/><\/strong><\/p>\n<p><strong>Pilna kontrol\u0117<\/strong><\/p>\n<p>Prane\u0161imas apie filtro valym\u0105 (piktograma ekrane) po 250 darbo valand\u0173.<\/p>\n<p><strong>4 darbo re\u017eimai<\/strong><\/p>\n<p>Platus \u012frenginio pritaikymas v\u0117sinimui, oro tiekimui, d\u017eiovinimui ar \u0161ildymui.<\/p>\n<p><strong>S\u016bbavimo funkcija<\/strong><\/p>\n<p>Sklend\u0117s si\u016bbuoja, kad oras paskirstyt\u0173 pagal poreik\u012f.<\/p>\n<p><strong>Timer<\/strong><\/p>\n<p>Oro kondicionierius turi funkcij\u0105 nustatyti veikimo laik\u0105. \u012erenginys prad\u0117s arba baigs veikti per nustatyt\u0105 laik\u0105.<\/p>\n<p><strong>2 met\u0173 garantija<\/strong><\/p>\n<p>Heiko mobiliesiems oro kondicionieriams suteikiama 2 met\u0173 garantija.<\/p>","protected":false},"excerpt":{"rendered":"<ul>\n<li><strong>Pilna kontrol\u0117<\/strong><\/li>\n<li><strong>4 darbo re\u017eimai<\/strong><\/li>\n<li><strong>S\u016bbavimo funkcija<\/strong><\/li>\n<li><strong>Timer<\/strong><\/li>\n<li><strong>2 met\u0173 garantija<\/strong><\/li>\n<\/ul>","protected":false},"featured_media":13560,"comment_status":"open","ping_status":"closed","template":"","meta":[],"product_cat":[144,258],"product_tag":[],"class_list":["post-13558","product","type-product","status-publish","has-post-thumbnail","hentry","product_cat-vesinimas","product_cat-mobilus-oro-kondicionieriai"],"acf":[],"yoast_head":"<!-- This site is optimized with the Yoast SEO plugin v20.13 - https:\/\/yoast.com\/wordpress\/plugins\/seo\/ -->\n<title>Mobilus oro kondicionierius HEIKO - Kondena<\/title>\n<meta name=\"description\" content=\"Mobilus oro kondicionierius HEIKO - \u012frenginya su sud\u0117tinga konstrukcija ir 4 darbo re\u017eimais: v\u0117sinimas, \u0161ildymas, d\u017eiovinimas ir oro tiekimas.\" \/>\n<meta name=\"robots\" content=\"index, follow, max-snippet:-1, max-image-preview:large, max-video-preview:-1\" \/>\n<link rel=\"canonical\" href=\"https:\/\/parduotuve.kondena.lt\/en\/produktai\/mobilus-oro-kondicionierius-heiko\/\" \/>\n<meta property=\"og:locale\" content=\"en_US\" \/>\n<meta property=\"og:type\" content=\"article\" \/>\n<meta property=\"og:title\" content=\"Mobilus oro kondicionierius HEIKO - Kondena\" \/>\n<meta property=\"og:description\" content=\"Mobilus oro kondicionierius HEIKO - \u012frenginya su sud\u0117tinga konstrukcija ir 4 darbo re\u017eimais: v\u0117sinimas, \u0161ildymas, d\u017eiovinimas ir oro tiekimas.\" \/>\n<meta property=\"og:url\" content=\"https:\/\/parduotuve.kondena.lt\/en\/produktai\/mobilus-oro-kondicionierius-heiko\/\" \/>\n<meta property=\"og:site_name\" content=\"Kondena\" \/>\n<meta property=\"article:modified_time\" content=\"2022-11-04T09:46:49+00:00\" \/>\n<meta property=\"og:image\" content=\"https:\/\/parduotuve.kondena.lt\/wp-content\/uploads\/2021\/12\/heiko_przenosny_3-2.png\" \/>\n\t<meta property=\"og:image:width\" content=\"1200\" \/>\n\t<meta property=\"og:image:height\" content=\"1223\" \/>\n\t<meta property=\"og:image:type\" content=\"image\/png\" \/>\n<meta name=\"twitter:card\" content=\"summary_large_image\" \/>\n<meta name=\"twitter:label1\" content=\"Est. reading time\" \/>\n\t<meta name=\"twitter:data1\" content=\"1 minute\" \/>\n<script type=\"application\/ld+json\" class=\"yoast-schema-graph\">{\"@context\":\"https:\/\/schema.org\",\"@graph\":[{\"@type\":\"WebPage\",\"@id\":\"https:\/\/parduotuve.kondena.lt\/produktai\/mobilus-oro-kondicionierius-heiko\/\",\"url\":\"https:\/\/parduotuve.kondena.lt\/produktai\/mobilus-oro-kondicionierius-heiko\/\",\"name\":\"Mobilus oro kondicionierius HEIKO - Kondena\",\"isPartOf\":{\"@id\":\"https:\/\/parduotuve.kondena.lt\/#website\"},\"datePublished\":\"2021-12-09T07:11:53+00:00\",\"dateModified\":\"2022-11-04T09:46:49+00:00\",\"description\":\"Mobilus oro kondicionierius HEIKO - \u012frenginya su sud\u0117tinga konstrukcija ir 4 darbo re\u017eimais: v\u0117sinimas, \u0161ildymas, d\u017eiovinimas ir oro tiekimas.\",\"breadcrumb\":{\"@id\":\"https:\/\/parduotuve.kondena.lt\/produktai\/mobilus-oro-kondicionierius-heiko\/#breadcrumb\"},\"inLanguage\":\"en-US\",\"potentialAction\":[{\"@type\":\"ReadAction\",\"target\":[\"https:\/\/parduotuve.kondena.lt\/produktai\/mobilus-oro-kondicionierius-heiko\/\"]}]},{\"@type\":\"BreadcrumbList\",\"@id\":\"https:\/\/parduotuve.kondena.lt\/produktai\/mobilus-oro-kondicionierius-heiko\/#breadcrumb\",\"itemListElement\":[{\"@type\":\"ListItem\",\"position\":1,\"name\":\"Parduotuv\u0117\",\"item\":\"https:\/\/parduotuve.kondena.lt\/parduotuve\/\"},{\"@type\":\"ListItem\",\"position\":2,\"name\":\"Mobilus oro kondicionierius HEIKO\"}]},{\"@type\":\"WebSite\",\"@id\":\"https:\/\/parduotuve.kondena.lt\/#website\",\"url\":\"https:\/\/parduotuve.kondena.lt\/\",\"name\":\"Kondena\",\"description\":\"Kol kas tik dar vienas WordPress tinklalapis\",\"potentialAction\":[{\"@type\":\"SearchAction\",\"target\":{\"@type\":\"EntryPoint\",\"urlTemplate\":\"https:\/\/parduotuve.kondena.lt\/?s={search_term_string}\"},\"query-input\":\"required name=search_term_string\"}],\"inLanguage\":\"en-US\"}]}<\/script>\n<!-- \/ Yoast SEO plugin. -->","yoast_head_json":{"title":"Mobilus oro kondicionierius HEIKO - Kondena","description":"Mobilus oro kondicionierius HEIKO - \u012frenginya su sud\u0117tinga konstrukcija ir 4 darbo re\u017eimais: v\u0117sinimas, \u0161ildymas, d\u017eiovinimas ir oro tiekimas.","robots":{"index":"index","follow":"follow","max-snippet":"max-snippet:-1","max-image-preview":"max-image-preview:large","max-video-preview":"max-video-preview:-1"},"canonical":"https:\/\/parduotuve.kondena.lt\/en\/produktai\/mobilus-oro-kondicionierius-heiko\/","og_locale":"en_US","og_type":"article","og_title":"Mobilus oro kondicionierius HEIKO - Kondena","og_description":"Mobilus oro kondicionierius HEIKO - \u012frenginya su sud\u0117tinga konstrukcija ir 4 darbo re\u017eimais: v\u0117sinimas, \u0161ildymas, d\u017eiovinimas ir oro tiekimas.","og_url":"https:\/\/parduotuve.kondena.lt\/en\/produktai\/mobilus-oro-kondicionierius-heiko\/","og_site_name":"Kondena","article_modified_time":"2022-11-04T09:46:49+00:00","og_image":[{"width":1200,"height":1223,"url":"https:\/\/parduotuve.kondena.lt\/wp-content\/uploads\/2021\/12\/heiko_przenosny_3-2.png","type":"image\/png"}],"twitter_card":"summary_large_image","twitter_misc":{"Est. reading time":"1 minute"},"schema":{"@context":"https:\/\/schema.org","@graph":[{"@type":"WebPage","@id":"https:\/\/parduotuve.kondena.lt\/produktai\/mobilus-oro-kondicionierius-heiko\/","url":"https:\/\/parduotuve.kondena.lt\/produktai\/mobilus-oro-kondicionierius-heiko\/","name":"Mobilus oro kondicionierius HEIKO - Kondena","isPartOf":{"@id":"https:\/\/parduotuve.kondena.lt\/#website"},"datePublished":"2021-12-09T07:11:53+00:00","dateModified":"2022-11-04T09:46:49+00:00","description":"Mobilus oro kondicionierius HEIKO - \u012frenginya su sud\u0117tinga konstrukcija ir 4 darbo re\u017eimais: v\u0117sinimas, \u0161ildymas, d\u017eiovinimas ir oro tiekimas.","breadcrumb":{"@id":"https:\/\/parduotuve.kondena.lt\/produktai\/mobilus-oro-kondicionierius-heiko\/#breadcrumb"},"inLanguage":"en-US","potentialAction":[{"@type":"ReadAction","target":["https:\/\/parduotuve.kondena.lt\/produktai\/mobilus-oro-kondicionierius-heiko\/"]}]},{"@type":"BreadcrumbList","@id":"https:\/\/parduotuve.kondena.lt\/produktai\/mobilus-oro-kondicionierius-heiko\/#breadcrumb","itemListElement":[{"@type":"ListItem","position":1,"name":"Parduotuv\u0117","item":"https:\/\/parduotuve.kondena.lt\/parduotuve\/"},{"@type":"ListItem","position":2,"name":"Mobilus oro kondicionierius HEIKO"}]},{"@type":"WebSite","@id":"https:\/\/parduotuve.kondena.lt\/#website","url":"https:\/\/parduotuve.kondena.lt\/","name":"Kondena","description":"Kol kas tik dar vienas WordPress tinklalapis","potentialAction":[{"@type":"SearchAction","target":{"@type":"EntryPoint","urlTemplate":"https:\/\/parduotuve.kondena.lt\/?s={search_term_string}"},"query-input":"required name=search_term_string"}],"inLanguage":"en-US"}]}},"_links":{"self":[{"href":"https:\/\/parduotuve.kondena.lt\/en\/wp-json\/wp\/v2\/product\/13558","targetHints":{"allow":["GET"]}}],"collection":[{"href":"https:\/\/parduotuve.kondena.lt\/en\/wp-json\/wp\/v2\/product"}],"about":[{"href":"https:\/\/parduotuve.kondena.lt\/en\/wp-json\/wp\/v2\/types\/product"}],"replies":[{"embeddable":true,"href":"https:\/\/parduotuve.kondena.lt\/en\/wp-json\/wp\/v2\/comments?post=13558"}],"wp:featuredmedia":[{"embeddable":true,"href":"https:\/\/parduotuve.kondena.lt\/en\/wp-json\/wp\/v2\/media\/13560"}],"wp:attachment":[{"href":"https:\/\/parduotuve.kondena.lt\/en\/wp-json\/wp\/v2\/media?parent=13558"}],"wp:term":[{"taxonomy":"product_cat","embeddable":true,"href":"https:\/\/parduotuve.kondena.lt\/en\/wp-json\/wp\/v2\/product_cat?post=13558"},{"taxonomy":"product_tag","embeddable":true,"href":"https:\/\/parduotuve.kondena.lt\/en\/wp-json\/wp\/v2\/product_tag?post=13558"}],"curies":[{"name":"wp","href":"https:\/\/api.w.org\/{rel}","templated":true}]}}