{"id":13531,"date":"2021-12-07T10:09:13","date_gmt":"2021-12-07T09:09:13","guid":{"rendered":"https:\/\/parduotuve.kondena.lt\/?post_type=product&#038;p=13531"},"modified":"2022-09-06T09:01:50","modified_gmt":"2022-09-06T08:01:50","slug":"oro-kondicionierius-aria-kompletas-3-5kw","status":"publish","type":"product","link":"https:\/\/parduotuve.kondena.lt\/en\/produktai\/oro-kondicionierius-aria-kompletas-3-5kw\/","title":{"rendered":"Heiko Oro kondicionierius ARIA komplektas 3.5kw"},"content":{"rendered":"<p>Oro kondicionierius ARIA kompletas 3.5kw &#8211; tai modernus v\u0117sinimo \u012frenginys, pasi\u017eymintis dideliu energijos vartojimo efektyvumu su auk\u0161\u010diausios kokyb\u0117s kompresoriais.<\/p>\n<p>Sieniniai oro kondicionieriai ARIA yra puikus sprendimas alergi\u0161kiems \u017emon\u0117ms! Prietaisai yra \u012frengti su oro jonizatoriais, kurie visada generuoja neigiamus jonus au\u0161inimo ar \u0161ildymo metu. Neigiami jonai susidaro d\u0117l jonizatoriaus, kuris neutralizuoja teigiam\u0173 jon\u0173 kr\u016bv\u012f, sukeldamas ter\u0161alus<br \/>\nnukristi ant grind\u0173, tuo pa\u010diu suma\u017einant alergijos ir \u012fvairi\u0173 infekcij\u0173 rizik\u0105. Taip pat, jonizatorius neutralizuoja kvapus kambaryje.<\/p>\n<p><strong>TEMPERAT\u016aROS NUSTATYMAS nuo 16 iki 30 \u00b0 C<\/strong><\/p>\n<p><strong>Jonizatorius<\/strong><br \/>\nJonizatorius pagerina oro kokyb\u0119 ir \u0161vie\u017eum\u0105 patalpoje. Elektros \u012franga generuoja teigiamus jonus, dar vadinamus elektrosmogu, kurie pritraukia dulkes ir virusus. Neigiamus jonus generuoja jonizatorius neutralizuoja teigiam\u0173 jon\u0173 kr\u016bv\u012f, sukeldamas ter\u0161alus nukristi ant grind\u0173, tuo pa\u010diu suma\u017einant alergijos rizik\u0105 ir \u012fvairias infekcijos. Taip pat jonizatorius padeda neutralizuoti patalpos kvapus.<\/p>\n<p><strong>\u201eWi-Fi\u201c valdymas<\/strong><br \/>\nStandartinis \u201eWi-Fi\u201c valdymas leid\u017eia valdyti oro kondicionieri\u0173 su telefonu, prijungtu prie interneto i\u0161 bet kurios vietos. Patogi ir intuityvi \u201eWi-Fi INTELLIGENT AIR\u201c programa suteikia prieig\u0105 \u012f visus pagrindinius oro kondicionieriaus nustatymus. Didelis energijos vartojimo efektyvumas ir naujovi\u0161ki sprendimai leido \u017eymiai suma\u017einti energijos s\u0105naud\u0173 suvartojim\u0105 tiek au\u0161inimo, tiek \u0161ildymo re\u017eimu. Prietaisai turi A +++\/A ++ energetinis \u012fvertinimas.<\/p>\n<p><strong>SMART oro srautas<\/strong><br \/>\nNovatori\u0161kas sprendimas oro srautui valdyti. Srautas nukreiptas au\u0161inimo metu auk\u0161tyn ir kaitinant \u017eemyn, kuris leid\u017eia tolygiai paskirstyti or\u0105 ir taip u\u017ekirsti keli\u0105 tiesioginiam oro srautas vartotojui.<\/p>\n<p><strong>Oro srauto grei\u010dio valdymas<\/strong><br \/>\nGalimyb\u0117 valdyti oro srauto langines vertikaliai ir horizontaliai.De\u0161in\u0117 ir kair\u0117 leid\u017eia tiksliai nukreipti oro sraut\u0105. Funkcija galima i\u0161 belaid\u017eio valdiklio ir \u201eWi-Fi Intelligent Air\u201c programos.<\/p>","protected":false},"excerpt":{"rendered":"<p>Split tipo oro kondicionieri\u0173 sieniniai vidiniai blokai HEIKO ARIA, su jonizacijos funkcija, i\u0161orinis blokas ir pultelis. Perkant \u0161\u012f komplekt\u0105, pultelis duodamas nemokamai<\/p>","protected":false},"featured_media":13354,"comment_status":"open","ping_status":"closed","template":"","meta":[],"product_cat":[201,206,144],"product_tag":[],"class_list":["post-13531","product","type-product","status-publish","has-post-thumbnail","hentry","product_cat-oro-kondicionieriai","product_cat-split-kondicionieriai","product_cat-vesinimas"],"acf":[],"yoast_head":"<!-- This site is optimized with the Yoast SEO plugin v20.13 - https:\/\/yoast.com\/wordpress\/plugins\/seo\/ -->\n<title>Heiko Oro kondicionierius ARIA komplektas 3.5kw - Kondena<\/title>\n<meta name=\"description\" content=\"Oro kondicionierius ARIA kompletas 3.5kw - tai modernus v\u0117sinimo \u012frenginys, pasi\u017eymintis dideliu energijos vartojimo efektyvumu j\u016bs\u0173 nam\u0173 mikroklimatui!\" \/>\n<meta name=\"robots\" content=\"index, follow, max-snippet:-1, max-image-preview:large, max-video-preview:-1\" \/>\n<link rel=\"canonical\" href=\"https:\/\/parduotuve.kondena.lt\/en\/produktai\/oro-kondicionierius-aria-kompletas-3-5kw\/\" \/>\n<meta property=\"og:locale\" content=\"en_US\" \/>\n<meta property=\"og:type\" content=\"article\" \/>\n<meta property=\"og:title\" content=\"Heiko Oro kondicionierius ARIA komplektas 3.5kw - Kondena\" \/>\n<meta property=\"og:description\" content=\"Oro kondicionierius ARIA kompletas 3.5kw - tai modernus v\u0117sinimo \u012frenginys, pasi\u017eymintis dideliu energijos vartojimo efektyvumu j\u016bs\u0173 nam\u0173 mikroklimatui!\" \/>\n<meta property=\"og:url\" content=\"https:\/\/parduotuve.kondena.lt\/en\/produktai\/oro-kondicionierius-aria-kompletas-3-5kw\/\" \/>\n<meta property=\"og:site_name\" content=\"Kondena\" \/>\n<meta property=\"article:modified_time\" content=\"2022-09-06T08:01:50+00:00\" \/>\n<meta property=\"og:image\" content=\"https:\/\/parduotuve.kondena.lt\/wp-content\/uploads\/2021\/10\/8.png\" \/>\n\t<meta property=\"og:image:width\" content=\"2000\" \/>\n\t<meta property=\"og:image:height\" content=\"2000\" \/>\n\t<meta property=\"og:image:type\" content=\"image\/png\" \/>\n<meta name=\"twitter:card\" content=\"summary_large_image\" \/>\n<meta name=\"twitter:label1\" content=\"Est. reading time\" \/>\n\t<meta name=\"twitter:data1\" content=\"2 minutes\" \/>\n<script type=\"application\/ld+json\" class=\"yoast-schema-graph\">{\"@context\":\"https:\/\/schema.org\",\"@graph\":[{\"@type\":\"WebPage\",\"@id\":\"https:\/\/parduotuve.kondena.lt\/produktai\/oro-kondicionierius-aria-kompletas-3-5kw\/\",\"url\":\"https:\/\/parduotuve.kondena.lt\/produktai\/oro-kondicionierius-aria-kompletas-3-5kw\/\",\"name\":\"Heiko Oro kondicionierius ARIA komplektas 3.5kw - Kondena\",\"isPartOf\":{\"@id\":\"https:\/\/parduotuve.kondena.lt\/#website\"},\"datePublished\":\"2021-12-07T09:09:13+00:00\",\"dateModified\":\"2022-09-06T08:01:50+00:00\",\"description\":\"Oro kondicionierius ARIA kompletas 3.5kw - tai modernus v\u0117sinimo \u012frenginys, pasi\u017eymintis dideliu energijos vartojimo efektyvumu j\u016bs\u0173 nam\u0173 mikroklimatui!\",\"breadcrumb\":{\"@id\":\"https:\/\/parduotuve.kondena.lt\/produktai\/oro-kondicionierius-aria-kompletas-3-5kw\/#breadcrumb\"},\"inLanguage\":\"en-US\",\"potentialAction\":[{\"@type\":\"ReadAction\",\"target\":[\"https:\/\/parduotuve.kondena.lt\/produktai\/oro-kondicionierius-aria-kompletas-3-5kw\/\"]}]},{\"@type\":\"BreadcrumbList\",\"@id\":\"https:\/\/parduotuve.kondena.lt\/produktai\/oro-kondicionierius-aria-kompletas-3-5kw\/#breadcrumb\",\"itemListElement\":[{\"@type\":\"ListItem\",\"position\":1,\"name\":\"Parduotuv\u0117\",\"item\":\"https:\/\/parduotuve.kondena.lt\/parduotuve\/\"},{\"@type\":\"ListItem\",\"position\":2,\"name\":\"Heiko Oro kondicionierius ARIA komplektas 3.5kw\"}]},{\"@type\":\"WebSite\",\"@id\":\"https:\/\/parduotuve.kondena.lt\/#website\",\"url\":\"https:\/\/parduotuve.kondena.lt\/\",\"name\":\"Kondena\",\"description\":\"Kol kas tik dar vienas WordPress tinklalapis\",\"potentialAction\":[{\"@type\":\"SearchAction\",\"target\":{\"@type\":\"EntryPoint\",\"urlTemplate\":\"https:\/\/parduotuve.kondena.lt\/?s={search_term_string}\"},\"query-input\":\"required name=search_term_string\"}],\"inLanguage\":\"en-US\"}]}<\/script>\n<!-- \/ Yoast SEO plugin. -->","yoast_head_json":{"title":"Heiko Oro kondicionierius ARIA komplektas 3.5kw - Kondena","description":"Oro kondicionierius ARIA kompletas 3.5kw - tai modernus v\u0117sinimo \u012frenginys, pasi\u017eymintis dideliu energijos vartojimo efektyvumu j\u016bs\u0173 nam\u0173 mikroklimatui!","robots":{"index":"index","follow":"follow","max-snippet":"max-snippet:-1","max-image-preview":"max-image-preview:large","max-video-preview":"max-video-preview:-1"},"canonical":"https:\/\/parduotuve.kondena.lt\/en\/produktai\/oro-kondicionierius-aria-kompletas-3-5kw\/","og_locale":"en_US","og_type":"article","og_title":"Heiko Oro kondicionierius ARIA komplektas 3.5kw - Kondena","og_description":"Oro kondicionierius ARIA kompletas 3.5kw - tai modernus v\u0117sinimo \u012frenginys, pasi\u017eymintis dideliu energijos vartojimo efektyvumu j\u016bs\u0173 nam\u0173 mikroklimatui!","og_url":"https:\/\/parduotuve.kondena.lt\/en\/produktai\/oro-kondicionierius-aria-kompletas-3-5kw\/","og_site_name":"Kondena","article_modified_time":"2022-09-06T08:01:50+00:00","og_image":[{"width":2000,"height":2000,"url":"https:\/\/parduotuve.kondena.lt\/wp-content\/uploads\/2021\/10\/8.png","type":"image\/png"}],"twitter_card":"summary_large_image","twitter_misc":{"Est. reading time":"2 minutes"},"schema":{"@context":"https:\/\/schema.org","@graph":[{"@type":"WebPage","@id":"https:\/\/parduotuve.kondena.lt\/produktai\/oro-kondicionierius-aria-kompletas-3-5kw\/","url":"https:\/\/parduotuve.kondena.lt\/produktai\/oro-kondicionierius-aria-kompletas-3-5kw\/","name":"Heiko Oro kondicionierius ARIA komplektas 3.5kw - Kondena","isPartOf":{"@id":"https:\/\/parduotuve.kondena.lt\/#website"},"datePublished":"2021-12-07T09:09:13+00:00","dateModified":"2022-09-06T08:01:50+00:00","description":"Oro kondicionierius ARIA kompletas 3.5kw - tai modernus v\u0117sinimo \u012frenginys, pasi\u017eymintis dideliu energijos vartojimo efektyvumu j\u016bs\u0173 nam\u0173 mikroklimatui!","breadcrumb":{"@id":"https:\/\/parduotuve.kondena.lt\/produktai\/oro-kondicionierius-aria-kompletas-3-5kw\/#breadcrumb"},"inLanguage":"en-US","potentialAction":[{"@type":"ReadAction","target":["https:\/\/parduotuve.kondena.lt\/produktai\/oro-kondicionierius-aria-kompletas-3-5kw\/"]}]},{"@type":"BreadcrumbList","@id":"https:\/\/parduotuve.kondena.lt\/produktai\/oro-kondicionierius-aria-kompletas-3-5kw\/#breadcrumb","itemListElement":[{"@type":"ListItem","position":1,"name":"Parduotuv\u0117","item":"https:\/\/parduotuve.kondena.lt\/parduotuve\/"},{"@type":"ListItem","position":2,"name":"Heiko Oro kondicionierius ARIA komplektas 3.5kw"}]},{"@type":"WebSite","@id":"https:\/\/parduotuve.kondena.lt\/#website","url":"https:\/\/parduotuve.kondena.lt\/","name":"Kondena","description":"Kol kas tik dar vienas WordPress tinklalapis","potentialAction":[{"@type":"SearchAction","target":{"@type":"EntryPoint","urlTemplate":"https:\/\/parduotuve.kondena.lt\/?s={search_term_string}"},"query-input":"required name=search_term_string"}],"inLanguage":"en-US"}]}},"_links":{"self":[{"href":"https:\/\/parduotuve.kondena.lt\/en\/wp-json\/wp\/v2\/product\/13531","targetHints":{"allow":["GET"]}}],"collection":[{"href":"https:\/\/parduotuve.kondena.lt\/en\/wp-json\/wp\/v2\/product"}],"about":[{"href":"https:\/\/parduotuve.kondena.lt\/en\/wp-json\/wp\/v2\/types\/product"}],"replies":[{"embeddable":true,"href":"https:\/\/parduotuve.kondena.lt\/en\/wp-json\/wp\/v2\/comments?post=13531"}],"wp:featuredmedia":[{"embeddable":true,"href":"https:\/\/parduotuve.kondena.lt\/en\/wp-json\/wp\/v2\/media\/13354"}],"wp:attachment":[{"href":"https:\/\/parduotuve.kondena.lt\/en\/wp-json\/wp\/v2\/media?parent=13531"}],"wp:term":[{"taxonomy":"product_cat","embeddable":true,"href":"https:\/\/parduotuve.kondena.lt\/en\/wp-json\/wp\/v2\/product_cat?post=13531"},{"taxonomy":"product_tag","embeddable":true,"href":"https:\/\/parduotuve.kondena.lt\/en\/wp-json\/wp\/v2\/product_tag?post=13531"}],"curies":[{"name":"wp","href":"https:\/\/api.w.org\/{rel}","templated":true}]}}