{"id":13503,"date":"2021-12-07T09:40:06","date_gmt":"2021-12-07T08:40:06","guid":{"rendered":"https:\/\/parduotuve.kondena.lt\/?post_type=product&#038;p=13503"},"modified":"2022-09-06T09:36:30","modified_gmt":"2022-09-06T08:36:30","slug":"oro-kondicionierius-brisa-komplektas-3-2kw","status":"publish","type":"product","link":"https:\/\/parduotuve.kondena.lt\/en\/produktai\/oro-kondicionierius-brisa-komplektas-3-2kw\/","title":{"rendered":"Heiko Oro kondicionierius BRISA komplektas 3.2kW"},"content":{"rendered":"<p>Oro kondicionierius BRISA komplektas 3.2kW &#8211; tai modernus v\u0117sinimo \u012frenginys, pasi\u017eymintis dideliu energijos vartojimo efektyvumu su auk\u0161\u010diausios kokyb\u0117s kompresoriais.<\/p>\n<p>Sud\u0117tingas BRISA oro kondicionieri\u0173 stilius daro juos puikiu pasirinkimu namams ir ofisui. Temperat\u016bros valdym\u0105 ir oro kondicionieriaus naudojim\u0105<br \/>\npalengvina standartinis \u201eWi-Fi\u201c valdymas ir pridedamas belaidis valdiklis.<\/p>\n<p><strong>TEMPERAT\u016aROS NUSTATYMAS nuo 16 iki 30 \u00b0 C<\/strong><\/p>\n<p><strong>\u201eWi-Fi\u201c valdymas<\/strong><br \/>\nStandartinis \u201eWi-Fi\u201c valdymas leid\u017eia valdyti oro kondicionieri\u0173 su telefonu, prijungtu prie interneto i\u0161 bet kurios vietos. Patogi ir intuityvi \u201eWi-Fi INTELLIGENT AIR\u201c programa suteikia prieig\u0105 \u012f visus pagrindinius oro kondicionieriaus nustatymus.<\/p>\n<p><strong>Didelis energijos vartojimo efektyvumas<\/strong><br \/>\nNaujovi\u0161ki sprendimai leido \u017eymiai suma\u017einti energijos s\u0105naudas suvartojimas tiek au\u0161inimo, tiek \u0161ildymo re\u017eimu. Prietaisai turi A ++\/A+energinis \u012fvertinimas.<\/p>\n<p><strong>SMART oro srautas<\/strong><br \/>\nNovatori\u0161kas sprendimas oro srautui valdyti. Srautas nukreiptas au\u0161inimo metu auk\u0161tyn ir kaitinant \u017eemyn, kuris leid\u017eia tolygiai paskirstyti or\u0105 ir taip u\u017ekirsti keli\u0105 tiesioginiam oro srautas vartotojui.<\/p>\n<p><strong>Oro srauto grei\u010dio valdymas<\/strong><br \/>\nGalimyb\u0117 valdyti oro srauto langines vertikaliai ir horizontaliai leid\u017eia tiksliai nukreipti oro sraut\u0105. Funkcija pasiekiama i\u0161 belaid\u012f valdikl\u012f ir \u201eWi-Fi Intelligent Air\u201c program\u0105.<\/p>\n<p><strong>Quiet operation<\/strong><br \/>\nKomponentai, kuriuos sudaro oro kondicionierius ir optimali oro srauto sistema u\u017etikrina tyl\u0173 veikim\u0105 patogumui darbo metu ir laisvalaikiu.<\/p>\n<p><a href=\"https:\/\/parduotuve.kondena.lt\/wp-content\/uploads\/2021\/12\/brisa.png\"><img loading=\"lazy\" decoding=\"async\" class=\"alignnone wp-image-13563\" src=\"https:\/\/parduotuve.kondena.lt\/wp-content\/uploads\/2021\/12\/brisa-300x161.png\" alt=\"\" width=\"475\" height=\"255\" srcset=\"https:\/\/parduotuve.kondena.lt\/wp-content\/uploads\/2021\/12\/brisa-300x161.png 300w, https:\/\/parduotuve.kondena.lt\/wp-content\/uploads\/2021\/12\/brisa-1024x548.png 1024w, https:\/\/parduotuve.kondena.lt\/wp-content\/uploads\/2021\/12\/brisa-768x411.png 768w, https:\/\/parduotuve.kondena.lt\/wp-content\/uploads\/2021\/12\/brisa-18x10.png 18w, https:\/\/parduotuve.kondena.lt\/wp-content\/uploads\/2021\/12\/brisa-600x321.png 600w, https:\/\/parduotuve.kondena.lt\/wp-content\/uploads\/2021\/12\/brisa.png 1100w\" sizes=\"auto, (max-width: 475px) 100vw, 475px\" \/><\/a><\/p>","protected":false},"excerpt":{"rendered":"<p><strong>TEMPERAT\u016aROS NUSTATYMAS nuo 16 iki 30 \u00b0 C<\/strong><\/p>\n<ul>\n<li>Prietaisai turi A ++\/A+ energetin\u012f \u012fvertinim\u0105.<\/li>\n<li>Greitas ir lengvas montavimas<\/li>\n<\/ul>","protected":false},"featured_media":13355,"comment_status":"open","ping_status":"closed","template":"","meta":[],"product_cat":[201,206,144],"product_tag":[],"class_list":["post-13503","product","type-product","status-publish","has-post-thumbnail","hentry","product_cat-oro-kondicionieriai","product_cat-split-kondicionieriai","product_cat-vesinimas"],"acf":[],"yoast_head":"<!-- This site is optimized with the Yoast SEO plugin v20.13 - https:\/\/yoast.com\/wordpress\/plugins\/seo\/ -->\n<title>Heiko Oro kondicionierius BRISA komplektas 3.2kW - Kondena<\/title>\n<meta name=\"description\" content=\"Oro kondicionierius BRISA komplektas 3.2kW - sieninis oro kondicionierius skirtas u\u017etikrinti auk\u0161\u010diausi\u0105 j\u016bs\u0173 nam\u0173 mikroklimto komfort\u0105!\" \/>\n<meta name=\"robots\" content=\"index, follow, max-snippet:-1, max-image-preview:large, max-video-preview:-1\" \/>\n<link rel=\"canonical\" href=\"https:\/\/parduotuve.kondena.lt\/en\/produktai\/oro-kondicionierius-brisa-komplektas-3-2kw\/\" \/>\n<meta property=\"og:locale\" content=\"en_US\" \/>\n<meta property=\"og:type\" content=\"article\" \/>\n<meta property=\"og:title\" content=\"Heiko Oro kondicionierius BRISA komplektas 3.2kW - Kondena\" \/>\n<meta property=\"og:description\" content=\"Oro kondicionierius BRISA komplektas 3.2kW - sieninis oro kondicionierius skirtas u\u017etikrinti auk\u0161\u010diausi\u0105 j\u016bs\u0173 nam\u0173 mikroklimto komfort\u0105!\" \/>\n<meta property=\"og:url\" content=\"https:\/\/parduotuve.kondena.lt\/en\/produktai\/oro-kondicionierius-brisa-komplektas-3-2kw\/\" \/>\n<meta property=\"og:site_name\" content=\"Kondena\" \/>\n<meta property=\"article:modified_time\" content=\"2022-09-06T08:36:30+00:00\" \/>\n<meta property=\"og:image\" content=\"https:\/\/parduotuve.kondena.lt\/wp-content\/uploads\/2021\/10\/9-1.png\" \/>\n\t<meta property=\"og:image:width\" content=\"2000\" \/>\n\t<meta property=\"og:image:height\" content=\"2000\" \/>\n\t<meta property=\"og:image:type\" content=\"image\/png\" \/>\n<meta name=\"twitter:card\" content=\"summary_large_image\" \/>\n<meta name=\"twitter:label1\" content=\"Est. reading time\" \/>\n\t<meta name=\"twitter:data1\" content=\"2 minutes\" \/>\n<script type=\"application\/ld+json\" class=\"yoast-schema-graph\">{\"@context\":\"https:\/\/schema.org\",\"@graph\":[{\"@type\":\"WebPage\",\"@id\":\"https:\/\/parduotuve.kondena.lt\/produktai\/oro-kondicionierius-brisa-komplektas-3-2kw\/\",\"url\":\"https:\/\/parduotuve.kondena.lt\/produktai\/oro-kondicionierius-brisa-komplektas-3-2kw\/\",\"name\":\"Heiko Oro kondicionierius BRISA komplektas 3.2kW - Kondena\",\"isPartOf\":{\"@id\":\"https:\/\/parduotuve.kondena.lt\/#website\"},\"datePublished\":\"2021-12-07T08:40:06+00:00\",\"dateModified\":\"2022-09-06T08:36:30+00:00\",\"description\":\"Oro kondicionierius BRISA komplektas 3.2kW - sieninis oro kondicionierius skirtas u\u017etikrinti auk\u0161\u010diausi\u0105 j\u016bs\u0173 nam\u0173 mikroklimto komfort\u0105!\",\"breadcrumb\":{\"@id\":\"https:\/\/parduotuve.kondena.lt\/produktai\/oro-kondicionierius-brisa-komplektas-3-2kw\/#breadcrumb\"},\"inLanguage\":\"en-US\",\"potentialAction\":[{\"@type\":\"ReadAction\",\"target\":[\"https:\/\/parduotuve.kondena.lt\/produktai\/oro-kondicionierius-brisa-komplektas-3-2kw\/\"]}]},{\"@type\":\"BreadcrumbList\",\"@id\":\"https:\/\/parduotuve.kondena.lt\/produktai\/oro-kondicionierius-brisa-komplektas-3-2kw\/#breadcrumb\",\"itemListElement\":[{\"@type\":\"ListItem\",\"position\":1,\"name\":\"Parduotuv\u0117\",\"item\":\"https:\/\/parduotuve.kondena.lt\/parduotuve\/\"},{\"@type\":\"ListItem\",\"position\":2,\"name\":\"Heiko Oro kondicionierius BRISA komplektas 3.2kW\"}]},{\"@type\":\"WebSite\",\"@id\":\"https:\/\/parduotuve.kondena.lt\/#website\",\"url\":\"https:\/\/parduotuve.kondena.lt\/\",\"name\":\"Kondena\",\"description\":\"Kol kas tik dar vienas WordPress tinklalapis\",\"potentialAction\":[{\"@type\":\"SearchAction\",\"target\":{\"@type\":\"EntryPoint\",\"urlTemplate\":\"https:\/\/parduotuve.kondena.lt\/?s={search_term_string}\"},\"query-input\":\"required name=search_term_string\"}],\"inLanguage\":\"en-US\"}]}<\/script>\n<!-- \/ Yoast SEO plugin. -->","yoast_head_json":{"title":"Heiko Oro kondicionierius BRISA komplektas 3.2kW - Kondena","description":"Oro kondicionierius BRISA komplektas 3.2kW - sieninis oro kondicionierius skirtas u\u017etikrinti auk\u0161\u010diausi\u0105 j\u016bs\u0173 nam\u0173 mikroklimto komfort\u0105!","robots":{"index":"index","follow":"follow","max-snippet":"max-snippet:-1","max-image-preview":"max-image-preview:large","max-video-preview":"max-video-preview:-1"},"canonical":"https:\/\/parduotuve.kondena.lt\/en\/produktai\/oro-kondicionierius-brisa-komplektas-3-2kw\/","og_locale":"en_US","og_type":"article","og_title":"Heiko Oro kondicionierius BRISA komplektas 3.2kW - Kondena","og_description":"Oro kondicionierius BRISA komplektas 3.2kW - sieninis oro kondicionierius skirtas u\u017etikrinti auk\u0161\u010diausi\u0105 j\u016bs\u0173 nam\u0173 mikroklimto komfort\u0105!","og_url":"https:\/\/parduotuve.kondena.lt\/en\/produktai\/oro-kondicionierius-brisa-komplektas-3-2kw\/","og_site_name":"Kondena","article_modified_time":"2022-09-06T08:36:30+00:00","og_image":[{"width":2000,"height":2000,"url":"https:\/\/parduotuve.kondena.lt\/wp-content\/uploads\/2021\/10\/9-1.png","type":"image\/png"}],"twitter_card":"summary_large_image","twitter_misc":{"Est. reading time":"2 minutes"},"schema":{"@context":"https:\/\/schema.org","@graph":[{"@type":"WebPage","@id":"https:\/\/parduotuve.kondena.lt\/produktai\/oro-kondicionierius-brisa-komplektas-3-2kw\/","url":"https:\/\/parduotuve.kondena.lt\/produktai\/oro-kondicionierius-brisa-komplektas-3-2kw\/","name":"Heiko Oro kondicionierius BRISA komplektas 3.2kW - Kondena","isPartOf":{"@id":"https:\/\/parduotuve.kondena.lt\/#website"},"datePublished":"2021-12-07T08:40:06+00:00","dateModified":"2022-09-06T08:36:30+00:00","description":"Oro kondicionierius BRISA komplektas 3.2kW - sieninis oro kondicionierius skirtas u\u017etikrinti auk\u0161\u010diausi\u0105 j\u016bs\u0173 nam\u0173 mikroklimto komfort\u0105!","breadcrumb":{"@id":"https:\/\/parduotuve.kondena.lt\/produktai\/oro-kondicionierius-brisa-komplektas-3-2kw\/#breadcrumb"},"inLanguage":"en-US","potentialAction":[{"@type":"ReadAction","target":["https:\/\/parduotuve.kondena.lt\/produktai\/oro-kondicionierius-brisa-komplektas-3-2kw\/"]}]},{"@type":"BreadcrumbList","@id":"https:\/\/parduotuve.kondena.lt\/produktai\/oro-kondicionierius-brisa-komplektas-3-2kw\/#breadcrumb","itemListElement":[{"@type":"ListItem","position":1,"name":"Parduotuv\u0117","item":"https:\/\/parduotuve.kondena.lt\/parduotuve\/"},{"@type":"ListItem","position":2,"name":"Heiko Oro kondicionierius BRISA komplektas 3.2kW"}]},{"@type":"WebSite","@id":"https:\/\/parduotuve.kondena.lt\/#website","url":"https:\/\/parduotuve.kondena.lt\/","name":"Kondena","description":"Kol kas tik dar vienas WordPress tinklalapis","potentialAction":[{"@type":"SearchAction","target":{"@type":"EntryPoint","urlTemplate":"https:\/\/parduotuve.kondena.lt\/?s={search_term_string}"},"query-input":"required name=search_term_string"}],"inLanguage":"en-US"}]}},"_links":{"self":[{"href":"https:\/\/parduotuve.kondena.lt\/en\/wp-json\/wp\/v2\/product\/13503","targetHints":{"allow":["GET"]}}],"collection":[{"href":"https:\/\/parduotuve.kondena.lt\/en\/wp-json\/wp\/v2\/product"}],"about":[{"href":"https:\/\/parduotuve.kondena.lt\/en\/wp-json\/wp\/v2\/types\/product"}],"replies":[{"embeddable":true,"href":"https:\/\/parduotuve.kondena.lt\/en\/wp-json\/wp\/v2\/comments?post=13503"}],"wp:featuredmedia":[{"embeddable":true,"href":"https:\/\/parduotuve.kondena.lt\/en\/wp-json\/wp\/v2\/media\/13355"}],"wp:attachment":[{"href":"https:\/\/parduotuve.kondena.lt\/en\/wp-json\/wp\/v2\/media?parent=13503"}],"wp:term":[{"taxonomy":"product_cat","embeddable":true,"href":"https:\/\/parduotuve.kondena.lt\/en\/wp-json\/wp\/v2\/product_cat?post=13503"},{"taxonomy":"product_tag","embeddable":true,"href":"https:\/\/parduotuve.kondena.lt\/en\/wp-json\/wp\/v2\/product_tag?post=13503"}],"curies":[{"name":"wp","href":"https:\/\/api.w.org\/{rel}","templated":true}]}}