{"id":13406,"date":"2021-11-24T14:13:42","date_gmt":"2021-11-24T13:13:42","guid":{"rendered":"https:\/\/parduotuve.kondena.lt\/?post_type=product&#038;p=13406"},"modified":"2022-12-09T10:53:58","modified_gmt":"2022-12-09T09:53:58","slug":"set-istraukiamo-oro-difuzorius","status":"publish","type":"product","link":"https:\/\/parduotuve.kondena.lt\/en\/produktai\/set-istraukiamo-oro-difuzorius\/","title":{"rendered":"SET exhaust air diffuser"},"content":{"rendered":"<p>The sound level of the SET extract air diffuser is low and the air flow is easy to measure. The volume flow can be adjusted by clogging the nozzles. Product connection sizes are 100-400 mm.<\/p>\n<p><a href=\"https:\/\/parduotuve.kondena.lt\/wp-content\/uploads\/2021\/11\/Screenshot-2021-11-24-150920.png\"><img loading=\"lazy\" decoding=\"async\" class=\"alignnone size-medium wp-image-13407\" src=\"https:\/\/parduotuve.kondena.lt\/wp-content\/uploads\/2021\/11\/Screenshot-2021-11-24-150920-300x150.png\" alt=\"\" width=\"300\" height=\"150\" srcset=\"https:\/\/parduotuve.kondena.lt\/wp-content\/uploads\/2021\/11\/Screenshot-2021-11-24-150920-300x150.png 300w, https:\/\/parduotuve.kondena.lt\/wp-content\/uploads\/2021\/11\/Screenshot-2021-11-24-150920-18x9.png 18w, https:\/\/parduotuve.kondena.lt\/wp-content\/uploads\/2021\/11\/Screenshot-2021-11-24-150920.png 349w\" sizes=\"auto, (max-width: 300px) 100vw, 300px\" \/><\/a><\/p>\n<p>SET also has good adjustment functions and low volume. Optionally, the extract air valve SET can be made of acid-resistant or stainless steel.<\/p>\n<p><strong>The SET extract air valve is now also available with corrosion-resistant acid-resistant steel! Climecon HST products are particularly suitable for e.g. indoor pool conditions<\/strong><\/p>","protected":false},"excerpt":{"rendered":"<ul>\n<li>Air flow is easily measured and regulated<\/li>\n<li>Low volume<\/li>\n<li>It can also be made of acid-resistant or stainless steel<\/li>\n<\/ul>","protected":false},"featured_media":13408,"comment_status":"open","ping_status":"closed","template":"","meta":[],"product_cat":[189,190],"product_tag":[],"class_list":["post-13406","product","type-product","status-publish","has-post-thumbnail","hentry","product_cat-difuzoriai","product_cat-apvalus-oro-difuzoriai"],"acf":[],"yoast_head":"<!-- This site is optimized with the Yoast SEO plugin v20.13 - https:\/\/yoast.com\/wordpress\/plugins\/seo\/ -->\n<title>SET i\u0161traukiamo oro difuzorius - Kondena<\/title>\n<meta name=\"description\" content=\"SET i\u0161traukiamo oro difuzorius garso lygis yra \u017eemas, o oro sraut\u0105 lengva i\u0161matuoti. T\u016brio sraut\u0105 galima reguliuoti u\u017ekim\u0161us purk\u0161tukus.\" \/>\n<meta name=\"robots\" content=\"index, follow, max-snippet:-1, max-image-preview:large, max-video-preview:-1\" \/>\n<link rel=\"canonical\" href=\"https:\/\/parduotuve.kondena.lt\/en\/produktai\/set-istraukiamo-oro-difuzorius\/\" \/>\n<meta property=\"og:locale\" content=\"en_US\" \/>\n<meta property=\"og:type\" content=\"article\" \/>\n<meta property=\"og:title\" content=\"SET i\u0161traukiamo oro difuzorius - Kondena\" \/>\n<meta property=\"og:description\" content=\"SET i\u0161traukiamo oro difuzorius garso lygis yra \u017eemas, o oro sraut\u0105 lengva i\u0161matuoti. T\u016brio sraut\u0105 galima reguliuoti u\u017ekim\u0161us purk\u0161tukus.\" \/>\n<meta property=\"og:url\" content=\"https:\/\/parduotuve.kondena.lt\/en\/produktai\/set-istraukiamo-oro-difuzorius\/\" \/>\n<meta property=\"og:site_name\" content=\"Kondena\" \/>\n<meta property=\"article:modified_time\" content=\"2022-12-09T09:53:58+00:00\" \/>\n<meta property=\"og:image\" content=\"https:\/\/parduotuve.kondena.lt\/wp-content\/uploads\/2021\/11\/Screenshot-2021-11-24-150907.png\" \/>\n\t<meta property=\"og:image:width\" content=\"402\" \/>\n\t<meta property=\"og:image:height\" content=\"373\" \/>\n\t<meta property=\"og:image:type\" content=\"image\/png\" \/>\n<meta name=\"twitter:card\" content=\"summary_large_image\" \/>\n<meta name=\"twitter:label1\" content=\"Est. reading time\" \/>\n\t<meta name=\"twitter:data1\" content=\"1 minute\" \/>\n<script type=\"application\/ld+json\" class=\"yoast-schema-graph\">{\"@context\":\"https:\/\/schema.org\",\"@graph\":[{\"@type\":\"WebPage\",\"@id\":\"https:\/\/parduotuve.kondena.lt\/produktai\/set-istraukiamo-oro-difuzorius\/\",\"url\":\"https:\/\/parduotuve.kondena.lt\/produktai\/set-istraukiamo-oro-difuzorius\/\",\"name\":\"SET i\u0161traukiamo oro difuzorius - Kondena\",\"isPartOf\":{\"@id\":\"https:\/\/parduotuve.kondena.lt\/#website\"},\"datePublished\":\"2021-11-24T13:13:42+00:00\",\"dateModified\":\"2022-12-09T09:53:58+00:00\",\"description\":\"SET i\u0161traukiamo oro difuzorius garso lygis yra \u017eemas, o oro sraut\u0105 lengva i\u0161matuoti. T\u016brio sraut\u0105 galima reguliuoti u\u017ekim\u0161us purk\u0161tukus.\",\"breadcrumb\":{\"@id\":\"https:\/\/parduotuve.kondena.lt\/produktai\/set-istraukiamo-oro-difuzorius\/#breadcrumb\"},\"inLanguage\":\"en-US\",\"potentialAction\":[{\"@type\":\"ReadAction\",\"target\":[\"https:\/\/parduotuve.kondena.lt\/produktai\/set-istraukiamo-oro-difuzorius\/\"]}]},{\"@type\":\"BreadcrumbList\",\"@id\":\"https:\/\/parduotuve.kondena.lt\/produktai\/set-istraukiamo-oro-difuzorius\/#breadcrumb\",\"itemListElement\":[{\"@type\":\"ListItem\",\"position\":1,\"name\":\"Parduotuv\u0117\",\"item\":\"https:\/\/parduotuve.kondena.lt\/parduotuve\/\"},{\"@type\":\"ListItem\",\"position\":2,\"name\":\"SET i\u0161traukiamo oro difuzorius\"}]},{\"@type\":\"WebSite\",\"@id\":\"https:\/\/parduotuve.kondena.lt\/#website\",\"url\":\"https:\/\/parduotuve.kondena.lt\/\",\"name\":\"Kondena\",\"description\":\"Kol kas tik dar vienas WordPress tinklalapis\",\"potentialAction\":[{\"@type\":\"SearchAction\",\"target\":{\"@type\":\"EntryPoint\",\"urlTemplate\":\"https:\/\/parduotuve.kondena.lt\/?s={search_term_string}\"},\"query-input\":\"required name=search_term_string\"}],\"inLanguage\":\"en-US\"}]}<\/script>\n<!-- \/ Yoast SEO plugin. -->","yoast_head_json":{"title":"SET i\u0161traukiamo oro difuzorius - Kondena","description":"SET i\u0161traukiamo oro difuzorius garso lygis yra \u017eemas, o oro sraut\u0105 lengva i\u0161matuoti. T\u016brio sraut\u0105 galima reguliuoti u\u017ekim\u0161us purk\u0161tukus.","robots":{"index":"index","follow":"follow","max-snippet":"max-snippet:-1","max-image-preview":"max-image-preview:large","max-video-preview":"max-video-preview:-1"},"canonical":"https:\/\/parduotuve.kondena.lt\/en\/produktai\/set-istraukiamo-oro-difuzorius\/","og_locale":"en_US","og_type":"article","og_title":"SET i\u0161traukiamo oro difuzorius - Kondena","og_description":"SET i\u0161traukiamo oro difuzorius garso lygis yra \u017eemas, o oro sraut\u0105 lengva i\u0161matuoti. T\u016brio sraut\u0105 galima reguliuoti u\u017ekim\u0161us purk\u0161tukus.","og_url":"https:\/\/parduotuve.kondena.lt\/en\/produktai\/set-istraukiamo-oro-difuzorius\/","og_site_name":"Kondena","article_modified_time":"2022-12-09T09:53:58+00:00","og_image":[{"width":402,"height":373,"url":"https:\/\/parduotuve.kondena.lt\/wp-content\/uploads\/2021\/11\/Screenshot-2021-11-24-150907.png","type":"image\/png"}],"twitter_card":"summary_large_image","twitter_misc":{"Est. reading time":"1 minute"},"schema":{"@context":"https:\/\/schema.org","@graph":[{"@type":"WebPage","@id":"https:\/\/parduotuve.kondena.lt\/produktai\/set-istraukiamo-oro-difuzorius\/","url":"https:\/\/parduotuve.kondena.lt\/produktai\/set-istraukiamo-oro-difuzorius\/","name":"SET i\u0161traukiamo oro difuzorius - Kondena","isPartOf":{"@id":"https:\/\/parduotuve.kondena.lt\/#website"},"datePublished":"2021-11-24T13:13:42+00:00","dateModified":"2022-12-09T09:53:58+00:00","description":"SET i\u0161traukiamo oro difuzorius garso lygis yra \u017eemas, o oro sraut\u0105 lengva i\u0161matuoti. T\u016brio sraut\u0105 galima reguliuoti u\u017ekim\u0161us purk\u0161tukus.","breadcrumb":{"@id":"https:\/\/parduotuve.kondena.lt\/produktai\/set-istraukiamo-oro-difuzorius\/#breadcrumb"},"inLanguage":"en-US","potentialAction":[{"@type":"ReadAction","target":["https:\/\/parduotuve.kondena.lt\/produktai\/set-istraukiamo-oro-difuzorius\/"]}]},{"@type":"BreadcrumbList","@id":"https:\/\/parduotuve.kondena.lt\/produktai\/set-istraukiamo-oro-difuzorius\/#breadcrumb","itemListElement":[{"@type":"ListItem","position":1,"name":"Parduotuv\u0117","item":"https:\/\/parduotuve.kondena.lt\/parduotuve\/"},{"@type":"ListItem","position":2,"name":"SET i\u0161traukiamo oro difuzorius"}]},{"@type":"WebSite","@id":"https:\/\/parduotuve.kondena.lt\/#website","url":"https:\/\/parduotuve.kondena.lt\/","name":"Kondena","description":"Kol kas tik dar vienas WordPress tinklalapis","potentialAction":[{"@type":"SearchAction","target":{"@type":"EntryPoint","urlTemplate":"https:\/\/parduotuve.kondena.lt\/?s={search_term_string}"},"query-input":"required name=search_term_string"}],"inLanguage":"en-US"}]}},"_links":{"self":[{"href":"https:\/\/parduotuve.kondena.lt\/en\/wp-json\/wp\/v2\/product\/13406","targetHints":{"allow":["GET"]}}],"collection":[{"href":"https:\/\/parduotuve.kondena.lt\/en\/wp-json\/wp\/v2\/product"}],"about":[{"href":"https:\/\/parduotuve.kondena.lt\/en\/wp-json\/wp\/v2\/types\/product"}],"replies":[{"embeddable":true,"href":"https:\/\/parduotuve.kondena.lt\/en\/wp-json\/wp\/v2\/comments?post=13406"}],"wp:featuredmedia":[{"embeddable":true,"href":"https:\/\/parduotuve.kondena.lt\/en\/wp-json\/wp\/v2\/media\/13408"}],"wp:attachment":[{"href":"https:\/\/parduotuve.kondena.lt\/en\/wp-json\/wp\/v2\/media?parent=13406"}],"wp:term":[{"taxonomy":"product_cat","embeddable":true,"href":"https:\/\/parduotuve.kondena.lt\/en\/wp-json\/wp\/v2\/product_cat?post=13406"},{"taxonomy":"product_tag","embeddable":true,"href":"https:\/\/parduotuve.kondena.lt\/en\/wp-json\/wp\/v2\/product_tag?post=13406"}],"curies":[{"name":"wp","href":"https:\/\/api.w.org\/{rel}","templated":true}]}}