{"id":13376,"date":"2021-11-24T12:56:18","date_gmt":"2021-11-24T11:56:18","guid":{"rendered":"https:\/\/parduotuve.kondena.lt\/?post_type=product&#038;p=13376"},"modified":"2021-11-30T08:38:10","modified_gmt":"2021-11-30T07:38:10","slug":"eco-c-lubu-ventiliacijos-anga","status":"publish","type":"product","link":"https:\/\/parduotuve.kondena.lt\/en\/produktai\/eco-c-lubu-ventiliacijos-anga\/","title":{"rendered":"ECO-C lub\u0173 ventiliacijos anga"},"content":{"rendered":"<p>ECO-C lub\u0173 ventiliacijos anga pasyviems namams suteikia tiek i\u0161man\u0173 \u0161ildym\u0105, tiek tolyg\u0173 ir kokybi\u0161k\u0105 oro paskirstym\u0105. Be eleganti\u0161ko dizaino, ECO-C lub\u0173 ventiliacijos angos savyb\u0117s apima auk\u0161t\u0105 mai\u0161ymo santyk\u012f, plat\u0173 i\u0161metimo ra\u0161t\u0105 ir i\u0161rading\u0105 strukt\u016br\u0105, kuri i\u0161laiko lub\u0173 pavir\u0161i\u0173 \u0161var\u0173.<\/p>\n<p><a href=\"https:\/\/parduotuve.kondena.lt\/wp-content\/uploads\/2021\/11\/Screenshot-2021-11-24-135326.png\"><img loading=\"lazy\" decoding=\"async\" class=\"alignnone size-medium wp-image-13391\" src=\"https:\/\/parduotuve.kondena.lt\/wp-content\/uploads\/2021\/11\/Screenshot-2021-11-24-135326-300x139.png\" alt=\"\" width=\"300\" height=\"139\" srcset=\"https:\/\/parduotuve.kondena.lt\/wp-content\/uploads\/2021\/11\/Screenshot-2021-11-24-135326-300x139.png 300w, https:\/\/parduotuve.kondena.lt\/wp-content\/uploads\/2021\/11\/Screenshot-2021-11-24-135326-18x8.png 18w, https:\/\/parduotuve.kondena.lt\/wp-content\/uploads\/2021\/11\/Screenshot-2021-11-24-135326.png 437w\" sizes=\"auto, (max-width: 300px) 100vw, 300px\" \/><\/a><\/p>\n<p>\u0160i\u0105 stiling\u0105 lub\u0173 ventiliacij\u0105 su tyliu garsu ir puikiu oro paskirstymu lengva valdyti ir palaikyti \u0161var\u0105.\u00a0ECO-C yra lengvai ir patikimai valdomas, o produktas pasi\u017eymi dideliu mai\u0161ymo santykiu ir pla\u010diu i\u0161metimo ra\u0161tu.\u00a0Tai u\u017etikrina skersv\u0117j\u0173 ir malon\u0173 oro paskirstym\u0105 tiek \u0161ildymo sezono metu, tiek u\u017e jo rib\u0173.<\/p>\n<p>D\u0117l naujovi\u0161ko dizaino lub\u0173 pavir\u0161ius aplink ventiliacijos ang\u0105 i\u0161lieka \u0161varus, be ne\u0161varum\u0173 rato, kuris paprastai susidaro d\u0117l antrinio oro.<\/p>\n<p>ECO-C tinka visoms erdv\u0117ms, kur oro paskirstymas tiekiamas per lubas.<\/p>\n<h3>ECO serija \u2013 priverstinis oro \u0161ildymas pasyviuose namuose<\/h3>\n<p>Pasyvi\u0173j\u0173 nam\u0173 \u0161ildymo energijos poreikis yra tik 20\u201330 kWh\/GSM ir 10\u201320 W\/m\u00a0<sup>2<\/sup>\u00a0kambariuose.\u00a0Galios poreikis \u0161ildymui yra nedidelis, tod\u0117l tiksli, greitai \u012f poky\u010dius reaguojanti priverstinio oro \u0161ildymo sistema EKO energinio efektyvumo po\u017ei\u016briu labai tinka \u0161iems namams.\u00a0Naudojant programuojam\u0105 ECO serij\u0105, kiekvienoje patalpoje temperat\u016bra gali b\u016bti reguliuojama atskirai, o sistema mokosi naudodama, u\u017etikrindama dar geresn\u012f energijos vartojimo efektyvum\u0105 ir \u0161ilumin\u012f komfort\u0105.<\/p>","protected":false},"excerpt":{"rendered":"<ul>\n<li>Didelis mai\u0161ymo santykis ir platus i\u0161metimo modelis<\/li>\n<li>I\u0161radinga konstrukcija, kuri i\u0161laiko lub\u0173 pavir\u0161i\u0173 \u0161var\u0173<\/li>\n<li>Patikimas matavimas ir greitas bei tikslus valdymas<\/li>\n<li>Eleganti\u0161kas dizainas<\/li>\n<li>Su v\u0117dinimo sistema integruotas \u0161ildymas supaprastina pastato paslaug\u0173 apimt\u012f<\/li>\n<li>Ne \u0161ildymo sezono metu ECO-C veikia kaip auk\u0161\u010diausios kokyb\u0117s tiekiamo oro difuzorius<\/li>\n<\/ul>","protected":false},"featured_media":13392,"comment_status":"open","ping_status":"closed","template":"","meta":[],"product_cat":[189,190],"product_tag":[],"class_list":["post-13376","product","type-product","status-publish","has-post-thumbnail","hentry","product_cat-difuzoriai","product_cat-apvalus-oro-difuzoriai"],"acf":[],"yoast_head":"<!-- This site is optimized with the Yoast SEO plugin v20.13 - https:\/\/yoast.com\/wordpress\/plugins\/seo\/ -->\n<title>ECO-C lub\u0173 ventiliacijos anga - Kondena<\/title>\n<meta name=\"description\" content=\"ECO-C lub\u0173 ventiliacijos anga pasyviems namams suteikia tiek i\u0161man\u0173 \u0161ildym\u0105, tiek tolyg\u0173 ir kokybi\u0161k\u0105 oro paskirstym\u0105\" \/>\n<meta name=\"robots\" content=\"index, follow, max-snippet:-1, max-image-preview:large, max-video-preview:-1\" \/>\n<link rel=\"canonical\" href=\"https:\/\/parduotuve.kondena.lt\/en\/produktai\/eco-c-lubu-ventiliacijos-anga\/\" \/>\n<meta property=\"og:locale\" content=\"en_US\" \/>\n<meta property=\"og:type\" content=\"article\" \/>\n<meta property=\"og:title\" content=\"ECO-C lub\u0173 ventiliacijos anga - Kondena\" \/>\n<meta property=\"og:description\" content=\"ECO-C lub\u0173 ventiliacijos anga pasyviems namams suteikia tiek i\u0161man\u0173 \u0161ildym\u0105, tiek tolyg\u0173 ir kokybi\u0161k\u0105 oro paskirstym\u0105\" \/>\n<meta property=\"og:url\" content=\"https:\/\/parduotuve.kondena.lt\/en\/produktai\/eco-c-lubu-ventiliacijos-anga\/\" \/>\n<meta property=\"og:site_name\" content=\"Kondena\" \/>\n<meta property=\"article:modified_time\" content=\"2021-11-30T07:38:10+00:00\" \/>\n<meta property=\"og:image\" content=\"https:\/\/parduotuve.kondena.lt\/wp-content\/uploads\/2021\/11\/Screenshot-2021-11-24-135312.png\" \/>\n\t<meta property=\"og:image:width\" content=\"400\" \/>\n\t<meta property=\"og:image:height\" content=\"443\" \/>\n\t<meta property=\"og:image:type\" content=\"image\/png\" \/>\n<meta name=\"twitter:card\" content=\"summary_large_image\" \/>\n<meta name=\"twitter:label1\" content=\"Est. reading time\" \/>\n\t<meta name=\"twitter:data1\" content=\"2 minutes\" \/>\n<script type=\"application\/ld+json\" class=\"yoast-schema-graph\">{\"@context\":\"https:\/\/schema.org\",\"@graph\":[{\"@type\":\"WebPage\",\"@id\":\"https:\/\/parduotuve.kondena.lt\/en\/produktai\/eco-c-lubu-ventiliacijos-anga\/\",\"url\":\"https:\/\/parduotuve.kondena.lt\/en\/produktai\/eco-c-lubu-ventiliacijos-anga\/\",\"name\":\"ECO-C lub\u0173 ventiliacijos anga - Kondena\",\"isPartOf\":{\"@id\":\"https:\/\/parduotuve.kondena.lt\/#website\"},\"datePublished\":\"2021-11-24T11:56:18+00:00\",\"dateModified\":\"2021-11-30T07:38:10+00:00\",\"description\":\"ECO-C lub\u0173 ventiliacijos anga pasyviems namams suteikia tiek i\u0161man\u0173 \u0161ildym\u0105, tiek tolyg\u0173 ir kokybi\u0161k\u0105 oro paskirstym\u0105\",\"breadcrumb\":{\"@id\":\"https:\/\/parduotuve.kondena.lt\/en\/produktai\/eco-c-lubu-ventiliacijos-anga\/#breadcrumb\"},\"inLanguage\":\"en-US\",\"potentialAction\":[{\"@type\":\"ReadAction\",\"target\":[\"https:\/\/parduotuve.kondena.lt\/en\/produktai\/eco-c-lubu-ventiliacijos-anga\/\"]}]},{\"@type\":\"BreadcrumbList\",\"@id\":\"https:\/\/parduotuve.kondena.lt\/en\/produktai\/eco-c-lubu-ventiliacijos-anga\/#breadcrumb\",\"itemListElement\":[{\"@type\":\"ListItem\",\"position\":1,\"name\":\"Parduotuv\u0117\",\"item\":\"https:\/\/parduotuve.kondena.lt\/parduotuve\/\"},{\"@type\":\"ListItem\",\"position\":2,\"name\":\"ECO-C lub\u0173 ventiliacijos anga\"}]},{\"@type\":\"WebSite\",\"@id\":\"https:\/\/parduotuve.kondena.lt\/#website\",\"url\":\"https:\/\/parduotuve.kondena.lt\/\",\"name\":\"Kondena\",\"description\":\"Kol kas tik dar vienas WordPress tinklalapis\",\"potentialAction\":[{\"@type\":\"SearchAction\",\"target\":{\"@type\":\"EntryPoint\",\"urlTemplate\":\"https:\/\/parduotuve.kondena.lt\/?s={search_term_string}\"},\"query-input\":\"required name=search_term_string\"}],\"inLanguage\":\"en-US\"}]}<\/script>\n<!-- \/ Yoast SEO plugin. -->","yoast_head_json":{"title":"ECO-C lub\u0173 ventiliacijos anga - Kondena","description":"ECO-C lub\u0173 ventiliacijos anga pasyviems namams suteikia tiek i\u0161man\u0173 \u0161ildym\u0105, tiek tolyg\u0173 ir kokybi\u0161k\u0105 oro paskirstym\u0105","robots":{"index":"index","follow":"follow","max-snippet":"max-snippet:-1","max-image-preview":"max-image-preview:large","max-video-preview":"max-video-preview:-1"},"canonical":"https:\/\/parduotuve.kondena.lt\/en\/produktai\/eco-c-lubu-ventiliacijos-anga\/","og_locale":"en_US","og_type":"article","og_title":"ECO-C lub\u0173 ventiliacijos anga - Kondena","og_description":"ECO-C lub\u0173 ventiliacijos anga pasyviems namams suteikia tiek i\u0161man\u0173 \u0161ildym\u0105, tiek tolyg\u0173 ir kokybi\u0161k\u0105 oro paskirstym\u0105","og_url":"https:\/\/parduotuve.kondena.lt\/en\/produktai\/eco-c-lubu-ventiliacijos-anga\/","og_site_name":"Kondena","article_modified_time":"2021-11-30T07:38:10+00:00","og_image":[{"width":400,"height":443,"url":"https:\/\/parduotuve.kondena.lt\/wp-content\/uploads\/2021\/11\/Screenshot-2021-11-24-135312.png","type":"image\/png"}],"twitter_card":"summary_large_image","twitter_misc":{"Est. reading time":"2 minutes"},"schema":{"@context":"https:\/\/schema.org","@graph":[{"@type":"WebPage","@id":"https:\/\/parduotuve.kondena.lt\/en\/produktai\/eco-c-lubu-ventiliacijos-anga\/","url":"https:\/\/parduotuve.kondena.lt\/en\/produktai\/eco-c-lubu-ventiliacijos-anga\/","name":"ECO-C lub\u0173 ventiliacijos anga - Kondena","isPartOf":{"@id":"https:\/\/parduotuve.kondena.lt\/#website"},"datePublished":"2021-11-24T11:56:18+00:00","dateModified":"2021-11-30T07:38:10+00:00","description":"ECO-C lub\u0173 ventiliacijos anga pasyviems namams suteikia tiek i\u0161man\u0173 \u0161ildym\u0105, tiek tolyg\u0173 ir kokybi\u0161k\u0105 oro paskirstym\u0105","breadcrumb":{"@id":"https:\/\/parduotuve.kondena.lt\/en\/produktai\/eco-c-lubu-ventiliacijos-anga\/#breadcrumb"},"inLanguage":"en-US","potentialAction":[{"@type":"ReadAction","target":["https:\/\/parduotuve.kondena.lt\/en\/produktai\/eco-c-lubu-ventiliacijos-anga\/"]}]},{"@type":"BreadcrumbList","@id":"https:\/\/parduotuve.kondena.lt\/en\/produktai\/eco-c-lubu-ventiliacijos-anga\/#breadcrumb","itemListElement":[{"@type":"ListItem","position":1,"name":"Parduotuv\u0117","item":"https:\/\/parduotuve.kondena.lt\/parduotuve\/"},{"@type":"ListItem","position":2,"name":"ECO-C lub\u0173 ventiliacijos anga"}]},{"@type":"WebSite","@id":"https:\/\/parduotuve.kondena.lt\/#website","url":"https:\/\/parduotuve.kondena.lt\/","name":"Kondena","description":"Kol kas tik dar vienas WordPress tinklalapis","potentialAction":[{"@type":"SearchAction","target":{"@type":"EntryPoint","urlTemplate":"https:\/\/parduotuve.kondena.lt\/?s={search_term_string}"},"query-input":"required name=search_term_string"}],"inLanguage":"en-US"}]}},"_links":{"self":[{"href":"https:\/\/parduotuve.kondena.lt\/en\/wp-json\/wp\/v2\/product\/13376","targetHints":{"allow":["GET"]}}],"collection":[{"href":"https:\/\/parduotuve.kondena.lt\/en\/wp-json\/wp\/v2\/product"}],"about":[{"href":"https:\/\/parduotuve.kondena.lt\/en\/wp-json\/wp\/v2\/types\/product"}],"replies":[{"embeddable":true,"href":"https:\/\/parduotuve.kondena.lt\/en\/wp-json\/wp\/v2\/comments?post=13376"}],"wp:featuredmedia":[{"embeddable":true,"href":"https:\/\/parduotuve.kondena.lt\/en\/wp-json\/wp\/v2\/media\/13392"}],"wp:attachment":[{"href":"https:\/\/parduotuve.kondena.lt\/en\/wp-json\/wp\/v2\/media?parent=13376"}],"wp:term":[{"taxonomy":"product_cat","embeddable":true,"href":"https:\/\/parduotuve.kondena.lt\/en\/wp-json\/wp\/v2\/product_cat?post=13376"},{"taxonomy":"product_tag","embeddable":true,"href":"https:\/\/parduotuve.kondena.lt\/en\/wp-json\/wp\/v2\/product_tag?post=13376"}],"curies":[{"name":"wp","href":"https:\/\/api.w.org\/{rel}","templated":true}]}}