{"id":13374,"date":"2021-11-24T12:37:47","date_gmt":"2021-11-24T11:37:47","guid":{"rendered":"https:\/\/parduotuve.kondena.lt\/?post_type=product&#038;p=13374"},"modified":"2021-11-24T12:48:57","modified_gmt":"2021-11-24T11:48:57","slug":"line-voztuvas","status":"publish","type":"product","link":"https:\/\/parduotuve.kondena.lt\/en\/produktai\/line-voztuvas\/","title":{"rendered":"LINE vo\u017etuvas"},"content":{"rendered":"<p>LINE yra visi\u0161kai stilizuotas vo\u017etuvas, skirtas tiekiamajai ir i\u0161traukiamajai ventiliacijai gyvenamuosiuose rajonuose.\u00a0\u201eLINE\u201c turi apvali\u0105 arba kvadratin\u0119 matom\u0105 \u201edeco\u201c sekcij\u0105, kuri\u0105 galima \u012fsigyti be da\u017eyto plieno ir naujos v\u0117dinimo med\u017eiagos, \u201eAccoya\u00ae\u201c medienos arba opalinio stiklo.\u00a0Be to, galutinis vartotojas gali pritvirtinti norim\u0105 med\u017eiag\u0105 kaip matom\u0105 vo\u017etuvo dal\u012f arba atnaujinti turimus LINE vo\u017etuvus su specialiai sukurta montavimo dalimi.<\/p>\n<p>&nbsp;<\/p>\n<p><a href=\"https:\/\/parduotuve.kondena.lt\/wp-content\/uploads\/2021\/11\/Screenshot-2021-11-24-133311.png\"><img loading=\"lazy\" decoding=\"async\" class=\"alignnone size-medium wp-image-13385\" src=\"https:\/\/parduotuve.kondena.lt\/wp-content\/uploads\/2021\/11\/Screenshot-2021-11-24-133311-300x144.png\" alt=\"\" width=\"300\" height=\"144\" srcset=\"https:\/\/parduotuve.kondena.lt\/wp-content\/uploads\/2021\/11\/Screenshot-2021-11-24-133311-300x144.png 300w, https:\/\/parduotuve.kondena.lt\/wp-content\/uploads\/2021\/11\/Screenshot-2021-11-24-133311-18x9.png 18w, https:\/\/parduotuve.kondena.lt\/wp-content\/uploads\/2021\/11\/Screenshot-2021-11-24-133311.png 462w\" sizes=\"auto, (max-width: 300px) 100vw, 300px\" \/><\/a><\/p>\n<p>&nbsp;<\/p>\n<div class=\"row\">\n<div class=\"col-12 padding-small-bottom\">\n<h2>LINE kolekcija<\/h2>\n<\/div>\n<\/div>\n<div class=\"row align-items-none\">\n<div class=\"col-md-6 mb-order-1 column-1\">\n<div class=\"text-block\">\n<h3>Kolekcija sukurta bendradarbiaujant su \u012fvairi\u0173 sri\u010di\u0173 profesionalais<\/h3>\n<p>LINE kolekcijos dizainas r\u0117m\u0117si grafini\u0173 form\u0173 am\u017einumu.\u00a0Tod\u0117l gnybtus galima \u012fsigyti su apvalia arba kvadratine matoma dekoratyvine sekcija.\u00a0Be to, objekt\u0173 architekt\u016brai ir interjerui u\u017ebaigti parinktos matomos dalies med\u017eiagos.<\/p>\n<p>Prietais\u0173 med\u017eiagos ir i\u0161puosel\u0117ta dizaino kalba sukurta bendradarbiaujant su pramoninio dizaino profesionalais, interjero dizaineriais ir \u201eClimecon\u201c patalp\u0173 oro ekspertais.<\/p>\n<\/div>\n<\/div>\n<div class=\"col-md-6 mb-order-2 column-2\">\n<div class=\"text-block\">\n<h3>\u012evairios interjero dizaino galimyb\u0117s<\/h3>\n<p>\u201eLINE\u201c turi apvali\u0105 arba kvadratin\u0119 matom\u0105 \u201edeco\u201c sekcij\u0105, kuri\u0105 galima \u012fsigyti be da\u017eyto plieno ir naujos ventiliacijos med\u017eiagos, \u201eAccoya\u201c medienos arba opalo stiklo.\u00a0Be to, galutinis vartotojas gali pritvirtinti norim\u0105 med\u017eiag\u0105 kaip matom\u0105 vo\u017etuvo dal\u012f arba atnaujinti turimus LINE vo\u017etuvus su specialiai sukurta montavimo dalimi.<\/p>\n<p>Tiekimo ir i\u0161traukiamosios ventiliacijos vo\u017etuvai atrodo identi\u0161ki vienas kitam ir gali b\u016bti naudojami ant lub\u0173 arba sienos.<\/p>\n<\/div>\n<\/div>\n<\/div>","protected":false},"excerpt":{"rendered":"<ul>\n<li>100 &#8211; 125 mm kanal\u0173 jungtims<\/li>\n<li>5 &#8211; 18 l\/s oro kiekiams<\/li>\n<li>Prie gaminio pridedamas sandarus montavimo r\u0117mas<\/li>\n<li>I\u0161sklaidyto ra\u0161to orientacija su atskirai u\u017esakyta LINIJA dalimi<\/li>\n<\/ul>","protected":false},"featured_media":13386,"comment_status":"open","ping_status":"closed","template":"","meta":[],"product_cat":[189,190,191],"product_tag":[],"class_list":["post-13374","product","type-product","status-publish","has-post-thumbnail","hentry","product_cat-difuzoriai","product_cat-apvalus-oro-difuzoriai","product_cat-kvadratiniai-oro-difuzoriai"],"acf":[],"yoast_head":"<!-- This site is optimized with the Yoast SEO plugin v20.13 - https:\/\/yoast.com\/wordpress\/plugins\/seo\/ -->\n<title>LINE vo\u017etuvas - Kondena<\/title>\n<meta name=\"description\" content=\"LINE yra visi\u0161kai stilizuotas vo\u017etuvas, skirtas tiekiamajai ir i\u0161traukiamajai ventiliacijai gyvenamuosiuose rajonuose.\u00a0\" \/>\n<meta name=\"robots\" content=\"index, follow, max-snippet:-1, max-image-preview:large, max-video-preview:-1\" \/>\n<link rel=\"canonical\" href=\"https:\/\/parduotuve.kondena.lt\/en\/produktai\/line-voztuvas\/\" \/>\n<meta property=\"og:locale\" content=\"en_US\" \/>\n<meta property=\"og:type\" content=\"article\" \/>\n<meta property=\"og:title\" content=\"LINE vo\u017etuvas - Kondena\" \/>\n<meta property=\"og:description\" content=\"LINE yra visi\u0161kai stilizuotas vo\u017etuvas, skirtas tiekiamajai ir i\u0161traukiamajai ventiliacijai gyvenamuosiuose rajonuose.\u00a0\" \/>\n<meta property=\"og:url\" content=\"https:\/\/parduotuve.kondena.lt\/en\/produktai\/line-voztuvas\/\" \/>\n<meta property=\"og:site_name\" content=\"Kondena\" \/>\n<meta property=\"article:modified_time\" content=\"2021-11-24T11:48:57+00:00\" \/>\n<meta property=\"og:image\" content=\"https:\/\/parduotuve.kondena.lt\/wp-content\/uploads\/2021\/11\/LINE-musta-ja-valkoinen-1.webp\" \/>\n\t<meta property=\"og:image:width\" content=\"781\" \/>\n\t<meta property=\"og:image:height\" content=\"781\" \/>\n\t<meta property=\"og:image:type\" content=\"image\/webp\" \/>\n<meta name=\"twitter:card\" content=\"summary_large_image\" \/>\n<meta name=\"twitter:label1\" content=\"Est. reading time\" \/>\n\t<meta name=\"twitter:data1\" content=\"1 minute\" \/>\n<script type=\"application\/ld+json\" class=\"yoast-schema-graph\">{\"@context\":\"https:\/\/schema.org\",\"@graph\":[{\"@type\":\"WebPage\",\"@id\":\"https:\/\/parduotuve.kondena.lt\/en\/produktai\/line-voztuvas\/\",\"url\":\"https:\/\/parduotuve.kondena.lt\/en\/produktai\/line-voztuvas\/\",\"name\":\"LINE vo\u017etuvas - Kondena\",\"isPartOf\":{\"@id\":\"https:\/\/parduotuve.kondena.lt\/#website\"},\"datePublished\":\"2021-11-24T11:37:47+00:00\",\"dateModified\":\"2021-11-24T11:48:57+00:00\",\"description\":\"LINE yra visi\u0161kai stilizuotas vo\u017etuvas, skirtas tiekiamajai ir i\u0161traukiamajai ventiliacijai gyvenamuosiuose rajonuose.\u00a0\",\"breadcrumb\":{\"@id\":\"https:\/\/parduotuve.kondena.lt\/en\/produktai\/line-voztuvas\/#breadcrumb\"},\"inLanguage\":\"en-US\",\"potentialAction\":[{\"@type\":\"ReadAction\",\"target\":[\"https:\/\/parduotuve.kondena.lt\/en\/produktai\/line-voztuvas\/\"]}]},{\"@type\":\"BreadcrumbList\",\"@id\":\"https:\/\/parduotuve.kondena.lt\/en\/produktai\/line-voztuvas\/#breadcrumb\",\"itemListElement\":[{\"@type\":\"ListItem\",\"position\":1,\"name\":\"Parduotuv\u0117\",\"item\":\"https:\/\/parduotuve.kondena.lt\/parduotuve\/\"},{\"@type\":\"ListItem\",\"position\":2,\"name\":\"LINE vo\u017etuvas\"}]},{\"@type\":\"WebSite\",\"@id\":\"https:\/\/parduotuve.kondena.lt\/#website\",\"url\":\"https:\/\/parduotuve.kondena.lt\/\",\"name\":\"Kondena\",\"description\":\"Kol kas tik dar vienas WordPress tinklalapis\",\"potentialAction\":[{\"@type\":\"SearchAction\",\"target\":{\"@type\":\"EntryPoint\",\"urlTemplate\":\"https:\/\/parduotuve.kondena.lt\/?s={search_term_string}\"},\"query-input\":\"required name=search_term_string\"}],\"inLanguage\":\"en-US\"}]}<\/script>\n<!-- \/ Yoast SEO plugin. -->","yoast_head_json":{"title":"LINE vo\u017etuvas - Kondena","description":"LINE yra visi\u0161kai stilizuotas vo\u017etuvas, skirtas tiekiamajai ir i\u0161traukiamajai ventiliacijai gyvenamuosiuose rajonuose.\u00a0","robots":{"index":"index","follow":"follow","max-snippet":"max-snippet:-1","max-image-preview":"max-image-preview:large","max-video-preview":"max-video-preview:-1"},"canonical":"https:\/\/parduotuve.kondena.lt\/en\/produktai\/line-voztuvas\/","og_locale":"en_US","og_type":"article","og_title":"LINE vo\u017etuvas - Kondena","og_description":"LINE yra visi\u0161kai stilizuotas vo\u017etuvas, skirtas tiekiamajai ir i\u0161traukiamajai ventiliacijai gyvenamuosiuose rajonuose.\u00a0","og_url":"https:\/\/parduotuve.kondena.lt\/en\/produktai\/line-voztuvas\/","og_site_name":"Kondena","article_modified_time":"2021-11-24T11:48:57+00:00","og_image":[{"width":781,"height":781,"url":"https:\/\/parduotuve.kondena.lt\/wp-content\/uploads\/2021\/11\/LINE-musta-ja-valkoinen-1.webp","type":"image\/webp"}],"twitter_card":"summary_large_image","twitter_misc":{"Est. reading time":"1 minute"},"schema":{"@context":"https:\/\/schema.org","@graph":[{"@type":"WebPage","@id":"https:\/\/parduotuve.kondena.lt\/en\/produktai\/line-voztuvas\/","url":"https:\/\/parduotuve.kondena.lt\/en\/produktai\/line-voztuvas\/","name":"LINE vo\u017etuvas - Kondena","isPartOf":{"@id":"https:\/\/parduotuve.kondena.lt\/#website"},"datePublished":"2021-11-24T11:37:47+00:00","dateModified":"2021-11-24T11:48:57+00:00","description":"LINE yra visi\u0161kai stilizuotas vo\u017etuvas, skirtas tiekiamajai ir i\u0161traukiamajai ventiliacijai gyvenamuosiuose rajonuose.\u00a0","breadcrumb":{"@id":"https:\/\/parduotuve.kondena.lt\/en\/produktai\/line-voztuvas\/#breadcrumb"},"inLanguage":"en-US","potentialAction":[{"@type":"ReadAction","target":["https:\/\/parduotuve.kondena.lt\/en\/produktai\/line-voztuvas\/"]}]},{"@type":"BreadcrumbList","@id":"https:\/\/parduotuve.kondena.lt\/en\/produktai\/line-voztuvas\/#breadcrumb","itemListElement":[{"@type":"ListItem","position":1,"name":"Parduotuv\u0117","item":"https:\/\/parduotuve.kondena.lt\/parduotuve\/"},{"@type":"ListItem","position":2,"name":"LINE vo\u017etuvas"}]},{"@type":"WebSite","@id":"https:\/\/parduotuve.kondena.lt\/#website","url":"https:\/\/parduotuve.kondena.lt\/","name":"Kondena","description":"Kol kas tik dar vienas WordPress tinklalapis","potentialAction":[{"@type":"SearchAction","target":{"@type":"EntryPoint","urlTemplate":"https:\/\/parduotuve.kondena.lt\/?s={search_term_string}"},"query-input":"required name=search_term_string"}],"inLanguage":"en-US"}]}},"_links":{"self":[{"href":"https:\/\/parduotuve.kondena.lt\/en\/wp-json\/wp\/v2\/product\/13374","targetHints":{"allow":["GET"]}}],"collection":[{"href":"https:\/\/parduotuve.kondena.lt\/en\/wp-json\/wp\/v2\/product"}],"about":[{"href":"https:\/\/parduotuve.kondena.lt\/en\/wp-json\/wp\/v2\/types\/product"}],"replies":[{"embeddable":true,"href":"https:\/\/parduotuve.kondena.lt\/en\/wp-json\/wp\/v2\/comments?post=13374"}],"wp:featuredmedia":[{"embeddable":true,"href":"https:\/\/parduotuve.kondena.lt\/en\/wp-json\/wp\/v2\/media\/13386"}],"wp:attachment":[{"href":"https:\/\/parduotuve.kondena.lt\/en\/wp-json\/wp\/v2\/media?parent=13374"}],"wp:term":[{"taxonomy":"product_cat","embeddable":true,"href":"https:\/\/parduotuve.kondena.lt\/en\/wp-json\/wp\/v2\/product_cat?post=13374"},{"taxonomy":"product_tag","embeddable":true,"href":"https:\/\/parduotuve.kondena.lt\/en\/wp-json\/wp\/v2\/product_tag?post=13374"}],"curies":[{"name":"wp","href":"https:\/\/api.w.org\/{rel}","templated":true}]}}