{"id":13287,"date":"2021-11-19T09:06:25","date_gmt":"2021-11-19T08:06:25","guid":{"rendered":"https:\/\/parduotuve.kondena.lt\/?post_type=product&#038;p=13287"},"modified":"2021-11-19T09:11:08","modified_gmt":"2021-11-19T08:11:08","slug":"gelezies-valymo-filtras-autotrol-ira-15t","status":"publish","type":"product","link":"https:\/\/parduotuve.kondena.lt\/en\/produktai\/gelezies-valymo-filtras-autotrol-ira-15t\/","title":{"rendered":"Iron cleaning filter Autotrol IRA-15T *"},"content":{"rendered":"<p>The Autotrol IRA-15T * self-cleaning iron cleaning filter consists of two columns: in the first air, the water is mixed with air with the help of an air compressor to oxidize the divalent iron to trivalent. In the second column - dissolved and precipitated iron, and mechanical impurities are retained with a special oxidative filler and high-quality quartz sand of different fractions. Contaminated leachate is flushed down the drain.<\/p>\n<p>The Autotrol IRA-15T * iron cleaning filter regenerates automatically due to its self-rinsing function. This iron cleaning filter has a programmer with a clock mechanism that determines how many days a day the regeneration of the water filter (self-flushing) must begin. The Autotrol IRA-15T * automatic iron cleaning filter is ideal for water supply companies, business and industrial organizations and individual households.<\/p>\n<div class=\"node-prod-block2__techt\">TECHNICAL DATA<\/div>\n<div class=\"node-prod-block2__spec clearfix\">\n<p>Min. working pressure:\u00a0<strong>2,0 bar<\/strong><br \/>\nMax. working pressure:\u00a0<strong>7,0 bar<\/strong><br \/>\nCatering:\u00a0<strong>1\/220-240\/50 f\/V\/Hz<\/strong><br \/>\nFilter performance:\u00a0<strong>0,89\u200b m<sup>3<\/sup>\/h<\/strong><br \/>\nFilter max. performance:\u00a0<strong>1,55\u00a0m<sup>3<\/sup>\/h<\/strong><br \/>\nHeight \/ diameter:\u00a0<strong>1440\/350\u200b mm<\/strong><br \/>\nWeight:\u00a0<strong>119\u00a0kg<\/strong><br \/>\nInput \/ output connection:\u00a0<strong>1\u201c\/1\u201c coliai<\/strong><br \/>\nSewage connection:\u00a0<strong>1\/3\u201c coliai<\/strong><br \/>\nOperating temperatures:\u00a0<strong>5-38 \u00b0C<\/strong><br \/>\nFlush flow:\u00a0<strong>4,4 \u2013 5,3<\/strong>\u00a0<strong>m<sup>3<\/sup>\/h<\/strong><\/p>\n<\/div>\n<p>The iron cleaning filters we supply regenerate automatically because they have a self-rinsing function. All iron cleaning filters have a programmer with a clock mechanism that helps determine every few days and at what time of day the regeneration of the iron filter (self-flushing) should begin. Our iron purification filters use only water and potassium permanganate for regeneration.<\/p>","protected":false},"excerpt":{"rendered":"<p>Min. working pressure:\u00a0<strong>2,0 bar<\/strong><br \/>\nMax. working pressure:\u00a0<strong>7,0 bar<\/strong><br \/>\nCatering:\u00a0<strong>1\/220-240\/50 f\/V\/Hz<\/strong><br \/>\nFilter performance:\u00a0<strong>0,89\u200b m<sup>3<\/sup>\/h<\/strong><br \/>\nFilter max. performance:\u00a0<strong>1,55\u00a0m<sup>3<\/sup>\/h<\/strong><br \/>\nHeight \/ diameter:\u00a0<strong>1440\/350\u200b mm<\/strong><br \/>\nWeight:\u00a0<strong>119\u00a0kg<\/strong><br \/>\nInput \/ output connection:\u00a0<strong>1\u201c\/1\u201c coliai<\/strong><br \/>\nSewage connection:\u00a0<strong>1\/3\u201c coliai<\/strong><br \/>\nOperating temperatures:\u00a0<strong>5-38 \u00b0C<\/strong><br \/>\nFlush flow:\u00a0<strong>4,4 \u2013 5,3<\/strong>\u00a0<strong>m<sup>3<\/sup>\/h<\/strong><\/p>","protected":false},"featured_media":13294,"comment_status":"open","ping_status":"closed","template":"","meta":[],"product_cat":[296,293],"product_tag":[],"class_list":["post-13287","product","type-product","status-publish","has-post-thumbnail","hentry","product_cat-gelezies-valymo-filtrai","product_cat-vandens-valymo-filtrai"],"acf":[],"yoast_head":"<!-- This site is optimized with the Yoast SEO plugin v20.13 - https:\/\/yoast.com\/wordpress\/plugins\/seo\/ -->\n<title>Gele\u017eies valymo filtras Autotrol IRA-15T* - Kondena<\/title>\n<meta name=\"description\" content=\"Gele\u017eies valymo filtras Autotrol IRA-15T* su deguonimi yra itin optimalus ir ekonomi\u0161kas sprendimas, nes vienu metu gali atlikti kelias funkcijas.\" \/>\n<meta name=\"robots\" content=\"index, follow, max-snippet:-1, max-image-preview:large, max-video-preview:-1\" \/>\n<link rel=\"canonical\" href=\"https:\/\/parduotuve.kondena.lt\/en\/produktai\/gelezies-valymo-filtras-autotrol-ira-15t\/\" \/>\n<meta property=\"og:locale\" content=\"en_US\" \/>\n<meta property=\"og:type\" content=\"article\" \/>\n<meta property=\"og:title\" content=\"Gele\u017eies valymo filtras Autotrol IRA-15T* - Kondena\" \/>\n<meta property=\"og:description\" content=\"Gele\u017eies valymo filtras Autotrol IRA-15T* su deguonimi yra itin optimalus ir ekonomi\u0161kas sprendimas, nes vienu metu gali atlikti kelias funkcijas.\" \/>\n<meta property=\"og:url\" content=\"https:\/\/parduotuve.kondena.lt\/en\/produktai\/gelezies-valymo-filtras-autotrol-ira-15t\/\" \/>\n<meta property=\"og:site_name\" content=\"Kondena\" \/>\n<meta property=\"article:modified_time\" content=\"2021-11-19T08:11:08+00:00\" \/>\n<meta property=\"og:image\" content=\"https:\/\/parduotuve.kondena.lt\/wp-content\/uploads\/2021\/11\/Ekrano-nuotrauka-2021-11-19-101028.png\" \/>\n\t<meta property=\"og:image:width\" content=\"1012\" \/>\n\t<meta property=\"og:image:height\" content=\"861\" \/>\n\t<meta property=\"og:image:type\" content=\"image\/png\" \/>\n<meta name=\"twitter:card\" content=\"summary_large_image\" \/>\n<meta name=\"twitter:label1\" content=\"Est. reading time\" \/>\n\t<meta name=\"twitter:data1\" content=\"1 minute\" \/>\n<script type=\"application\/ld+json\" class=\"yoast-schema-graph\">{\"@context\":\"https:\/\/schema.org\",\"@graph\":[{\"@type\":\"WebPage\",\"@id\":\"https:\/\/parduotuve.kondena.lt\/produktai\/gelezies-valymo-filtras-autotrol-ira-15t\/\",\"url\":\"https:\/\/parduotuve.kondena.lt\/produktai\/gelezies-valymo-filtras-autotrol-ira-15t\/\",\"name\":\"Gele\u017eies valymo filtras Autotrol IRA-15T* - Kondena\",\"isPartOf\":{\"@id\":\"https:\/\/parduotuve.kondena.lt\/#website\"},\"datePublished\":\"2021-11-19T08:06:25+00:00\",\"dateModified\":\"2021-11-19T08:11:08+00:00\",\"description\":\"Gele\u017eies valymo filtras Autotrol IRA-15T* su deguonimi yra itin optimalus ir ekonomi\u0161kas sprendimas, nes vienu metu gali atlikti kelias funkcijas.\",\"breadcrumb\":{\"@id\":\"https:\/\/parduotuve.kondena.lt\/produktai\/gelezies-valymo-filtras-autotrol-ira-15t\/#breadcrumb\"},\"inLanguage\":\"en-US\",\"potentialAction\":[{\"@type\":\"ReadAction\",\"target\":[\"https:\/\/parduotuve.kondena.lt\/produktai\/gelezies-valymo-filtras-autotrol-ira-15t\/\"]}]},{\"@type\":\"BreadcrumbList\",\"@id\":\"https:\/\/parduotuve.kondena.lt\/produktai\/gelezies-valymo-filtras-autotrol-ira-15t\/#breadcrumb\",\"itemListElement\":[{\"@type\":\"ListItem\",\"position\":1,\"name\":\"Parduotuv\u0117\",\"item\":\"https:\/\/parduotuve.kondena.lt\/parduotuve\/\"},{\"@type\":\"ListItem\",\"position\":2,\"name\":\"Gele\u017eies valymo filtras Autotrol IRA-15T*\"}]},{\"@type\":\"WebSite\",\"@id\":\"https:\/\/parduotuve.kondena.lt\/#website\",\"url\":\"https:\/\/parduotuve.kondena.lt\/\",\"name\":\"Kondena\",\"description\":\"Kol kas tik dar vienas WordPress tinklalapis\",\"potentialAction\":[{\"@type\":\"SearchAction\",\"target\":{\"@type\":\"EntryPoint\",\"urlTemplate\":\"https:\/\/parduotuve.kondena.lt\/?s={search_term_string}\"},\"query-input\":\"required name=search_term_string\"}],\"inLanguage\":\"en-US\"}]}<\/script>\n<!-- \/ Yoast SEO plugin. -->","yoast_head_json":{"title":"Gele\u017eies valymo filtras Autotrol IRA-15T* - Kondena","description":"Gele\u017eies valymo filtras Autotrol IRA-15T* su deguonimi yra itin optimalus ir ekonomi\u0161kas sprendimas, nes vienu metu gali atlikti kelias funkcijas.","robots":{"index":"index","follow":"follow","max-snippet":"max-snippet:-1","max-image-preview":"max-image-preview:large","max-video-preview":"max-video-preview:-1"},"canonical":"https:\/\/parduotuve.kondena.lt\/en\/produktai\/gelezies-valymo-filtras-autotrol-ira-15t\/","og_locale":"en_US","og_type":"article","og_title":"Gele\u017eies valymo filtras Autotrol IRA-15T* - Kondena","og_description":"Gele\u017eies valymo filtras Autotrol IRA-15T* su deguonimi yra itin optimalus ir ekonomi\u0161kas sprendimas, nes vienu metu gali atlikti kelias funkcijas.","og_url":"https:\/\/parduotuve.kondena.lt\/en\/produktai\/gelezies-valymo-filtras-autotrol-ira-15t\/","og_site_name":"Kondena","article_modified_time":"2021-11-19T08:11:08+00:00","og_image":[{"width":1012,"height":861,"url":"https:\/\/parduotuve.kondena.lt\/wp-content\/uploads\/2021\/11\/Ekrano-nuotrauka-2021-11-19-101028.png","type":"image\/png"}],"twitter_card":"summary_large_image","twitter_misc":{"Est. reading time":"1 minute"},"schema":{"@context":"https:\/\/schema.org","@graph":[{"@type":"WebPage","@id":"https:\/\/parduotuve.kondena.lt\/produktai\/gelezies-valymo-filtras-autotrol-ira-15t\/","url":"https:\/\/parduotuve.kondena.lt\/produktai\/gelezies-valymo-filtras-autotrol-ira-15t\/","name":"Gele\u017eies valymo filtras Autotrol IRA-15T* - Kondena","isPartOf":{"@id":"https:\/\/parduotuve.kondena.lt\/#website"},"datePublished":"2021-11-19T08:06:25+00:00","dateModified":"2021-11-19T08:11:08+00:00","description":"Gele\u017eies valymo filtras Autotrol IRA-15T* su deguonimi yra itin optimalus ir ekonomi\u0161kas sprendimas, nes vienu metu gali atlikti kelias funkcijas.","breadcrumb":{"@id":"https:\/\/parduotuve.kondena.lt\/produktai\/gelezies-valymo-filtras-autotrol-ira-15t\/#breadcrumb"},"inLanguage":"en-US","potentialAction":[{"@type":"ReadAction","target":["https:\/\/parduotuve.kondena.lt\/produktai\/gelezies-valymo-filtras-autotrol-ira-15t\/"]}]},{"@type":"BreadcrumbList","@id":"https:\/\/parduotuve.kondena.lt\/produktai\/gelezies-valymo-filtras-autotrol-ira-15t\/#breadcrumb","itemListElement":[{"@type":"ListItem","position":1,"name":"Parduotuv\u0117","item":"https:\/\/parduotuve.kondena.lt\/parduotuve\/"},{"@type":"ListItem","position":2,"name":"Gele\u017eies valymo filtras Autotrol IRA-15T*"}]},{"@type":"WebSite","@id":"https:\/\/parduotuve.kondena.lt\/#website","url":"https:\/\/parduotuve.kondena.lt\/","name":"Kondena","description":"Kol kas tik dar vienas WordPress tinklalapis","potentialAction":[{"@type":"SearchAction","target":{"@type":"EntryPoint","urlTemplate":"https:\/\/parduotuve.kondena.lt\/?s={search_term_string}"},"query-input":"required name=search_term_string"}],"inLanguage":"en-US"}]}},"_links":{"self":[{"href":"https:\/\/parduotuve.kondena.lt\/en\/wp-json\/wp\/v2\/product\/13287","targetHints":{"allow":["GET"]}}],"collection":[{"href":"https:\/\/parduotuve.kondena.lt\/en\/wp-json\/wp\/v2\/product"}],"about":[{"href":"https:\/\/parduotuve.kondena.lt\/en\/wp-json\/wp\/v2\/types\/product"}],"replies":[{"embeddable":true,"href":"https:\/\/parduotuve.kondena.lt\/en\/wp-json\/wp\/v2\/comments?post=13287"}],"wp:featuredmedia":[{"embeddable":true,"href":"https:\/\/parduotuve.kondena.lt\/en\/wp-json\/wp\/v2\/media\/13294"}],"wp:attachment":[{"href":"https:\/\/parduotuve.kondena.lt\/en\/wp-json\/wp\/v2\/media?parent=13287"}],"wp:term":[{"taxonomy":"product_cat","embeddable":true,"href":"https:\/\/parduotuve.kondena.lt\/en\/wp-json\/wp\/v2\/product_cat?post=13287"},{"taxonomy":"product_tag","embeddable":true,"href":"https:\/\/parduotuve.kondena.lt\/en\/wp-json\/wp\/v2\/product_tag?post=13287"}],"curies":[{"name":"wp","href":"https:\/\/api.w.org\/{rel}","templated":true}]}}