{"id":13272,"date":"2021-11-19T08:43:40","date_gmt":"2021-11-19T07:43:40","guid":{"rendered":"https:\/\/parduotuve.kondena.lt\/?post_type=product&#038;p=13272"},"modified":"2021-11-19T09:02:11","modified_gmt":"2021-11-19T08:02:11","slug":"vandens-minkstinimo-filtras-riversoft-8","status":"publish","type":"product","link":"https:\/\/parduotuve.kondena.lt\/en\/produktai\/vandens-minkstinimo-filtras-riversoft-8\/","title":{"rendered":"Water softener filter Riversoft 8"},"content":{"rendered":"<p>The Riversoft 8 water softener filter performs the regeneration process automatically, according to a 7-cycle, high-efficiency regeneration program individually tailored to your needs. The regeneration (flushing) of this softening filter depends directly on the amount of water consumed.<\/p>\n<p>The main advantage of the Riversoft 8 water softening filter control valve is that it does not have abrasive and water-working parts. When the softening filter valves are operating, the roller presses or releases the flags on the valve disc, thus closing or opening the channels for water to flow. Contaminants in the water, including sand, pass through the channels without clogging and damaging the sealing of the channels. Riversoft 8 water softener filter is one of the most effective ways to improve the properties of hard (limed) water. The Riversoft 8 water softener filter helps to significantly reduce or prevent calcification. The Riversoft 8 automatic water softener filter supplied by our company is extremely flexible for domestic and industrial water treatment.<\/p>\n<div class=\"node-prod-block2__techt\">TECHNICAL DATA<\/div>\n<div class=\"node-prod-block2__spec clearfix\">\n<p>Min. working pressure:\u00a0<strong>2,0 bar<\/strong><br \/>\nMax. working pressure: 7<strong>,0 bar<\/strong><br \/>\nCatering:\u00a0<strong>1\/220-240\/50 f\/V\/Hz<\/strong><br \/>\nFilter performance:\u00a0<strong>0,32 m<sup>3<\/sup>\/h<\/strong><br \/>\nFilter max. performance:\u00a0<strong>0,40 m<sup>3<\/sup>\/h<\/strong><br \/>\nHeight * width * depth:\u00a0<strong>680*310*435 mm<\/strong><br \/>\nWeight (without filler):\u00a0<strong>10 kg<\/strong><br \/>\nInput \/ output connection:\u00a0<strong>3\/4\u201c ir 3\/4\u201c coliai<\/strong><br \/>\nSewage connection:\u00a0<strong>1\/2&#8243; coliai<\/strong><br \/>\nWater temperature:\u00a0<strong>2-38 \u00b0C<\/strong><br \/>\nSalt capacity:\u00a0<strong>25 kg<\/strong><br \/>\nFill resource:\u00a0<strong>48,1 \u00b0F\/m<sup>3<\/sup><\/strong><br \/>\nWater content for regeneration:\u00a0<strong>47 l<\/strong><br \/>\nSalt content for regeneration:<strong>\u00a00,96 kg<\/strong><br \/>\nCation exchange rate:\u00a0<strong>8 l<\/strong><\/p>\n<\/div>\n<p>Automatic water softening filters effectively help reduce the concentration of calcium and magnesium ions in the water. All supplied water softener filters regenerate automatically as they have a self-flush function.<\/p>\n<p>Our water softener filters are environmentally friendly, all the materials in the filter are harmless to humans and the outside environment. Water softening filters are equipped according to your water consumption, the current water quality situation and your individual needs, what water properties you want to improve. The automatic water softening filters supplied by our company are extremely flexible for domestic and industrial water treatment.<\/p>\n<p>Water softener filters are ideal for water supply companies, business and industrial organizations and individual households. Water softening filters significantly improve the quality of the water used and extend the life of equipment and appliances using de-ironed water.<\/p>","protected":false},"excerpt":{"rendered":"<p>Min. working pressure:\u00a0<strong>2,0 bar<\/strong><br \/>\nMax. working pressure: 7<strong>,0 bar<\/strong><br \/>\nCatering:\u00a0<strong>1\/220-240\/50 f\/V\/Hz<\/strong><br \/>\nFilter performance:\u00a0<strong>0,32 m<sup>3<\/sup>\/h<\/strong><br \/>\nFilter max. performance:\u00a0<strong>0,40 m<sup>3<\/sup>\/h<\/strong><br \/>\nHeight * width * depth:\u00a0<strong>680*310*435 mm<\/strong><br \/>\nWeight (without filler):\u00a0<strong>10 kg<\/strong><br \/>\nInput \/ output connection:\u00a0<strong>3\/4\u201c ir 3\/4\u201c coliai<\/strong><br \/>\nSewage connection:\u00a0<strong>1\/2&#8243; coliai<\/strong><br \/>\nWater temperature:\u00a0<strong>2-38 \u00b0C<\/strong><br \/>\nSalt capacity:\u00a0<strong>25 kg<\/strong><br \/>\nFill resource:\u00a0<strong>48,1 \u00b0F\/m<sup>3<\/sup><\/strong><br \/>\nWater content for regeneration:\u00a0<strong>47 l<\/strong><br \/>\nSalt content for regeneration:<strong>\u00a00,96 kg<\/strong><br \/>\nCation exchange rate:\u00a0<strong>8 l<\/strong><\/p>","protected":false},"featured_media":13282,"comment_status":"open","ping_status":"closed","template":"","meta":[],"product_cat":[295,293],"product_tag":[],"class_list":["post-13272","product","type-product","status-publish","has-post-thumbnail","hentry","product_cat-vandens-minkstinimo-filtrai","product_cat-vandens-valymo-filtrai"],"acf":[],"yoast_head":"<!-- This site is optimized with the Yoast SEO plugin v20.13 - https:\/\/yoast.com\/wordpress\/plugins\/seo\/ -->\n<title>Vandens mink\u0161tinimo filtras Riversoft 8 - Kondena<\/title>\n<meta name=\"description\" content=\"Vandens mink\u0161tinimo filtras Riversoft 8 - regeneracijos proces\u0105 atlieka automati\u0161kai, pagal individualiai nustatyt\u0105 didelio efektyvumo regeneracijos program\u0105.\" \/>\n<meta name=\"robots\" content=\"index, follow, max-snippet:-1, max-image-preview:large, max-video-preview:-1\" \/>\n<link rel=\"canonical\" href=\"https:\/\/parduotuve.kondena.lt\/en\/produktai\/vandens-minkstinimo-filtras-riversoft-8\/\" \/>\n<meta property=\"og:locale\" content=\"en_US\" \/>\n<meta property=\"og:type\" content=\"article\" \/>\n<meta property=\"og:title\" content=\"Vandens mink\u0161tinimo filtras Riversoft 8 - Kondena\" \/>\n<meta property=\"og:description\" content=\"Vandens mink\u0161tinimo filtras Riversoft 8 - regeneracijos proces\u0105 atlieka automati\u0161kai, pagal individualiai nustatyt\u0105 didelio efektyvumo regeneracijos program\u0105.\" \/>\n<meta property=\"og:url\" content=\"https:\/\/parduotuve.kondena.lt\/en\/produktai\/vandens-minkstinimo-filtras-riversoft-8\/\" \/>\n<meta property=\"og:site_name\" content=\"Kondena\" \/>\n<meta property=\"article:modified_time\" content=\"2021-11-19T08:02:11+00:00\" \/>\n<meta property=\"og:image\" content=\"https:\/\/parduotuve.kondena.lt\/wp-content\/uploads\/2021\/11\/Ekrano-nuotrauka-2021-11-19-100141.png\" \/>\n\t<meta property=\"og:image:width\" content=\"738\" \/>\n\t<meta property=\"og:image:height\" content=\"863\" \/>\n\t<meta property=\"og:image:type\" content=\"image\/png\" \/>\n<meta name=\"twitter:card\" content=\"summary_large_image\" \/>\n<meta name=\"twitter:label1\" content=\"Est. reading time\" \/>\n\t<meta name=\"twitter:data1\" content=\"2 minutes\" \/>\n<script type=\"application\/ld+json\" class=\"yoast-schema-graph\">{\"@context\":\"https:\/\/schema.org\",\"@graph\":[{\"@type\":\"WebPage\",\"@id\":\"https:\/\/parduotuve.kondena.lt\/en\/produktai\/vandens-minkstinimo-filtras-riversoft-8\/\",\"url\":\"https:\/\/parduotuve.kondena.lt\/en\/produktai\/vandens-minkstinimo-filtras-riversoft-8\/\",\"name\":\"Vandens mink\u0161tinimo filtras Riversoft 8 - Kondena\",\"isPartOf\":{\"@id\":\"https:\/\/parduotuve.kondena.lt\/#website\"},\"datePublished\":\"2021-11-19T07:43:40+00:00\",\"dateModified\":\"2021-11-19T08:02:11+00:00\",\"description\":\"Vandens mink\u0161tinimo filtras Riversoft 8 - regeneracijos proces\u0105 atlieka automati\u0161kai, pagal individualiai nustatyt\u0105 didelio efektyvumo regeneracijos program\u0105.\",\"breadcrumb\":{\"@id\":\"https:\/\/parduotuve.kondena.lt\/en\/produktai\/vandens-minkstinimo-filtras-riversoft-8\/#breadcrumb\"},\"inLanguage\":\"en-US\",\"potentialAction\":[{\"@type\":\"ReadAction\",\"target\":[\"https:\/\/parduotuve.kondena.lt\/en\/produktai\/vandens-minkstinimo-filtras-riversoft-8\/\"]}]},{\"@type\":\"BreadcrumbList\",\"@id\":\"https:\/\/parduotuve.kondena.lt\/en\/produktai\/vandens-minkstinimo-filtras-riversoft-8\/#breadcrumb\",\"itemListElement\":[{\"@type\":\"ListItem\",\"position\":1,\"name\":\"Parduotuv\u0117\",\"item\":\"https:\/\/parduotuve.kondena.lt\/parduotuve\/\"},{\"@type\":\"ListItem\",\"position\":2,\"name\":\"Vandens mink\u0161tinimo filtras Riversoft 8\"}]},{\"@type\":\"WebSite\",\"@id\":\"https:\/\/parduotuve.kondena.lt\/#website\",\"url\":\"https:\/\/parduotuve.kondena.lt\/\",\"name\":\"Kondena\",\"description\":\"Kol kas tik dar vienas WordPress tinklalapis\",\"potentialAction\":[{\"@type\":\"SearchAction\",\"target\":{\"@type\":\"EntryPoint\",\"urlTemplate\":\"https:\/\/parduotuve.kondena.lt\/?s={search_term_string}\"},\"query-input\":\"required name=search_term_string\"}],\"inLanguage\":\"en-US\"}]}<\/script>\n<!-- \/ Yoast SEO plugin. -->","yoast_head_json":{"title":"Vandens mink\u0161tinimo filtras Riversoft 8 - Kondena","description":"Vandens mink\u0161tinimo filtras Riversoft 8 - regeneracijos proces\u0105 atlieka automati\u0161kai, pagal individualiai nustatyt\u0105 didelio efektyvumo regeneracijos program\u0105.","robots":{"index":"index","follow":"follow","max-snippet":"max-snippet:-1","max-image-preview":"max-image-preview:large","max-video-preview":"max-video-preview:-1"},"canonical":"https:\/\/parduotuve.kondena.lt\/en\/produktai\/vandens-minkstinimo-filtras-riversoft-8\/","og_locale":"en_US","og_type":"article","og_title":"Vandens mink\u0161tinimo filtras Riversoft 8 - Kondena","og_description":"Vandens mink\u0161tinimo filtras Riversoft 8 - regeneracijos proces\u0105 atlieka automati\u0161kai, pagal individualiai nustatyt\u0105 didelio efektyvumo regeneracijos program\u0105.","og_url":"https:\/\/parduotuve.kondena.lt\/en\/produktai\/vandens-minkstinimo-filtras-riversoft-8\/","og_site_name":"Kondena","article_modified_time":"2021-11-19T08:02:11+00:00","og_image":[{"width":738,"height":863,"url":"https:\/\/parduotuve.kondena.lt\/wp-content\/uploads\/2021\/11\/Ekrano-nuotrauka-2021-11-19-100141.png","type":"image\/png"}],"twitter_card":"summary_large_image","twitter_misc":{"Est. reading time":"2 minutes"},"schema":{"@context":"https:\/\/schema.org","@graph":[{"@type":"WebPage","@id":"https:\/\/parduotuve.kondena.lt\/en\/produktai\/vandens-minkstinimo-filtras-riversoft-8\/","url":"https:\/\/parduotuve.kondena.lt\/en\/produktai\/vandens-minkstinimo-filtras-riversoft-8\/","name":"Vandens mink\u0161tinimo filtras Riversoft 8 - Kondena","isPartOf":{"@id":"https:\/\/parduotuve.kondena.lt\/#website"},"datePublished":"2021-11-19T07:43:40+00:00","dateModified":"2021-11-19T08:02:11+00:00","description":"Vandens mink\u0161tinimo filtras Riversoft 8 - regeneracijos proces\u0105 atlieka automati\u0161kai, pagal individualiai nustatyt\u0105 didelio efektyvumo regeneracijos program\u0105.","breadcrumb":{"@id":"https:\/\/parduotuve.kondena.lt\/en\/produktai\/vandens-minkstinimo-filtras-riversoft-8\/#breadcrumb"},"inLanguage":"en-US","potentialAction":[{"@type":"ReadAction","target":["https:\/\/parduotuve.kondena.lt\/en\/produktai\/vandens-minkstinimo-filtras-riversoft-8\/"]}]},{"@type":"BreadcrumbList","@id":"https:\/\/parduotuve.kondena.lt\/en\/produktai\/vandens-minkstinimo-filtras-riversoft-8\/#breadcrumb","itemListElement":[{"@type":"ListItem","position":1,"name":"Parduotuv\u0117","item":"https:\/\/parduotuve.kondena.lt\/parduotuve\/"},{"@type":"ListItem","position":2,"name":"Vandens mink\u0161tinimo filtras Riversoft 8"}]},{"@type":"WebSite","@id":"https:\/\/parduotuve.kondena.lt\/#website","url":"https:\/\/parduotuve.kondena.lt\/","name":"Kondena","description":"Kol kas tik dar vienas WordPress tinklalapis","potentialAction":[{"@type":"SearchAction","target":{"@type":"EntryPoint","urlTemplate":"https:\/\/parduotuve.kondena.lt\/?s={search_term_string}"},"query-input":"required name=search_term_string"}],"inLanguage":"en-US"}]}},"_links":{"self":[{"href":"https:\/\/parduotuve.kondena.lt\/en\/wp-json\/wp\/v2\/product\/13272","targetHints":{"allow":["GET"]}}],"collection":[{"href":"https:\/\/parduotuve.kondena.lt\/en\/wp-json\/wp\/v2\/product"}],"about":[{"href":"https:\/\/parduotuve.kondena.lt\/en\/wp-json\/wp\/v2\/types\/product"}],"replies":[{"embeddable":true,"href":"https:\/\/parduotuve.kondena.lt\/en\/wp-json\/wp\/v2\/comments?post=13272"}],"wp:featuredmedia":[{"embeddable":true,"href":"https:\/\/parduotuve.kondena.lt\/en\/wp-json\/wp\/v2\/media\/13282"}],"wp:attachment":[{"href":"https:\/\/parduotuve.kondena.lt\/en\/wp-json\/wp\/v2\/media?parent=13272"}],"wp:term":[{"taxonomy":"product_cat","embeddable":true,"href":"https:\/\/parduotuve.kondena.lt\/en\/wp-json\/wp\/v2\/product_cat?post=13272"},{"taxonomy":"product_tag","embeddable":true,"href":"https:\/\/parduotuve.kondena.lt\/en\/wp-json\/wp\/v2\/product_tag?post=13272"}],"curies":[{"name":"wp","href":"https:\/\/api.w.org\/{rel}","templated":true}]}}