{"id":13268,"date":"2021-11-19T08:43:34","date_gmt":"2021-11-19T07:43:34","guid":{"rendered":"https:\/\/parduotuve.kondena.lt\/?post_type=product&#038;p=13268"},"modified":"2021-11-19T08:53:07","modified_gmt":"2021-11-19T07:53:07","slug":"automatinis-minkstinimo-filtras-autotrol-s-15-d9","status":"publish","type":"product","link":"https:\/\/parduotuve.kondena.lt\/en\/produktai\/automatinis-minkstinimo-filtras-autotrol-s-15-d9\/","title":{"rendered":"Automatic softening filter Autotrol S-15 D9"},"content":{"rendered":"<p>The automatic softening filter Autotrol S-15 D9 has an Autorestart function - in the event of a power failure, all entered water filtration data and settings will remain in this water softening filter (the regeneration cycle will not be disrupted). The Autotrol S-15 D9 water softener filter is used when the total hardness (calcification) of the water used is in the range of 8 - 10 meq \/ l, such water is considered hard. The water softening filter Autotrol S-15 D9 performs the regeneration process automatically, according to a 7-cycle, high-efficiency regeneration program individually tailored to your needs. The regeneration (flushing) of this softening filter depends directly on the amount of water consumed. The Autotrol S-15 D9 water softener filter is extremely effective in reducing the concentration of calcium and magnesium ions in the water.<\/p>\n<p>The main advantage of the Autotrol S-15 D9 water softening filter control valve is that it has no abrasive and water-resistant parts. When the softening filter valves are operating, the roller presses or releases the flags on the valve disc, thus closing or opening the channels for water to flow. Contaminants in the water, including sand, pass through the channels without clogging and damaging the sealing of the channels.<\/p>\n<div class=\"node-prod-block2__techt\">TECHNICAL DATA<\/div>\n<div class=\"node-prod-block2__spec clearfix\">\n<p>Min. working pressure:\u00a0<strong>2,0 bar<\/strong><br \/>\nMax. working pressure:\u00a0<strong>7,0 bar<\/strong><br \/>\nCatering:\u00a0<strong>1\/220-240\/50 f\/V\/Hz<\/strong><br \/>\nFilter performance:\u00a0<strong>0,75 m<sup>3<\/sup>\/h<\/strong><br \/>\nFilter max. performance:\u00a0<strong>2,4 m<sup>3<\/sup>\/h<\/strong><br \/>\nSolution capacities, height * width:\u00a0<strong>900*340 mm<\/strong><br \/>\nColumn height * diameter:\u00a0<strong>1300*220 mm<\/strong><br \/>\nColumn size:\u00a0<strong>8*44 coliai<\/strong><br \/>\nWeight (without filler):\u00a0<strong>35 kg<\/strong><br \/>\nInput \/ output connection:\u00a0<strong>1\u201c\/1\u201c coliai<\/strong><br \/>\nSewage connection:\u00a0<strong>3\/4&#8243; coliai<\/strong><br \/>\nOperating temperatures:\u00a0<strong>5-40 \u00b0C<\/strong><br \/>\nFilling:\u00a0<strong>25 L<\/strong><br \/>\nBackwash flow:\u00a0<strong>0,36 m<sup>3<\/sup>\/h<\/strong><\/p>\n<\/div>\n<p>Automatic water softening filters effectively help reduce the concentration of calcium and magnesium ions in the water. All supplied water softener filters regenerate automatically as they have a self-flush function.<\/p>\n<p>Our water softener filters are environmentally friendly, all the materials in the filter are harmless to humans and the outside environment. Water softening filters are equipped according to your water consumption, the current water quality situation and your individual needs, what water properties you want to improve. The automatic water softening filters supplied by our company are extremely flexible for domestic and industrial water treatment.<\/p>\n<p>Water softener filters are ideal for water supply companies, business and industrial organizations and individual households. Water softening filters significantly improve the quality of the water used and extend the life of equipment and appliances using de-ironed water.<\/p>","protected":false},"excerpt":{"rendered":"<p>Min. working pressure:\u00a0<strong>2,0 bar<\/strong><br \/>\nMax. working pressure:\u00a0<strong>7,0 bar<\/strong><br \/>\nCatering:\u00a0<strong>1\/220-240\/50 f\/V\/Hz<\/strong><br \/>\nFilter performance:\u00a0<strong>0,75 m<sup>3<\/sup>\/h<\/strong><br \/>\nFilter max. performance:\u00a0<strong>2,4 m<sup>3<\/sup>\/h<\/strong><br \/>\nSolution capacities, height * width:\u00a0<strong>900*340 mm<\/strong><br \/>\nColumn height * diameter:\u00a0<strong>1300*220 mm<\/strong><br \/>\nColumn size:\u00a0<strong>8*44 coliai<\/strong><br \/>\nWeight (without filler):\u00a0<strong>35 kg<\/strong><br \/>\nInput \/ output connection:\u00a0<strong>1\u201c\/1\u201c coliai<\/strong><br \/>\nSewage connection:\u00a0<strong>3\/4&#8243; coliai<\/strong><br \/>\nOperating temperatures:\u00a0<strong>5-40 \u00b0C<\/strong><br \/>\nFilling:\u00a0<strong>25 L<\/strong><br \/>\nBackwash flow:\u00a0<strong>0,36 m<sup>3<\/sup>\/h<\/strong><\/p>","protected":false},"featured_media":13276,"comment_status":"open","ping_status":"closed","template":"","meta":[],"product_cat":[295,293],"product_tag":[],"class_list":["post-13268","product","type-product","status-publish","has-post-thumbnail","hentry","product_cat-vandens-minkstinimo-filtrai","product_cat-vandens-valymo-filtrai"],"acf":[],"yoast_head":"<!-- This site is optimized with the Yoast SEO plugin v20.13 - https:\/\/yoast.com\/wordpress\/plugins\/seo\/ -->\n<title>Automatinis mink\u0161tinimo filtras Autotrol S-15 D9 - Kondena<\/title>\n<meta name=\"description\" content=\"Automatinis mink\u0161tinimo filtras Autotrol S-15 D9 - regeneracijos proces\u0105 atlieka automati\u0161kai, pagal individualiai nustatyt\u0105 didelio efektyvumo regeneracijos program\u0105.\" \/>\n<meta name=\"robots\" content=\"index, follow, max-snippet:-1, max-image-preview:large, max-video-preview:-1\" \/>\n<link rel=\"canonical\" href=\"https:\/\/parduotuve.kondena.lt\/en\/produktai\/automatinis-minkstinimo-filtras-autotrol-s-15-d9\/\" \/>\n<meta property=\"og:locale\" content=\"en_US\" \/>\n<meta property=\"og:type\" content=\"article\" \/>\n<meta property=\"og:title\" content=\"Automatinis mink\u0161tinimo filtras Autotrol S-15 D9 - Kondena\" \/>\n<meta property=\"og:description\" content=\"Automatinis mink\u0161tinimo filtras Autotrol S-15 D9 - regeneracijos proces\u0105 atlieka automati\u0161kai, pagal individualiai nustatyt\u0105 didelio efektyvumo regeneracijos program\u0105.\" \/>\n<meta property=\"og:url\" content=\"https:\/\/parduotuve.kondena.lt\/en\/produktai\/automatinis-minkstinimo-filtras-autotrol-s-15-d9\/\" \/>\n<meta property=\"og:site_name\" content=\"Kondena\" \/>\n<meta property=\"article:modified_time\" content=\"2021-11-19T07:53:07+00:00\" \/>\n<meta property=\"og:image\" content=\"https:\/\/parduotuve.kondena.lt\/wp-content\/uploads\/2021\/11\/Ekrano-nuotrauka-2021-11-19-094845.png\" \/>\n\t<meta property=\"og:image:width\" content=\"964\" \/>\n\t<meta property=\"og:image:height\" content=\"866\" \/>\n\t<meta property=\"og:image:type\" content=\"image\/png\" \/>\n<meta name=\"twitter:card\" content=\"summary_large_image\" \/>\n<meta name=\"twitter:label1\" content=\"Est. reading time\" \/>\n\t<meta name=\"twitter:data1\" content=\"2 minutes\" \/>\n<script type=\"application\/ld+json\" class=\"yoast-schema-graph\">{\"@context\":\"https:\/\/schema.org\",\"@graph\":[{\"@type\":\"WebPage\",\"@id\":\"https:\/\/parduotuve.kondena.lt\/en\/produktai\/automatinis-minkstinimo-filtras-autotrol-s-15-d9\/\",\"url\":\"https:\/\/parduotuve.kondena.lt\/en\/produktai\/automatinis-minkstinimo-filtras-autotrol-s-15-d9\/\",\"name\":\"Automatinis mink\u0161tinimo filtras Autotrol S-15 D9 - Kondena\",\"isPartOf\":{\"@id\":\"https:\/\/parduotuve.kondena.lt\/#website\"},\"datePublished\":\"2021-11-19T07:43:34+00:00\",\"dateModified\":\"2021-11-19T07:53:07+00:00\",\"description\":\"Automatinis mink\u0161tinimo filtras Autotrol S-15 D9 - regeneracijos proces\u0105 atlieka automati\u0161kai, pagal individualiai nustatyt\u0105 didelio efektyvumo regeneracijos program\u0105.\",\"breadcrumb\":{\"@id\":\"https:\/\/parduotuve.kondena.lt\/en\/produktai\/automatinis-minkstinimo-filtras-autotrol-s-15-d9\/#breadcrumb\"},\"inLanguage\":\"en-US\",\"potentialAction\":[{\"@type\":\"ReadAction\",\"target\":[\"https:\/\/parduotuve.kondena.lt\/en\/produktai\/automatinis-minkstinimo-filtras-autotrol-s-15-d9\/\"]}]},{\"@type\":\"BreadcrumbList\",\"@id\":\"https:\/\/parduotuve.kondena.lt\/en\/produktai\/automatinis-minkstinimo-filtras-autotrol-s-15-d9\/#breadcrumb\",\"itemListElement\":[{\"@type\":\"ListItem\",\"position\":1,\"name\":\"Parduotuv\u0117\",\"item\":\"https:\/\/parduotuve.kondena.lt\/parduotuve\/\"},{\"@type\":\"ListItem\",\"position\":2,\"name\":\"Automatinis mink\u0161tinimo filtras Autotrol S-15 D9\"}]},{\"@type\":\"WebSite\",\"@id\":\"https:\/\/parduotuve.kondena.lt\/#website\",\"url\":\"https:\/\/parduotuve.kondena.lt\/\",\"name\":\"Kondena\",\"description\":\"Kol kas tik dar vienas WordPress tinklalapis\",\"potentialAction\":[{\"@type\":\"SearchAction\",\"target\":{\"@type\":\"EntryPoint\",\"urlTemplate\":\"https:\/\/parduotuve.kondena.lt\/?s={search_term_string}\"},\"query-input\":\"required name=search_term_string\"}],\"inLanguage\":\"en-US\"}]}<\/script>\n<!-- \/ Yoast SEO plugin. -->","yoast_head_json":{"title":"Automatinis mink\u0161tinimo filtras Autotrol S-15 D9 - Kondena","description":"Automatinis mink\u0161tinimo filtras Autotrol S-15 D9 - regeneracijos proces\u0105 atlieka automati\u0161kai, pagal individualiai nustatyt\u0105 didelio efektyvumo regeneracijos program\u0105.","robots":{"index":"index","follow":"follow","max-snippet":"max-snippet:-1","max-image-preview":"max-image-preview:large","max-video-preview":"max-video-preview:-1"},"canonical":"https:\/\/parduotuve.kondena.lt\/en\/produktai\/automatinis-minkstinimo-filtras-autotrol-s-15-d9\/","og_locale":"en_US","og_type":"article","og_title":"Automatinis mink\u0161tinimo filtras Autotrol S-15 D9 - Kondena","og_description":"Automatinis mink\u0161tinimo filtras Autotrol S-15 D9 - regeneracijos proces\u0105 atlieka automati\u0161kai, pagal individualiai nustatyt\u0105 didelio efektyvumo regeneracijos program\u0105.","og_url":"https:\/\/parduotuve.kondena.lt\/en\/produktai\/automatinis-minkstinimo-filtras-autotrol-s-15-d9\/","og_site_name":"Kondena","article_modified_time":"2021-11-19T07:53:07+00:00","og_image":[{"width":964,"height":866,"url":"https:\/\/parduotuve.kondena.lt\/wp-content\/uploads\/2021\/11\/Ekrano-nuotrauka-2021-11-19-094845.png","type":"image\/png"}],"twitter_card":"summary_large_image","twitter_misc":{"Est. reading time":"2 minutes"},"schema":{"@context":"https:\/\/schema.org","@graph":[{"@type":"WebPage","@id":"https:\/\/parduotuve.kondena.lt\/en\/produktai\/automatinis-minkstinimo-filtras-autotrol-s-15-d9\/","url":"https:\/\/parduotuve.kondena.lt\/en\/produktai\/automatinis-minkstinimo-filtras-autotrol-s-15-d9\/","name":"Automatinis mink\u0161tinimo filtras Autotrol S-15 D9 - Kondena","isPartOf":{"@id":"https:\/\/parduotuve.kondena.lt\/#website"},"datePublished":"2021-11-19T07:43:34+00:00","dateModified":"2021-11-19T07:53:07+00:00","description":"Automatinis mink\u0161tinimo filtras Autotrol S-15 D9 - regeneracijos proces\u0105 atlieka automati\u0161kai, pagal individualiai nustatyt\u0105 didelio efektyvumo regeneracijos program\u0105.","breadcrumb":{"@id":"https:\/\/parduotuve.kondena.lt\/en\/produktai\/automatinis-minkstinimo-filtras-autotrol-s-15-d9\/#breadcrumb"},"inLanguage":"en-US","potentialAction":[{"@type":"ReadAction","target":["https:\/\/parduotuve.kondena.lt\/en\/produktai\/automatinis-minkstinimo-filtras-autotrol-s-15-d9\/"]}]},{"@type":"BreadcrumbList","@id":"https:\/\/parduotuve.kondena.lt\/en\/produktai\/automatinis-minkstinimo-filtras-autotrol-s-15-d9\/#breadcrumb","itemListElement":[{"@type":"ListItem","position":1,"name":"Parduotuv\u0117","item":"https:\/\/parduotuve.kondena.lt\/parduotuve\/"},{"@type":"ListItem","position":2,"name":"Automatinis mink\u0161tinimo filtras Autotrol S-15 D9"}]},{"@type":"WebSite","@id":"https:\/\/parduotuve.kondena.lt\/#website","url":"https:\/\/parduotuve.kondena.lt\/","name":"Kondena","description":"Kol kas tik dar vienas WordPress tinklalapis","potentialAction":[{"@type":"SearchAction","target":{"@type":"EntryPoint","urlTemplate":"https:\/\/parduotuve.kondena.lt\/?s={search_term_string}"},"query-input":"required name=search_term_string"}],"inLanguage":"en-US"}]}},"_links":{"self":[{"href":"https:\/\/parduotuve.kondena.lt\/en\/wp-json\/wp\/v2\/product\/13268","targetHints":{"allow":["GET"]}}],"collection":[{"href":"https:\/\/parduotuve.kondena.lt\/en\/wp-json\/wp\/v2\/product"}],"about":[{"href":"https:\/\/parduotuve.kondena.lt\/en\/wp-json\/wp\/v2\/types\/product"}],"replies":[{"embeddable":true,"href":"https:\/\/parduotuve.kondena.lt\/en\/wp-json\/wp\/v2\/comments?post=13268"}],"wp:featuredmedia":[{"embeddable":true,"href":"https:\/\/parduotuve.kondena.lt\/en\/wp-json\/wp\/v2\/media\/13276"}],"wp:attachment":[{"href":"https:\/\/parduotuve.kondena.lt\/en\/wp-json\/wp\/v2\/media?parent=13268"}],"wp:term":[{"taxonomy":"product_cat","embeddable":true,"href":"https:\/\/parduotuve.kondena.lt\/en\/wp-json\/wp\/v2\/product_cat?post=13268"},{"taxonomy":"product_tag","embeddable":true,"href":"https:\/\/parduotuve.kondena.lt\/en\/wp-json\/wp\/v2\/product_tag?post=13268"}],"curies":[{"name":"wp","href":"https:\/\/api.w.org\/{rel}","templated":true}]}}