{"id":13266,"date":"2021-11-19T08:43:31","date_gmt":"2021-11-19T07:43:31","guid":{"rendered":"https:\/\/parduotuve.kondena.lt\/?post_type=product&#038;p=13266"},"modified":"2021-11-23T11:55:18","modified_gmt":"2021-11-23T10:55:18","slug":"vandens-minkstinimo-filtras-riversoft-30","status":"publish","type":"product","link":"https:\/\/parduotuve.kondena.lt\/en\/produktai\/vandens-minkstinimo-filtras-riversoft-30\/","title":{"rendered":"Water softener filter Riversoft 30"},"content":{"rendered":"<p><strong>Water softener filter Riversoft 30 - <\/strong>the regeneration process is performed automatically, according to a 7-cycle, high-efficiency regeneration program individually tailored to your needs. The regeneration (flushing) of this softening filter depends directly on the amount of water consumed. The Riversoft 30 water softener filter is extremely effective in reducing the concentration of calcium and magnesium ions in the water. A water softener filter is used when the total hardness (calcification) of the water used is in the range of 8 - 10 meq \/ l, such water is considered to be hard.<\/p>\n<p>The main advantage of the water softening filter control valve is that it does not have abrasive and water-working parts. When the softening filter valves are operating, the roller presses or releases the flags on the valve disc, thus closing or opening the channels for water to flow. Contaminants in the water, including sand, pass through the channels without clogging and damaging the sealing of the channels. Riversoft 30 water softener filter is environmentally friendly, all materials in the filter are harmless to humans and the environment.<\/p>\n<div class=\"node-prod-block2__techt\">TECHNICAL DATA<\/div>\n<div class=\"node-prod-block2__spec clearfix\">\n<p>Min. working pressure:\u00a0<strong>2,0 bar<\/strong><br \/>\nMax. working pressure:\u00a0<strong>7,0 bar<\/strong><br \/>\nCatering:\u00a0<strong>1\/220-240\/50 f\/V\/Hz<\/strong><br \/>\nFilter performance:\u00a0<strong>1,0 m<sup>3<\/sup>\/h<\/strong><br \/>\nFilter max. performance:\u00a0<strong>1,5 m<sup>3<\/sup>\/h<\/strong><br \/>\nHeight * width * depth:\u00a0<strong>1135*310*435 mm<\/strong><br \/>\nWeight (without filler):\u00a0<strong>27 kg<\/strong><br \/>\nInput \/ output connection:\u00a0<strong>3\/4\u201c ir 3\/4\u201c coliai<\/strong><br \/>\nSewage connection:\u00a0<strong>1\/2&#8243; coliai<\/strong><br \/>\nWater temperature:\u00a0<strong>2-38 \u00b0C<\/strong><br \/>\nSalt capacity:\u00a0<strong>50 kg<\/strong><br \/>\nFill resource:\u00a0<strong>150,3 \u00b0F\/m3<\/strong><br \/>\nWater content for regeneration:\u00a0<strong>123 l<\/strong><br \/>\nSalt content for regeneration:\u00a0<strong>3,0 kg<\/strong><br \/>\nCation exchange rate:\u00a0<strong>30 l<\/strong><\/p>\n<p><strong>Water softening filters<\/strong><\/p>\n<\/div>\n<p>Our water softener filters are environmentally friendly, all the materials in the filter are harmless to humans and the outside environment. Water softening filters are equipped according to your water consumption, the current water quality situation and your individual needs, what water properties you want to improve. The automatic water softening filters supplied by our company are extremely flexible for domestic and industrial water treatment.<\/p>\n<p>Water softener filters are ideal for water supply companies, business and industrial organizations and individual households. Water softening filters significantly improve the quality of the water used and extend the life of equipment and appliances using de-ironed water.<\/p>","protected":false},"excerpt":{"rendered":"<p>Min. working pressure:\u00a0<strong>2,0 bar<\/strong><br \/>\nMax. working pressure:\u00a0<strong>7,0 bar<\/strong><br \/>\nCatering:\u00a0<strong>1\/220-240\/50 f\/V\/Hz<\/strong><br \/>\nFilter performance:\u00a0<strong>1,0 m<sup>3<\/sup>\/h<\/strong><br \/>\nFilter max. performance:\u00a0<strong>1,5 m<sup>3<\/sup>\/h<\/strong><br \/>\nHeight * width * depth:\u00a0<strong>1135*310*435 mm<\/strong><br \/>\nWeight (without filler):\u00a0<strong>27 kg<\/strong><br \/>\nInput \/ output connection:\u00a0<strong>3\/4\u201c ir 3\/4\u201c coliai<\/strong><br \/>\nSewage connection:\u00a0<strong>1\/2&#8243; coliai<\/strong><br \/>\nWater temperature:\u00a0<strong>2-38 \u00b0C<\/strong><br \/>\nSalt capacity:\u00a0<strong>50 kg<\/strong><br \/>\nFill resource:\u00a0<strong>150,3 \u00b0F\/m3<\/strong><br \/>\nWater content for regeneration:\u00a0<strong>123 l<\/strong><br \/>\nSalt content for regeneration:\u00a0<strong>3,0 kg<\/strong><br \/>\nCation exchange rate:\u00a0<strong>30 l<\/strong><\/p>","protected":false},"featured_media":13274,"comment_status":"open","ping_status":"closed","template":"","meta":[],"product_cat":[295,293],"product_tag":[],"class_list":["post-13266","product","type-product","status-publish","has-post-thumbnail","hentry","product_cat-vandens-minkstinimo-filtrai","product_cat-vandens-valymo-filtrai"],"acf":[],"yoast_head":"<!-- This site is optimized with the Yoast SEO plugin v20.13 - https:\/\/yoast.com\/wordpress\/plugins\/seo\/ -->\n<title>Vandens mink\u0161tinimo filtras Riversoft 30 - Kondena<\/title>\n<meta name=\"description\" content=\"Vandens mink\u0161tinimo filtras Riversoft 30 - regeneracijos proces\u0105 atlieka automati\u0161kai, pagal individualiai nustatyt\u0105 didelio efektyvumo regeneracijos program\u0105.\" \/>\n<meta name=\"robots\" content=\"index, follow, max-snippet:-1, max-image-preview:large, max-video-preview:-1\" \/>\n<link rel=\"canonical\" href=\"https:\/\/parduotuve.kondena.lt\/en\/produktai\/vandens-minkstinimo-filtras-riversoft-30\/\" \/>\n<meta property=\"og:locale\" content=\"en_US\" \/>\n<meta property=\"og:type\" content=\"article\" \/>\n<meta property=\"og:title\" content=\"Vandens mink\u0161tinimo filtras Riversoft 30 - Kondena\" \/>\n<meta property=\"og:description\" content=\"Vandens mink\u0161tinimo filtras Riversoft 30 - regeneracijos proces\u0105 atlieka automati\u0161kai, pagal individualiai nustatyt\u0105 didelio efektyvumo regeneracijos program\u0105.\" \/>\n<meta property=\"og:url\" content=\"https:\/\/parduotuve.kondena.lt\/en\/produktai\/vandens-minkstinimo-filtras-riversoft-30\/\" \/>\n<meta property=\"og:site_name\" content=\"Kondena\" \/>\n<meta property=\"article:modified_time\" content=\"2021-11-23T10:55:18+00:00\" \/>\n<meta property=\"og:image\" content=\"https:\/\/parduotuve.kondena.lt\/wp-content\/uploads\/2021\/11\/Ekrano-nuotrauka-2021-11-19-094402.png\" \/>\n\t<meta property=\"og:image:width\" content=\"993\" \/>\n\t<meta property=\"og:image:height\" content=\"860\" \/>\n\t<meta property=\"og:image:type\" content=\"image\/png\" \/>\n<meta name=\"twitter:card\" content=\"summary_large_image\" \/>\n<meta name=\"twitter:label1\" content=\"Est. reading time\" \/>\n\t<meta name=\"twitter:data1\" content=\"2 minutes\" \/>\n<script type=\"application\/ld+json\" class=\"yoast-schema-graph\">{\"@context\":\"https:\/\/schema.org\",\"@graph\":[{\"@type\":\"WebPage\",\"@id\":\"https:\/\/parduotuve.kondena.lt\/en\/produktai\/vandens-minkstinimo-filtras-riversoft-30\/\",\"url\":\"https:\/\/parduotuve.kondena.lt\/en\/produktai\/vandens-minkstinimo-filtras-riversoft-30\/\",\"name\":\"Vandens mink\u0161tinimo filtras Riversoft 30 - Kondena\",\"isPartOf\":{\"@id\":\"https:\/\/parduotuve.kondena.lt\/#website\"},\"datePublished\":\"2021-11-19T07:43:31+00:00\",\"dateModified\":\"2021-11-23T10:55:18+00:00\",\"description\":\"Vandens mink\u0161tinimo filtras Riversoft 30 - regeneracijos proces\u0105 atlieka automati\u0161kai, pagal individualiai nustatyt\u0105 didelio efektyvumo regeneracijos program\u0105.\",\"breadcrumb\":{\"@id\":\"https:\/\/parduotuve.kondena.lt\/en\/produktai\/vandens-minkstinimo-filtras-riversoft-30\/#breadcrumb\"},\"inLanguage\":\"en-US\",\"potentialAction\":[{\"@type\":\"ReadAction\",\"target\":[\"https:\/\/parduotuve.kondena.lt\/en\/produktai\/vandens-minkstinimo-filtras-riversoft-30\/\"]}]},{\"@type\":\"BreadcrumbList\",\"@id\":\"https:\/\/parduotuve.kondena.lt\/en\/produktai\/vandens-minkstinimo-filtras-riversoft-30\/#breadcrumb\",\"itemListElement\":[{\"@type\":\"ListItem\",\"position\":1,\"name\":\"Parduotuv\u0117\",\"item\":\"https:\/\/parduotuve.kondena.lt\/parduotuve\/\"},{\"@type\":\"ListItem\",\"position\":2,\"name\":\"Vandens mink\u0161tinimo filtras Riversoft 30\"}]},{\"@type\":\"WebSite\",\"@id\":\"https:\/\/parduotuve.kondena.lt\/#website\",\"url\":\"https:\/\/parduotuve.kondena.lt\/\",\"name\":\"Kondena\",\"description\":\"Kol kas tik dar vienas WordPress tinklalapis\",\"potentialAction\":[{\"@type\":\"SearchAction\",\"target\":{\"@type\":\"EntryPoint\",\"urlTemplate\":\"https:\/\/parduotuve.kondena.lt\/?s={search_term_string}\"},\"query-input\":\"required name=search_term_string\"}],\"inLanguage\":\"en-US\"}]}<\/script>\n<!-- \/ Yoast SEO plugin. -->","yoast_head_json":{"title":"Vandens mink\u0161tinimo filtras Riversoft 30 - Kondena","description":"Vandens mink\u0161tinimo filtras Riversoft 30 - regeneracijos proces\u0105 atlieka automati\u0161kai, pagal individualiai nustatyt\u0105 didelio efektyvumo regeneracijos program\u0105.","robots":{"index":"index","follow":"follow","max-snippet":"max-snippet:-1","max-image-preview":"max-image-preview:large","max-video-preview":"max-video-preview:-1"},"canonical":"https:\/\/parduotuve.kondena.lt\/en\/produktai\/vandens-minkstinimo-filtras-riversoft-30\/","og_locale":"en_US","og_type":"article","og_title":"Vandens mink\u0161tinimo filtras Riversoft 30 - Kondena","og_description":"Vandens mink\u0161tinimo filtras Riversoft 30 - regeneracijos proces\u0105 atlieka automati\u0161kai, pagal individualiai nustatyt\u0105 didelio efektyvumo regeneracijos program\u0105.","og_url":"https:\/\/parduotuve.kondena.lt\/en\/produktai\/vandens-minkstinimo-filtras-riversoft-30\/","og_site_name":"Kondena","article_modified_time":"2021-11-23T10:55:18+00:00","og_image":[{"width":993,"height":860,"url":"https:\/\/parduotuve.kondena.lt\/wp-content\/uploads\/2021\/11\/Ekrano-nuotrauka-2021-11-19-094402.png","type":"image\/png"}],"twitter_card":"summary_large_image","twitter_misc":{"Est. reading time":"2 minutes"},"schema":{"@context":"https:\/\/schema.org","@graph":[{"@type":"WebPage","@id":"https:\/\/parduotuve.kondena.lt\/en\/produktai\/vandens-minkstinimo-filtras-riversoft-30\/","url":"https:\/\/parduotuve.kondena.lt\/en\/produktai\/vandens-minkstinimo-filtras-riversoft-30\/","name":"Vandens mink\u0161tinimo filtras Riversoft 30 - Kondena","isPartOf":{"@id":"https:\/\/parduotuve.kondena.lt\/#website"},"datePublished":"2021-11-19T07:43:31+00:00","dateModified":"2021-11-23T10:55:18+00:00","description":"Vandens mink\u0161tinimo filtras Riversoft 30 - regeneracijos proces\u0105 atlieka automati\u0161kai, pagal individualiai nustatyt\u0105 didelio efektyvumo regeneracijos program\u0105.","breadcrumb":{"@id":"https:\/\/parduotuve.kondena.lt\/en\/produktai\/vandens-minkstinimo-filtras-riversoft-30\/#breadcrumb"},"inLanguage":"en-US","potentialAction":[{"@type":"ReadAction","target":["https:\/\/parduotuve.kondena.lt\/en\/produktai\/vandens-minkstinimo-filtras-riversoft-30\/"]}]},{"@type":"BreadcrumbList","@id":"https:\/\/parduotuve.kondena.lt\/en\/produktai\/vandens-minkstinimo-filtras-riversoft-30\/#breadcrumb","itemListElement":[{"@type":"ListItem","position":1,"name":"Parduotuv\u0117","item":"https:\/\/parduotuve.kondena.lt\/parduotuve\/"},{"@type":"ListItem","position":2,"name":"Vandens mink\u0161tinimo filtras Riversoft 30"}]},{"@type":"WebSite","@id":"https:\/\/parduotuve.kondena.lt\/#website","url":"https:\/\/parduotuve.kondena.lt\/","name":"Kondena","description":"Kol kas tik dar vienas WordPress tinklalapis","potentialAction":[{"@type":"SearchAction","target":{"@type":"EntryPoint","urlTemplate":"https:\/\/parduotuve.kondena.lt\/?s={search_term_string}"},"query-input":"required name=search_term_string"}],"inLanguage":"en-US"}]}},"_links":{"self":[{"href":"https:\/\/parduotuve.kondena.lt\/en\/wp-json\/wp\/v2\/product\/13266","targetHints":{"allow":["GET"]}}],"collection":[{"href":"https:\/\/parduotuve.kondena.lt\/en\/wp-json\/wp\/v2\/product"}],"about":[{"href":"https:\/\/parduotuve.kondena.lt\/en\/wp-json\/wp\/v2\/types\/product"}],"replies":[{"embeddable":true,"href":"https:\/\/parduotuve.kondena.lt\/en\/wp-json\/wp\/v2\/comments?post=13266"}],"wp:featuredmedia":[{"embeddable":true,"href":"https:\/\/parduotuve.kondena.lt\/en\/wp-json\/wp\/v2\/media\/13274"}],"wp:attachment":[{"href":"https:\/\/parduotuve.kondena.lt\/en\/wp-json\/wp\/v2\/media?parent=13266"}],"wp:term":[{"taxonomy":"product_cat","embeddable":true,"href":"https:\/\/parduotuve.kondena.lt\/en\/wp-json\/wp\/v2\/product_cat?post=13266"},{"taxonomy":"product_tag","embeddable":true,"href":"https:\/\/parduotuve.kondena.lt\/en\/wp-json\/wp\/v2\/product_tag?post=13266"}],"curies":[{"name":"wp","href":"https:\/\/api.w.org\/{rel}","templated":true}]}}