{"id":13245,"date":"2021-11-19T08:30:31","date_gmt":"2021-11-19T07:30:31","guid":{"rendered":"https:\/\/parduotuve.kondena.lt\/?post_type=product&#038;p=13245"},"modified":"2022-06-28T11:18:22","modified_gmt":"2022-06-28T10:18:22","slug":"mechaninis-vandens-valymo-filtras-riversoft-sd-15t","status":"publish","type":"product","link":"https:\/\/parduotuve.kondena.lt\/en\/produktai\/mechaninis-vandens-valymo-filtras-riversoft-sd-15t\/","title":{"rendered":"Mechanical water purification filter - Riversoft SD-15T"},"content":{"rendered":"<p>Mechanical water purification filter - Riversoft SD-15T is a new generation, so this filter uses much less water for rinsing. This water filter also consumes significantly less electricity and is less likely to break down, making it cheaper to operate.<\/p>\n<div class=\"node-prod-block2__techt\">TECHNICAL DATA<\/div>\n<div class=\"node-prod-block2__spec clearfix\">\n<p>Min. working pressure:\u00a0<strong>2,0 bar<\/strong><br \/>\nMax. working pressure:\u00a0<strong>7,0 bar<\/strong><br \/>\nCatering:\u00a0<strong>1\/220-240\/50 f\/V\/Hz<\/strong><br \/>\nFilter performance:\u00a0<strong>0,7 m<sup>3<\/sup>\/h<\/strong><br \/>\nFilter max. performance:\u00a0<strong>1,5 m<sup>3<\/sup>\/h<\/strong><br \/>\nHeight \/ diameter:\u00a0<strong>1300\/215 mm<\/strong><br \/>\nWeight:\u00a0<strong>41 kg<\/strong><br \/>\nInput \/ output connection:\u00a0<strong>1\u201c\/1\u201c coliai<\/strong><br \/>\nSewage connection:\u00a0<strong>1\/3\u201c coliai<\/strong><br \/>\nOperating temperatures:\u00a0<strong>5-38 \u00b0C<\/strong><br \/>\nFlush flow:\u00a0<strong>1,2 m<sup>3<\/sup>\/h<\/strong><\/p>\n<\/div>\n<div class=\"node-blockbig__text\">\n<p>Automatic mechanical water purification filters help to remove mechanical impurities of various origins from the water: rust, sand, fine particles, oxidized compounds, pipe chips and other materials.<\/p>\n<p>Mechanical water filters help to significantly improve the quality of the water used and extend the service life of plumbing fixtures and appliances that use filtered water.<\/p>\n<\/div>\n<p>Mechanical water purification filters are suitable for optimal and economical water purification and filtration, these mechanical filters perform several water improvement and purification operations simultaneously: they remove oxidized iron, trap fine particles and other materials of various origins. Mechanical water filters are equipped according to the amount of water consumption, the current water quality situation and your individual needs, what water properties you want to improve.<\/p>\n<p>The mechanical water filters we supply regenerate automatically. Mechanical filters have a programmer with a clock mechanism that helps to determine how many days a day the regeneration of the water filter should start (self-flushing). Our mechanical water purification filters use only water for regeneration.<\/p>\n<div class=\"node-prod-block2__spec clearfix\">\n<p>&nbsp;<\/p>\n<\/div>","protected":false},"excerpt":{"rendered":"<p>Min. working pressure:\u00a0<strong>2,0 bar<\/strong><br \/>\nMax. working pressure:\u00a0<strong>7,0 bar<\/strong><br \/>\nCatering:\u00a0<strong>1\/220-240\/50 f\/V\/Hz<\/strong><br \/>\nFilter performance:\u00a0<strong>0,7 m<sup>3<\/sup>\/h<\/strong><br \/>\nFilter max. performance:\u00a0<strong>1,5 m<sup>3<\/sup>\/h<\/strong><br \/>\nHeight \/ diameter:\u00a0<strong>1300\/215 mm<\/strong><br \/>\nWeight:\u00a0<strong>41 kg<\/strong><br \/>\nInput \/ output connection:\u00a0<strong>1\u201c\/1\u201c coliai<\/strong><br \/>\nSewage connection:\u00a0<strong>1\/3\u201c coliai<\/strong><br \/>\nOperating temperatures:\u00a0<strong>5-38 \u00b0C<\/strong><br \/>\nFlush flow:\u00a0<strong>1,2 m<sup>3<\/sup>\/h<\/strong><\/p>","protected":false},"featured_media":13250,"comment_status":"open","ping_status":"closed","template":"","meta":[],"product_cat":[294,293],"product_tag":[],"class_list":["post-13245","product","type-product","status-publish","has-post-thumbnail","hentry","product_cat-mechaniniai-vandens-valymo-filtrai","product_cat-vandens-valymo-filtrai"],"acf":[],"yoast_head":"<!-- This site is optimized with the Yoast SEO plugin v20.13 - https:\/\/yoast.com\/wordpress\/plugins\/seo\/ -->\n<title>Mechaninis vandens valymo filtras - Riversoft SD-15T - Kondena<\/title>\n<meta name=\"description\" content=\"Mechaninis vandens valymo filtras - Riversoft SD-15T - padeda i\u0161 vandens itin efektyviai pa\u0161alinti \u012fvairios kilm\u0117s mechanines priemai\u0161as.\" \/>\n<meta name=\"robots\" content=\"index, follow, max-snippet:-1, max-image-preview:large, max-video-preview:-1\" \/>\n<link rel=\"canonical\" href=\"https:\/\/parduotuve.kondena.lt\/en\/produktai\/mechaninis-vandens-valymo-filtras-riversoft-sd-15t\/\" \/>\n<meta property=\"og:locale\" content=\"en_US\" \/>\n<meta property=\"og:type\" content=\"article\" \/>\n<meta property=\"og:title\" content=\"Mechaninis vandens valymo filtras - Riversoft SD-15T - Kondena\" \/>\n<meta property=\"og:description\" content=\"Mechaninis vandens valymo filtras - Riversoft SD-15T - padeda i\u0161 vandens itin efektyviai pa\u0161alinti \u012fvairios kilm\u0117s mechanines priemai\u0161as.\" \/>\n<meta property=\"og:url\" content=\"https:\/\/parduotuve.kondena.lt\/en\/produktai\/mechaninis-vandens-valymo-filtras-riversoft-sd-15t\/\" \/>\n<meta property=\"og:site_name\" content=\"Kondena\" \/>\n<meta property=\"article:modified_time\" content=\"2022-06-28T10:18:22+00:00\" \/>\n<meta property=\"og:image\" content=\"https:\/\/parduotuve.kondena.lt\/wp-content\/uploads\/2021\/11\/Ekrano-nuotrauka-2021-11-19-092859.png\" \/>\n\t<meta property=\"og:image:width\" content=\"739\" \/>\n\t<meta property=\"og:image:height\" content=\"863\" \/>\n\t<meta property=\"og:image:type\" content=\"image\/png\" \/>\n<meta name=\"twitter:card\" content=\"summary_large_image\" \/>\n<meta name=\"twitter:label1\" content=\"Est. reading time\" \/>\n\t<meta name=\"twitter:data1\" content=\"2 minutes\" \/>\n<script type=\"application\/ld+json\" class=\"yoast-schema-graph\">{\"@context\":\"https:\/\/schema.org\",\"@graph\":[{\"@type\":\"WebPage\",\"@id\":\"https:\/\/parduotuve.kondena.lt\/produktai\/mechaninis-vandens-valymo-filtras-riversoft-sd-15t\/\",\"url\":\"https:\/\/parduotuve.kondena.lt\/produktai\/mechaninis-vandens-valymo-filtras-riversoft-sd-15t\/\",\"name\":\"Mechaninis vandens valymo filtras - Riversoft SD-15T - Kondena\",\"isPartOf\":{\"@id\":\"https:\/\/parduotuve.kondena.lt\/#website\"},\"datePublished\":\"2021-11-19T07:30:31+00:00\",\"dateModified\":\"2022-06-28T10:18:22+00:00\",\"description\":\"Mechaninis vandens valymo filtras - Riversoft SD-15T - padeda i\u0161 vandens itin efektyviai pa\u0161alinti \u012fvairios kilm\u0117s mechanines priemai\u0161as.\",\"breadcrumb\":{\"@id\":\"https:\/\/parduotuve.kondena.lt\/produktai\/mechaninis-vandens-valymo-filtras-riversoft-sd-15t\/#breadcrumb\"},\"inLanguage\":\"en-US\",\"potentialAction\":[{\"@type\":\"ReadAction\",\"target\":[\"https:\/\/parduotuve.kondena.lt\/produktai\/mechaninis-vandens-valymo-filtras-riversoft-sd-15t\/\"]}]},{\"@type\":\"BreadcrumbList\",\"@id\":\"https:\/\/parduotuve.kondena.lt\/produktai\/mechaninis-vandens-valymo-filtras-riversoft-sd-15t\/#breadcrumb\",\"itemListElement\":[{\"@type\":\"ListItem\",\"position\":1,\"name\":\"Parduotuv\u0117\",\"item\":\"https:\/\/parduotuve.kondena.lt\/parduotuve\/\"},{\"@type\":\"ListItem\",\"position\":2,\"name\":\"Mechaninis vandens valymo filtras &#8211; Riversoft SD-15T\"}]},{\"@type\":\"WebSite\",\"@id\":\"https:\/\/parduotuve.kondena.lt\/#website\",\"url\":\"https:\/\/parduotuve.kondena.lt\/\",\"name\":\"Kondena\",\"description\":\"Kol kas tik dar vienas WordPress tinklalapis\",\"potentialAction\":[{\"@type\":\"SearchAction\",\"target\":{\"@type\":\"EntryPoint\",\"urlTemplate\":\"https:\/\/parduotuve.kondena.lt\/?s={search_term_string}\"},\"query-input\":\"required name=search_term_string\"}],\"inLanguage\":\"en-US\"}]}<\/script>\n<!-- \/ Yoast SEO plugin. -->","yoast_head_json":{"title":"Mechaninis vandens valymo filtras - Riversoft SD-15T - Kondena","description":"Mechaninis vandens valymo filtras - Riversoft SD-15T - padeda i\u0161 vandens itin efektyviai pa\u0161alinti \u012fvairios kilm\u0117s mechanines priemai\u0161as.","robots":{"index":"index","follow":"follow","max-snippet":"max-snippet:-1","max-image-preview":"max-image-preview:large","max-video-preview":"max-video-preview:-1"},"canonical":"https:\/\/parduotuve.kondena.lt\/en\/produktai\/mechaninis-vandens-valymo-filtras-riversoft-sd-15t\/","og_locale":"en_US","og_type":"article","og_title":"Mechaninis vandens valymo filtras - Riversoft SD-15T - Kondena","og_description":"Mechaninis vandens valymo filtras - Riversoft SD-15T - padeda i\u0161 vandens itin efektyviai pa\u0161alinti \u012fvairios kilm\u0117s mechanines priemai\u0161as.","og_url":"https:\/\/parduotuve.kondena.lt\/en\/produktai\/mechaninis-vandens-valymo-filtras-riversoft-sd-15t\/","og_site_name":"Kondena","article_modified_time":"2022-06-28T10:18:22+00:00","og_image":[{"width":739,"height":863,"url":"https:\/\/parduotuve.kondena.lt\/wp-content\/uploads\/2021\/11\/Ekrano-nuotrauka-2021-11-19-092859.png","type":"image\/png"}],"twitter_card":"summary_large_image","twitter_misc":{"Est. reading time":"2 minutes"},"schema":{"@context":"https:\/\/schema.org","@graph":[{"@type":"WebPage","@id":"https:\/\/parduotuve.kondena.lt\/produktai\/mechaninis-vandens-valymo-filtras-riversoft-sd-15t\/","url":"https:\/\/parduotuve.kondena.lt\/produktai\/mechaninis-vandens-valymo-filtras-riversoft-sd-15t\/","name":"Mechaninis vandens valymo filtras - Riversoft SD-15T - Kondena","isPartOf":{"@id":"https:\/\/parduotuve.kondena.lt\/#website"},"datePublished":"2021-11-19T07:30:31+00:00","dateModified":"2022-06-28T10:18:22+00:00","description":"Mechaninis vandens valymo filtras - Riversoft SD-15T - padeda i\u0161 vandens itin efektyviai pa\u0161alinti \u012fvairios kilm\u0117s mechanines priemai\u0161as.","breadcrumb":{"@id":"https:\/\/parduotuve.kondena.lt\/produktai\/mechaninis-vandens-valymo-filtras-riversoft-sd-15t\/#breadcrumb"},"inLanguage":"en-US","potentialAction":[{"@type":"ReadAction","target":["https:\/\/parduotuve.kondena.lt\/produktai\/mechaninis-vandens-valymo-filtras-riversoft-sd-15t\/"]}]},{"@type":"BreadcrumbList","@id":"https:\/\/parduotuve.kondena.lt\/produktai\/mechaninis-vandens-valymo-filtras-riversoft-sd-15t\/#breadcrumb","itemListElement":[{"@type":"ListItem","position":1,"name":"Parduotuv\u0117","item":"https:\/\/parduotuve.kondena.lt\/parduotuve\/"},{"@type":"ListItem","position":2,"name":"Mechaninis vandens valymo filtras &#8211; Riversoft SD-15T"}]},{"@type":"WebSite","@id":"https:\/\/parduotuve.kondena.lt\/#website","url":"https:\/\/parduotuve.kondena.lt\/","name":"Kondena","description":"Kol kas tik dar vienas WordPress tinklalapis","potentialAction":[{"@type":"SearchAction","target":{"@type":"EntryPoint","urlTemplate":"https:\/\/parduotuve.kondena.lt\/?s={search_term_string}"},"query-input":"required name=search_term_string"}],"inLanguage":"en-US"}]}},"_links":{"self":[{"href":"https:\/\/parduotuve.kondena.lt\/en\/wp-json\/wp\/v2\/product\/13245","targetHints":{"allow":["GET"]}}],"collection":[{"href":"https:\/\/parduotuve.kondena.lt\/en\/wp-json\/wp\/v2\/product"}],"about":[{"href":"https:\/\/parduotuve.kondena.lt\/en\/wp-json\/wp\/v2\/types\/product"}],"replies":[{"embeddable":true,"href":"https:\/\/parduotuve.kondena.lt\/en\/wp-json\/wp\/v2\/comments?post=13245"}],"wp:featuredmedia":[{"embeddable":true,"href":"https:\/\/parduotuve.kondena.lt\/en\/wp-json\/wp\/v2\/media\/13250"}],"wp:attachment":[{"href":"https:\/\/parduotuve.kondena.lt\/en\/wp-json\/wp\/v2\/media?parent=13245"}],"wp:term":[{"taxonomy":"product_cat","embeddable":true,"href":"https:\/\/parduotuve.kondena.lt\/en\/wp-json\/wp\/v2\/product_cat?post=13245"},{"taxonomy":"product_tag","embeddable":true,"href":"https:\/\/parduotuve.kondena.lt\/en\/wp-json\/wp\/v2\/product_tag?post=13245"}],"curies":[{"name":"wp","href":"https:\/\/api.w.org\/{rel}","templated":true}]}}