{"id":13165,"date":"2021-11-16T09:39:02","date_gmt":"2021-11-16T08:39:02","guid":{"rendered":"https:\/\/parduotuve.kondena.lt\/?post_type=product&#038;p=13165"},"modified":"2024-01-25T10:30:55","modified_gmt":"2024-01-25T09:30:55","slug":"innovagoods-star-led-projektorius","status":"publish","type":"product","link":"https:\/\/parduotuve.kondena.lt\/en\/produktai\/innovagoods-star-led-projektorius\/","title":{"rendered":"INNOVAGOODS STAR LED projector"},"content":{"rendered":"<p>INNOVAGOODS STAR LED projector<\/p>\n<p>This\u00a0\u00a0\u00a0<strong>LED dimming lamp<\/strong>\u00a0perfect for decorating children\u2019s rooms as they enjoy the impressions every night in their starry sky.<\/p>\n<ul>\n<li>Made of ABS<\/li>\n<li>Lightweight, comfortable and practical design<\/li>\n<li>LED button: 3 LEDs with intermittent blue, green and red lights<\/li>\n<li>STAR button: 1 LED with warm steady light<\/li>\n<li>Both buttons and functions can be activated simultaneously or separately<\/li>\n<li>Both buttons and functions can be activated simultaneously or separately<\/li>\n<li>Approximate diameter and height: 11 x 12 cm<\/li>\n<li>Runs on batteries (3 x AA, not included) or with 4.5 V power adapter (not included)<\/li>\n<li>Packaging and manual in 24 languages \u200b\u200b(English, French, Spanish, German, Italian, Portuguese, Dutch, Polish, Hungarian, Romanian, Danish, Swedish, Finnish, Lithuanian, Norwegian, Slovenian, Greek, Czech, Bulgarian, Croatian, Slovak, Estonian, Russian, Latvian)<\/li>\n<\/ul>\n<p><iframe loading=\"lazy\" title=\"InnovaGoods Gadget Kids Star LED Projector\" width=\"895\" height=\"503\" src=\"https:\/\/www.youtube.com\/embed\/qW_bg1SFAbY?feature=oembed\" frameborder=\"0\" allow=\"accelerometer; autoplay; clipboard-write; encrypted-media; gyroscope; picture-in-picture; web-share\" allowfullscreen><\/iframe><\/p>","protected":false},"excerpt":{"rendered":"<ul>\n<li>Made of aluminum, glass, wax and deionized water<\/li>\n<li>On \/ off button<\/li>\n<li>Power: 25 W<\/li>\n<li>Voltage: 220-240 V<\/li>\n<li>Frequency: 50 Hz<\/li>\n<li>Works with 1 R39 25 W bulb (included)<\/li>\n<li>Includes replacement bulb<\/li>\n<li>Power cable: about 170 cm.<\/li>\n<li>approximate diameter x height: 8.5 x 34 cm<\/li>\n<\/ul>","protected":false},"featured_media":13200,"comment_status":"open","ping_status":"closed","template":"","meta":[],"product_cat":[314,15,301],"product_tag":[],"class_list":["post-13165","product","type-product","status-publish","has-post-thumbnail","hentry","product_cat-geri-daikciukai","product_cat-kita","product_cat-ismaniems-namams"],"acf":[],"yoast_head":"<!-- This site is optimized with the Yoast SEO plugin v20.13 - https:\/\/yoast.com\/wordpress\/plugins\/seo\/ -->\n<title>INNOVAGOODS STAR LED projektorius - Kondena<\/title>\n<meta name=\"description\" content=\"INNOVAGOODS STAR LED projektorius - tai dekoratyvinis\u00a0stalinis \u0161viestuvas,\u00a0kuris sukuria labai ypating\u0105 atmosfer\u0105 d\u0117l \u0161velnaus lavos srautas.\u00a0\" \/>\n<meta name=\"robots\" content=\"index, follow, max-snippet:-1, max-image-preview:large, max-video-preview:-1\" \/>\n<link rel=\"canonical\" href=\"https:\/\/parduotuve.kondena.lt\/en\/produktai\/innovagoods-star-led-projektorius\/\" \/>\n<meta property=\"og:locale\" content=\"en_US\" \/>\n<meta property=\"og:type\" content=\"article\" \/>\n<meta property=\"og:title\" content=\"INNOVAGOODS STAR LED projektorius - Kondena\" \/>\n<meta property=\"og:description\" content=\"INNOVAGOODS STAR LED projektorius - tai dekoratyvinis\u00a0stalinis \u0161viestuvas,\u00a0kuris sukuria labai ypating\u0105 atmosfer\u0105 d\u0117l \u0161velnaus lavos srautas.\u00a0\" \/>\n<meta property=\"og:url\" content=\"https:\/\/parduotuve.kondena.lt\/en\/produktai\/innovagoods-star-led-projektorius\/\" \/>\n<meta property=\"og:site_name\" content=\"Kondena\" \/>\n<meta property=\"article:modified_time\" content=\"2024-01-25T09:30:55+00:00\" \/>\n<meta property=\"og:image\" content=\"https:\/\/parduotuve.kondena.lt\/wp-content\/uploads\/2021\/11\/innovagoods-star-led-projector.jpg\" \/>\n\t<meta property=\"og:image:width\" content=\"600\" \/>\n\t<meta property=\"og:image:height\" content=\"600\" \/>\n\t<meta property=\"og:image:type\" content=\"image\/jpeg\" \/>\n<meta name=\"twitter:card\" content=\"summary_large_image\" \/>\n<meta name=\"twitter:label1\" content=\"Est. reading time\" \/>\n\t<meta name=\"twitter:data1\" content=\"1 minute\" \/>\n<script type=\"application\/ld+json\" class=\"yoast-schema-graph\">{\"@context\":\"https:\/\/schema.org\",\"@graph\":[{\"@type\":\"WebPage\",\"@id\":\"https:\/\/parduotuve.kondena.lt\/produktai\/innovagoods-star-led-projektorius\/\",\"url\":\"https:\/\/parduotuve.kondena.lt\/produktai\/innovagoods-star-led-projektorius\/\",\"name\":\"INNOVAGOODS STAR LED projektorius - Kondena\",\"isPartOf\":{\"@id\":\"https:\/\/parduotuve.kondena.lt\/#website\"},\"datePublished\":\"2021-11-16T08:39:02+00:00\",\"dateModified\":\"2024-01-25T09:30:55+00:00\",\"description\":\"INNOVAGOODS STAR LED projektorius - tai dekoratyvinis\u00a0stalinis \u0161viestuvas,\u00a0kuris sukuria labai ypating\u0105 atmosfer\u0105 d\u0117l \u0161velnaus lavos srautas.\u00a0\",\"breadcrumb\":{\"@id\":\"https:\/\/parduotuve.kondena.lt\/produktai\/innovagoods-star-led-projektorius\/#breadcrumb\"},\"inLanguage\":\"en-US\",\"potentialAction\":[{\"@type\":\"ReadAction\",\"target\":[\"https:\/\/parduotuve.kondena.lt\/produktai\/innovagoods-star-led-projektorius\/\"]}]},{\"@type\":\"BreadcrumbList\",\"@id\":\"https:\/\/parduotuve.kondena.lt\/produktai\/innovagoods-star-led-projektorius\/#breadcrumb\",\"itemListElement\":[{\"@type\":\"ListItem\",\"position\":1,\"name\":\"Parduotuv\u0117\",\"item\":\"https:\/\/parduotuve.kondena.lt\/parduotuve\/\"},{\"@type\":\"ListItem\",\"position\":2,\"name\":\"INNOVAGOODS STAR LED projektorius\"}]},{\"@type\":\"WebSite\",\"@id\":\"https:\/\/parduotuve.kondena.lt\/#website\",\"url\":\"https:\/\/parduotuve.kondena.lt\/\",\"name\":\"Kondena\",\"description\":\"Kol kas tik dar vienas WordPress tinklalapis\",\"potentialAction\":[{\"@type\":\"SearchAction\",\"target\":{\"@type\":\"EntryPoint\",\"urlTemplate\":\"https:\/\/parduotuve.kondena.lt\/?s={search_term_string}\"},\"query-input\":\"required name=search_term_string\"}],\"inLanguage\":\"en-US\"}]}<\/script>\n<!-- \/ Yoast SEO plugin. -->","yoast_head_json":{"title":"INNOVAGOODS STAR LED projektorius - Kondena","description":"INNOVAGOODS STAR LED projektorius - tai dekoratyvinis\u00a0stalinis \u0161viestuvas,\u00a0kuris sukuria labai ypating\u0105 atmosfer\u0105 d\u0117l \u0161velnaus lavos srautas.\u00a0","robots":{"index":"index","follow":"follow","max-snippet":"max-snippet:-1","max-image-preview":"max-image-preview:large","max-video-preview":"max-video-preview:-1"},"canonical":"https:\/\/parduotuve.kondena.lt\/en\/produktai\/innovagoods-star-led-projektorius\/","og_locale":"en_US","og_type":"article","og_title":"INNOVAGOODS STAR LED projektorius - Kondena","og_description":"INNOVAGOODS STAR LED projektorius - tai dekoratyvinis\u00a0stalinis \u0161viestuvas,\u00a0kuris sukuria labai ypating\u0105 atmosfer\u0105 d\u0117l \u0161velnaus lavos srautas.\u00a0","og_url":"https:\/\/parduotuve.kondena.lt\/en\/produktai\/innovagoods-star-led-projektorius\/","og_site_name":"Kondena","article_modified_time":"2024-01-25T09:30:55+00:00","og_image":[{"width":600,"height":600,"url":"https:\/\/parduotuve.kondena.lt\/wp-content\/uploads\/2021\/11\/innovagoods-star-led-projector.jpg","type":"image\/jpeg"}],"twitter_card":"summary_large_image","twitter_misc":{"Est. reading time":"1 minute"},"schema":{"@context":"https:\/\/schema.org","@graph":[{"@type":"WebPage","@id":"https:\/\/parduotuve.kondena.lt\/produktai\/innovagoods-star-led-projektorius\/","url":"https:\/\/parduotuve.kondena.lt\/produktai\/innovagoods-star-led-projektorius\/","name":"INNOVAGOODS STAR LED projektorius - Kondena","isPartOf":{"@id":"https:\/\/parduotuve.kondena.lt\/#website"},"datePublished":"2021-11-16T08:39:02+00:00","dateModified":"2024-01-25T09:30:55+00:00","description":"INNOVAGOODS STAR LED projektorius - tai dekoratyvinis\u00a0stalinis \u0161viestuvas,\u00a0kuris sukuria labai ypating\u0105 atmosfer\u0105 d\u0117l \u0161velnaus lavos srautas.\u00a0","breadcrumb":{"@id":"https:\/\/parduotuve.kondena.lt\/produktai\/innovagoods-star-led-projektorius\/#breadcrumb"},"inLanguage":"en-US","potentialAction":[{"@type":"ReadAction","target":["https:\/\/parduotuve.kondena.lt\/produktai\/innovagoods-star-led-projektorius\/"]}]},{"@type":"BreadcrumbList","@id":"https:\/\/parduotuve.kondena.lt\/produktai\/innovagoods-star-led-projektorius\/#breadcrumb","itemListElement":[{"@type":"ListItem","position":1,"name":"Parduotuv\u0117","item":"https:\/\/parduotuve.kondena.lt\/parduotuve\/"},{"@type":"ListItem","position":2,"name":"INNOVAGOODS STAR LED projektorius"}]},{"@type":"WebSite","@id":"https:\/\/parduotuve.kondena.lt\/#website","url":"https:\/\/parduotuve.kondena.lt\/","name":"Kondena","description":"Kol kas tik dar vienas WordPress tinklalapis","potentialAction":[{"@type":"SearchAction","target":{"@type":"EntryPoint","urlTemplate":"https:\/\/parduotuve.kondena.lt\/?s={search_term_string}"},"query-input":"required name=search_term_string"}],"inLanguage":"en-US"}]}},"_links":{"self":[{"href":"https:\/\/parduotuve.kondena.lt\/en\/wp-json\/wp\/v2\/product\/13165","targetHints":{"allow":["GET"]}}],"collection":[{"href":"https:\/\/parduotuve.kondena.lt\/en\/wp-json\/wp\/v2\/product"}],"about":[{"href":"https:\/\/parduotuve.kondena.lt\/en\/wp-json\/wp\/v2\/types\/product"}],"replies":[{"embeddable":true,"href":"https:\/\/parduotuve.kondena.lt\/en\/wp-json\/wp\/v2\/comments?post=13165"}],"wp:featuredmedia":[{"embeddable":true,"href":"https:\/\/parduotuve.kondena.lt\/en\/wp-json\/wp\/v2\/media\/13200"}],"wp:attachment":[{"href":"https:\/\/parduotuve.kondena.lt\/en\/wp-json\/wp\/v2\/media?parent=13165"}],"wp:term":[{"taxonomy":"product_cat","embeddable":true,"href":"https:\/\/parduotuve.kondena.lt\/en\/wp-json\/wp\/v2\/product_cat?post=13165"},{"taxonomy":"product_tag","embeddable":true,"href":"https:\/\/parduotuve.kondena.lt\/en\/wp-json\/wp\/v2\/product_tag?post=13165"}],"curies":[{"name":"wp","href":"https:\/\/api.w.org\/{rel}","templated":true}]}}