{"id":13161,"date":"2021-11-16T09:38:47","date_gmt":"2021-11-16T08:38:47","guid":{"rendered":"https:\/\/parduotuve.kondena.lt\/?post_type=product&#038;p=13161"},"modified":"2023-07-12T11:54:03","modified_gmt":"2023-07-12T10:54:03","slug":"innovagoods-daugiaspalve-led-lempa","status":"publish","type":"product","link":"https:\/\/parduotuve.kondena.lt\/en\/produktai\/innovagoods-daugiaspalve-led-lempa\/","title":{"rendered":"INNOVAGOODS multicolor LED lamp"},"content":{"rendered":"<p>New\u00a0<strong>decorative lamp<\/strong>\u00a0with 3 portable fluorescent spheres. Ideal for children with fear of the dark. In addition, chromotherapy creates an environment conducive to peace and relaxation.<\/p>\n<ul>\n<li>Made of ABS<\/li>\n<li>On \/ off button<\/li>\n<li>2 light modes:\n<ul>\n<li>256 fixed, adjustable changeable colors<\/li>\n<li>Color change sequence<\/li>\n<\/ul>\n<\/li>\n<li>Works connected to the mains<\/li>\n<li>1 power adapter<\/li>\n<li>Three spheres that charge approximately through. 2 minutes and glows in the dark<\/li>\n<li>Voltage: 110-240 V<\/li>\n<li>Frequency: 50-60 Hz<\/li>\n<li>Power: 1 W<\/li>\n<li>approx. diameter of each sphere: 6 cm<\/li>\n<li>approx. diameter x height: 20 x 27 cm<\/li>\n<\/ul>\n<p>Pakuot\u0117 ir vadovas 24 kalbomis (angl\u0173, pranc\u016bz\u0173, ispan\u0173, vokie\u010di\u0173, ital\u0173, portugal\u0173, oland\u0173, lenk\u0173, vengr\u0173, rumun\u0173, dan\u0173, \u0161ved\u0173, suomi\u0173, lietuvi\u0173, norveg\u0173, slov\u0117n\u0173, graik\u0173, \u010dek\u0173, bulgar\u0173, kroat\u0173, slovak\u0173 , est\u0173, rus\u0173, latvi\u0173)<\/p>\n<p><iframe loading=\"lazy\" title=\"InnovaGoods Home LED Multicolour Fluorescent LED Lamp\" width=\"895\" height=\"503\" src=\"https:\/\/www.youtube.com\/embed\/QT1gt8k4DKY?feature=oembed\" frameborder=\"0\" allow=\"accelerometer; autoplay; clipboard-write; encrypted-media; gyroscope; picture-in-picture; web-share\" allowfullscreen><\/iframe><\/p>","protected":false},"excerpt":{"rendered":"<ul>\n<li>Made of ABS<\/li>\n<li>On \/ off button<\/li>\n<li>2 light modes:\n<ul>\n<li>256 fixed, adjustable changeable colors<\/li>\n<li>Color change sequence<\/li>\n<\/ul>\n<\/li>\n<li>Works connected to the mains<\/li>\n<li>1 power adapter<\/li>\n<li>Three spheres that charge approximately through. 2 minutes and glows in the dark<\/li>\n<li>Voltage: 110-240 V<\/li>\n<li>Frequency: 50-60 Hz<\/li>\n<li>Power: 1 W<\/li>\n<li>approx. diameter of each sphere: 6 cm<\/li>\n<li>approx. diameter x height: 20 x 27 cm<\/li>\n<li><\/li>\n<\/ul>","protected":false},"featured_media":13176,"comment_status":"open","ping_status":"closed","template":"","meta":[],"product_cat":[15,301],"product_tag":[],"class_list":["post-13161","product","type-product","status-publish","has-post-thumbnail","hentry","product_cat-kita","product_cat-ismaniems-namams"],"acf":[],"yoast_head":"<!-- This site is optimized with the Yoast SEO plugin v20.13 - https:\/\/yoast.com\/wordpress\/plugins\/seo\/ -->\n<title>INNOVAGOODS daugiaspalv\u0117 LED lempa - Kondena<\/title>\n<meta name=\"description\" content=\"INNOVAGOODS daugiaspalv\u0117 LED lempa - tai dekoratyvinis\u00a0stalinis \u0161viestuvas,\u00a0kuris sukuria labai ypating\u0105 atmosfer\u0105.\" \/>\n<meta name=\"robots\" content=\"index, follow, max-snippet:-1, max-image-preview:large, max-video-preview:-1\" \/>\n<link rel=\"canonical\" href=\"https:\/\/parduotuve.kondena.lt\/en\/produktai\/innovagoods-daugiaspalve-led-lempa\/\" \/>\n<meta property=\"og:locale\" content=\"en_US\" \/>\n<meta property=\"og:type\" content=\"article\" \/>\n<meta property=\"og:title\" content=\"INNOVAGOODS daugiaspalv\u0117 LED lempa - Kondena\" \/>\n<meta property=\"og:description\" content=\"INNOVAGOODS daugiaspalv\u0117 LED lempa - tai dekoratyvinis\u00a0stalinis \u0161viestuvas,\u00a0kuris sukuria labai ypating\u0105 atmosfer\u0105.\" \/>\n<meta property=\"og:url\" content=\"https:\/\/parduotuve.kondena.lt\/en\/produktai\/innovagoods-daugiaspalve-led-lempa\/\" \/>\n<meta property=\"og:site_name\" content=\"Kondena\" \/>\n<meta property=\"article:modified_time\" content=\"2023-07-12T10:54:03+00:00\" \/>\n<meta property=\"og:image\" content=\"https:\/\/parduotuve.kondena.lt\/wp-content\/uploads\/2021\/11\/innovagoods-multicolour-fluorescent-led-lamp.jpg\" \/>\n\t<meta property=\"og:image:width\" content=\"600\" \/>\n\t<meta property=\"og:image:height\" content=\"600\" \/>\n\t<meta property=\"og:image:type\" content=\"image\/jpeg\" \/>\n<meta name=\"twitter:card\" content=\"summary_large_image\" \/>\n<meta name=\"twitter:label1\" content=\"Est. reading time\" \/>\n\t<meta name=\"twitter:data1\" content=\"1 minute\" \/>\n<script type=\"application\/ld+json\" class=\"yoast-schema-graph\">{\"@context\":\"https:\/\/schema.org\",\"@graph\":[{\"@type\":\"WebPage\",\"@id\":\"https:\/\/parduotuve.kondena.lt\/produktai\/innovagoods-daugiaspalve-led-lempa\/\",\"url\":\"https:\/\/parduotuve.kondena.lt\/produktai\/innovagoods-daugiaspalve-led-lempa\/\",\"name\":\"INNOVAGOODS daugiaspalv\u0117 LED lempa - Kondena\",\"isPartOf\":{\"@id\":\"https:\/\/parduotuve.kondena.lt\/#website\"},\"datePublished\":\"2021-11-16T08:38:47+00:00\",\"dateModified\":\"2023-07-12T10:54:03+00:00\",\"description\":\"INNOVAGOODS daugiaspalv\u0117 LED lempa - tai dekoratyvinis\u00a0stalinis \u0161viestuvas,\u00a0kuris sukuria labai ypating\u0105 atmosfer\u0105.\",\"breadcrumb\":{\"@id\":\"https:\/\/parduotuve.kondena.lt\/produktai\/innovagoods-daugiaspalve-led-lempa\/#breadcrumb\"},\"inLanguage\":\"en-US\",\"potentialAction\":[{\"@type\":\"ReadAction\",\"target\":[\"https:\/\/parduotuve.kondena.lt\/produktai\/innovagoods-daugiaspalve-led-lempa\/\"]}]},{\"@type\":\"BreadcrumbList\",\"@id\":\"https:\/\/parduotuve.kondena.lt\/produktai\/innovagoods-daugiaspalve-led-lempa\/#breadcrumb\",\"itemListElement\":[{\"@type\":\"ListItem\",\"position\":1,\"name\":\"Parduotuv\u0117\",\"item\":\"https:\/\/parduotuve.kondena.lt\/parduotuve\/\"},{\"@type\":\"ListItem\",\"position\":2,\"name\":\"INNOVAGOODS daugiaspalv\u0117 LED lempa\"}]},{\"@type\":\"WebSite\",\"@id\":\"https:\/\/parduotuve.kondena.lt\/#website\",\"url\":\"https:\/\/parduotuve.kondena.lt\/\",\"name\":\"Kondena\",\"description\":\"Kol kas tik dar vienas WordPress tinklalapis\",\"potentialAction\":[{\"@type\":\"SearchAction\",\"target\":{\"@type\":\"EntryPoint\",\"urlTemplate\":\"https:\/\/parduotuve.kondena.lt\/?s={search_term_string}\"},\"query-input\":\"required name=search_term_string\"}],\"inLanguage\":\"en-US\"}]}<\/script>\n<!-- \/ Yoast SEO plugin. -->","yoast_head_json":{"title":"INNOVAGOODS daugiaspalv\u0117 LED lempa - Kondena","description":"INNOVAGOODS daugiaspalv\u0117 LED lempa - tai dekoratyvinis\u00a0stalinis \u0161viestuvas,\u00a0kuris sukuria labai ypating\u0105 atmosfer\u0105.","robots":{"index":"index","follow":"follow","max-snippet":"max-snippet:-1","max-image-preview":"max-image-preview:large","max-video-preview":"max-video-preview:-1"},"canonical":"https:\/\/parduotuve.kondena.lt\/en\/produktai\/innovagoods-daugiaspalve-led-lempa\/","og_locale":"en_US","og_type":"article","og_title":"INNOVAGOODS daugiaspalv\u0117 LED lempa - Kondena","og_description":"INNOVAGOODS daugiaspalv\u0117 LED lempa - tai dekoratyvinis\u00a0stalinis \u0161viestuvas,\u00a0kuris sukuria labai ypating\u0105 atmosfer\u0105.","og_url":"https:\/\/parduotuve.kondena.lt\/en\/produktai\/innovagoods-daugiaspalve-led-lempa\/","og_site_name":"Kondena","article_modified_time":"2023-07-12T10:54:03+00:00","og_image":[{"width":600,"height":600,"url":"https:\/\/parduotuve.kondena.lt\/wp-content\/uploads\/2021\/11\/innovagoods-multicolour-fluorescent-led-lamp.jpg","type":"image\/jpeg"}],"twitter_card":"summary_large_image","twitter_misc":{"Est. reading time":"1 minute"},"schema":{"@context":"https:\/\/schema.org","@graph":[{"@type":"WebPage","@id":"https:\/\/parduotuve.kondena.lt\/produktai\/innovagoods-daugiaspalve-led-lempa\/","url":"https:\/\/parduotuve.kondena.lt\/produktai\/innovagoods-daugiaspalve-led-lempa\/","name":"INNOVAGOODS daugiaspalv\u0117 LED lempa - Kondena","isPartOf":{"@id":"https:\/\/parduotuve.kondena.lt\/#website"},"datePublished":"2021-11-16T08:38:47+00:00","dateModified":"2023-07-12T10:54:03+00:00","description":"INNOVAGOODS daugiaspalv\u0117 LED lempa - tai dekoratyvinis\u00a0stalinis \u0161viestuvas,\u00a0kuris sukuria labai ypating\u0105 atmosfer\u0105.","breadcrumb":{"@id":"https:\/\/parduotuve.kondena.lt\/produktai\/innovagoods-daugiaspalve-led-lempa\/#breadcrumb"},"inLanguage":"en-US","potentialAction":[{"@type":"ReadAction","target":["https:\/\/parduotuve.kondena.lt\/produktai\/innovagoods-daugiaspalve-led-lempa\/"]}]},{"@type":"BreadcrumbList","@id":"https:\/\/parduotuve.kondena.lt\/produktai\/innovagoods-daugiaspalve-led-lempa\/#breadcrumb","itemListElement":[{"@type":"ListItem","position":1,"name":"Parduotuv\u0117","item":"https:\/\/parduotuve.kondena.lt\/parduotuve\/"},{"@type":"ListItem","position":2,"name":"INNOVAGOODS daugiaspalv\u0117 LED lempa"}]},{"@type":"WebSite","@id":"https:\/\/parduotuve.kondena.lt\/#website","url":"https:\/\/parduotuve.kondena.lt\/","name":"Kondena","description":"Kol kas tik dar vienas WordPress tinklalapis","potentialAction":[{"@type":"SearchAction","target":{"@type":"EntryPoint","urlTemplate":"https:\/\/parduotuve.kondena.lt\/?s={search_term_string}"},"query-input":"required name=search_term_string"}],"inLanguage":"en-US"}]}},"_links":{"self":[{"href":"https:\/\/parduotuve.kondena.lt\/en\/wp-json\/wp\/v2\/product\/13161","targetHints":{"allow":["GET"]}}],"collection":[{"href":"https:\/\/parduotuve.kondena.lt\/en\/wp-json\/wp\/v2\/product"}],"about":[{"href":"https:\/\/parduotuve.kondena.lt\/en\/wp-json\/wp\/v2\/types\/product"}],"replies":[{"embeddable":true,"href":"https:\/\/parduotuve.kondena.lt\/en\/wp-json\/wp\/v2\/comments?post=13161"}],"wp:featuredmedia":[{"embeddable":true,"href":"https:\/\/parduotuve.kondena.lt\/en\/wp-json\/wp\/v2\/media\/13176"}],"wp:attachment":[{"href":"https:\/\/parduotuve.kondena.lt\/en\/wp-json\/wp\/v2\/media?parent=13161"}],"wp:term":[{"taxonomy":"product_cat","embeddable":true,"href":"https:\/\/parduotuve.kondena.lt\/en\/wp-json\/wp\/v2\/product_cat?post=13161"},{"taxonomy":"product_tag","embeddable":true,"href":"https:\/\/parduotuve.kondena.lt\/en\/wp-json\/wp\/v2\/product_tag?post=13161"}],"curies":[{"name":"wp","href":"https:\/\/api.w.org\/{rel}","templated":true}]}}