{"id":13154,"date":"2021-11-16T09:38:14","date_gmt":"2021-11-16T08:38:14","guid":{"rendered":"https:\/\/parduotuve.kondena.lt\/?post_type=product&#038;p=13154"},"modified":"2024-01-25T10:25:05","modified_gmt":"2024-01-25T09:25:05","slug":"innovagoods-25w-lavos-lempa","status":"publish","type":"product","link":"https:\/\/parduotuve.kondena.lt\/en\/produktai\/innovagoods-25w-lavos-lempa\/","title":{"rendered":"INNOVAGOODS 25W lava lamp"},"content":{"rendered":"<p>INNOVAGOODS 25W lava lamp is decorative\u00a0<strong>desk lamp,<\/strong>\u00a0which creates a very special, warm and intimate atmosphere as a gentle flow of lava flows inside. Perfect for a nightstand or any home space.<\/p>\n<ul>\n<li>Made of aluminum, glass, wax and deionized water<\/li>\n<li>On \/ off button<\/li>\n<li>Power: 25 W<\/li>\n<li>Voltage: 220-240 V<\/li>\n<li>Frequency: 50 Hz<\/li>\n<li>Works with 1 R39 25 W bulb (included)<\/li>\n<li>Includes replacement bulb<\/li>\n<li>Power cable: about 170 cm.<\/li>\n<li>approximate diameter x height: 8.5 x 34 cm<\/li>\n<li>Packaging and manual in 24 languages \u200b\u200b(English, French, Spanish, German, Italian, Portuguese, Dutch, Polish, Hungarian, Romanian, Danish, Swedish, Finnish, Lithuanian, Norwegian, Slovenian, Greek, Czech, Bulgarian, Croatian, Slovak, Estonian, in Russian and Latvian)<\/li>\n<\/ul>\n<p><iframe loading=\"lazy\" title=\"InnovaGoods Home LED Lava Lamp\" width=\"895\" height=\"503\" src=\"https:\/\/www.youtube.com\/embed\/3HWJdP_Cj80?feature=oembed\" frameborder=\"0\" allow=\"accelerometer; autoplay; clipboard-write; encrypted-media; gyroscope; picture-in-picture; web-share\" allowfullscreen><\/iframe><\/p>","protected":false},"excerpt":{"rendered":"<ul>\n<li>Made of aluminum, glass, wax and deionized water<\/li>\n<li>On \/ off button<\/li>\n<li>Power: 25 W<\/li>\n<li>Voltage: 220-240 V<\/li>\n<li>Frequency: 50 Hz<\/li>\n<li>Works with 1 R39 25 W bulb (included)<\/li>\n<li>Includes replacement bulb<\/li>\n<li>Power cable: about 170 cm.<\/li>\n<li>approximate diameter x height: 8.5 x 34 cm<\/li>\n<\/ul>","protected":false},"featured_media":13160,"comment_status":"open","ping_status":"closed","template":"","meta":[],"product_cat":[314,15,301],"product_tag":[],"class_list":["post-13154","product","type-product","status-publish","has-post-thumbnail","hentry","product_cat-geri-daikciukai","product_cat-kita","product_cat-ismaniems-namams"],"acf":[],"yoast_head":"<!-- This site is optimized with the Yoast SEO plugin v20.13 - https:\/\/yoast.com\/wordpress\/plugins\/seo\/ -->\n<title>INNOVAGOODS 25W lavos lempa - Kondena<\/title>\n<meta name=\"description\" content=\"INNOVAGOODS 25W lavos lempa - tai dekoratyvinis\u00a0stalinis \u0161viestuvas,\u00a0kuris sukuria labai ypating\u0105 atmosfer\u0105 d\u0117l \u0161velnaus lavos srautas.\u00a0\" \/>\n<meta name=\"robots\" content=\"index, follow, max-snippet:-1, max-image-preview:large, max-video-preview:-1\" \/>\n<link rel=\"canonical\" href=\"https:\/\/parduotuve.kondena.lt\/en\/produktai\/innovagoods-25w-lavos-lempa\/\" \/>\n<meta property=\"og:locale\" content=\"en_US\" \/>\n<meta property=\"og:type\" content=\"article\" \/>\n<meta property=\"og:title\" content=\"INNOVAGOODS 25W lavos lempa - Kondena\" \/>\n<meta property=\"og:description\" content=\"INNOVAGOODS 25W lavos lempa - tai dekoratyvinis\u00a0stalinis \u0161viestuvas,\u00a0kuris sukuria labai ypating\u0105 atmosfer\u0105 d\u0117l \u0161velnaus lavos srautas.\u00a0\" \/>\n<meta property=\"og:url\" content=\"https:\/\/parduotuve.kondena.lt\/en\/produktai\/innovagoods-25w-lavos-lempa\/\" \/>\n<meta property=\"og:site_name\" content=\"Kondena\" \/>\n<meta property=\"article:modified_time\" content=\"2024-01-25T09:25:05+00:00\" \/>\n<meta property=\"og:image\" content=\"https:\/\/parduotuve.kondena.lt\/wp-content\/uploads\/2021\/11\/innovagoods-lava-lamp-25w.jpg\" \/>\n\t<meta property=\"og:image:width\" content=\"600\" \/>\n\t<meta property=\"og:image:height\" content=\"600\" \/>\n\t<meta property=\"og:image:type\" content=\"image\/jpeg\" \/>\n<meta name=\"twitter:card\" content=\"summary_large_image\" \/>\n<meta name=\"twitter:label1\" content=\"Est. reading time\" \/>\n\t<meta name=\"twitter:data1\" content=\"1 minute\" \/>\n<script type=\"application\/ld+json\" class=\"yoast-schema-graph\">{\"@context\":\"https:\/\/schema.org\",\"@graph\":[{\"@type\":\"WebPage\",\"@id\":\"https:\/\/parduotuve.kondena.lt\/produktai\/innovagoods-25w-lavos-lempa\/\",\"url\":\"https:\/\/parduotuve.kondena.lt\/produktai\/innovagoods-25w-lavos-lempa\/\",\"name\":\"INNOVAGOODS 25W lavos lempa - Kondena\",\"isPartOf\":{\"@id\":\"https:\/\/parduotuve.kondena.lt\/#website\"},\"datePublished\":\"2021-11-16T08:38:14+00:00\",\"dateModified\":\"2024-01-25T09:25:05+00:00\",\"description\":\"INNOVAGOODS 25W lavos lempa - tai dekoratyvinis\u00a0stalinis \u0161viestuvas,\u00a0kuris sukuria labai ypating\u0105 atmosfer\u0105 d\u0117l \u0161velnaus lavos srautas.\u00a0\",\"breadcrumb\":{\"@id\":\"https:\/\/parduotuve.kondena.lt\/produktai\/innovagoods-25w-lavos-lempa\/#breadcrumb\"},\"inLanguage\":\"en-US\",\"potentialAction\":[{\"@type\":\"ReadAction\",\"target\":[\"https:\/\/parduotuve.kondena.lt\/produktai\/innovagoods-25w-lavos-lempa\/\"]}]},{\"@type\":\"BreadcrumbList\",\"@id\":\"https:\/\/parduotuve.kondena.lt\/produktai\/innovagoods-25w-lavos-lempa\/#breadcrumb\",\"itemListElement\":[{\"@type\":\"ListItem\",\"position\":1,\"name\":\"Parduotuv\u0117\",\"item\":\"https:\/\/parduotuve.kondena.lt\/parduotuve\/\"},{\"@type\":\"ListItem\",\"position\":2,\"name\":\"INNOVAGOODS 25W lavos lempa\"}]},{\"@type\":\"WebSite\",\"@id\":\"https:\/\/parduotuve.kondena.lt\/#website\",\"url\":\"https:\/\/parduotuve.kondena.lt\/\",\"name\":\"Kondena\",\"description\":\"Kol kas tik dar vienas WordPress tinklalapis\",\"potentialAction\":[{\"@type\":\"SearchAction\",\"target\":{\"@type\":\"EntryPoint\",\"urlTemplate\":\"https:\/\/parduotuve.kondena.lt\/?s={search_term_string}\"},\"query-input\":\"required name=search_term_string\"}],\"inLanguage\":\"en-US\"}]}<\/script>\n<!-- \/ Yoast SEO plugin. -->","yoast_head_json":{"title":"INNOVAGOODS 25W lavos lempa - Kondena","description":"INNOVAGOODS 25W lavos lempa - tai dekoratyvinis\u00a0stalinis \u0161viestuvas,\u00a0kuris sukuria labai ypating\u0105 atmosfer\u0105 d\u0117l \u0161velnaus lavos srautas.\u00a0","robots":{"index":"index","follow":"follow","max-snippet":"max-snippet:-1","max-image-preview":"max-image-preview:large","max-video-preview":"max-video-preview:-1"},"canonical":"https:\/\/parduotuve.kondena.lt\/en\/produktai\/innovagoods-25w-lavos-lempa\/","og_locale":"en_US","og_type":"article","og_title":"INNOVAGOODS 25W lavos lempa - Kondena","og_description":"INNOVAGOODS 25W lavos lempa - tai dekoratyvinis\u00a0stalinis \u0161viestuvas,\u00a0kuris sukuria labai ypating\u0105 atmosfer\u0105 d\u0117l \u0161velnaus lavos srautas.\u00a0","og_url":"https:\/\/parduotuve.kondena.lt\/en\/produktai\/innovagoods-25w-lavos-lempa\/","og_site_name":"Kondena","article_modified_time":"2024-01-25T09:25:05+00:00","og_image":[{"width":600,"height":600,"url":"https:\/\/parduotuve.kondena.lt\/wp-content\/uploads\/2021\/11\/innovagoods-lava-lamp-25w.jpg","type":"image\/jpeg"}],"twitter_card":"summary_large_image","twitter_misc":{"Est. reading time":"1 minute"},"schema":{"@context":"https:\/\/schema.org","@graph":[{"@type":"WebPage","@id":"https:\/\/parduotuve.kondena.lt\/produktai\/innovagoods-25w-lavos-lempa\/","url":"https:\/\/parduotuve.kondena.lt\/produktai\/innovagoods-25w-lavos-lempa\/","name":"INNOVAGOODS 25W lavos lempa - Kondena","isPartOf":{"@id":"https:\/\/parduotuve.kondena.lt\/#website"},"datePublished":"2021-11-16T08:38:14+00:00","dateModified":"2024-01-25T09:25:05+00:00","description":"INNOVAGOODS 25W lavos lempa - tai dekoratyvinis\u00a0stalinis \u0161viestuvas,\u00a0kuris sukuria labai ypating\u0105 atmosfer\u0105 d\u0117l \u0161velnaus lavos srautas.\u00a0","breadcrumb":{"@id":"https:\/\/parduotuve.kondena.lt\/produktai\/innovagoods-25w-lavos-lempa\/#breadcrumb"},"inLanguage":"en-US","potentialAction":[{"@type":"ReadAction","target":["https:\/\/parduotuve.kondena.lt\/produktai\/innovagoods-25w-lavos-lempa\/"]}]},{"@type":"BreadcrumbList","@id":"https:\/\/parduotuve.kondena.lt\/produktai\/innovagoods-25w-lavos-lempa\/#breadcrumb","itemListElement":[{"@type":"ListItem","position":1,"name":"Parduotuv\u0117","item":"https:\/\/parduotuve.kondena.lt\/parduotuve\/"},{"@type":"ListItem","position":2,"name":"INNOVAGOODS 25W lavos lempa"}]},{"@type":"WebSite","@id":"https:\/\/parduotuve.kondena.lt\/#website","url":"https:\/\/parduotuve.kondena.lt\/","name":"Kondena","description":"Kol kas tik dar vienas WordPress tinklalapis","potentialAction":[{"@type":"SearchAction","target":{"@type":"EntryPoint","urlTemplate":"https:\/\/parduotuve.kondena.lt\/?s={search_term_string}"},"query-input":"required name=search_term_string"}],"inLanguage":"en-US"}]}},"_links":{"self":[{"href":"https:\/\/parduotuve.kondena.lt\/en\/wp-json\/wp\/v2\/product\/13154","targetHints":{"allow":["GET"]}}],"collection":[{"href":"https:\/\/parduotuve.kondena.lt\/en\/wp-json\/wp\/v2\/product"}],"about":[{"href":"https:\/\/parduotuve.kondena.lt\/en\/wp-json\/wp\/v2\/types\/product"}],"replies":[{"embeddable":true,"href":"https:\/\/parduotuve.kondena.lt\/en\/wp-json\/wp\/v2\/comments?post=13154"}],"wp:featuredmedia":[{"embeddable":true,"href":"https:\/\/parduotuve.kondena.lt\/en\/wp-json\/wp\/v2\/media\/13160"}],"wp:attachment":[{"href":"https:\/\/parduotuve.kondena.lt\/en\/wp-json\/wp\/v2\/media?parent=13154"}],"wp:term":[{"taxonomy":"product_cat","embeddable":true,"href":"https:\/\/parduotuve.kondena.lt\/en\/wp-json\/wp\/v2\/product_cat?post=13154"},{"taxonomy":"product_tag","embeddable":true,"href":"https:\/\/parduotuve.kondena.lt\/en\/wp-json\/wp\/v2\/product_tag?post=13154"}],"curies":[{"name":"wp","href":"https:\/\/api.w.org\/{rel}","templated":true}]}}