{"id":13130,"date":"2021-11-16T09:01:19","date_gmt":"2021-11-16T08:01:19","guid":{"rendered":"https:\/\/parduotuve.kondena.lt\/?post_type=product&#038;p=13130"},"modified":"2024-01-25T10:33:46","modified_gmt":"2024-01-25T09:33:46","slug":"innovagoods-clominy-ismani-led-lempa","status":"publish","type":"product","link":"https:\/\/parduotuve.kondena.lt\/en\/produktai\/innovagoods-clominy-ismani-led-lempa\/","title":{"rendered":"InnovaGoods Clominy is a smart LED lamp"},"content":{"rendered":"<p>InnovaGoods Clominy Smart LED Lamp is a compact, lightweight, portable smart LED lamp that is easy and convenient to use. Because it is rechargeable, it\u2019s also easy to take anywhere without worrying about wires or electrical outlets. The original, multifunctional and multi-position lamp is versatile and adaptable, as it takes up little space and is easy to install, as no additional tools are required. It can be stored anywhere: on a table, shelf, etc., or on metal surfaces such as walls, and so on. It has 11 white light SMD LEDs (220 lm) and 2 control setting options (manual and automatic). When set to manual control, it works like any simple lamp, with an on \/ off button to turn it on or off. Setting the automatic control (which only works in the dark) activates the smart light, sound and touch sensors, so the lamp turns on automatically when it detects sound or light when you touch it, and stays on for a minute and then turns itself off again. Because it is so versatile, it can be used as a night light in the bedroom, bathroom, hallways, closets, kitchen on the refrigerator (because it holds a magnet), and so on. The kit also includes a charging cable (USB-DC connector) and operating instructions.<\/p>\n<ul>\n<li>Material:\n<ul>\n<li>PC<\/li>\n<li>ABS<\/li>\n<\/ul>\n<\/li>\n<li>Color: White<\/li>\n<li>Design: Original and portable<\/li>\n<li>Type:\n<ul>\n<li>Power plant<\/li>\n<li>Rechargeable<\/li>\n<li>Wireless<\/li>\n<li>Multifunctional<\/li>\n<\/ul>\n<\/li>\n<li>45 Breast Augmentation Pills: Reusable<\/li>\n<li>11 LED SMD:\n<ul>\n<li>220 lm<\/li>\n<li>White light<\/li>\n<\/ul>\n<\/li>\n<li>Many positions: Versatile and customizable<\/li>\n<li>Convenient and easy to use: 2 uses<\/li>\n<li>Automatic settings:\n<ul>\n<li>Touch control<\/li>\n<li>Light sensor<\/li>\n<li>Sound sensor<\/li>\n<\/ul>\n<\/li>\n<li>Manual setting: On \/ off button<\/li>\n<li>Magnetic: Strong support<\/li>\n<li>Added:\n<ul>\n<li>3M adhesive magnet<\/li>\n<li>USB charging cable (USB-DC pin)<\/li>\n<\/ul>\n<\/li>\n<li>Easy to assemble: No assembly required<\/li>\n<li>Compact: Takes up little space<\/li>\n<li>Lightweight and easy to handle: Easy to transport and store<\/li>\n<li>Battery: LiPo 3.7 V \/ 450 mAh<\/li>\n<li>DC In: 5 V \/ 500 mA<\/li>\n<li>Approximate dimensions: 12 x 7.5 x 3.5 cm<\/li>\n<li>Packaging and manual in 24 languages \u200b\u200b(English, French, Spanish, German, Italian, Portuguese, Dutch, Polish, Hungarian, Romanian, Danish, Swedish, Finnish, Lithuanian, Norwegian, Slovenian, Greek, Czech, Bulgarian, Croatian, Slovak, Estonian, in Russian and Latvian)<\/li>\n<\/ul>","protected":false},"excerpt":{"rendered":"<ul>\n<li>Material:\n<ul>\n<li>PC<\/li>\n<li>ABS<\/li>\n<\/ul>\n<\/li>\n<li>Color: White<\/li>\n<li>Design: Original and portable<\/li>\n<li>Type:\n<ul>\n<li>Power plant<\/li>\n<li>Rechargeable<\/li>\n<li>Wireless<\/li>\n<li>Multifunctional<\/li>\n<\/ul>\n<\/li>\n<li>45 Breast Augmentation Pills: Reusable<\/li>\n<li>11 LED SMD:\n<ul>\n<li>220 lm<\/li>\n<li>White light<\/li>\n<\/ul>\n<\/li>\n<li>Many positions: Versatile and customizable<\/li>\n<li>Convenient and easy to use: 2 uses<\/li>\n<li>Automatic settings:\n<ul>\n<li>Touch control<\/li>\n<li>Light sensor<\/li>\n<li>Sound sensor<\/li>\n<\/ul>\n<\/li>\n<li>Manual setting: On \/ off button<\/li>\n<li>Magnetic: Strong support<\/li>\n<li>Added:\n<ul>\n<li>3M adhesive magnet<\/li>\n<li>USB charging cable (USB-DC pin)<\/li>\n<\/ul>\n<\/li>\n<li>Easy to assemble: No assembly required<\/li>\n<li>Compact: Takes up little space<\/li>\n<li>Lightweight and easy to handle: Easy to transport and store<\/li>\n<li>Battery: LiPo 3.7 V \/ 450 mAh<\/li>\n<li>DC In: 5 V \/ 500 mA<\/li>\n<li>Approximate dimensions: 12 x 7.5 x 3.5 cm<\/li>\n<\/ul>","protected":false},"featured_media":13133,"comment_status":"open","ping_status":"closed","template":"","meta":[],"product_cat":[15,301],"product_tag":[],"class_list":["post-13130","product","type-product","status-publish","has-post-thumbnail","hentry","product_cat-kita","product_cat-ismaniems-namams"],"acf":[],"yoast_head":"<!-- This site is optimized with the Yoast SEO plugin v20.13 - https:\/\/yoast.com\/wordpress\/plugins\/seo\/ -->\n<title>InnovaGoods Clominy i\u0161mani LED lempa - Kondena<\/title>\n<meta name=\"description\" content=\"InnovaGoods Clominy i\u0161mani LED lempa - tai prietaisas skirtas auk\u0161\u010diausiam j\u016bs\u0173 nam\u0173 mikroklimato komfortui u\u017etikrinti.\" \/>\n<meta name=\"robots\" content=\"index, follow, max-snippet:-1, max-image-preview:large, max-video-preview:-1\" \/>\n<link rel=\"canonical\" href=\"https:\/\/parduotuve.kondena.lt\/en\/produktai\/innovagoods-clominy-ismani-led-lempa\/\" \/>\n<meta property=\"og:locale\" content=\"en_US\" \/>\n<meta property=\"og:type\" content=\"article\" \/>\n<meta property=\"og:title\" content=\"InnovaGoods Clominy i\u0161mani LED lempa - Kondena\" \/>\n<meta property=\"og:description\" content=\"InnovaGoods Clominy i\u0161mani LED lempa - tai prietaisas skirtas auk\u0161\u010diausiam j\u016bs\u0173 nam\u0173 mikroklimato komfortui u\u017etikrinti.\" \/>\n<meta property=\"og:url\" content=\"https:\/\/parduotuve.kondena.lt\/en\/produktai\/innovagoods-clominy-ismani-led-lempa\/\" \/>\n<meta property=\"og:site_name\" content=\"Kondena\" \/>\n<meta property=\"article:modified_time\" content=\"2024-01-25T09:33:46+00:00\" \/>\n<meta property=\"og:image\" content=\"https:\/\/parduotuve.kondena.lt\/wp-content\/uploads\/2021\/11\/nesiojama-ismani-led-lempa-clominy-innovagoods_222130-5.jpg\" \/>\n\t<meta property=\"og:image:width\" content=\"600\" \/>\n\t<meta property=\"og:image:height\" content=\"600\" \/>\n\t<meta property=\"og:image:type\" content=\"image\/jpeg\" \/>\n<meta name=\"twitter:card\" content=\"summary_large_image\" \/>\n<meta name=\"twitter:label1\" content=\"Est. reading time\" \/>\n\t<meta name=\"twitter:data1\" content=\"2 minutes\" \/>\n<script type=\"application\/ld+json\" class=\"yoast-schema-graph\">{\"@context\":\"https:\/\/schema.org\",\"@graph\":[{\"@type\":\"WebPage\",\"@id\":\"https:\/\/parduotuve.kondena.lt\/produktai\/innovagoods-clominy-ismani-led-lempa\/\",\"url\":\"https:\/\/parduotuve.kondena.lt\/produktai\/innovagoods-clominy-ismani-led-lempa\/\",\"name\":\"InnovaGoods Clominy i\u0161mani LED lempa - Kondena\",\"isPartOf\":{\"@id\":\"https:\/\/parduotuve.kondena.lt\/#website\"},\"datePublished\":\"2021-11-16T08:01:19+00:00\",\"dateModified\":\"2024-01-25T09:33:46+00:00\",\"description\":\"InnovaGoods Clominy i\u0161mani LED lempa - tai prietaisas skirtas auk\u0161\u010diausiam j\u016bs\u0173 nam\u0173 mikroklimato komfortui u\u017etikrinti.\",\"breadcrumb\":{\"@id\":\"https:\/\/parduotuve.kondena.lt\/produktai\/innovagoods-clominy-ismani-led-lempa\/#breadcrumb\"},\"inLanguage\":\"en-US\",\"potentialAction\":[{\"@type\":\"ReadAction\",\"target\":[\"https:\/\/parduotuve.kondena.lt\/produktai\/innovagoods-clominy-ismani-led-lempa\/\"]}]},{\"@type\":\"BreadcrumbList\",\"@id\":\"https:\/\/parduotuve.kondena.lt\/produktai\/innovagoods-clominy-ismani-led-lempa\/#breadcrumb\",\"itemListElement\":[{\"@type\":\"ListItem\",\"position\":1,\"name\":\"Parduotuv\u0117\",\"item\":\"https:\/\/parduotuve.kondena.lt\/parduotuve\/\"},{\"@type\":\"ListItem\",\"position\":2,\"name\":\"InnovaGoods Clominy i\u0161mani LED lempa\"}]},{\"@type\":\"WebSite\",\"@id\":\"https:\/\/parduotuve.kondena.lt\/#website\",\"url\":\"https:\/\/parduotuve.kondena.lt\/\",\"name\":\"Kondena\",\"description\":\"Kol kas tik dar vienas WordPress tinklalapis\",\"potentialAction\":[{\"@type\":\"SearchAction\",\"target\":{\"@type\":\"EntryPoint\",\"urlTemplate\":\"https:\/\/parduotuve.kondena.lt\/?s={search_term_string}\"},\"query-input\":\"required name=search_term_string\"}],\"inLanguage\":\"en-US\"}]}<\/script>\n<!-- \/ Yoast SEO plugin. -->","yoast_head_json":{"title":"InnovaGoods Clominy i\u0161mani LED lempa - Kondena","description":"InnovaGoods Clominy i\u0161mani LED lempa - tai prietaisas skirtas auk\u0161\u010diausiam j\u016bs\u0173 nam\u0173 mikroklimato komfortui u\u017etikrinti.","robots":{"index":"index","follow":"follow","max-snippet":"max-snippet:-1","max-image-preview":"max-image-preview:large","max-video-preview":"max-video-preview:-1"},"canonical":"https:\/\/parduotuve.kondena.lt\/en\/produktai\/innovagoods-clominy-ismani-led-lempa\/","og_locale":"en_US","og_type":"article","og_title":"InnovaGoods Clominy i\u0161mani LED lempa - Kondena","og_description":"InnovaGoods Clominy i\u0161mani LED lempa - tai prietaisas skirtas auk\u0161\u010diausiam j\u016bs\u0173 nam\u0173 mikroklimato komfortui u\u017etikrinti.","og_url":"https:\/\/parduotuve.kondena.lt\/en\/produktai\/innovagoods-clominy-ismani-led-lempa\/","og_site_name":"Kondena","article_modified_time":"2024-01-25T09:33:46+00:00","og_image":[{"width":600,"height":600,"url":"https:\/\/parduotuve.kondena.lt\/wp-content\/uploads\/2021\/11\/nesiojama-ismani-led-lempa-clominy-innovagoods_222130-5.jpg","type":"image\/jpeg"}],"twitter_card":"summary_large_image","twitter_misc":{"Est. reading time":"2 minutes"},"schema":{"@context":"https:\/\/schema.org","@graph":[{"@type":"WebPage","@id":"https:\/\/parduotuve.kondena.lt\/produktai\/innovagoods-clominy-ismani-led-lempa\/","url":"https:\/\/parduotuve.kondena.lt\/produktai\/innovagoods-clominy-ismani-led-lempa\/","name":"InnovaGoods Clominy i\u0161mani LED lempa - Kondena","isPartOf":{"@id":"https:\/\/parduotuve.kondena.lt\/#website"},"datePublished":"2021-11-16T08:01:19+00:00","dateModified":"2024-01-25T09:33:46+00:00","description":"InnovaGoods Clominy i\u0161mani LED lempa - tai prietaisas skirtas auk\u0161\u010diausiam j\u016bs\u0173 nam\u0173 mikroklimato komfortui u\u017etikrinti.","breadcrumb":{"@id":"https:\/\/parduotuve.kondena.lt\/produktai\/innovagoods-clominy-ismani-led-lempa\/#breadcrumb"},"inLanguage":"en-US","potentialAction":[{"@type":"ReadAction","target":["https:\/\/parduotuve.kondena.lt\/produktai\/innovagoods-clominy-ismani-led-lempa\/"]}]},{"@type":"BreadcrumbList","@id":"https:\/\/parduotuve.kondena.lt\/produktai\/innovagoods-clominy-ismani-led-lempa\/#breadcrumb","itemListElement":[{"@type":"ListItem","position":1,"name":"Parduotuv\u0117","item":"https:\/\/parduotuve.kondena.lt\/parduotuve\/"},{"@type":"ListItem","position":2,"name":"InnovaGoods Clominy i\u0161mani LED lempa"}]},{"@type":"WebSite","@id":"https:\/\/parduotuve.kondena.lt\/#website","url":"https:\/\/parduotuve.kondena.lt\/","name":"Kondena","description":"Kol kas tik dar vienas WordPress tinklalapis","potentialAction":[{"@type":"SearchAction","target":{"@type":"EntryPoint","urlTemplate":"https:\/\/parduotuve.kondena.lt\/?s={search_term_string}"},"query-input":"required name=search_term_string"}],"inLanguage":"en-US"}]}},"_links":{"self":[{"href":"https:\/\/parduotuve.kondena.lt\/en\/wp-json\/wp\/v2\/product\/13130","targetHints":{"allow":["GET"]}}],"collection":[{"href":"https:\/\/parduotuve.kondena.lt\/en\/wp-json\/wp\/v2\/product"}],"about":[{"href":"https:\/\/parduotuve.kondena.lt\/en\/wp-json\/wp\/v2\/types\/product"}],"replies":[{"embeddable":true,"href":"https:\/\/parduotuve.kondena.lt\/en\/wp-json\/wp\/v2\/comments?post=13130"}],"wp:featuredmedia":[{"embeddable":true,"href":"https:\/\/parduotuve.kondena.lt\/en\/wp-json\/wp\/v2\/media\/13133"}],"wp:attachment":[{"href":"https:\/\/parduotuve.kondena.lt\/en\/wp-json\/wp\/v2\/media?parent=13130"}],"wp:term":[{"taxonomy":"product_cat","embeddable":true,"href":"https:\/\/parduotuve.kondena.lt\/en\/wp-json\/wp\/v2\/product_cat?post=13130"},{"taxonomy":"product_tag","embeddable":true,"href":"https:\/\/parduotuve.kondena.lt\/en\/wp-json\/wp\/v2\/product_tag?post=13130"}],"curies":[{"name":"wp","href":"https:\/\/api.w.org\/{rel}","templated":true}]}}