{"id":13068,"date":"2021-11-12T12:48:40","date_gmt":"2021-11-12T11:48:40","guid":{"rendered":"https:\/\/parduotuve.kondena.lt\/?post_type=product&#038;p=13068"},"modified":"2022-09-06T11:42:44","modified_gmt":"2022-09-06T10:42:44","slug":"heiko-thermal-12kw-oras-vanduo-silumos-siurbliai","status":"publish","type":"product","link":"https:\/\/parduotuve.kondena.lt\/en\/produktai\/heiko-thermal-12kw-oras-vanduo-silumos-siurbliai\/","title":{"rendered":"Heiko Thermal 12kW oras-vanduo \u0161ilumos siurbliai"},"content":{"rendered":"<p>Heiko Thermal 12kW oras-vanduo \u0161ilumos siurbliai<\/p>\n<p>Vidinis blokas<\/p>\n<p>Hidro d\u0117\u017e\u0117 su vandens sistema ir elektros d\u0117\u017ee, skirta paprastam kabeli\u0173 prijungimui viduje ir paprastam santechnikos prijungimui prie lauko.<\/p>\n<p><a href=\"https:\/\/parduotuve.kondena.lt\/wp-content\/uploads\/2021\/11\/1.png\"><img loading=\"lazy\" decoding=\"async\" class=\"alignnone wp-image-13056\" src=\"https:\/\/parduotuve.kondena.lt\/wp-content\/uploads\/2021\/11\/1.png\" alt=\"\" width=\"156\" height=\"156\" srcset=\"https:\/\/parduotuve.kondena.lt\/wp-content\/uploads\/2021\/11\/1.png 100w, https:\/\/parduotuve.kondena.lt\/wp-content\/uploads\/2021\/11\/1-50x50.png 50w\" sizes=\"auto, (max-width: 156px) 100vw, 156px\" \/><\/a><\/p>\n<p>3kW elektrinis \u0161ildytuvas (rezervinis) apsaugai nuo u\u017e\u0161alimo<\/p>\n<p><a href=\"https:\/\/parduotuve.kondena.lt\/wp-content\/uploads\/2021\/11\/2.png\"><img loading=\"lazy\" decoding=\"async\" class=\"alignnone wp-image-13057\" src=\"https:\/\/parduotuve.kondena.lt\/wp-content\/uploads\/2021\/11\/2.png\" alt=\"\" width=\"175\" height=\"175\" srcset=\"https:\/\/parduotuve.kondena.lt\/wp-content\/uploads\/2021\/11\/2.png 100w, https:\/\/parduotuve.kondena.lt\/wp-content\/uploads\/2021\/11\/2-50x50.png 50w\" sizes=\"auto, (max-width: 175px) 100vw, 175px\" \/><\/a><\/p>\n<ul>\n<li>Trij\u0173 kryp\u010di\u0173 vo\u017etuvas, skirtas paskirstyti \u0161ildymo\/v\u0117sinimo ir kar\u0161to vandens sraut\u0105<\/li>\n<li>A klas\u0117s vandens siurblys, u\u017etikrinantis didel\u012f efektyvum\u0105 ir patikim\u0105 veikim\u0105<\/li>\n<li>Apsauginio vo\u017etuvo komplektas vir\u0161uje<\/li>\n<li>Oro prap\u016btimo vo\u017etuvas + T\/P vo\u017etuvas + vandens sl\u0117gio matuoklis<\/li>\n<\/ul>\n<p><strong>Pagrindiniai komponentai<\/strong><\/p>\n<ol>\n<li>Lie\u010diamo ekrano valdymo skydelis su patogia vartotojo s\u0105saja ir pa\u017eangiomis funkcijomis<\/li>\n<li>Su integruotu WIFI moduliu jis gali dirbti nuotoliniu b\u016bdu su kompiuteriu, patikrinti veikimo b\u016bsen\u0105 ir nustatyti parametrus per svetain\u0119<\/li>\n<li>Eleganti\u0161kas elektros d\u0117\u017eut\u0117s i\u0161d\u0117stymas su PCB ir gnybt\u0173 bloku, lengvam montavimui ir aptarnavimui<\/li>\n<\/ol>\n<p><strong>I\u0161orinis blokas<\/strong><\/p>\n<p><a href=\"https:\/\/parduotuve.kondena.lt\/wp-content\/uploads\/2021\/11\/6.png\"><img loading=\"lazy\" decoding=\"async\" class=\"alignnone wp-image-13061\" src=\"https:\/\/parduotuve.kondena.lt\/wp-content\/uploads\/2021\/11\/6.png\" alt=\"\" width=\"170\" height=\"170\" srcset=\"https:\/\/parduotuve.kondena.lt\/wp-content\/uploads\/2021\/11\/6.png 100w, https:\/\/parduotuve.kondena.lt\/wp-content\/uploads\/2021\/11\/6-50x50.png 50w\" sizes=\"auto, (max-width: 170px) 100vw, 170px\" \/><\/a><\/p>\n<ul>\n<li>Mitsubishi inverterinis kompresorius su gars\u0105 izoliuojan\u010diu korpusu, kuris u\u017etikrina tyl\u0173 veikim\u0105<\/li>\n<li>SWEP plok\u0161telinis \u0161ilumokaitis, pasi\u017eymintis dideliu efektyvumu<\/li>\n<li>Vandens srauto jungiklis, skirtas vandens srauto debitui nustatyti<\/li>\n<\/ul>\n<p>&nbsp;<\/p>\n<p><strong>Heiko Thermal 12kW oras-vanduo \u0161ilumos siurbliai<\/strong><\/p>\n<ul>\n<li>Du mai\u0161ymo kont\u016brai valdo skirtingas \u0161ildymo zonas<\/li>\n<li>Paduodamo vandens temperat\u016bros reguliavimas pagal lauko temperat\u016br\u0105 automati\u0161kai<\/li>\n<li>Lengvas valdymas su BMS sistema<\/li>\n<li>\u012erenginys gali automati\u0161kai perjungti darbo re\u017eim\u0105 pagal aplinkos temperat\u016br\u0105<\/li>\n<li>Vandens temperat\u016bros reguliavimas taupant energij\u0105 ir suma\u017einant triuk\u0161m\u0105<\/li>\n<li>Nuotolinio valdymo pultas, lengvas aptarnavimas<\/li>\n<\/ul>\n<p>Pagrindin\u0117s savyb\u0117s:<\/p>\n<p><strong>Inverterio technologija<\/strong><\/p>\n<p>Didelis efektyvumas, energijos taupymas<br \/>\nSCOP yra net 4,7<br \/>\nA+++ energijos lygis<\/p>\n<p><strong>Ma\u017eo triuk\u0161mo sprendimas<\/strong><\/p>\n<p>D\u0117l nuolatin\u0117s srov\u0117s ventiliatoriaus variklio, gerai izoliuoto kompresoriaus, optimalaus ortaki\u0173 sistemos dizaino, garso galios lygis yra tik 52 dB(A)<\/p>\n<p><strong>Monobloko dizainas<\/strong><\/p>\n<p>Lengvas montavimas, be papildom\u0173 \u0161altne\u0161io vamzd\u017ei\u0173.<\/p>\n<p><strong>\u017dema aplinkos temperat\u016bra. ir auk\u0161ta vandens temperat\u016bra.<\/strong><\/p>\n<p>Dirba iki aplinkos temperat\u016bros. -30 \u2103<br \/>\nTiekiamo vandens temperat\u016bra auk\u0161ta. iki 58 \u2103<\/p>\n<p><a href=\"https:\/\/parduotuve.kondena.lt\/wp-content\/uploads\/2021\/11\/Ekrano-nuotrauka-2021-11-12-112316.png\"><img loading=\"lazy\" decoding=\"async\" class=\"alignnone wp-image-13064\" src=\"https:\/\/parduotuve.kondena.lt\/wp-content\/uploads\/2021\/11\/Ekrano-nuotrauka-2021-11-12-112316-300x201.png\" alt=\"\" width=\"378\" height=\"253\" srcset=\"https:\/\/parduotuve.kondena.lt\/wp-content\/uploads\/2021\/11\/Ekrano-nuotrauka-2021-11-12-112316-300x201.png 300w, https:\/\/parduotuve.kondena.lt\/wp-content\/uploads\/2021\/11\/Ekrano-nuotrauka-2021-11-12-112316-1024x685.png 1024w, https:\/\/parduotuve.kondena.lt\/wp-content\/uploads\/2021\/11\/Ekrano-nuotrauka-2021-11-12-112316-768x514.png 768w, https:\/\/parduotuve.kondena.lt\/wp-content\/uploads\/2021\/11\/Ekrano-nuotrauka-2021-11-12-112316-600x402.png 600w, https:\/\/parduotuve.kondena.lt\/wp-content\/uploads\/2021\/11\/Ekrano-nuotrauka-2021-11-12-112316.png 1125w\" sizes=\"auto, (max-width: 378px) 100vw, 378px\" \/><\/a><\/p>","protected":false},"excerpt":{"rendered":"<ul>\n<li>Du mai\u0161ymo kont\u016brai valdo skirtingas \u0161ildymo zonas<\/li>\n<li>Paduodamo vandens temperat\u016bros reguliavimas pagal lauko temperat\u016br\u0105 automati\u0161kai<\/li>\n<li>Lengvas valdymas su BMS sistema<\/li>\n<li>\u012erenginys gali automati\u0161kai perjungti darbo re\u017eim\u0105 pagal aplinkos temperat\u016br\u0105<\/li>\n<li>Vandens temperat\u016bros reguliavimas taupant energij\u0105 ir suma\u017einant triuk\u0161m\u0105<\/li>\n<li>Nuotolinio valdymo pultas, lengvas aptarnavimas<\/li>\n<\/ul>","protected":false},"featured_media":13908,"comment_status":"open","ping_status":"closed","template":"","meta":[],"product_cat":[242,271],"product_tag":[],"class_list":["post-13068","product","type-product","status-publish","has-post-thumbnail","hentry","product_cat-sildymas","product_cat-silumos-siurbliai-oras-vanduo"],"acf":[],"yoast_head":"<!-- This site is optimized with the Yoast SEO plugin v20.13 - https:\/\/yoast.com\/wordpress\/plugins\/seo\/ -->\n<title>Heiko Thermal 12kW oras-vanduo \u0161ilumos siurbliai - Kondena<\/title>\n<meta name=\"description\" content=\"Heiko Thermal 12kW oras-vanduo \u0161ilumos siurbliai\" \/>\n<meta name=\"robots\" content=\"index, follow, max-snippet:-1, max-image-preview:large, max-video-preview:-1\" \/>\n<link rel=\"canonical\" href=\"https:\/\/parduotuve.kondena.lt\/en\/produktai\/heiko-thermal-12kw-oras-vanduo-silumos-siurbliai\/\" \/>\n<meta property=\"og:locale\" content=\"en_US\" \/>\n<meta property=\"og:type\" content=\"article\" \/>\n<meta property=\"og:title\" content=\"Heiko Thermal 12kW oras-vanduo \u0161ilumos siurbliai - Kondena\" \/>\n<meta property=\"og:description\" content=\"Heiko Thermal 12kW oras-vanduo \u0161ilumos siurbliai\" \/>\n<meta property=\"og:url\" content=\"https:\/\/parduotuve.kondena.lt\/en\/produktai\/heiko-thermal-12kw-oras-vanduo-silumos-siurbliai\/\" \/>\n<meta property=\"og:site_name\" content=\"Kondena\" \/>\n<meta property=\"article:modified_time\" content=\"2022-09-06T10:42:44+00:00\" \/>\n<meta property=\"og:image\" content=\"https:\/\/parduotuve.kondena.lt\/wp-content\/uploads\/2021\/11\/heiko-thermal-pompy-ciepla.jpg\" \/>\n\t<meta property=\"og:image:width\" content=\"640\" \/>\n\t<meta property=\"og:image:height\" content=\"426\" \/>\n\t<meta property=\"og:image:type\" content=\"image\/jpeg\" \/>\n<meta name=\"twitter:card\" content=\"summary_large_image\" \/>\n<meta name=\"twitter:label1\" content=\"Est. reading time\" \/>\n\t<meta name=\"twitter:data1\" content=\"2 minutes\" \/>\n<script type=\"application\/ld+json\" class=\"yoast-schema-graph\">{\"@context\":\"https:\/\/schema.org\",\"@graph\":[{\"@type\":\"WebPage\",\"@id\":\"https:\/\/parduotuve.kondena.lt\/produktai\/heiko-thermal-12kw-oras-vanduo-silumos-siurbliai\/\",\"url\":\"https:\/\/parduotuve.kondena.lt\/produktai\/heiko-thermal-12kw-oras-vanduo-silumos-siurbliai\/\",\"name\":\"Heiko Thermal 12kW oras-vanduo \u0161ilumos siurbliai - Kondena\",\"isPartOf\":{\"@id\":\"https:\/\/parduotuve.kondena.lt\/#website\"},\"datePublished\":\"2021-11-12T11:48:40+00:00\",\"dateModified\":\"2022-09-06T10:42:44+00:00\",\"description\":\"Heiko Thermal 12kW oras-vanduo \u0161ilumos siurbliai\",\"breadcrumb\":{\"@id\":\"https:\/\/parduotuve.kondena.lt\/produktai\/heiko-thermal-12kw-oras-vanduo-silumos-siurbliai\/#breadcrumb\"},\"inLanguage\":\"en-US\",\"potentialAction\":[{\"@type\":\"ReadAction\",\"target\":[\"https:\/\/parduotuve.kondena.lt\/produktai\/heiko-thermal-12kw-oras-vanduo-silumos-siurbliai\/\"]}]},{\"@type\":\"BreadcrumbList\",\"@id\":\"https:\/\/parduotuve.kondena.lt\/produktai\/heiko-thermal-12kw-oras-vanduo-silumos-siurbliai\/#breadcrumb\",\"itemListElement\":[{\"@type\":\"ListItem\",\"position\":1,\"name\":\"Parduotuv\u0117\",\"item\":\"https:\/\/parduotuve.kondena.lt\/parduotuve\/\"},{\"@type\":\"ListItem\",\"position\":2,\"name\":\"Heiko Thermal 12kW oras-vanduo \u0161ilumos siurbliai\"}]},{\"@type\":\"WebSite\",\"@id\":\"https:\/\/parduotuve.kondena.lt\/#website\",\"url\":\"https:\/\/parduotuve.kondena.lt\/\",\"name\":\"Kondena\",\"description\":\"Kol kas tik dar vienas WordPress tinklalapis\",\"potentialAction\":[{\"@type\":\"SearchAction\",\"target\":{\"@type\":\"EntryPoint\",\"urlTemplate\":\"https:\/\/parduotuve.kondena.lt\/?s={search_term_string}\"},\"query-input\":\"required name=search_term_string\"}],\"inLanguage\":\"en-US\"}]}<\/script>\n<!-- \/ Yoast SEO plugin. -->","yoast_head_json":{"title":"Heiko Thermal 12kW oras-vanduo \u0161ilumos siurbliai - Kondena","description":"Heiko Thermal 12kW oras-vanduo \u0161ilumos siurbliai","robots":{"index":"index","follow":"follow","max-snippet":"max-snippet:-1","max-image-preview":"max-image-preview:large","max-video-preview":"max-video-preview:-1"},"canonical":"https:\/\/parduotuve.kondena.lt\/en\/produktai\/heiko-thermal-12kw-oras-vanduo-silumos-siurbliai\/","og_locale":"en_US","og_type":"article","og_title":"Heiko Thermal 12kW oras-vanduo \u0161ilumos siurbliai - Kondena","og_description":"Heiko Thermal 12kW oras-vanduo \u0161ilumos siurbliai","og_url":"https:\/\/parduotuve.kondena.lt\/en\/produktai\/heiko-thermal-12kw-oras-vanduo-silumos-siurbliai\/","og_site_name":"Kondena","article_modified_time":"2022-09-06T10:42:44+00:00","og_image":[{"width":640,"height":426,"url":"https:\/\/parduotuve.kondena.lt\/wp-content\/uploads\/2021\/11\/heiko-thermal-pompy-ciepla.jpg","type":"image\/jpeg"}],"twitter_card":"summary_large_image","twitter_misc":{"Est. reading time":"2 minutes"},"schema":{"@context":"https:\/\/schema.org","@graph":[{"@type":"WebPage","@id":"https:\/\/parduotuve.kondena.lt\/produktai\/heiko-thermal-12kw-oras-vanduo-silumos-siurbliai\/","url":"https:\/\/parduotuve.kondena.lt\/produktai\/heiko-thermal-12kw-oras-vanduo-silumos-siurbliai\/","name":"Heiko Thermal 12kW oras-vanduo \u0161ilumos siurbliai - Kondena","isPartOf":{"@id":"https:\/\/parduotuve.kondena.lt\/#website"},"datePublished":"2021-11-12T11:48:40+00:00","dateModified":"2022-09-06T10:42:44+00:00","description":"Heiko Thermal 12kW oras-vanduo \u0161ilumos siurbliai","breadcrumb":{"@id":"https:\/\/parduotuve.kondena.lt\/produktai\/heiko-thermal-12kw-oras-vanduo-silumos-siurbliai\/#breadcrumb"},"inLanguage":"en-US","potentialAction":[{"@type":"ReadAction","target":["https:\/\/parduotuve.kondena.lt\/produktai\/heiko-thermal-12kw-oras-vanduo-silumos-siurbliai\/"]}]},{"@type":"BreadcrumbList","@id":"https:\/\/parduotuve.kondena.lt\/produktai\/heiko-thermal-12kw-oras-vanduo-silumos-siurbliai\/#breadcrumb","itemListElement":[{"@type":"ListItem","position":1,"name":"Parduotuv\u0117","item":"https:\/\/parduotuve.kondena.lt\/parduotuve\/"},{"@type":"ListItem","position":2,"name":"Heiko Thermal 12kW oras-vanduo \u0161ilumos siurbliai"}]},{"@type":"WebSite","@id":"https:\/\/parduotuve.kondena.lt\/#website","url":"https:\/\/parduotuve.kondena.lt\/","name":"Kondena","description":"Kol kas tik dar vienas WordPress tinklalapis","potentialAction":[{"@type":"SearchAction","target":{"@type":"EntryPoint","urlTemplate":"https:\/\/parduotuve.kondena.lt\/?s={search_term_string}"},"query-input":"required name=search_term_string"}],"inLanguage":"en-US"}]}},"_links":{"self":[{"href":"https:\/\/parduotuve.kondena.lt\/en\/wp-json\/wp\/v2\/product\/13068","targetHints":{"allow":["GET"]}}],"collection":[{"href":"https:\/\/parduotuve.kondena.lt\/en\/wp-json\/wp\/v2\/product"}],"about":[{"href":"https:\/\/parduotuve.kondena.lt\/en\/wp-json\/wp\/v2\/types\/product"}],"replies":[{"embeddable":true,"href":"https:\/\/parduotuve.kondena.lt\/en\/wp-json\/wp\/v2\/comments?post=13068"}],"wp:featuredmedia":[{"embeddable":true,"href":"https:\/\/parduotuve.kondena.lt\/en\/wp-json\/wp\/v2\/media\/13908"}],"wp:attachment":[{"href":"https:\/\/parduotuve.kondena.lt\/en\/wp-json\/wp\/v2\/media?parent=13068"}],"wp:term":[{"taxonomy":"product_cat","embeddable":true,"href":"https:\/\/parduotuve.kondena.lt\/en\/wp-json\/wp\/v2\/product_cat?post=13068"},{"taxonomy":"product_tag","embeddable":true,"href":"https:\/\/parduotuve.kondena.lt\/en\/wp-json\/wp\/v2\/product_tag?post=13068"}],"curies":[{"name":"wp","href":"https:\/\/api.w.org\/{rel}","templated":true}]}}