{"id":13048,"date":"2021-11-12T09:42:02","date_gmt":"2021-11-12T08:42:02","guid":{"rendered":"https:\/\/parduotuve.kondena.lt\/?post_type=product&#038;p=13048"},"modified":"2024-01-24T09:37:18","modified_gmt":"2024-01-24T08:37:18","slug":"pastatomas-drekintuvas-cecotec-breezecare-3000","status":"publish","type":"product","link":"https:\/\/parduotuve.kondena.lt\/en\/produktai\/pastatomas-drekintuvas-cecotec-breezecare-3000\/","title":{"rendered":"Pastatomas dr\u0117kintuvas CECOTEC BREEZECARE 3000"},"content":{"rendered":"<p>Pastatomas dr\u0117kintuvas CECOTEC BREEZECARE 3000<\/p>\n<ul>\n<li>Timer<\/li>\n<li>LED screen<\/li>\n<li>Touch control<\/li>\n<li>Power: 30 W<\/li>\n<li>Speeds: 3<\/li>\n<li>Range: 30 m\u00b2<\/li>\n<li>Sound intensity: 30 dB<\/li>\n<li>Capacity:<\/li>\n<li>5,5 l<\/li>\n<li>330 ml\/val<\/li>\n<li>Weight: 1.76 kg<\/li>\n<\/ul>","protected":false},"excerpt":{"rendered":"<ul>\n<li>Timer<\/li>\n<li>LED screen<\/li>\n<li>Touch control<\/li>\n<li>Power: 30 W<\/li>\n<li>Speeds: 3<\/li>\n<li>Range: 30 m\u00b2<\/li>\n<li>Sound intensity: 30 dB<\/li>\n<li>Capacity:<\/li>\n<li>5,5 l<\/li>\n<li>330 ml\/val<\/li>\n<li>Weight: 1.76 kg<\/li>\n<\/ul>","protected":false},"featured_media":13053,"comment_status":"open","ping_status":"closed","template":"","meta":[],"product_cat":[267,232,196],"product_tag":[],"class_list":["post-13048","product","type-product","status-publish","has-post-thumbnail","hentry","product_cat-drekinimas","product_cat-pastatomi-drekintuvai","product_cat-geram-orui"],"acf":[],"yoast_head":"<!-- This site is optimized with the Yoast SEO plugin v20.13 - https:\/\/yoast.com\/wordpress\/plugins\/seo\/ -->\n<title>Pastatomas dr\u0117kintuvas CECOTEC BREEZECARE 3000 - Kondena<\/title>\n<meta name=\"description\" content=\"CECOTEC BREEZECARE 3000 pastatomas dr\u0117kintuvas - tai auk\u0161\u010diausios kokyb\u0117s \u012frenginys j\u016bs\u0173 nam\u0173 mikroklimato komfortui u\u017etikrinti. Keli spalv\u0173 pasirinkimai.\" \/>\n<meta name=\"robots\" content=\"index, follow, max-snippet:-1, max-image-preview:large, max-video-preview:-1\" \/>\n<link rel=\"canonical\" href=\"https:\/\/parduotuve.kondena.lt\/en\/produktai\/pastatomas-drekintuvas-cecotec-breezecare-3000\/\" \/>\n<meta property=\"og:locale\" content=\"en_US\" \/>\n<meta property=\"og:type\" content=\"article\" \/>\n<meta property=\"og:title\" content=\"Pastatomas dr\u0117kintuvas CECOTEC BREEZECARE 3000 - Kondena\" \/>\n<meta property=\"og:description\" content=\"CECOTEC BREEZECARE 3000 pastatomas dr\u0117kintuvas - tai auk\u0161\u010diausios kokyb\u0117s \u012frenginys j\u016bs\u0173 nam\u0173 mikroklimato komfortui u\u017etikrinti. Keli spalv\u0173 pasirinkimai.\" \/>\n<meta property=\"og:url\" content=\"https:\/\/parduotuve.kondena.lt\/en\/produktai\/pastatomas-drekintuvas-cecotec-breezecare-3000\/\" \/>\n<meta property=\"og:site_name\" content=\"Kondena\" \/>\n<meta property=\"article:modified_time\" content=\"2024-01-24T08:37:18+00:00\" \/>\n<meta property=\"og:image\" content=\"https:\/\/parduotuve.kondena.lt\/wp-content\/uploads\/2021\/11\/humidifier-cecotec-breezecare-3000_202088.jpg\" \/>\n\t<meta property=\"og:image:width\" content=\"600\" \/>\n\t<meta property=\"og:image:height\" content=\"600\" \/>\n\t<meta property=\"og:image:type\" content=\"image\/jpeg\" \/>\n<meta name=\"twitter:card\" content=\"summary_large_image\" \/>\n<meta name=\"twitter:label1\" content=\"Est. reading time\" \/>\n\t<meta name=\"twitter:data1\" content=\"1 minute\" \/>\n<script type=\"application\/ld+json\" class=\"yoast-schema-graph\">{\"@context\":\"https:\/\/schema.org\",\"@graph\":[{\"@type\":\"WebPage\",\"@id\":\"https:\/\/parduotuve.kondena.lt\/produktai\/pastatomas-drekintuvas-cecotec-breezecare-3000\/\",\"url\":\"https:\/\/parduotuve.kondena.lt\/produktai\/pastatomas-drekintuvas-cecotec-breezecare-3000\/\",\"name\":\"Pastatomas dr\u0117kintuvas CECOTEC BREEZECARE 3000 - Kondena\",\"isPartOf\":{\"@id\":\"https:\/\/parduotuve.kondena.lt\/#website\"},\"datePublished\":\"2021-11-12T08:42:02+00:00\",\"dateModified\":\"2024-01-24T08:37:18+00:00\",\"description\":\"CECOTEC BREEZECARE 3000 pastatomas dr\u0117kintuvas - tai auk\u0161\u010diausios kokyb\u0117s \u012frenginys j\u016bs\u0173 nam\u0173 mikroklimato komfortui u\u017etikrinti. Keli spalv\u0173 pasirinkimai.\",\"breadcrumb\":{\"@id\":\"https:\/\/parduotuve.kondena.lt\/produktai\/pastatomas-drekintuvas-cecotec-breezecare-3000\/#breadcrumb\"},\"inLanguage\":\"en-US\",\"potentialAction\":[{\"@type\":\"ReadAction\",\"target\":[\"https:\/\/parduotuve.kondena.lt\/produktai\/pastatomas-drekintuvas-cecotec-breezecare-3000\/\"]}]},{\"@type\":\"BreadcrumbList\",\"@id\":\"https:\/\/parduotuve.kondena.lt\/produktai\/pastatomas-drekintuvas-cecotec-breezecare-3000\/#breadcrumb\",\"itemListElement\":[{\"@type\":\"ListItem\",\"position\":1,\"name\":\"Parduotuv\u0117\",\"item\":\"https:\/\/parduotuve.kondena.lt\/parduotuve\/\"},{\"@type\":\"ListItem\",\"position\":2,\"name\":\"Pastatomas dr\u0117kintuvas CECOTEC BREEZECARE 3000\"}]},{\"@type\":\"WebSite\",\"@id\":\"https:\/\/parduotuve.kondena.lt\/#website\",\"url\":\"https:\/\/parduotuve.kondena.lt\/\",\"name\":\"Kondena\",\"description\":\"Kol kas tik dar vienas WordPress tinklalapis\",\"potentialAction\":[{\"@type\":\"SearchAction\",\"target\":{\"@type\":\"EntryPoint\",\"urlTemplate\":\"https:\/\/parduotuve.kondena.lt\/?s={search_term_string}\"},\"query-input\":\"required name=search_term_string\"}],\"inLanguage\":\"en-US\"}]}<\/script>\n<!-- \/ Yoast SEO plugin. -->","yoast_head_json":{"title":"Pastatomas dr\u0117kintuvas CECOTEC BREEZECARE 3000 - Kondena","description":"CECOTEC BREEZECARE 3000 pastatomas dr\u0117kintuvas - tai auk\u0161\u010diausios kokyb\u0117s \u012frenginys j\u016bs\u0173 nam\u0173 mikroklimato komfortui u\u017etikrinti. Keli spalv\u0173 pasirinkimai.","robots":{"index":"index","follow":"follow","max-snippet":"max-snippet:-1","max-image-preview":"max-image-preview:large","max-video-preview":"max-video-preview:-1"},"canonical":"https:\/\/parduotuve.kondena.lt\/en\/produktai\/pastatomas-drekintuvas-cecotec-breezecare-3000\/","og_locale":"en_US","og_type":"article","og_title":"Pastatomas dr\u0117kintuvas CECOTEC BREEZECARE 3000 - Kondena","og_description":"CECOTEC BREEZECARE 3000 pastatomas dr\u0117kintuvas - tai auk\u0161\u010diausios kokyb\u0117s \u012frenginys j\u016bs\u0173 nam\u0173 mikroklimato komfortui u\u017etikrinti. Keli spalv\u0173 pasirinkimai.","og_url":"https:\/\/parduotuve.kondena.lt\/en\/produktai\/pastatomas-drekintuvas-cecotec-breezecare-3000\/","og_site_name":"Kondena","article_modified_time":"2024-01-24T08:37:18+00:00","og_image":[{"width":600,"height":600,"url":"https:\/\/parduotuve.kondena.lt\/wp-content\/uploads\/2021\/11\/humidifier-cecotec-breezecare-3000_202088.jpg","type":"image\/jpeg"}],"twitter_card":"summary_large_image","twitter_misc":{"Est. reading time":"1 minute"},"schema":{"@context":"https:\/\/schema.org","@graph":[{"@type":"WebPage","@id":"https:\/\/parduotuve.kondena.lt\/produktai\/pastatomas-drekintuvas-cecotec-breezecare-3000\/","url":"https:\/\/parduotuve.kondena.lt\/produktai\/pastatomas-drekintuvas-cecotec-breezecare-3000\/","name":"Pastatomas dr\u0117kintuvas CECOTEC BREEZECARE 3000 - Kondena","isPartOf":{"@id":"https:\/\/parduotuve.kondena.lt\/#website"},"datePublished":"2021-11-12T08:42:02+00:00","dateModified":"2024-01-24T08:37:18+00:00","description":"CECOTEC BREEZECARE 3000 pastatomas dr\u0117kintuvas - tai auk\u0161\u010diausios kokyb\u0117s \u012frenginys j\u016bs\u0173 nam\u0173 mikroklimato komfortui u\u017etikrinti. Keli spalv\u0173 pasirinkimai.","breadcrumb":{"@id":"https:\/\/parduotuve.kondena.lt\/produktai\/pastatomas-drekintuvas-cecotec-breezecare-3000\/#breadcrumb"},"inLanguage":"en-US","potentialAction":[{"@type":"ReadAction","target":["https:\/\/parduotuve.kondena.lt\/produktai\/pastatomas-drekintuvas-cecotec-breezecare-3000\/"]}]},{"@type":"BreadcrumbList","@id":"https:\/\/parduotuve.kondena.lt\/produktai\/pastatomas-drekintuvas-cecotec-breezecare-3000\/#breadcrumb","itemListElement":[{"@type":"ListItem","position":1,"name":"Parduotuv\u0117","item":"https:\/\/parduotuve.kondena.lt\/parduotuve\/"},{"@type":"ListItem","position":2,"name":"Pastatomas dr\u0117kintuvas CECOTEC BREEZECARE 3000"}]},{"@type":"WebSite","@id":"https:\/\/parduotuve.kondena.lt\/#website","url":"https:\/\/parduotuve.kondena.lt\/","name":"Kondena","description":"Kol kas tik dar vienas WordPress tinklalapis","potentialAction":[{"@type":"SearchAction","target":{"@type":"EntryPoint","urlTemplate":"https:\/\/parduotuve.kondena.lt\/?s={search_term_string}"},"query-input":"required name=search_term_string"}],"inLanguage":"en-US"}]}},"_links":{"self":[{"href":"https:\/\/parduotuve.kondena.lt\/en\/wp-json\/wp\/v2\/product\/13048","targetHints":{"allow":["GET"]}}],"collection":[{"href":"https:\/\/parduotuve.kondena.lt\/en\/wp-json\/wp\/v2\/product"}],"about":[{"href":"https:\/\/parduotuve.kondena.lt\/en\/wp-json\/wp\/v2\/types\/product"}],"replies":[{"embeddable":true,"href":"https:\/\/parduotuve.kondena.lt\/en\/wp-json\/wp\/v2\/comments?post=13048"}],"wp:featuredmedia":[{"embeddable":true,"href":"https:\/\/parduotuve.kondena.lt\/en\/wp-json\/wp\/v2\/media\/13053"}],"wp:attachment":[{"href":"https:\/\/parduotuve.kondena.lt\/en\/wp-json\/wp\/v2\/media?parent=13048"}],"wp:term":[{"taxonomy":"product_cat","embeddable":true,"href":"https:\/\/parduotuve.kondena.lt\/en\/wp-json\/wp\/v2\/product_cat?post=13048"},{"taxonomy":"product_tag","embeddable":true,"href":"https:\/\/parduotuve.kondena.lt\/en\/wp-json\/wp\/v2\/product_tag?post=13048"}],"curies":[{"name":"wp","href":"https:\/\/api.w.org\/{rel}","templated":true}]}}