{"id":13044,"date":"2021-11-12T09:34:57","date_gmt":"2021-11-12T08:34:57","guid":{"rendered":"https:\/\/parduotuve.kondena.lt\/?post_type=product&#038;p=13044"},"modified":"2024-01-24T09:41:45","modified_gmt":"2024-01-24T08:41:45","slug":"cecotec-big-dry-2500-white-oro-sausintuvas","status":"publish","type":"product","link":"https:\/\/parduotuve.kondena.lt\/en\/produktai\/cecotec-big-dry-2500-white-oro-sausintuvas\/","title":{"rendered":"Oro sausintuvas CECOTEC BIG DRY 2500 WHITE"},"content":{"rendered":"<p>Oro sausintuvas CECOTEC BIG DRY 2500 WHITE<\/p>\n<p>&nbsp;<\/p>","protected":false},"excerpt":{"rendered":"<ul>\n<li>Color: black \/ white<\/li>\n<li>Security deposit: 1L<\/li>\n<li>Speeds: 2<\/li>\n<li>Discreetly Silent<\/li>\n<li>Automatic shutdown<\/li>\n<li>Range: 25 m\u00b2<\/li>\n<li>Power: 45 W<\/li>\n<\/ul>","protected":false},"featured_media":13047,"comment_status":"open","ping_status":"closed","template":"","meta":[],"product_cat":[196,233],"product_tag":[],"class_list":["post-13044","product","type-product","status-publish","has-post-thumbnail","hentry","product_cat-geram-orui","product_cat-sausintuvai"],"acf":[],"yoast_head":"<!-- This site is optimized with the Yoast SEO plugin v20.13 - https:\/\/yoast.com\/wordpress\/plugins\/seo\/ -->\n<title>Oro sausintuvas CECOTEC BIG DRY 2500 WHITE - Kondena<\/title>\n<meta name=\"description\" content=\"CECOTEC BIG DRY 2500 WHITE oro sausintuvas - tai efektyvus ir stilingas prietaisas j\u016bs\u0173 auk\u0161\u010diausiam mikroklimato komfortui u\u017etikrinti.\" \/>\n<meta name=\"robots\" content=\"index, follow, max-snippet:-1, max-image-preview:large, max-video-preview:-1\" \/>\n<link rel=\"canonical\" href=\"https:\/\/parduotuve.kondena.lt\/en\/produktai\/cecotec-big-dry-2500-white-oro-sausintuvas\/\" \/>\n<meta property=\"og:locale\" content=\"en_US\" \/>\n<meta property=\"og:type\" content=\"article\" \/>\n<meta property=\"og:title\" content=\"Oro sausintuvas CECOTEC BIG DRY 2500 WHITE - Kondena\" \/>\n<meta property=\"og:description\" content=\"CECOTEC BIG DRY 2500 WHITE oro sausintuvas - tai efektyvus ir stilingas prietaisas j\u016bs\u0173 auk\u0161\u010diausiam mikroklimato komfortui u\u017etikrinti.\" \/>\n<meta property=\"og:url\" content=\"https:\/\/parduotuve.kondena.lt\/en\/produktai\/cecotec-big-dry-2500-white-oro-sausintuvas\/\" \/>\n<meta property=\"og:site_name\" content=\"Kondena\" \/>\n<meta property=\"article:modified_time\" content=\"2024-01-24T08:41:45+00:00\" \/>\n<meta property=\"og:image\" content=\"https:\/\/parduotuve.kondena.lt\/wp-content\/uploads\/2021\/11\/dehumidifier-cecotec-bigdry-2500-pure-light-1l-white_120510-1.jpg\" \/>\n\t<meta property=\"og:image:width\" content=\"600\" \/>\n\t<meta property=\"og:image:height\" content=\"600\" \/>\n\t<meta property=\"og:image:type\" content=\"image\/jpeg\" \/>\n<meta name=\"twitter:card\" content=\"summary_large_image\" \/>\n<meta name=\"twitter:label1\" content=\"Est. reading time\" \/>\n\t<meta name=\"twitter:data1\" content=\"1 minute\" \/>\n<script type=\"application\/ld+json\" class=\"yoast-schema-graph\">{\"@context\":\"https:\/\/schema.org\",\"@graph\":[{\"@type\":\"WebPage\",\"@id\":\"https:\/\/parduotuve.kondena.lt\/produktai\/cecotec-big-dry-2500-white-oro-sausintuvas\/\",\"url\":\"https:\/\/parduotuve.kondena.lt\/produktai\/cecotec-big-dry-2500-white-oro-sausintuvas\/\",\"name\":\"Oro sausintuvas CECOTEC BIG DRY 2500 WHITE - Kondena\",\"isPartOf\":{\"@id\":\"https:\/\/parduotuve.kondena.lt\/#website\"},\"datePublished\":\"2021-11-12T08:34:57+00:00\",\"dateModified\":\"2024-01-24T08:41:45+00:00\",\"description\":\"CECOTEC BIG DRY 2500 WHITE oro sausintuvas - tai efektyvus ir stilingas prietaisas j\u016bs\u0173 auk\u0161\u010diausiam mikroklimato komfortui u\u017etikrinti.\",\"breadcrumb\":{\"@id\":\"https:\/\/parduotuve.kondena.lt\/produktai\/cecotec-big-dry-2500-white-oro-sausintuvas\/#breadcrumb\"},\"inLanguage\":\"en-US\",\"potentialAction\":[{\"@type\":\"ReadAction\",\"target\":[\"https:\/\/parduotuve.kondena.lt\/produktai\/cecotec-big-dry-2500-white-oro-sausintuvas\/\"]}]},{\"@type\":\"BreadcrumbList\",\"@id\":\"https:\/\/parduotuve.kondena.lt\/produktai\/cecotec-big-dry-2500-white-oro-sausintuvas\/#breadcrumb\",\"itemListElement\":[{\"@type\":\"ListItem\",\"position\":1,\"name\":\"Parduotuv\u0117\",\"item\":\"https:\/\/parduotuve.kondena.lt\/parduotuve\/\"},{\"@type\":\"ListItem\",\"position\":2,\"name\":\"Oro sausintuvas CECOTEC BIG DRY 2500 WHITE\"}]},{\"@type\":\"WebSite\",\"@id\":\"https:\/\/parduotuve.kondena.lt\/#website\",\"url\":\"https:\/\/parduotuve.kondena.lt\/\",\"name\":\"Kondena\",\"description\":\"Kol kas tik dar vienas WordPress tinklalapis\",\"potentialAction\":[{\"@type\":\"SearchAction\",\"target\":{\"@type\":\"EntryPoint\",\"urlTemplate\":\"https:\/\/parduotuve.kondena.lt\/?s={search_term_string}\"},\"query-input\":\"required name=search_term_string\"}],\"inLanguage\":\"en-US\"}]}<\/script>\n<!-- \/ Yoast SEO plugin. -->","yoast_head_json":{"title":"Oro sausintuvas CECOTEC BIG DRY 2500 WHITE - Kondena","description":"CECOTEC BIG DRY 2500 WHITE oro sausintuvas - tai efektyvus ir stilingas prietaisas j\u016bs\u0173 auk\u0161\u010diausiam mikroklimato komfortui u\u017etikrinti.","robots":{"index":"index","follow":"follow","max-snippet":"max-snippet:-1","max-image-preview":"max-image-preview:large","max-video-preview":"max-video-preview:-1"},"canonical":"https:\/\/parduotuve.kondena.lt\/en\/produktai\/cecotec-big-dry-2500-white-oro-sausintuvas\/","og_locale":"en_US","og_type":"article","og_title":"Oro sausintuvas CECOTEC BIG DRY 2500 WHITE - Kondena","og_description":"CECOTEC BIG DRY 2500 WHITE oro sausintuvas - tai efektyvus ir stilingas prietaisas j\u016bs\u0173 auk\u0161\u010diausiam mikroklimato komfortui u\u017etikrinti.","og_url":"https:\/\/parduotuve.kondena.lt\/en\/produktai\/cecotec-big-dry-2500-white-oro-sausintuvas\/","og_site_name":"Kondena","article_modified_time":"2024-01-24T08:41:45+00:00","og_image":[{"width":600,"height":600,"url":"https:\/\/parduotuve.kondena.lt\/wp-content\/uploads\/2021\/11\/dehumidifier-cecotec-bigdry-2500-pure-light-1l-white_120510-1.jpg","type":"image\/jpeg"}],"twitter_card":"summary_large_image","twitter_misc":{"Est. reading time":"1 minute"},"schema":{"@context":"https:\/\/schema.org","@graph":[{"@type":"WebPage","@id":"https:\/\/parduotuve.kondena.lt\/produktai\/cecotec-big-dry-2500-white-oro-sausintuvas\/","url":"https:\/\/parduotuve.kondena.lt\/produktai\/cecotec-big-dry-2500-white-oro-sausintuvas\/","name":"Oro sausintuvas CECOTEC BIG DRY 2500 WHITE - Kondena","isPartOf":{"@id":"https:\/\/parduotuve.kondena.lt\/#website"},"datePublished":"2021-11-12T08:34:57+00:00","dateModified":"2024-01-24T08:41:45+00:00","description":"CECOTEC BIG DRY 2500 WHITE oro sausintuvas - tai efektyvus ir stilingas prietaisas j\u016bs\u0173 auk\u0161\u010diausiam mikroklimato komfortui u\u017etikrinti.","breadcrumb":{"@id":"https:\/\/parduotuve.kondena.lt\/produktai\/cecotec-big-dry-2500-white-oro-sausintuvas\/#breadcrumb"},"inLanguage":"en-US","potentialAction":[{"@type":"ReadAction","target":["https:\/\/parduotuve.kondena.lt\/produktai\/cecotec-big-dry-2500-white-oro-sausintuvas\/"]}]},{"@type":"BreadcrumbList","@id":"https:\/\/parduotuve.kondena.lt\/produktai\/cecotec-big-dry-2500-white-oro-sausintuvas\/#breadcrumb","itemListElement":[{"@type":"ListItem","position":1,"name":"Parduotuv\u0117","item":"https:\/\/parduotuve.kondena.lt\/parduotuve\/"},{"@type":"ListItem","position":2,"name":"Oro sausintuvas CECOTEC BIG DRY 2500 WHITE"}]},{"@type":"WebSite","@id":"https:\/\/parduotuve.kondena.lt\/#website","url":"https:\/\/parduotuve.kondena.lt\/","name":"Kondena","description":"Kol kas tik dar vienas WordPress tinklalapis","potentialAction":[{"@type":"SearchAction","target":{"@type":"EntryPoint","urlTemplate":"https:\/\/parduotuve.kondena.lt\/?s={search_term_string}"},"query-input":"required name=search_term_string"}],"inLanguage":"en-US"}]}},"_links":{"self":[{"href":"https:\/\/parduotuve.kondena.lt\/en\/wp-json\/wp\/v2\/product\/13044","targetHints":{"allow":["GET"]}}],"collection":[{"href":"https:\/\/parduotuve.kondena.lt\/en\/wp-json\/wp\/v2\/product"}],"about":[{"href":"https:\/\/parduotuve.kondena.lt\/en\/wp-json\/wp\/v2\/types\/product"}],"replies":[{"embeddable":true,"href":"https:\/\/parduotuve.kondena.lt\/en\/wp-json\/wp\/v2\/comments?post=13044"}],"wp:featuredmedia":[{"embeddable":true,"href":"https:\/\/parduotuve.kondena.lt\/en\/wp-json\/wp\/v2\/media\/13047"}],"wp:attachment":[{"href":"https:\/\/parduotuve.kondena.lt\/en\/wp-json\/wp\/v2\/media?parent=13044"}],"wp:term":[{"taxonomy":"product_cat","embeddable":true,"href":"https:\/\/parduotuve.kondena.lt\/en\/wp-json\/wp\/v2\/product_cat?post=13044"},{"taxonomy":"product_tag","embeddable":true,"href":"https:\/\/parduotuve.kondena.lt\/en\/wp-json\/wp\/v2\/product_tag?post=13044"}],"curies":[{"name":"wp","href":"https:\/\/api.w.org\/{rel}","templated":true}]}}