{"id":13026,"date":"2021-11-12T08:55:34","date_gmt":"2021-11-12T07:55:34","guid":{"rendered":"https:\/\/parduotuve.kondena.lt\/?post_type=product&#038;p=13026"},"modified":"2024-01-25T10:11:07","modified_gmt":"2024-01-25T09:11:07","slug":"drekintuvas-mini-led-innovagoods-daugiaspalvis","status":"publish","type":"product","link":"https:\/\/parduotuve.kondena.lt\/en\/produktai\/drekintuvas-mini-led-innovagoods-daugiaspalvis\/","title":{"rendered":"Dr\u0117kintuvas mini LED INNOVAGOODS DAUGIASPALVIS"},"content":{"rendered":"","protected":false},"excerpt":{"rendered":"<ul>\n<li>Material: PP<\/li>\n<li>Novatori\u0161kas ir funkcionalus dizainas: trys viename<\/li>\n<li>Type:\n<ul>\n<li>Electric<\/li>\n<li>Silence<\/li>\n<\/ul>\n<\/li>\n<li>Daugiafunkcis:\n<ul>\n<li>LED light<\/li>\n<li>Dr\u0117kintuvas<\/li>\n<li>Aromato difuzorius<\/li>\n<\/ul>\n<\/li>\n<li>Talpa: 400 ml<\/li>\n<li>LED RGB<\/li>\n<li>15 ap\u0161vietimo re\u017eim\u0173:\n<ul>\n<li>Fiksuotas ap\u0161vietimas (14 spalv\u0173)<\/li>\n<li>Daugiaspalv\u0117 LED seka<\/li>\n<\/ul>\n<\/li>\n<li>apytiksliai\u00a0plotas: 12-20 m\u00b2<\/li>\n<li>Laikmatis: 10 s &#8211; 2 h &#8211; 4 h<\/li>\n<li>Automatic shutdown<\/li>\n<li>Neslystan\u010dios kojos<\/li>\n<li>Naudoti su vandeniu, kvapikliais, esencijomis&#8230; (\u012f komplekt\u0105 ne\u012feina)<\/li>\n<li>Srov\u0117s adapteris: 150 cm<\/li>\n<li>Ki\u0161tuko tipas: C<\/li>\n<li>Galia: 16 W<\/li>\n<li>Da\u017enis (Hz): 2400 Hz<\/li>\n<li>AC in: 100-240 V \/ 50-60 Hz<\/li>\n<li>DC in: 24 V \/ 600 mA<\/li>\n<li>apytiksliai\u00a0matmenys: \u00d8 14 x 9 cm<\/li>\n<li>Packaging and manual in 24 languages \u200b\u200b(English, French, Spanish, German, Italian, Portuguese, Dutch, Polish, Hungarian, Romanian, Danish, Swedish, Finnish, Lithuanian, Norwegian, Slovenian, Greek, Czech, Bulgarian, Croatian, Slovak, Estonian, in Russian and Latvian)<\/li>\n<li><\/li>\n<\/ul>","protected":false},"featured_media":13034,"comment_status":"open","ping_status":"closed","template":"","meta":[],"product_cat":[232,196,197],"product_tag":[],"class_list":["post-13026","product","type-product","status-publish","has-post-thumbnail","hentry","product_cat-pastatomi-drekintuvai","product_cat-geram-orui","product_cat-mini-drekintuvai"],"acf":[],"yoast_head":"<!-- This site is optimized with the Yoast SEO plugin v20.13 - https:\/\/yoast.com\/wordpress\/plugins\/seo\/ -->\n<title>Dr\u0117kintuvas mini LED INNOVAGOODS DAUGIASPALVIS - Kondena<\/title>\n<meta name=\"description\" content=\"INNOVAGOODS DAUGIASPALVIS LED mini dr\u0117kintuvas - tai auk\u0161\u010diausios kokyb\u0117s \u012frenginys j\u016bs\u0173 nam\u0173 mikroklimato komfortui u\u017etikrinti.\" \/>\n<meta name=\"robots\" content=\"index, follow, max-snippet:-1, max-image-preview:large, max-video-preview:-1\" \/>\n<link rel=\"canonical\" href=\"https:\/\/parduotuve.kondena.lt\/en\/produktai\/drekintuvas-mini-led-innovagoods-daugiaspalvis\/\" \/>\n<meta property=\"og:locale\" content=\"en_US\" \/>\n<meta property=\"og:type\" content=\"article\" \/>\n<meta property=\"og:title\" content=\"Dr\u0117kintuvas mini LED INNOVAGOODS DAUGIASPALVIS - Kondena\" \/>\n<meta property=\"og:description\" content=\"INNOVAGOODS DAUGIASPALVIS LED mini dr\u0117kintuvas - tai auk\u0161\u010diausios kokyb\u0117s \u012frenginys j\u016bs\u0173 nam\u0173 mikroklimato komfortui u\u017etikrinti.\" \/>\n<meta property=\"og:url\" content=\"https:\/\/parduotuve.kondena.lt\/en\/produktai\/drekintuvas-mini-led-innovagoods-daugiaspalvis\/\" \/>\n<meta property=\"og:site_name\" content=\"Kondena\" \/>\n<meta property=\"article:modified_time\" content=\"2024-01-25T09:11:07+00:00\" \/>\n<meta property=\"og:image\" content=\"https:\/\/parduotuve.kondena.lt\/wp-content\/uploads\/2021\/11\/aroma-diffuser-humidifier-with-multicolour-led-steloured-innovagoods_164612.jpg\" \/>\n\t<meta property=\"og:image:width\" content=\"600\" \/>\n\t<meta property=\"og:image:height\" content=\"600\" \/>\n\t<meta property=\"og:image:type\" content=\"image\/jpeg\" \/>\n<meta name=\"twitter:card\" content=\"summary_large_image\" \/>\n<script type=\"application\/ld+json\" class=\"yoast-schema-graph\">{\"@context\":\"https:\/\/schema.org\",\"@graph\":[{\"@type\":\"WebPage\",\"@id\":\"https:\/\/parduotuve.kondena.lt\/produktai\/drekintuvas-mini-led-innovagoods-daugiaspalvis\/\",\"url\":\"https:\/\/parduotuve.kondena.lt\/produktai\/drekintuvas-mini-led-innovagoods-daugiaspalvis\/\",\"name\":\"Dr\u0117kintuvas mini LED INNOVAGOODS DAUGIASPALVIS - Kondena\",\"isPartOf\":{\"@id\":\"https:\/\/parduotuve.kondena.lt\/#website\"},\"datePublished\":\"2021-11-12T07:55:34+00:00\",\"dateModified\":\"2024-01-25T09:11:07+00:00\",\"description\":\"INNOVAGOODS DAUGIASPALVIS LED mini dr\u0117kintuvas - tai auk\u0161\u010diausios kokyb\u0117s \u012frenginys j\u016bs\u0173 nam\u0173 mikroklimato komfortui u\u017etikrinti.\",\"breadcrumb\":{\"@id\":\"https:\/\/parduotuve.kondena.lt\/produktai\/drekintuvas-mini-led-innovagoods-daugiaspalvis\/#breadcrumb\"},\"inLanguage\":\"en-US\",\"potentialAction\":[{\"@type\":\"ReadAction\",\"target\":[\"https:\/\/parduotuve.kondena.lt\/produktai\/drekintuvas-mini-led-innovagoods-daugiaspalvis\/\"]}]},{\"@type\":\"BreadcrumbList\",\"@id\":\"https:\/\/parduotuve.kondena.lt\/produktai\/drekintuvas-mini-led-innovagoods-daugiaspalvis\/#breadcrumb\",\"itemListElement\":[{\"@type\":\"ListItem\",\"position\":1,\"name\":\"Parduotuv\u0117\",\"item\":\"https:\/\/parduotuve.kondena.lt\/parduotuve\/\"},{\"@type\":\"ListItem\",\"position\":2,\"name\":\"Dr\u0117kintuvas mini LED INNOVAGOODS DAUGIASPALVIS\"}]},{\"@type\":\"WebSite\",\"@id\":\"https:\/\/parduotuve.kondena.lt\/#website\",\"url\":\"https:\/\/parduotuve.kondena.lt\/\",\"name\":\"Kondena\",\"description\":\"Kol kas tik dar vienas WordPress tinklalapis\",\"potentialAction\":[{\"@type\":\"SearchAction\",\"target\":{\"@type\":\"EntryPoint\",\"urlTemplate\":\"https:\/\/parduotuve.kondena.lt\/?s={search_term_string}\"},\"query-input\":\"required name=search_term_string\"}],\"inLanguage\":\"en-US\"}]}<\/script>\n<!-- \/ Yoast SEO plugin. -->","yoast_head_json":{"title":"Dr\u0117kintuvas mini LED INNOVAGOODS DAUGIASPALVIS - Kondena","description":"INNOVAGOODS DAUGIASPALVIS LED mini dr\u0117kintuvas - tai auk\u0161\u010diausios kokyb\u0117s \u012frenginys j\u016bs\u0173 nam\u0173 mikroklimato komfortui u\u017etikrinti.","robots":{"index":"index","follow":"follow","max-snippet":"max-snippet:-1","max-image-preview":"max-image-preview:large","max-video-preview":"max-video-preview:-1"},"canonical":"https:\/\/parduotuve.kondena.lt\/en\/produktai\/drekintuvas-mini-led-innovagoods-daugiaspalvis\/","og_locale":"en_US","og_type":"article","og_title":"Dr\u0117kintuvas mini LED INNOVAGOODS DAUGIASPALVIS - Kondena","og_description":"INNOVAGOODS DAUGIASPALVIS LED mini dr\u0117kintuvas - tai auk\u0161\u010diausios kokyb\u0117s \u012frenginys j\u016bs\u0173 nam\u0173 mikroklimato komfortui u\u017etikrinti.","og_url":"https:\/\/parduotuve.kondena.lt\/en\/produktai\/drekintuvas-mini-led-innovagoods-daugiaspalvis\/","og_site_name":"Kondena","article_modified_time":"2024-01-25T09:11:07+00:00","og_image":[{"width":600,"height":600,"url":"https:\/\/parduotuve.kondena.lt\/wp-content\/uploads\/2021\/11\/aroma-diffuser-humidifier-with-multicolour-led-steloured-innovagoods_164612.jpg","type":"image\/jpeg"}],"twitter_card":"summary_large_image","schema":{"@context":"https:\/\/schema.org","@graph":[{"@type":"WebPage","@id":"https:\/\/parduotuve.kondena.lt\/produktai\/drekintuvas-mini-led-innovagoods-daugiaspalvis\/","url":"https:\/\/parduotuve.kondena.lt\/produktai\/drekintuvas-mini-led-innovagoods-daugiaspalvis\/","name":"Dr\u0117kintuvas mini LED INNOVAGOODS DAUGIASPALVIS - Kondena","isPartOf":{"@id":"https:\/\/parduotuve.kondena.lt\/#website"},"datePublished":"2021-11-12T07:55:34+00:00","dateModified":"2024-01-25T09:11:07+00:00","description":"INNOVAGOODS DAUGIASPALVIS LED mini dr\u0117kintuvas - tai auk\u0161\u010diausios kokyb\u0117s \u012frenginys j\u016bs\u0173 nam\u0173 mikroklimato komfortui u\u017etikrinti.","breadcrumb":{"@id":"https:\/\/parduotuve.kondena.lt\/produktai\/drekintuvas-mini-led-innovagoods-daugiaspalvis\/#breadcrumb"},"inLanguage":"en-US","potentialAction":[{"@type":"ReadAction","target":["https:\/\/parduotuve.kondena.lt\/produktai\/drekintuvas-mini-led-innovagoods-daugiaspalvis\/"]}]},{"@type":"BreadcrumbList","@id":"https:\/\/parduotuve.kondena.lt\/produktai\/drekintuvas-mini-led-innovagoods-daugiaspalvis\/#breadcrumb","itemListElement":[{"@type":"ListItem","position":1,"name":"Parduotuv\u0117","item":"https:\/\/parduotuve.kondena.lt\/parduotuve\/"},{"@type":"ListItem","position":2,"name":"Dr\u0117kintuvas mini LED INNOVAGOODS DAUGIASPALVIS"}]},{"@type":"WebSite","@id":"https:\/\/parduotuve.kondena.lt\/#website","url":"https:\/\/parduotuve.kondena.lt\/","name":"Kondena","description":"Kol kas tik dar vienas WordPress tinklalapis","potentialAction":[{"@type":"SearchAction","target":{"@type":"EntryPoint","urlTemplate":"https:\/\/parduotuve.kondena.lt\/?s={search_term_string}"},"query-input":"required name=search_term_string"}],"inLanguage":"en-US"}]}},"_links":{"self":[{"href":"https:\/\/parduotuve.kondena.lt\/en\/wp-json\/wp\/v2\/product\/13026","targetHints":{"allow":["GET"]}}],"collection":[{"href":"https:\/\/parduotuve.kondena.lt\/en\/wp-json\/wp\/v2\/product"}],"about":[{"href":"https:\/\/parduotuve.kondena.lt\/en\/wp-json\/wp\/v2\/types\/product"}],"replies":[{"embeddable":true,"href":"https:\/\/parduotuve.kondena.lt\/en\/wp-json\/wp\/v2\/comments?post=13026"}],"wp:featuredmedia":[{"embeddable":true,"href":"https:\/\/parduotuve.kondena.lt\/en\/wp-json\/wp\/v2\/media\/13034"}],"wp:attachment":[{"href":"https:\/\/parduotuve.kondena.lt\/en\/wp-json\/wp\/v2\/media?parent=13026"}],"wp:term":[{"taxonomy":"product_cat","embeddable":true,"href":"https:\/\/parduotuve.kondena.lt\/en\/wp-json\/wp\/v2\/product_cat?post=13026"},{"taxonomy":"product_tag","embeddable":true,"href":"https:\/\/parduotuve.kondena.lt\/en\/wp-json\/wp\/v2\/product_tag?post=13026"}],"curies":[{"name":"wp","href":"https:\/\/api.w.org\/{rel}","templated":true}]}}