{"id":12998,"date":"2021-11-12T08:24:16","date_gmt":"2021-11-12T07:24:16","guid":{"rendered":"https:\/\/parduotuve.kondena.lt\/?post_type=product&#038;p=12998"},"modified":"2024-01-25T10:38:04","modified_gmt":"2024-01-25T09:38:04","slug":"innovagoods-grindu-ventiliatorius-50w-2","status":"publish","type":"product","link":"https:\/\/parduotuve.kondena.lt\/en\/produktai\/innovagoods-grindu-ventiliatorius-50w-2\/","title":{"rendered":"InnovaGoods Grind\u0173 ventiliatorius 50W"},"content":{"rendered":"<p>InnovaGoods Grind\u0173 ventiliatorius 50W<\/p>\n<p>\u0160is tylus ir diskretus grind\u0173 ventiliatorius yra labai patogus ir itin pravers kovojant su vasaros kar\u0161\u010diais. D\u0117l kompakti\u0161kos konstrukcijos j\u012f lengva ne\u0161iotis. Gal\u0117site pasiimti kur panor\u0117j\u0119, puikiai tinka v\u0117dinti kambarius, miegamuosius ir kt.<\/p>\n<ul>\n<li>Material:\n<ul>\n<li>PP<\/li>\n<li>PVC<\/li>\n<li>Iron<\/li>\n<li>Aliuminis<\/li>\n<\/ul>\n<\/li>\n<li>Novatori\u0161kas ir funkcionalus dizainas<\/li>\n<li>apytikris skersmuo: 30 cm (12&#8243;)<\/li>\n<li>3 grei\u010di\u0173: 950-1150 r.p.m.<\/li>\n<li>Laikmatis: 60 min<\/li>\n<li>Sukasi keliomis kryptimis<\/li>\n<li>triuk\u0161mo lygis: 55-60 dB<\/li>\n<li>\u017demos s\u0105naudos<\/li>\n<li>galia: 50 W<\/li>\n<li>Patogus ir paprastas naudoti<\/li>\n<li>Lengvas ir ir paprastai valdomas<\/li>\n<li>U\u017eima nedaug vietos<\/li>\n<li>Easy to transport and store<\/li>\n<li>\u012ftampa: 220-240 V<\/li>\n<li>da\u017enis: 50-60 Hz<\/li>\n<li>Rozet\u0117s tipas: C<\/li>\n<li>Kabelio ilgis: 145 cm<\/li>\n<li>Apytiksliai matmenys: 37 x 41 x 15 cm<\/li>\n<li>Pakuot\u0117 ir instrukcija 24 kalbomis (angl\u0173, pranc\u016bz\u0173, ispan\u0173, vokie\u010di\u0173, ital\u0173, portugal\u0173, oland\u0173, lenk\u0173, vengr\u0173, rumun\u0173, dan\u0173, \u0161ved\u0173, suomi\u0173, lietuvi\u0173, norveg\u0173, slov\u0117n\u0173, graik\u0173, \u010dek\u0173, bulgar\u0173, kroat\u0173, slovak\u0173, est\u0173, rus\u0173, latvi\u0173)<\/li>\n<\/ul>","protected":false},"excerpt":{"rendered":"<ul>\n<li>U\u017eima nedaug vietos<\/li>\n<li>Easy to transport and store<\/li>\n<li>\u012ftampa: 220-240 V<\/li>\n<li>da\u017enis: 50-60 Hz<\/li>\n<li>Rozet\u0117s tipas: C<\/li>\n<li>Kabelio ilgis: 145 cm<\/li>\n<li>Apytiksliai matmenys: 37 x 41 x 15 cm<\/li>\n<\/ul>","protected":false},"featured_media":12495,"comment_status":"open","ping_status":"closed","template":"","meta":[],"product_cat":[239,196],"product_tag":[],"class_list":["post-12998","product","type-product","status-publish","has-post-thumbnail","hentry","product_cat-pastatomi-ventiliatoriai","product_cat-geram-orui"],"acf":[],"yoast_head":"<!-- This site is optimized with the Yoast SEO plugin v20.13 - https:\/\/yoast.com\/wordpress\/plugins\/seo\/ -->\n<title>InnovaGoods Grind\u0173 ventiliatorius 50W - Kondena<\/title>\n<meta name=\"description\" content=\"InnovaGoods Grind\u0173 ventiliatorius 50W - tai ne tik auk\u0161tos kokyb\u0117s v\u0117sinimo \u012frenginys, puikiai tinka ir kaip stiliaus detal\u0117!\" \/>\n<meta name=\"robots\" content=\"index, follow, max-snippet:-1, max-image-preview:large, max-video-preview:-1\" \/>\n<link rel=\"canonical\" href=\"https:\/\/parduotuve.kondena.lt\/en\/produktai\/innovagoods-grindu-ventiliatorius-50w-2\/\" \/>\n<meta property=\"og:locale\" content=\"en_US\" \/>\n<meta property=\"og:type\" content=\"article\" \/>\n<meta property=\"og:title\" content=\"InnovaGoods Grind\u0173 ventiliatorius 50W - Kondena\" \/>\n<meta property=\"og:description\" content=\"InnovaGoods Grind\u0173 ventiliatorius 50W - tai ne tik auk\u0161tos kokyb\u0117s v\u0117sinimo \u012frenginys, puikiai tinka ir kaip stiliaus detal\u0117!\" \/>\n<meta property=\"og:url\" content=\"https:\/\/parduotuve.kondena.lt\/en\/produktai\/innovagoods-grindu-ventiliatorius-50w-2\/\" \/>\n<meta property=\"og:site_name\" content=\"Kondena\" \/>\n<meta property=\"article:modified_time\" content=\"2024-01-25T09:38:04+00:00\" \/>\n<meta property=\"og:image\" content=\"https:\/\/parduotuve.kondena.lt\/wp-content\/uploads\/2021\/11\/floor-fan-box-innovagoods-o-30-cm-50w-black-blue_120704.jpg\" \/>\n\t<meta property=\"og:image:width\" content=\"600\" \/>\n\t<meta property=\"og:image:height\" content=\"600\" \/>\n\t<meta property=\"og:image:type\" content=\"image\/jpeg\" \/>\n<meta name=\"twitter:card\" content=\"summary_large_image\" \/>\n<meta name=\"twitter:label1\" content=\"Est. reading time\" \/>\n\t<meta name=\"twitter:data1\" content=\"1 minute\" \/>\n<script type=\"application\/ld+json\" class=\"yoast-schema-graph\">{\"@context\":\"https:\/\/schema.org\",\"@graph\":[{\"@type\":\"WebPage\",\"@id\":\"https:\/\/parduotuve.kondena.lt\/produktai\/innovagoods-grindu-ventiliatorius-50w-2\/\",\"url\":\"https:\/\/parduotuve.kondena.lt\/produktai\/innovagoods-grindu-ventiliatorius-50w-2\/\",\"name\":\"InnovaGoods Grind\u0173 ventiliatorius 50W - Kondena\",\"isPartOf\":{\"@id\":\"https:\/\/parduotuve.kondena.lt\/#website\"},\"datePublished\":\"2021-11-12T07:24:16+00:00\",\"dateModified\":\"2024-01-25T09:38:04+00:00\",\"description\":\"InnovaGoods Grind\u0173 ventiliatorius 50W - tai ne tik auk\u0161tos kokyb\u0117s v\u0117sinimo \u012frenginys, puikiai tinka ir kaip stiliaus detal\u0117!\",\"breadcrumb\":{\"@id\":\"https:\/\/parduotuve.kondena.lt\/produktai\/innovagoods-grindu-ventiliatorius-50w-2\/#breadcrumb\"},\"inLanguage\":\"en-US\",\"potentialAction\":[{\"@type\":\"ReadAction\",\"target\":[\"https:\/\/parduotuve.kondena.lt\/produktai\/innovagoods-grindu-ventiliatorius-50w-2\/\"]}]},{\"@type\":\"BreadcrumbList\",\"@id\":\"https:\/\/parduotuve.kondena.lt\/produktai\/innovagoods-grindu-ventiliatorius-50w-2\/#breadcrumb\",\"itemListElement\":[{\"@type\":\"ListItem\",\"position\":1,\"name\":\"Parduotuv\u0117\",\"item\":\"https:\/\/parduotuve.kondena.lt\/parduotuve\/\"},{\"@type\":\"ListItem\",\"position\":2,\"name\":\"InnovaGoods Grind\u0173 ventiliatorius 50W\"}]},{\"@type\":\"WebSite\",\"@id\":\"https:\/\/parduotuve.kondena.lt\/#website\",\"url\":\"https:\/\/parduotuve.kondena.lt\/\",\"name\":\"Kondena\",\"description\":\"Kol kas tik dar vienas WordPress tinklalapis\",\"potentialAction\":[{\"@type\":\"SearchAction\",\"target\":{\"@type\":\"EntryPoint\",\"urlTemplate\":\"https:\/\/parduotuve.kondena.lt\/?s={search_term_string}\"},\"query-input\":\"required name=search_term_string\"}],\"inLanguage\":\"en-US\"}]}<\/script>\n<!-- \/ Yoast SEO plugin. -->","yoast_head_json":{"title":"InnovaGoods Grind\u0173 ventiliatorius 50W - Kondena","description":"InnovaGoods Grind\u0173 ventiliatorius 50W - tai ne tik auk\u0161tos kokyb\u0117s v\u0117sinimo \u012frenginys, puikiai tinka ir kaip stiliaus detal\u0117!","robots":{"index":"index","follow":"follow","max-snippet":"max-snippet:-1","max-image-preview":"max-image-preview:large","max-video-preview":"max-video-preview:-1"},"canonical":"https:\/\/parduotuve.kondena.lt\/en\/produktai\/innovagoods-grindu-ventiliatorius-50w-2\/","og_locale":"en_US","og_type":"article","og_title":"InnovaGoods Grind\u0173 ventiliatorius 50W - Kondena","og_description":"InnovaGoods Grind\u0173 ventiliatorius 50W - tai ne tik auk\u0161tos kokyb\u0117s v\u0117sinimo \u012frenginys, puikiai tinka ir kaip stiliaus detal\u0117!","og_url":"https:\/\/parduotuve.kondena.lt\/en\/produktai\/innovagoods-grindu-ventiliatorius-50w-2\/","og_site_name":"Kondena","article_modified_time":"2024-01-25T09:38:04+00:00","og_image":[{"width":600,"height":600,"url":"https:\/\/parduotuve.kondena.lt\/wp-content\/uploads\/2021\/11\/floor-fan-box-innovagoods-o-30-cm-50w-black-blue_120704.jpg","type":"image\/jpeg"}],"twitter_card":"summary_large_image","twitter_misc":{"Est. reading time":"1 minute"},"schema":{"@context":"https:\/\/schema.org","@graph":[{"@type":"WebPage","@id":"https:\/\/parduotuve.kondena.lt\/produktai\/innovagoods-grindu-ventiliatorius-50w-2\/","url":"https:\/\/parduotuve.kondena.lt\/produktai\/innovagoods-grindu-ventiliatorius-50w-2\/","name":"InnovaGoods Grind\u0173 ventiliatorius 50W - Kondena","isPartOf":{"@id":"https:\/\/parduotuve.kondena.lt\/#website"},"datePublished":"2021-11-12T07:24:16+00:00","dateModified":"2024-01-25T09:38:04+00:00","description":"InnovaGoods Grind\u0173 ventiliatorius 50W - tai ne tik auk\u0161tos kokyb\u0117s v\u0117sinimo \u012frenginys, puikiai tinka ir kaip stiliaus detal\u0117!","breadcrumb":{"@id":"https:\/\/parduotuve.kondena.lt\/produktai\/innovagoods-grindu-ventiliatorius-50w-2\/#breadcrumb"},"inLanguage":"en-US","potentialAction":[{"@type":"ReadAction","target":["https:\/\/parduotuve.kondena.lt\/produktai\/innovagoods-grindu-ventiliatorius-50w-2\/"]}]},{"@type":"BreadcrumbList","@id":"https:\/\/parduotuve.kondena.lt\/produktai\/innovagoods-grindu-ventiliatorius-50w-2\/#breadcrumb","itemListElement":[{"@type":"ListItem","position":1,"name":"Parduotuv\u0117","item":"https:\/\/parduotuve.kondena.lt\/parduotuve\/"},{"@type":"ListItem","position":2,"name":"InnovaGoods Grind\u0173 ventiliatorius 50W"}]},{"@type":"WebSite","@id":"https:\/\/parduotuve.kondena.lt\/#website","url":"https:\/\/parduotuve.kondena.lt\/","name":"Kondena","description":"Kol kas tik dar vienas WordPress tinklalapis","potentialAction":[{"@type":"SearchAction","target":{"@type":"EntryPoint","urlTemplate":"https:\/\/parduotuve.kondena.lt\/?s={search_term_string}"},"query-input":"required name=search_term_string"}],"inLanguage":"en-US"}]}},"_links":{"self":[{"href":"https:\/\/parduotuve.kondena.lt\/en\/wp-json\/wp\/v2\/product\/12998","targetHints":{"allow":["GET"]}}],"collection":[{"href":"https:\/\/parduotuve.kondena.lt\/en\/wp-json\/wp\/v2\/product"}],"about":[{"href":"https:\/\/parduotuve.kondena.lt\/en\/wp-json\/wp\/v2\/types\/product"}],"replies":[{"embeddable":true,"href":"https:\/\/parduotuve.kondena.lt\/en\/wp-json\/wp\/v2\/comments?post=12998"}],"wp:featuredmedia":[{"embeddable":true,"href":"https:\/\/parduotuve.kondena.lt\/en\/wp-json\/wp\/v2\/media\/12495"}],"wp:attachment":[{"href":"https:\/\/parduotuve.kondena.lt\/en\/wp-json\/wp\/v2\/media?parent=12998"}],"wp:term":[{"taxonomy":"product_cat","embeddable":true,"href":"https:\/\/parduotuve.kondena.lt\/en\/wp-json\/wp\/v2\/product_cat?post=12998"},{"taxonomy":"product_tag","embeddable":true,"href":"https:\/\/parduotuve.kondena.lt\/en\/wp-json\/wp\/v2\/product_tag?post=12998"}],"curies":[{"name":"wp","href":"https:\/\/api.w.org\/{rel}","templated":true}]}}