{"id":12979,"date":"2021-11-12T08:06:40","date_gmt":"2021-11-12T07:06:40","guid":{"rendered":"https:\/\/parduotuve.kondena.lt\/?post_type=product&#038;p=12979"},"modified":"2021-11-25T14:39:57","modified_gmt":"2021-11-25T13:39:57","slug":"honeywell-hyf-kolonos-ventiliatorius","status":"publish","type":"product","link":"https:\/\/parduotuve.kondena.lt\/en\/produktai\/honeywell-hyf-kolonos-ventiliatorius\/","title":{"rendered":"HONEYWELL HYF kolonos ventiliatorius"},"content":{"rendered":"<p>HONEYWELL HYF kolonos ventiliatorius<\/p>\n<ul>\n<li>Stulpelis<\/li>\n<li>8 grei\u010diai<\/li>\n<li>Remote control<\/li>\n<li>Labai tylus<\/li>\n<li>\u012e miegam\u0105j\u012f<\/li>\n<li>Nuotolinio valdymo pultas pasl\u0117ptas korpuse<\/li>\n<li>80 laipsni\u0173 svyravimas<\/li>\n<li>Timer<\/li>\n<\/ul>\n<p>Auk\u0161\u010diausias amerikie\u010di\u0173 prek\u0117s \u017eenklo Honeywell kolon\u0173 ventiliatoriaus modelis su osciliacijos funkcija, turintis net 8 v\u0117sinimo nustatymus, \u012fskaitant naktin\u012f re\u017eim\u0105 \u2013 jautriausiems ir reikliausiems vartotojams!<\/p>\n<p>Neu\u017eima daug vietos, puikiai tiks namuose ir darbe.<\/p>\n<p>Ar tu stovi\u00a0Jums nereikia patogiai atsis\u0117sti ant sofos ir patogiu nuotolinio valdymo pulteliu reguliuoti v\u0117sinimo lyg\u012f pagal savo poreikius.<\/p>\n<p>Stilingas dizainas ir daugiafunkci\u0161kumas tikrai patiks kiekvienam, kuris m\u0117gsta gro\u017e\u012f, komfort\u0105, auk\u0161t\u0105 kokyb\u0119 ir efektyvum\u0105 v\u0117sinimui, tai gali b\u016bti gera dovanos id\u0117ja!<\/p>\n<p>Auk\u0161tas darbo efektyvumas ir kokyb\u0117, med\u017eiagos, stabili konstrukcija u\u017etikrina naudojimo patikimum\u0105 met\u0173 metus, o prat\u0119stas garantinis laikotarpis patvirtina gaminio ilgaam\u017ei\u0161kum\u0105 (garantijos skirtukas).<\/p>\n<h2>Intuityvus valdymo pultas:<\/h2>\n<ol>\n<li>Svyravimas, skirtas au\u0161inimui pla\u010diame plote (ventiliatorius sukasi 80 laipsni\u0173 aplink savo a\u0161\u012f)<\/li>\n<li>Foninio ap\u0161vietimo reguliavimas (iki 5 lygi\u0173)<\/li>\n<li>\u201eQuietSet\u201c valdymas leid\u017eia pasirinkti i\u0161 8 tylaus valdymo grei\u010di\u0173 \/ lygi\u0173, \u012fskaitant miego nustatym\u0105, kad veikimas b\u016bt\u0173 itin tylus.<\/li>\n<li>Ventiliatoriaus grei\u010dio ir garsumo indikatorius<\/li>\n<li>1,2,4 arba 8 valand\u0173 automatinis laikmatis<\/li>\n<\/ol>\n<h2>Timer<\/h2>\n<p>Laikmatis leid\u017eia vartotojui u\u017eprogramuoti ventiliatori\u0173 1, 2, 4 arba 8 valandoms v\u0117sinti<\/p>\n<h2>Svyravimas v\u0117sinimui pla\u010diame plote (80 laipsni\u0173)<\/h2>\n<div class=\"mpof_ki myre_zn myre_8v_l _0d3bd_YrWCD\">\n<div class=\"mp4t_16_s mryx_16_s mr3m_1 mli2_1 mh85_56 mh85_0_l\">\n<div class=\"mgn2_16 _0d3bd_5pK0q\">\n<h2>Nuotolinis<\/h2>\n<p>Nuotolinio valdymo pult\u0105 galima laikyti \u012fmontuotoje ventiliatoriaus ki\u0161en\u0117je, d\u0117l \u0161io patogumo nuotolinio valdymo pultas niekada nepasimes.<\/p>\n<\/div>\n<\/div>\n<\/div>\n<div class=\"mpof_ki myre_zn myre_8v_l _0d3bd_YrWCD\">\n<div class=\"mp4t_16_s mryx_16_s mr3m_1 mli2_1 mh85_56 mh85_0_l\">\n<div class=\"mgn2_16 _0d3bd_5pK0q\">\n<h2>8 valdymo lygiai<\/h2>\n<p>Ventiliatorius turi a\u0161tuonis galios ir garsumo valdymo lygius.\u00a0Nuo labai tylaus lygio, kuriame galite miegoti, iki auk\u0161\u010diausios galios, kuri atv\u0117s kambar\u012f vos per kelias minutes.<\/p>\n<div class=\"mpof_ki myre_zn myre_8v_l _0d3bd_YrWCD\">\n<div class=\"mp4t_16_s mryx_16_s mr3m_1 mli2_1 mh85_56 mh85_0_l\">\n<div class=\"mgn2_16 _0d3bd_5pK0q\">\n<h2>Tylus darbas<\/h2>\n<p>Labai tylus, suteiks mums komfort\u0105, netrukdydamas m\u016bs\u0173 kasdieninei veiklai.\u00a0Be to, naktinis re\u017eimas leid\u017eia gerai i\u0161simiegoti net kar\u0161tomis naktimis.<\/p>\n<\/div>\n<\/div>\n<\/div>\n<div class=\"mpof_ki myre_zn myre_8v_l _0d3bd_YrWCD\">\n<div class=\"mp4t_16_s mryx_16_s mr3m_1 mli2_1 mh85_56 mh85_0_l\">\n<div class=\"mgn2_16 _0d3bd_5pK0q\">\n<h2>Ry\u0161kumo reguliavimas<\/h2>\n<p>Ventiliatorius turi automatinio ekrano pritemdymo funkcij\u0105, kuri puikiai tinka keisti nustatymus nakt\u012f, kad b\u016bt\u0173 u\u017etikrintas auk\u0161\u010diausias komfortas.<\/p>\n<ul>\n<li>Matmenys: auk\u0161tis 101 cm, pagrindo skersmuo 25 cm, kolonos plotis 15 cm<\/li>\n<li>Galia: 31 W<\/li>\n<li>Maitinimas: i\u0161 tinklo<\/li>\n<li>Kabelio ilgis: 1,8m<\/li>\n<li>Svoris: 4,29 kg<\/li>\n<li>Lenki\u0161kas ki\u0161tukas<\/li>\n<li>Lenki\u0161kas vartotojo vadovas<\/li>\n<\/ul>\n<\/div>\n<\/div>\n<\/div>\n<\/div>\n<\/div>\n<\/div>","protected":false},"excerpt":{"rendered":"<ul>\n<li>Matmenys: auk\u0161tis 101 cm, pagrindo skersmuo 25 cm, kolonos plotis 15 cm<\/li>\n<li>Galia: 31 W<\/li>\n<li>Maitinimas: i\u0161 tinklo<\/li>\n<li>Kabelio ilgis: 1,8m<\/li>\n<li>Svoris: 4,29 kg<\/li>\n<li>Lenki\u0161kas ki\u0161tukas<\/li>\n<li>Lenki\u0161kas vartotojo vadovas<\/li>\n<\/ul>","protected":false},"featured_media":13011,"comment_status":"open","ping_status":"closed","template":"","meta":[],"product_cat":[239,196],"product_tag":[],"class_list":["post-12979","product","type-product","status-publish","has-post-thumbnail","hentry","product_cat-pastatomi-ventiliatoriai","product_cat-geram-orui"],"acf":[],"yoast_head":"<!-- This site is optimized with the Yoast SEO plugin v20.13 - https:\/\/yoast.com\/wordpress\/plugins\/seo\/ -->\n<title>HONEYWELL HYF kolonos ventiliatorius - Kondena<\/title>\n<meta name=\"description\" content=\"HONEYWELL HYF kolonos ventiliatorius - tai ne tik auk\u0161tos kokyb\u0117s v\u0117sinimo \u012frenginys, puikiai tinka ir kaip stiliaus detal\u0117!\" \/>\n<meta name=\"robots\" content=\"index, follow, max-snippet:-1, max-image-preview:large, max-video-preview:-1\" \/>\n<link rel=\"canonical\" href=\"https:\/\/parduotuve.kondena.lt\/en\/produktai\/honeywell-hyf-kolonos-ventiliatorius\/\" \/>\n<meta property=\"og:locale\" content=\"en_US\" \/>\n<meta property=\"og:type\" content=\"article\" \/>\n<meta property=\"og:title\" content=\"HONEYWELL HYF kolonos ventiliatorius - Kondena\" \/>\n<meta property=\"og:description\" content=\"HONEYWELL HYF kolonos ventiliatorius - tai ne tik auk\u0161tos kokyb\u0117s v\u0117sinimo \u012frenginys, puikiai tinka ir kaip stiliaus detal\u0117!\" \/>\n<meta property=\"og:url\" content=\"https:\/\/parduotuve.kondena.lt\/en\/produktai\/honeywell-hyf-kolonos-ventiliatorius\/\" \/>\n<meta property=\"og:site_name\" content=\"Kondena\" \/>\n<meta property=\"article:modified_time\" content=\"2021-11-25T13:39:57+00:00\" \/>\n<meta property=\"og:image\" content=\"https:\/\/parduotuve.kondena.lt\/wp-content\/uploads\/2021\/11\/Ekrano-nuotrauka-2021-11-12-094032.png\" \/>\n\t<meta property=\"og:image:width\" content=\"481\" \/>\n\t<meta property=\"og:image:height\" content=\"487\" \/>\n\t<meta property=\"og:image:type\" content=\"image\/png\" \/>\n<meta name=\"twitter:card\" content=\"summary_large_image\" \/>\n<meta name=\"twitter:label1\" content=\"Est. reading time\" \/>\n\t<meta name=\"twitter:data1\" content=\"2 minutes\" \/>\n<script type=\"application\/ld+json\" class=\"yoast-schema-graph\">{\"@context\":\"https:\/\/schema.org\",\"@graph\":[{\"@type\":\"WebPage\",\"@id\":\"https:\/\/parduotuve.kondena.lt\/produktai\/honeywell-hyf-kolonos-ventiliatorius\/\",\"url\":\"https:\/\/parduotuve.kondena.lt\/produktai\/honeywell-hyf-kolonos-ventiliatorius\/\",\"name\":\"HONEYWELL HYF kolonos ventiliatorius - Kondena\",\"isPartOf\":{\"@id\":\"https:\/\/parduotuve.kondena.lt\/#website\"},\"datePublished\":\"2021-11-12T07:06:40+00:00\",\"dateModified\":\"2021-11-25T13:39:57+00:00\",\"description\":\"HONEYWELL HYF kolonos ventiliatorius - tai ne tik auk\u0161tos kokyb\u0117s v\u0117sinimo \u012frenginys, puikiai tinka ir kaip stiliaus detal\u0117!\",\"breadcrumb\":{\"@id\":\"https:\/\/parduotuve.kondena.lt\/produktai\/honeywell-hyf-kolonos-ventiliatorius\/#breadcrumb\"},\"inLanguage\":\"en-US\",\"potentialAction\":[{\"@type\":\"ReadAction\",\"target\":[\"https:\/\/parduotuve.kondena.lt\/produktai\/honeywell-hyf-kolonos-ventiliatorius\/\"]}]},{\"@type\":\"BreadcrumbList\",\"@id\":\"https:\/\/parduotuve.kondena.lt\/produktai\/honeywell-hyf-kolonos-ventiliatorius\/#breadcrumb\",\"itemListElement\":[{\"@type\":\"ListItem\",\"position\":1,\"name\":\"Parduotuv\u0117\",\"item\":\"https:\/\/parduotuve.kondena.lt\/parduotuve\/\"},{\"@type\":\"ListItem\",\"position\":2,\"name\":\"HONEYWELL HYF kolonos ventiliatorius\"}]},{\"@type\":\"WebSite\",\"@id\":\"https:\/\/parduotuve.kondena.lt\/#website\",\"url\":\"https:\/\/parduotuve.kondena.lt\/\",\"name\":\"Kondena\",\"description\":\"Kol kas tik dar vienas WordPress tinklalapis\",\"potentialAction\":[{\"@type\":\"SearchAction\",\"target\":{\"@type\":\"EntryPoint\",\"urlTemplate\":\"https:\/\/parduotuve.kondena.lt\/?s={search_term_string}\"},\"query-input\":\"required name=search_term_string\"}],\"inLanguage\":\"en-US\"}]}<\/script>\n<!-- \/ Yoast SEO plugin. -->","yoast_head_json":{"title":"HONEYWELL HYF kolonos ventiliatorius - Kondena","description":"HONEYWELL HYF kolonos ventiliatorius - tai ne tik auk\u0161tos kokyb\u0117s v\u0117sinimo \u012frenginys, puikiai tinka ir kaip stiliaus detal\u0117!","robots":{"index":"index","follow":"follow","max-snippet":"max-snippet:-1","max-image-preview":"max-image-preview:large","max-video-preview":"max-video-preview:-1"},"canonical":"https:\/\/parduotuve.kondena.lt\/en\/produktai\/honeywell-hyf-kolonos-ventiliatorius\/","og_locale":"en_US","og_type":"article","og_title":"HONEYWELL HYF kolonos ventiliatorius - Kondena","og_description":"HONEYWELL HYF kolonos ventiliatorius - tai ne tik auk\u0161tos kokyb\u0117s v\u0117sinimo \u012frenginys, puikiai tinka ir kaip stiliaus detal\u0117!","og_url":"https:\/\/parduotuve.kondena.lt\/en\/produktai\/honeywell-hyf-kolonos-ventiliatorius\/","og_site_name":"Kondena","article_modified_time":"2021-11-25T13:39:57+00:00","og_image":[{"width":481,"height":487,"url":"https:\/\/parduotuve.kondena.lt\/wp-content\/uploads\/2021\/11\/Ekrano-nuotrauka-2021-11-12-094032.png","type":"image\/png"}],"twitter_card":"summary_large_image","twitter_misc":{"Est. reading time":"2 minutes"},"schema":{"@context":"https:\/\/schema.org","@graph":[{"@type":"WebPage","@id":"https:\/\/parduotuve.kondena.lt\/produktai\/honeywell-hyf-kolonos-ventiliatorius\/","url":"https:\/\/parduotuve.kondena.lt\/produktai\/honeywell-hyf-kolonos-ventiliatorius\/","name":"HONEYWELL HYF kolonos ventiliatorius - Kondena","isPartOf":{"@id":"https:\/\/parduotuve.kondena.lt\/#website"},"datePublished":"2021-11-12T07:06:40+00:00","dateModified":"2021-11-25T13:39:57+00:00","description":"HONEYWELL HYF kolonos ventiliatorius - tai ne tik auk\u0161tos kokyb\u0117s v\u0117sinimo \u012frenginys, puikiai tinka ir kaip stiliaus detal\u0117!","breadcrumb":{"@id":"https:\/\/parduotuve.kondena.lt\/produktai\/honeywell-hyf-kolonos-ventiliatorius\/#breadcrumb"},"inLanguage":"en-US","potentialAction":[{"@type":"ReadAction","target":["https:\/\/parduotuve.kondena.lt\/produktai\/honeywell-hyf-kolonos-ventiliatorius\/"]}]},{"@type":"BreadcrumbList","@id":"https:\/\/parduotuve.kondena.lt\/produktai\/honeywell-hyf-kolonos-ventiliatorius\/#breadcrumb","itemListElement":[{"@type":"ListItem","position":1,"name":"Parduotuv\u0117","item":"https:\/\/parduotuve.kondena.lt\/parduotuve\/"},{"@type":"ListItem","position":2,"name":"HONEYWELL HYF kolonos ventiliatorius"}]},{"@type":"WebSite","@id":"https:\/\/parduotuve.kondena.lt\/#website","url":"https:\/\/parduotuve.kondena.lt\/","name":"Kondena","description":"Kol kas tik dar vienas WordPress tinklalapis","potentialAction":[{"@type":"SearchAction","target":{"@type":"EntryPoint","urlTemplate":"https:\/\/parduotuve.kondena.lt\/?s={search_term_string}"},"query-input":"required name=search_term_string"}],"inLanguage":"en-US"}]}},"_links":{"self":[{"href":"https:\/\/parduotuve.kondena.lt\/en\/wp-json\/wp\/v2\/product\/12979","targetHints":{"allow":["GET"]}}],"collection":[{"href":"https:\/\/parduotuve.kondena.lt\/en\/wp-json\/wp\/v2\/product"}],"about":[{"href":"https:\/\/parduotuve.kondena.lt\/en\/wp-json\/wp\/v2\/types\/product"}],"replies":[{"embeddable":true,"href":"https:\/\/parduotuve.kondena.lt\/en\/wp-json\/wp\/v2\/comments?post=12979"}],"wp:featuredmedia":[{"embeddable":true,"href":"https:\/\/parduotuve.kondena.lt\/en\/wp-json\/wp\/v2\/media\/13011"}],"wp:attachment":[{"href":"https:\/\/parduotuve.kondena.lt\/en\/wp-json\/wp\/v2\/media?parent=12979"}],"wp:term":[{"taxonomy":"product_cat","embeddable":true,"href":"https:\/\/parduotuve.kondena.lt\/en\/wp-json\/wp\/v2\/product_cat?post=12979"},{"taxonomy":"product_tag","embeddable":true,"href":"https:\/\/parduotuve.kondena.lt\/en\/wp-json\/wp\/v2\/product_tag?post=12979"}],"curies":[{"name":"wp","href":"https:\/\/api.w.org\/{rel}","templated":true}]}}