{"id":12934,"date":"2021-11-11T15:40:25","date_gmt":"2021-11-11T14:40:25","guid":{"rendered":"https:\/\/parduotuve.kondena.lt\/?post_type=product&#038;p=12934"},"modified":"2021-11-25T14:51:09","modified_gmt":"2021-11-25T13:51:09","slug":"cecotec-550-white-woody-drekintuvas","status":"publish","type":"product","link":"https:\/\/parduotuve.kondena.lt\/en\/produktai\/cecotec-550-white-woody-drekintuvas\/","title":{"rendered":"CECOTEC 550 WHITE WOODY dr\u0117kintuvas"},"content":{"rendered":"<p>CECOTEC 550 WHITE WOODY dr\u0117kintuvas<\/p>\n<p>Didel\u0117s 500 ml talpos dr\u0117kintuvas, kur\u012f galima ilgai naudoti ir nereikia pildyti bako. Rekomenduojamas plotas\u00a0 yra 30 m\u00b2.<br \/>\nIdealiai naudojamas aromaterapijai, jo gar\u0173 srautas yra 25 ml \/ h. Visada kv\u0117puokite maloniu aromatu ir m\u0117gaukit\u0117s atsipalaidavimo akimirkomis.<br \/>\nValdykite visas jo funkcijas ir nustatymus i\u0161maniajame telefone. Integruoto garsiakalbio d\u0117ka taip pat galite groti m\u0117gstamas dainas ir grupes.<br \/>\nJame yra LED ekranas, rodantis laik\u0105, kurio d\u0117ka galite konfig\u016bruoti kitas difuzoriaus funkcijas, tokias kaip \u017eadintuvas, re\u017eimai ar laikmatis.<br \/>\nJo laikmatis iki 12 valand\u0173 leid\u017eia pasirinkti norim\u0105 veikimo laik\u0105, po kurio jis i\u0161sijungs.<br \/>\nJis turi 3 darbo re\u017eimus: \u017eemas, vidutinis ir auk\u0161tas, d\u0117l kuri\u0173 galima reguliuoti garo i\u0161\u0117jimo intensyvum\u0105.<br \/>\nDr\u0117kintuvas turi \u017eadintuvo funkcij\u0105, kurios d\u0117ka galima nustatyti konkret\u0173 laik\u0105 ir kad kvapas mum pa\u017eadint\u0173.<br \/>\nJis turi 7 LED spalvas, kad b\u016bt\u0173 sukurta puiki aplinka poilsiui. Galima palikti fiksuot\u0105 spalv\u0105 arba atsitiktinai kei\u010diamas<\/p>\n<p><iframe loading=\"lazy\" title=\"Humidificador gama PureAroma 550 Connected Woody\" width=\"895\" height=\"503\" src=\"https:\/\/www.youtube.com\/embed\/aesjusiGgZk?feature=oembed\" frameborder=\"0\" allow=\"accelerometer; autoplay; clipboard-write; encrypted-media; gyroscope; picture-in-picture\" allowfullscreen><\/iframe><\/p>","protected":false},"excerpt":{"rendered":"<p>Su aromaterapijos funkcija.<\/p>\n<ul>\n<li>Talpa: 500 ml<\/li>\n<li>Charakteristikos: LED ekranas<\/li>\n<li>Laikmatis: 12 valand\u0173<\/li>\n<li>Funkcija: \u017eadintuvas<\/li>\n<li>Ap\u0161vietimas:\n<ul>\n<li>LED<\/li>\n<li>7 spalvos<\/li>\n<\/ul>\n<\/li>\n<li>Range: 30 m\u00b2<\/li>\n<li>I\u0161matavimai: 16,5 x 16,5 x 14,5 cm<\/li>\n<\/ul>","protected":false},"featured_media":12940,"comment_status":"open","ping_status":"closed","template":"","meta":[],"product_cat":[232,197],"product_tag":[],"class_list":["post-12934","product","type-product","status-publish","has-post-thumbnail","hentry","product_cat-pastatomi-drekintuvai","product_cat-mini-drekintuvai"],"acf":[],"yoast_head":"<!-- This site is optimized with the Yoast SEO plugin v20.13 - https:\/\/yoast.com\/wordpress\/plugins\/seo\/ -->\n<title>CECOTEC 550 WHITE WOODY dr\u0117kintuvas - Kondena<\/title>\n<meta name=\"description\" content=\"CECOTEC 550 WHITE WOODY dr\u0117kintuvas - tai auk\u0161\u010diausios kokyb\u0117s \u012frenginys j\u016bs\u0173 nam\u0173 mikroklimato komfortui u\u017etikrinti. Keli spalv\u0173 pasirinkimai.\" \/>\n<meta name=\"robots\" content=\"index, follow, max-snippet:-1, max-image-preview:large, max-video-preview:-1\" \/>\n<link rel=\"canonical\" href=\"https:\/\/parduotuve.kondena.lt\/en\/produktai\/cecotec-550-white-woody-drekintuvas\/\" \/>\n<meta property=\"og:locale\" content=\"en_US\" \/>\n<meta property=\"og:type\" content=\"article\" \/>\n<meta property=\"og:title\" content=\"CECOTEC 550 WHITE WOODY dr\u0117kintuvas - Kondena\" \/>\n<meta property=\"og:description\" content=\"CECOTEC 550 WHITE WOODY dr\u0117kintuvas - tai auk\u0161\u010diausios kokyb\u0117s \u012frenginys j\u016bs\u0173 nam\u0173 mikroklimato komfortui u\u017etikrinti. Keli spalv\u0173 pasirinkimai.\" \/>\n<meta property=\"og:url\" content=\"https:\/\/parduotuve.kondena.lt\/en\/produktai\/cecotec-550-white-woody-drekintuvas\/\" \/>\n<meta property=\"og:site_name\" content=\"Kondena\" \/>\n<meta property=\"article:modified_time\" content=\"2021-11-25T13:51:09+00:00\" \/>\n<meta property=\"og:image\" content=\"https:\/\/parduotuve.kondena.lt\/wp-content\/uploads\/2021\/11\/humidifier-purearoma-550-connected-white-woody-cecotec-500-ml_177856-3.jpg\" \/>\n\t<meta property=\"og:image:width\" content=\"600\" \/>\n\t<meta property=\"og:image:height\" content=\"600\" \/>\n\t<meta property=\"og:image:type\" content=\"image\/jpeg\" \/>\n<meta name=\"twitter:card\" content=\"summary_large_image\" \/>\n<meta name=\"twitter:label1\" content=\"Est. reading time\" \/>\n\t<meta name=\"twitter:data1\" content=\"1 minute\" \/>\n<script type=\"application\/ld+json\" class=\"yoast-schema-graph\">{\"@context\":\"https:\/\/schema.org\",\"@graph\":[{\"@type\":\"WebPage\",\"@id\":\"https:\/\/parduotuve.kondena.lt\/en\/produktai\/cecotec-550-white-woody-drekintuvas\/\",\"url\":\"https:\/\/parduotuve.kondena.lt\/en\/produktai\/cecotec-550-white-woody-drekintuvas\/\",\"name\":\"CECOTEC 550 WHITE WOODY dr\u0117kintuvas - Kondena\",\"isPartOf\":{\"@id\":\"https:\/\/parduotuve.kondena.lt\/#website\"},\"datePublished\":\"2021-11-11T14:40:25+00:00\",\"dateModified\":\"2021-11-25T13:51:09+00:00\",\"description\":\"CECOTEC 550 WHITE WOODY dr\u0117kintuvas - tai auk\u0161\u010diausios kokyb\u0117s \u012frenginys j\u016bs\u0173 nam\u0173 mikroklimato komfortui u\u017etikrinti. Keli spalv\u0173 pasirinkimai.\",\"breadcrumb\":{\"@id\":\"https:\/\/parduotuve.kondena.lt\/en\/produktai\/cecotec-550-white-woody-drekintuvas\/#breadcrumb\"},\"inLanguage\":\"en-US\",\"potentialAction\":[{\"@type\":\"ReadAction\",\"target\":[\"https:\/\/parduotuve.kondena.lt\/en\/produktai\/cecotec-550-white-woody-drekintuvas\/\"]}]},{\"@type\":\"BreadcrumbList\",\"@id\":\"https:\/\/parduotuve.kondena.lt\/en\/produktai\/cecotec-550-white-woody-drekintuvas\/#breadcrumb\",\"itemListElement\":[{\"@type\":\"ListItem\",\"position\":1,\"name\":\"Parduotuv\u0117\",\"item\":\"https:\/\/parduotuve.kondena.lt\/parduotuve\/\"},{\"@type\":\"ListItem\",\"position\":2,\"name\":\"CECOTEC 550 WHITE WOODY dr\u0117kintuvas\"}]},{\"@type\":\"WebSite\",\"@id\":\"https:\/\/parduotuve.kondena.lt\/#website\",\"url\":\"https:\/\/parduotuve.kondena.lt\/\",\"name\":\"Kondena\",\"description\":\"Kol kas tik dar vienas WordPress tinklalapis\",\"potentialAction\":[{\"@type\":\"SearchAction\",\"target\":{\"@type\":\"EntryPoint\",\"urlTemplate\":\"https:\/\/parduotuve.kondena.lt\/?s={search_term_string}\"},\"query-input\":\"required name=search_term_string\"}],\"inLanguage\":\"en-US\"}]}<\/script>\n<!-- \/ Yoast SEO plugin. -->","yoast_head_json":{"title":"CECOTEC 550 WHITE WOODY dr\u0117kintuvas - Kondena","description":"CECOTEC 550 WHITE WOODY dr\u0117kintuvas - tai auk\u0161\u010diausios kokyb\u0117s \u012frenginys j\u016bs\u0173 nam\u0173 mikroklimato komfortui u\u017etikrinti. Keli spalv\u0173 pasirinkimai.","robots":{"index":"index","follow":"follow","max-snippet":"max-snippet:-1","max-image-preview":"max-image-preview:large","max-video-preview":"max-video-preview:-1"},"canonical":"https:\/\/parduotuve.kondena.lt\/en\/produktai\/cecotec-550-white-woody-drekintuvas\/","og_locale":"en_US","og_type":"article","og_title":"CECOTEC 550 WHITE WOODY dr\u0117kintuvas - Kondena","og_description":"CECOTEC 550 WHITE WOODY dr\u0117kintuvas - tai auk\u0161\u010diausios kokyb\u0117s \u012frenginys j\u016bs\u0173 nam\u0173 mikroklimato komfortui u\u017etikrinti. Keli spalv\u0173 pasirinkimai.","og_url":"https:\/\/parduotuve.kondena.lt\/en\/produktai\/cecotec-550-white-woody-drekintuvas\/","og_site_name":"Kondena","article_modified_time":"2021-11-25T13:51:09+00:00","og_image":[{"width":600,"height":600,"url":"https:\/\/parduotuve.kondena.lt\/wp-content\/uploads\/2021\/11\/humidifier-purearoma-550-connected-white-woody-cecotec-500-ml_177856-3.jpg","type":"image\/jpeg"}],"twitter_card":"summary_large_image","twitter_misc":{"Est. reading time":"1 minute"},"schema":{"@context":"https:\/\/schema.org","@graph":[{"@type":"WebPage","@id":"https:\/\/parduotuve.kondena.lt\/en\/produktai\/cecotec-550-white-woody-drekintuvas\/","url":"https:\/\/parduotuve.kondena.lt\/en\/produktai\/cecotec-550-white-woody-drekintuvas\/","name":"CECOTEC 550 WHITE WOODY dr\u0117kintuvas - Kondena","isPartOf":{"@id":"https:\/\/parduotuve.kondena.lt\/#website"},"datePublished":"2021-11-11T14:40:25+00:00","dateModified":"2021-11-25T13:51:09+00:00","description":"CECOTEC 550 WHITE WOODY dr\u0117kintuvas - tai auk\u0161\u010diausios kokyb\u0117s \u012frenginys j\u016bs\u0173 nam\u0173 mikroklimato komfortui u\u017etikrinti. Keli spalv\u0173 pasirinkimai.","breadcrumb":{"@id":"https:\/\/parduotuve.kondena.lt\/en\/produktai\/cecotec-550-white-woody-drekintuvas\/#breadcrumb"},"inLanguage":"en-US","potentialAction":[{"@type":"ReadAction","target":["https:\/\/parduotuve.kondena.lt\/en\/produktai\/cecotec-550-white-woody-drekintuvas\/"]}]},{"@type":"BreadcrumbList","@id":"https:\/\/parduotuve.kondena.lt\/en\/produktai\/cecotec-550-white-woody-drekintuvas\/#breadcrumb","itemListElement":[{"@type":"ListItem","position":1,"name":"Parduotuv\u0117","item":"https:\/\/parduotuve.kondena.lt\/parduotuve\/"},{"@type":"ListItem","position":2,"name":"CECOTEC 550 WHITE WOODY dr\u0117kintuvas"}]},{"@type":"WebSite","@id":"https:\/\/parduotuve.kondena.lt\/#website","url":"https:\/\/parduotuve.kondena.lt\/","name":"Kondena","description":"Kol kas tik dar vienas WordPress tinklalapis","potentialAction":[{"@type":"SearchAction","target":{"@type":"EntryPoint","urlTemplate":"https:\/\/parduotuve.kondena.lt\/?s={search_term_string}"},"query-input":"required name=search_term_string"}],"inLanguage":"en-US"}]}},"_links":{"self":[{"href":"https:\/\/parduotuve.kondena.lt\/en\/wp-json\/wp\/v2\/product\/12934","targetHints":{"allow":["GET"]}}],"collection":[{"href":"https:\/\/parduotuve.kondena.lt\/en\/wp-json\/wp\/v2\/product"}],"about":[{"href":"https:\/\/parduotuve.kondena.lt\/en\/wp-json\/wp\/v2\/types\/product"}],"replies":[{"embeddable":true,"href":"https:\/\/parduotuve.kondena.lt\/en\/wp-json\/wp\/v2\/comments?post=12934"}],"wp:featuredmedia":[{"embeddable":true,"href":"https:\/\/parduotuve.kondena.lt\/en\/wp-json\/wp\/v2\/media\/12940"}],"wp:attachment":[{"href":"https:\/\/parduotuve.kondena.lt\/en\/wp-json\/wp\/v2\/media?parent=12934"}],"wp:term":[{"taxonomy":"product_cat","embeddable":true,"href":"https:\/\/parduotuve.kondena.lt\/en\/wp-json\/wp\/v2\/product_cat?post=12934"},{"taxonomy":"product_tag","embeddable":true,"href":"https:\/\/parduotuve.kondena.lt\/en\/wp-json\/wp\/v2\/product_tag?post=12934"}],"curies":[{"name":"wp","href":"https:\/\/api.w.org\/{rel}","templated":true}]}}