{"id":12918,"date":"2021-11-11T15:24:01","date_gmt":"2021-11-11T14:24:01","guid":{"rendered":"https:\/\/parduotuve.kondena.lt\/?post_type=product&#038;p=12918"},"modified":"2024-01-25T10:12:36","modified_gmt":"2024-01-25T09:12:36","slug":"drekintuvas-mini-walnut-innovagoods","status":"publish","type":"product","link":"https:\/\/parduotuve.kondena.lt\/en\/produktai\/drekintuvas-mini-walnut-innovagoods\/","title":{"rendered":"Dr\u0117kintuvas mini WALNUT INNOVAGOODS"},"content":{"rendered":"<p>Dr\u0117kintuvas mini WALNUT INNOVAGOODS<\/p>\n<p>Unikalios formos dr\u0117kintuvas papuo\u0161 nam\u0173, biuro ar bet kuri\u0105 kit\u0105 erdv\u0119. Kartu palaikydamas tinkam\u0105 patalp\u0173 dr\u0117gm\u0119 \u0161ildymo sezono metu. Dr\u0117kintuvas taip pat turi aromaterapijos funkcij\u0105 \u2013 vos keli eterinio aliejaus la\u0161ai ir nam\u0173 oras bus pripildytas J\u016bs\u0173 norimu kvapu.<\/p>\n<ul>\n<li>Material: ABS<\/li>\n<li>Taktilinis mygtukas: On\/Off<\/li>\n<li>Talpa: 130 ml<\/li>\n<li>Ultragarsinis<\/li>\n<li>Tylus<\/li>\n<li>Daugiaspalvis LED ap\u0161vietimas<\/li>\n<li>Dviguba funkcija: Gerina oro kokyb\u0119 ir pripildo j\u012f kvapu<\/li>\n<li>Ilgalaikis: 7 h<\/li>\n<li>Pur\u0161kimas: 30 ml\/h<\/li>\n<li>500 mA \/ 5 V \/ 2 W<\/li>\n<li>Veikia per USB jungt\u012f (rinkinyje yra DC-USB laidas)<\/li>\n<li>Automati\u0161kai i\u0161sijungia pasibaigus vandeniui<\/li>\n<li>Aromatiniai aliejai ne\u012feina \u012f rinkin\u012f<\/li>\n<li>Apytiksliai matmenys: 10 x 10 x 10 cm<\/li>\n<\/ul>\n<p>&nbsp;<\/p>\n<p><iframe loading=\"lazy\" title=\"InnovaGoods Home Deco Mini Humidifier Aroma Diffuser (Dark Walnut)\" width=\"895\" height=\"503\" src=\"https:\/\/www.youtube.com\/embed\/p5tV0TZqTEY?feature=oembed\" frameborder=\"0\" allow=\"accelerometer; autoplay; clipboard-write; encrypted-media; gyroscope; picture-in-picture; web-share\" allowfullscreen><\/iframe><\/p>\n<p>&nbsp;<\/p>","protected":false},"excerpt":{"rendered":"<ul>\n<li>Material: ABS<\/li>\n<li>Taktilinis mygtukas: On\/Off<\/li>\n<li>Talpa: 130 ml<\/li>\n<li>Ultragarsinis<\/li>\n<li>Tylus<\/li>\n<li>Daugiaspalvis LED ap\u0161vietimas<\/li>\n<li>Dviguba funkcija: Gerina oro kokyb\u0119 ir pripildo j\u012f kvapu<\/li>\n<li>Ilgalaikis: 7 h<\/li>\n<li>Pur\u0161kimas: 30 ml\/h<\/li>\n<li>500 mA \/ 5 V \/ 2 W<\/li>\n<li>Veikia per USB jungt\u012f (rinkinyje yra DC-USB laidas)<\/li>\n<li>Automati\u0161kai i\u0161sijungia pasibaigus vandeniui<\/li>\n<li>Aromatiniai aliejai ne\u012feina \u012f rinkin\u012f<\/li>\n<li>Apytiksliai matmenys: 10 x 10 x 10 cm<\/li>\n<\/ul>","protected":false},"featured_media":12928,"comment_status":"open","ping_status":"closed","template":"","meta":[],"product_cat":[232,196,197],"product_tag":[],"class_list":["post-12918","product","type-product","status-publish","has-post-thumbnail","hentry","product_cat-pastatomi-drekintuvai","product_cat-geram-orui","product_cat-mini-drekintuvai"],"acf":[],"yoast_head":"<!-- This site is optimized with the Yoast SEO plugin v20.13 - https:\/\/yoast.com\/wordpress\/plugins\/seo\/ -->\n<title>Dr\u0117kintuvas mini WALNUT INNOVAGOODS - Kondena<\/title>\n<meta name=\"description\" content=\"WALNUT INNOVAGOODS mini dr\u0117kintuvas - tai auk\u0161\u010diausios kokyb\u0117s \u012frenginys j\u016bs\u0173 nam\u0173 mikroklimato komfortui u\u017etikrinti.\" \/>\n<meta name=\"robots\" content=\"index, follow, max-snippet:-1, max-image-preview:large, max-video-preview:-1\" \/>\n<link rel=\"canonical\" href=\"https:\/\/parduotuve.kondena.lt\/en\/produktai\/drekintuvas-mini-walnut-innovagoods\/\" \/>\n<meta property=\"og:locale\" content=\"en_US\" \/>\n<meta property=\"og:type\" content=\"article\" \/>\n<meta property=\"og:title\" content=\"Dr\u0117kintuvas mini WALNUT INNOVAGOODS - Kondena\" \/>\n<meta property=\"og:description\" content=\"WALNUT INNOVAGOODS mini dr\u0117kintuvas - tai auk\u0161\u010diausios kokyb\u0117s \u012frenginys j\u016bs\u0173 nam\u0173 mikroklimato komfortui u\u017etikrinti.\" \/>\n<meta property=\"og:url\" content=\"https:\/\/parduotuve.kondena.lt\/en\/produktai\/drekintuvas-mini-walnut-innovagoods\/\" \/>\n<meta property=\"og:site_name\" content=\"Kondena\" \/>\n<meta property=\"article:modified_time\" content=\"2024-01-25T09:12:36+00:00\" \/>\n<meta property=\"og:image\" content=\"https:\/\/parduotuve.kondena.lt\/wp-content\/uploads\/2021\/11\/mini-humidifier-scent-diffuser-dark-walnut-innovagoods_93651-2.jpg\" \/>\n\t<meta property=\"og:image:width\" content=\"600\" \/>\n\t<meta property=\"og:image:height\" content=\"600\" \/>\n\t<meta property=\"og:image:type\" content=\"image\/jpeg\" \/>\n<meta name=\"twitter:card\" content=\"summary_large_image\" \/>\n<meta name=\"twitter:label1\" content=\"Est. reading time\" \/>\n\t<meta name=\"twitter:data1\" content=\"1 minute\" \/>\n<script type=\"application\/ld+json\" class=\"yoast-schema-graph\">{\"@context\":\"https:\/\/schema.org\",\"@graph\":[{\"@type\":\"WebPage\",\"@id\":\"https:\/\/parduotuve.kondena.lt\/produktai\/drekintuvas-mini-walnut-innovagoods\/\",\"url\":\"https:\/\/parduotuve.kondena.lt\/produktai\/drekintuvas-mini-walnut-innovagoods\/\",\"name\":\"Dr\u0117kintuvas mini WALNUT INNOVAGOODS - Kondena\",\"isPartOf\":{\"@id\":\"https:\/\/parduotuve.kondena.lt\/#website\"},\"datePublished\":\"2021-11-11T14:24:01+00:00\",\"dateModified\":\"2024-01-25T09:12:36+00:00\",\"description\":\"WALNUT INNOVAGOODS mini dr\u0117kintuvas - tai auk\u0161\u010diausios kokyb\u0117s \u012frenginys j\u016bs\u0173 nam\u0173 mikroklimato komfortui u\u017etikrinti.\",\"breadcrumb\":{\"@id\":\"https:\/\/parduotuve.kondena.lt\/produktai\/drekintuvas-mini-walnut-innovagoods\/#breadcrumb\"},\"inLanguage\":\"en-US\",\"potentialAction\":[{\"@type\":\"ReadAction\",\"target\":[\"https:\/\/parduotuve.kondena.lt\/produktai\/drekintuvas-mini-walnut-innovagoods\/\"]}]},{\"@type\":\"BreadcrumbList\",\"@id\":\"https:\/\/parduotuve.kondena.lt\/produktai\/drekintuvas-mini-walnut-innovagoods\/#breadcrumb\",\"itemListElement\":[{\"@type\":\"ListItem\",\"position\":1,\"name\":\"Parduotuv\u0117\",\"item\":\"https:\/\/parduotuve.kondena.lt\/parduotuve\/\"},{\"@type\":\"ListItem\",\"position\":2,\"name\":\"Dr\u0117kintuvas mini WALNUT INNOVAGOODS\"}]},{\"@type\":\"WebSite\",\"@id\":\"https:\/\/parduotuve.kondena.lt\/#website\",\"url\":\"https:\/\/parduotuve.kondena.lt\/\",\"name\":\"Kondena\",\"description\":\"Kol kas tik dar vienas WordPress tinklalapis\",\"potentialAction\":[{\"@type\":\"SearchAction\",\"target\":{\"@type\":\"EntryPoint\",\"urlTemplate\":\"https:\/\/parduotuve.kondena.lt\/?s={search_term_string}\"},\"query-input\":\"required name=search_term_string\"}],\"inLanguage\":\"en-US\"}]}<\/script>\n<!-- \/ Yoast SEO plugin. -->","yoast_head_json":{"title":"Dr\u0117kintuvas mini WALNUT INNOVAGOODS - Kondena","description":"WALNUT INNOVAGOODS mini dr\u0117kintuvas - tai auk\u0161\u010diausios kokyb\u0117s \u012frenginys j\u016bs\u0173 nam\u0173 mikroklimato komfortui u\u017etikrinti.","robots":{"index":"index","follow":"follow","max-snippet":"max-snippet:-1","max-image-preview":"max-image-preview:large","max-video-preview":"max-video-preview:-1"},"canonical":"https:\/\/parduotuve.kondena.lt\/en\/produktai\/drekintuvas-mini-walnut-innovagoods\/","og_locale":"en_US","og_type":"article","og_title":"Dr\u0117kintuvas mini WALNUT INNOVAGOODS - Kondena","og_description":"WALNUT INNOVAGOODS mini dr\u0117kintuvas - tai auk\u0161\u010diausios kokyb\u0117s \u012frenginys j\u016bs\u0173 nam\u0173 mikroklimato komfortui u\u017etikrinti.","og_url":"https:\/\/parduotuve.kondena.lt\/en\/produktai\/drekintuvas-mini-walnut-innovagoods\/","og_site_name":"Kondena","article_modified_time":"2024-01-25T09:12:36+00:00","og_image":[{"width":600,"height":600,"url":"https:\/\/parduotuve.kondena.lt\/wp-content\/uploads\/2021\/11\/mini-humidifier-scent-diffuser-dark-walnut-innovagoods_93651-2.jpg","type":"image\/jpeg"}],"twitter_card":"summary_large_image","twitter_misc":{"Est. reading time":"1 minute"},"schema":{"@context":"https:\/\/schema.org","@graph":[{"@type":"WebPage","@id":"https:\/\/parduotuve.kondena.lt\/produktai\/drekintuvas-mini-walnut-innovagoods\/","url":"https:\/\/parduotuve.kondena.lt\/produktai\/drekintuvas-mini-walnut-innovagoods\/","name":"Dr\u0117kintuvas mini WALNUT INNOVAGOODS - Kondena","isPartOf":{"@id":"https:\/\/parduotuve.kondena.lt\/#website"},"datePublished":"2021-11-11T14:24:01+00:00","dateModified":"2024-01-25T09:12:36+00:00","description":"WALNUT INNOVAGOODS mini dr\u0117kintuvas - tai auk\u0161\u010diausios kokyb\u0117s \u012frenginys j\u016bs\u0173 nam\u0173 mikroklimato komfortui u\u017etikrinti.","breadcrumb":{"@id":"https:\/\/parduotuve.kondena.lt\/produktai\/drekintuvas-mini-walnut-innovagoods\/#breadcrumb"},"inLanguage":"en-US","potentialAction":[{"@type":"ReadAction","target":["https:\/\/parduotuve.kondena.lt\/produktai\/drekintuvas-mini-walnut-innovagoods\/"]}]},{"@type":"BreadcrumbList","@id":"https:\/\/parduotuve.kondena.lt\/produktai\/drekintuvas-mini-walnut-innovagoods\/#breadcrumb","itemListElement":[{"@type":"ListItem","position":1,"name":"Parduotuv\u0117","item":"https:\/\/parduotuve.kondena.lt\/parduotuve\/"},{"@type":"ListItem","position":2,"name":"Dr\u0117kintuvas mini WALNUT INNOVAGOODS"}]},{"@type":"WebSite","@id":"https:\/\/parduotuve.kondena.lt\/#website","url":"https:\/\/parduotuve.kondena.lt\/","name":"Kondena","description":"Kol kas tik dar vienas WordPress tinklalapis","potentialAction":[{"@type":"SearchAction","target":{"@type":"EntryPoint","urlTemplate":"https:\/\/parduotuve.kondena.lt\/?s={search_term_string}"},"query-input":"required name=search_term_string"}],"inLanguage":"en-US"}]}},"_links":{"self":[{"href":"https:\/\/parduotuve.kondena.lt\/en\/wp-json\/wp\/v2\/product\/12918","targetHints":{"allow":["GET"]}}],"collection":[{"href":"https:\/\/parduotuve.kondena.lt\/en\/wp-json\/wp\/v2\/product"}],"about":[{"href":"https:\/\/parduotuve.kondena.lt\/en\/wp-json\/wp\/v2\/types\/product"}],"replies":[{"embeddable":true,"href":"https:\/\/parduotuve.kondena.lt\/en\/wp-json\/wp\/v2\/comments?post=12918"}],"wp:featuredmedia":[{"embeddable":true,"href":"https:\/\/parduotuve.kondena.lt\/en\/wp-json\/wp\/v2\/media\/12928"}],"wp:attachment":[{"href":"https:\/\/parduotuve.kondena.lt\/en\/wp-json\/wp\/v2\/media?parent=12918"}],"wp:term":[{"taxonomy":"product_cat","embeddable":true,"href":"https:\/\/parduotuve.kondena.lt\/en\/wp-json\/wp\/v2\/product_cat?post=12918"},{"taxonomy":"product_tag","embeddable":true,"href":"https:\/\/parduotuve.kondena.lt\/en\/wp-json\/wp\/v2\/product_tag?post=12918"}],"curies":[{"name":"wp","href":"https:\/\/api.w.org\/{rel}","templated":true}]}}